{"id":10,"date":"2025-03-26T18:05:00","date_gmt":"2025-03-26T17:05:00","guid":{"rendered":"https:\/\/v2.doymedia.com\/carrito\/"},"modified":"2025-04-14T12:53:42","modified_gmt":"2025-04-14T10:53:42","slug":"vozik","status":"publish","type":"page","link":"https:\/\/doymedia.com\/cs\/carrito\/","title":{"rendered":"Voz\u00edk"},"content":{"rendered":"<section class=\"l-section wpb_row height_auto\"><div class=\"l-section-overlay\" style=\"background:#40455c\"><\/div><div class=\"l-section-h i-cf\"><div class=\"g-cols vc_row via_flex valign_top type_default stacking_default\"><div class=\"vc_col-sm-12 wpb_column vc_column_container\"><div class=\"vc_column-inner us_custom_a32ce391\"><div class=\"wpb_wrapper\"><h1 class=\"w-text us_custom_ec35b682 has_text_color icon_atleft\"><span class=\"w-text-h\"><i class=\"far fa-shopping-cart\"><\/i><span class=\"w-text-value\">N\u00e1kupn\u00ed ko\u0161\u00edk<\/span><\/span><\/h1><\/div><\/div><\/div><\/div><\/div><\/section><section class=\"l-section wpb_row us_custom_928577ef height_medium width_custom\" style=\"--site-content-width:1300px;\"><div class=\"l-section-h i-cf\"><div class=\"g-cols vc_row via_flex valign_top type_default stacking_default\"><div class=\"vc_col-sm-8 wpb_column vc_column_container\"><div class=\"vc_column-inner us_custom_6895ed90\"><div class=\"wpb_wrapper\"><\/div><\/div><\/div><div class=\"vc_col-sm-4 wpb_column vc_column_container\"><div class=\"vc_column-inner\"><div class=\"wpb_wrapper\"><div class=\"w-message us_custom_5f41b22d color_yellow\"><div class=\"w-message-body\"><p><b>D\u016fle\u017eit\u00e9:<\/b> V\u0161echny transakce se zpracov\u00e1vaj\u00ed v eurech bez ohledu na zobrazenou m\u011bnu. P\u0159evody m\u011bn maj\u00ed pouze informativn\u00ed charakter a jsou zalo\u017eeny na p\u0159ibli\u017en\u00fdch kurzech, kter\u00e9 jsou denn\u011b aktualizov\u00e1ny.<\/p>\n<\/div><\/div><\/div><\/div><\/div><\/div><\/div><\/section>","protected":false},"excerpt":{"rendered":"N\u00e1kupn\u00ed ko\u0161\u00edkD\u016fle\u017eit\u00e9: V\u0161echny transakce se zpracov\u00e1vaj\u00ed v eurech bez ohledu na uvedenou m\u011bnu. P\u0159evody m\u011bn jsou pouze informativn\u00ed a vych\u00e1zej\u00ed z p\u0159ibli\u017en\u00fdch kurz\u016f, kter\u00e9 jsou denn\u011b aktualizov\u00e1ny.","protected":false},"author":1,"featured_media":0,"parent":0,"menu_order":0,"comment_status":"closed","ping_status":"closed","template":"","meta":{"_acf_changed":false,"footnotes":""},"class_list":["post-10","page","type-page","status-publish","hentry"],"acf":[],"_links":{"self":[{"href":"https:\/\/doymedia.com\/cs\/wp-json\/wp\/v2\/pages\/10","targetHints":{"allow":["GET"]}}],"collection":[{"href":"https:\/\/doymedia.com\/cs\/wp-json\/wp\/v2\/pages"}],"about":[{"href":"https:\/\/doymedia.com\/cs\/wp-json\/wp\/v2\/types\/page"}],"author":[{"embeddable":true,"href":"https:\/\/doymedia.com\/cs\/wp-json\/wp\/v2\/users\/1"}],"replies":[{"embeddable":true,"href":"https:\/\/doymedia.com\/cs\/wp-json\/wp\/v2\/comments?post=10"}],"version-history":[{"count":38,"href":"https:\/\/doymedia.com\/cs\/wp-json\/wp\/v2\/pages\/10\/revisions"}],"predecessor-version":[{"id":932,"href":"https:\/\/doymedia.com\/cs\/wp-json\/wp\/v2\/pages\/10\/revisions\/932"}],"wp:attachment":[{"href":"https:\/\/doymedia.com\/cs\/wp-json\/wp\/v2\/media?parent=10"}],"curies":[{"name":"wp","href":"https:\/\/api.w.org\/{rel}","templated":true}]}}