{"id":404,"date":"2025-03-27T19:19:49","date_gmt":"2025-03-27T18:19:49","guid":{"rendered":"https:\/\/v2.doymedia.com\/?page_id=404"},"modified":"2025-07-29T17:56:24","modified_gmt":"2025-07-29T15:56:24","slug":"podminky","status":"publish","type":"page","link":"https:\/\/doymedia.com\/cs\/terminos-y-condiciones\/","title":{"rendered":"Podm\u00ednky a pravidla"},"content":{"rendered":"<section class=\"l-section wpb_row height_medium\"><div class=\"l-section-h i-cf\"><div class=\"g-cols vc_row via_flex valign_top type_default stacking_default\"><div class=\"vc_col-sm-12 wpb_column vc_column_container\"><div class=\"vc_column-inner\"><div class=\"wpb_wrapper\"><div class=\"wpb_text_column\"><div class=\"wpb_wrapper\"><h1>Podm\u00ednky a pravidla<\/h1>\n<p><b>DoyMedia <\/b>dodr\u017euje ustanoven\u00ed z\u00e1kona 34\/2002 o slu\u017eb\u00e1ch informa\u010dn\u00ed spole\u010dnosti a elektronick\u00e9m obchodu (LSSI-CE), organick\u00e9ho z\u00e1kona 3\/2018 o ochran\u011b osobn\u00edch \u00fadaj\u016f a z\u00e1ruce digit\u00e1ln\u00edch pr\u00e1v (LOPDGDD) a na\u0159\u00edzen\u00ed (EU) 2016\/679, obecn\u00e9 na\u0159\u00edzen\u00ed o ochran\u011b osobn\u00edch \u00fadaj\u016f (GDPR).<\/p>\n<p>Pou\u017e\u00edv\u00e1n\u00ed port\u00e1lu je podm\u00ednkou u\u017eivatele a znamen\u00e1 pln\u00fd a bezv\u00fdhradn\u00fd souhlas s ka\u017ed\u00fdm z ustanoven\u00ed obsa\u017een\u00fdch v tomto pr\u00e1vn\u00edm upozorn\u011bn\u00ed, tak\u017ee pokud u\u017eivatel nesouhlas\u00ed s n\u011bkterou z podm\u00ednek zde uveden\u00fdch, nem\u011bl by tento port\u00e1l pou\u017e\u00edvat\/p\u0159istupovat na n\u011bj.<\/p>\n<p>P\u0159\u00edstup k <strong>DoyMedia.com<\/strong> a vyu\u017e\u00edv\u00e1n\u00ed jej\u00edch slu\u017eeb se \u0159\u00edd\u00ed n\u00ed\u017ee uveden\u00fdmi v\u0161eobecn\u00fdmi podm\u00ednkami a podm\u00ednkami zvl\u00e1\u0161tn\u00ed povahy, kter\u00e9 jsou uvedeny v jej\u00edch p\u0159\u00edloh\u00e1ch nebo na billboardech na konkr\u00e9tn\u00ed str\u00e1nce (d\u00e1le jen \"podm\u00ednky\").<\/p>\n<p>Pokud budete pokra\u010dovat v n\u00e1v\u0161t\u011bv\u011b t\u011bchto str\u00e1nek, bude se m\u00edt za to, \u017ee souhlas\u00edte s t\u011bmito podm\u00ednkami.<\/p>\n<p><strong>Vyhrazujeme si pr\u00e1vo zablokovat vstup na str\u00e1nky, nepovolit n\u00e1kupy a neodpov\u00eddat na zpr\u00e1vy, kter\u00e9 obdr\u017e\u00edte od osob poru\u0161uj\u00edc\u00edch tyto podm\u00ednky.<\/strong><\/p>\n<h3>SERVIS<\/h3>\n<p class=\"translation-block\">Jedn\u00e1 se o prost\u0159edek online informac\u00ed, reklamy a komunikace poskytovan\u00e9 <strong>DoyMedia.com<\/strong>, kter\u00fd p\u0159edstavuje souhlas u\u017eivatele s t\u011bmito smluvn\u00edmi podm\u00ednkami.<\/p>\n<p class=\"translation-block\">Informace obsa\u017een\u00e9 na <strong>DoyMedia.com<\/strong> nelze pova\u017eovat za vy\u010derp\u00e1vaj\u00edc\u00ed, \u00fapln\u00e9 nebo za takov\u00e9, kter\u00e9 uspokoj\u00ed v\u0161echny pot\u0159eby u\u017eivatele, a u\u017eivateli se doporu\u010duje, aby si tyto podm\u00ednky p\u0159e\u010detl se zvl\u00e1\u0161tn\u00ed pozornost\u00ed.<\/p>\n<h3>ODPOV\u011aDNOST ZA ODKAZY<\/h3>\n<p class=\"translation-block\"><strong>DoyMedia.com<\/strong> m\u016f\u017ee prost\u0159ednictv\u00edm sv\u00fdch webov\u00fdch str\u00e1nek poskytovat odkazy, webov\u00e9 str\u00e1nky nebo slu\u017eby jin\u00fdch organizac\u00ed a spole\u010dnost\u00ed a rovn\u011b\u017e m\u016f\u017ee u\u017eivateli sv\u00fdch webov\u00fdch str\u00e1nek umo\u017enit sta\u017een\u00ed softwaru t\u0159et\u00edch stran. U\u017eivatel bere na v\u011bdom\u00ed a souhlas\u00ed s t\u00edm, \u017ee <strong>DoyMedia.com<\/strong> tyto slu\u017eby a produkty nekontroluje a nenese za n\u011b odpov\u011bdnost.<\/p>\n<p class=\"translation-block\">U\u017eivatel str\u00e1nek bere na v\u011bdom\u00ed, \u017ee <strong>DoyMedia.com<\/strong> nekontroluje, nedohl\u00ed\u017e\u00ed ani nep\u0159eb\u00edr\u00e1 \u017e\u00e1dnou odpov\u011bdnost za kvalitu, bezpe\u010dnost, vlastnosti a dal\u0161\u00ed prvky v\u00fdrobk\u016f a\/nebo slu\u017eeb propagovan\u00fdch nebo nab\u00edzen\u00fdch t\u0159et\u00edmi stranami na sv\u00fdch webov\u00fdch str\u00e1nk\u00e1ch.<\/p>\n<h3>VR\u00c1CEN\u00cd PEN\u011aZ A ZRU\u0160EN\u00cd REZERVACE<\/h3>\n<p>Vzhledem k digit\u00e1ln\u00ed povaze na\u0161ich slu\u017eeb se po zpracov\u00e1n\u00ed a doru\u010den\u00ed objedn\u00e1vky pen\u00edze nevracej\u00ed. V souladu s \u010dl\u00e1nkem 103.m kr\u00e1lovsk\u00e9ho legislativn\u00edho na\u0159\u00edzen\u00ed 1\/2007 se pr\u00e1vo na odstoupen\u00ed od smlouvy nevztahuje na digit\u00e1ln\u00ed obsah, pokud bylo pln\u011bn\u00ed zah\u00e1jeno s v\u00fdslovn\u00fdm souhlasem spot\u0159ebitele.<\/p>\n<p>V p\u0159\u00edpad\u011b technick\u00e9ho incidentu nebo chyby v objedn\u00e1vce m\u016f\u017ee u\u017eivatel kontaktovat n\u00e1\u0161 t\u00fdm na adrese contacto@doymedia.com do 12 hodin od n\u00e1kupu.<\/p>\n<h3>ZP\u016eSOBY PLATBY<\/h3>\n<p class=\"translation-block\">V sou\u010dasn\u00e9 dob\u011b nab\u00edz\u00edme <strong>pln\u011b bezpe\u010dnou platbu kreditn\u00ed nebo debetn\u00ed kartou<\/strong> zpracovanou p\u0159\u00edmo na\u0161\u00ed bankou. NIKDY neukl\u00e1d\u00e1me ani nezpracov\u00e1v\u00e1me va\u0161e osobn\u00ed \u00fadaje o kart\u011b.<\/p>\n<p>Nab\u00edz\u00edme tak\u00e9 platbu kryptom\u011bnou (Bitcoin, Ethereum, Litecoin atd.) a bankovn\u00edm p\u0159evodem.<\/p>\n<p class=\"translation-block\">DoyMedia.com je <strong>leg\u00e1ln\u00ed \u0161pan\u011blsk\u00e1 spole\u010dnost<\/strong>, kter\u00e1 je chr\u00e1n\u011bna 256bajtov\u00fdm \u0161ifrov\u00e1n\u00edm SSL a je tak\u00e9 24 hodin denn\u011b monitorov\u00e1na jednou z nejlep\u0161\u00edch spole\u010dnost\u00ed na sv\u011bt\u011b v oblasti zabezpe\u010den\u00ed webov\u00fdch str\u00e1nek: Cloudflare.com, d\u00edky \u010demu\u017e je va\u0161e prohl\u00ed\u017een\u00ed a online nakupov\u00e1n\u00ed na t\u011bchto webov\u00fdch str\u00e1nk\u00e1ch zcela bezpe\u010dn\u00e9.<\/p>\n<h3>R\u016eZN\u00c9<\/h3>\n<p class=\"translation-block\"><strong>- Z\u00e1sady pou\u017e\u00edv\u00e1n\u00ed slu\u017eby.<\/strong> U\u017eivatel souhlas\u00ed se Z\u00e1sadami pou\u017e\u00edv\u00e1n\u00ed slu\u017eby uveden\u00fdmi v tomto dokumentu, ve zn\u011bn\u00ed pozd\u011bj\u0161\u00edch zm\u011bn. <strong>DoyMedia.com<\/strong> si vyhrazuje pr\u00e1vo odstranit nebo upravit jakoukoli informaci, sd\u011blen\u00ed nebo zpr\u00e1vu, kter\u00e1 podle jeho n\u00e1zoru poru\u0161uje Z\u00e1sady pou\u017e\u00edv\u00e1n\u00ed slu\u017eby.<\/p>\n<p class=\"translation-block\"><strong>- Autorsk\u00e1 pr\u00e1va.<\/strong> Informace obsa\u017een\u00e9 na t\u011bchto str\u00e1nk\u00e1ch mohou b\u00fdt du\u0161evn\u00edm vlastnictv\u00edm <strong>DoyMedia.com<\/strong> nebo t\u0159et\u00ed strany. Informace mohou b\u00fdt pou\u017eity pouze pro nekomer\u010dn\u00ed \u00fa\u010dely. P\u0159epos\u00edl\u00e1n\u00ed nebo zve\u0159ej\u0148ov\u00e1n\u00ed jak\u00e9hokoli materi\u00e1lu je bez p\u0159edchoz\u00edho p\u00edsemn\u00e9ho souhlasu jeho autora zak\u00e1z\u00e1no. V p\u0159\u00edpad\u011b ud\u011blen\u00ed souhlasu mus\u00ed u\u017eivatel uv\u00e9st autora a nesm\u00ed tento materi\u00e1l upravovat.<\/p>\n<p><strong>- Probl\u00e9my se soci\u00e1ln\u00edmi s\u00edt\u011bmi:<\/strong> Spole\u010dnost DoyMedia.com nen\u00ed zodpov\u011bdn\u00e1 za zablokov\u00e1n\u00ed \u00fa\u010dtu nebo jin\u00e9 probl\u00e9my, kter\u00e9 m\u00e1te se soci\u00e1ln\u00edmi s\u00edt\u011bmi, u nich\u017e jste si zakoupili slu\u017eby. POZN\u00c1MKA: Je velmi nepravd\u011bpodobn\u00e9, \u017ee by k n\u011b\u010demu takov\u00e9mu do\u0161lo, proto\u017ee soci\u00e1ln\u00ed s\u00edt\u011b nedetekuj\u00ed na\u0161e slu\u017eby, ale v p\u0159\u00edpad\u011b, \u017ee se tak stane, je to odpov\u011bdnost osoby, kter\u00e1 m\u00e1 \u00fa\u010det na starosti.<\/p>\n<p><strong>- N\u00e1hradn\u00ed sledovac\u00ed za\u0159\u00edzen\u00ed:<\/strong> U ka\u017ed\u00e9 slu\u017eby je t\u0159eba zkontrolovat jej\u00ed z\u00e1sady dopl\u0148ov\u00e1n\u00ed. Dopl\u0148ov\u00e1n\u00ed je uvedeno v popisu ka\u017ed\u00e9 slu\u017eby.<\/p>\n<p><strong>- Ztracen\u00e9 stoupence p\u0159ed n\u00e1kupem u n\u00e1s:<\/strong> Pokud jste si zakoupili n\u00e1sledovn\u00edky z jin\u00e9 webov\u00e9 str\u00e1nky a ztr\u00e1c\u00edte je, bude na\u0161e pr\u00e1ce mnohem slo\u017eit\u011bj\u0161\u00ed, proto\u017ee budeme muset opravit chyby na jin\u00fdch webov\u00fdch str\u00e1nk\u00e1ch, kde jste si d\u0159\u00edve zakoupili n\u00e1sledovn\u00edky. Dok\u00e1\u017eeme zjistit, zda n\u00e1sledovn\u00edci, kter\u00e9 ztr\u00e1c\u00edte, jsou na\u0161i nebo jsou p\u0159ed n\u00e1mi, a proto nebudeme p\u0159ij\u00edmat \u017e\u00e1dn\u00e1 tvrzen\u00ed o ztr\u00e1t\u011b n\u00e1sledovn\u00edk\u016f p\u0159edt\u00edm, ne\u017e jste si je u n\u00e1s zakoupili, proto\u017ee tito n\u00e1sledovn\u00edci nejsou na\u0161i. Rovn\u011b\u017e je t\u0159eba poznamenat, \u017ee nebudeme moci uplatnit ani obvin\u011bn\u00ed z objedn\u00e1vek, p\u0159i nich\u017e doch\u00e1z\u00ed ke ztr\u00e1t\u011b star\u0161\u00edch sleduj\u00edc\u00edch, proto\u017ee jak je uvedeno v\u00fd\u0161e v t\u011bchto podm\u00ednk\u00e1ch: \"<em>zakoupen\u00edm podobn\u00fdch slu\u017eeb od jin\u00fdch poskytovatel\u016f pro stejn\u00e9 \u00fa\u010dty se ru\u0161\u00ed z\u00e1ruka v\u00fdm\u011bny nebo vr\u00e1cen\u00ed pen\u011bz za slu\u017eby zakoupen\u00e9 od spole\u010dnosti DoyMedia.com.<\/em>\"<\/p>\n<p><strong>- Profily na Instagramu a Twitteru MUS\u00cd b\u00fdt ve VE\u0158EJN\u00c9M RE\u017dIMU.<\/strong> abychom mohli p\u0159idat n\u00e1sledovn\u00edky. Pokud je v\u00e1\u0161 \u00fa\u010det v neve\u0159ejn\u00e9m re\u017eimu a my v\u00e1m doporu\u010d\u00edme, abyste jej nastavili do ve\u0159ejn\u00e9ho re\u017eimu, ale vy tak neu\u010din\u00edte, m\u016f\u017ee to b\u00fdt pro n\u00e1s d\u016fvodem k ozna\u010den\u00ed objedn\u00e1vky jako dokon\u010den\u00e9, ani\u017e bychom mohli p\u0159idat sleduj\u00edc\u00ed.<\/p>\n<p><strong>- Doba dod\u00e1n\u00ed:<\/strong> Va\u0161e objedn\u00e1vka se zpracov\u00e1v\u00e1 automaticky, ale v z\u00e1vislosti na soci\u00e1ln\u00ed s\u00edti a sjednan\u00e9m mno\u017estv\u00ed to m\u016f\u017ee trvat o n\u011bco d\u00e9le nebo krat\u0161\u00ed dobu. V pr\u016fm\u011bru uv\u00e1d\u00edme, \u017ee slu\u017eby mohou dorazit do 24-48 hodin.<\/p>\n<p><strong>- Kvalita sleduj\u00edc\u00edch, lajk\u016f, \u010dlen\u016f, odb\u011bratel\u016f atd..:<\/strong> Zakoupen\u00ed n\u00e1sledovn\u00edci pro Instagram, Facebook, Twitter, Youtube, Telegram, Tik Tok nebo jakoukoli jinou soci\u00e1ln\u00ed s\u00ed\u0165, kde prod\u00e1v\u00e1me n\u00e1sledovn\u00edky, vypadaj\u00ed skute\u010dn\u011b, ale nen\u00ed zaru\u010deno, \u017ee budou s va\u0161\u00edm \u00fa\u010dtem komunikovat. To znamen\u00e1, \u017ee \u00fa\u010dty maj\u00ed obr\u00e1zky a vypadaj\u00ed jako skute\u010dn\u00e9 \u00fa\u010dty, ale tito sleduj\u00edc\u00ed nebudou interagovat t\u00edm, \u017ee by lajkovali va\u0161e p\u0159\u00edsp\u011bvky.<\/p>\n<p class=\"translation-block\"><strong>- Kontrola obsahu.<\/strong> <strong>DoyMedia.com<\/strong> nekontroluje komunikaci a materi\u00e1ly, kter\u00e9 u\u017eivatel\u00e9 zad\u00e1vaj\u00ed na str\u00e1nky. <strong>DoyMedia.com<\/strong> neodpov\u00edd\u00e1 za obsah t\u00e9to komunikace a materi\u00e1l\u016f, ale vyhrazuje si pr\u00e1vo zablokovat p\u0159\u00edstup nebo odstranit jakoukoli komunikaci nebo materi\u00e1l, kter\u00fd pova\u017euje za (a) ur\u00e1\u017eliv\u00fd, hanliv\u00fd, obsc\u00e9nn\u00ed, nepravdiv\u00fd nebo zav\u00e1d\u011bj\u00edc\u00ed, (b) poru\u0161uj\u00edc\u00ed pr\u00e1va du\u0161evn\u00edho vlastnictv\u00ed t\u0159et\u00ed strany nebo (c) poru\u0161uj\u00edc\u00ed ustanoven\u00ed podm\u00ednek pou\u017e\u00edv\u00e1n\u00ed slu\u017eby.<\/p>\n<p class=\"translation-block\"><strong>- Z\u00e1vazek k n\u00e1hrad\u011b \u0161kody.<\/strong> U\u017eivatel se zavazuje od\u0161kodnit <strong>DoyMedia.com<\/strong>, jeho zam\u011bstnance, poskytovatele licenc\u00ed, dodavatele a nabyvatele licenc\u00ed za \u0161kody (v\u010detn\u011b n\u00e1klad\u016f na obhajobu) vznikl\u00e9 v d\u016fsledku jak\u00e9hokoli protipr\u00e1vn\u00edho jedn\u00e1n\u00ed nebo skute\u010dnosti, kterou lze p\u0159i\u010d\u00edst u\u017eivateli nebo t\u0159et\u00ed stran\u011b pou\u017e\u00edvaj\u00edc\u00ed \u00fa\u010det u\u017eivatele. <strong>DoyMedia.com<\/strong> m\u016f\u017ee m\u011bnit, odstra\u0148ovat a\/nebo p\u0159id\u00e1vat podm\u00ednky a\/nebo ustanoven\u00ed v kter\u00e9mkoli z bod\u016f t\u00e9to smlouvy bez p\u0159edchoz\u00edho souhlasu u\u017eivatele. U\u017eivatel je v\u00fdhradn\u011b odpov\u011bdn\u00fd za d\u016fv\u011brnost a pou\u017e\u00edv\u00e1n\u00ed sv\u00e9ho hesla, jako\u017e i za pokyny, kter\u00e9 jsou jeho jm\u00e9nem prov\u00e1d\u011bny z pou\u017e\u00edv\u00e1n\u00ed syst\u00e9mu.<\/p>\n<p><strong>- \u010c\u00e1ste\u010dn\u00e1 neplatnost.<\/strong> Pokud bude n\u011bkter\u00e9 ustanoven\u00ed t\u011bchto podm\u00ednek prohl\u00e1\u0161eno za neplatn\u00e9, nebude to m\u00edt vliv na platnost ostatn\u00edch ustanoven\u00ed.<\/p>\n<\/div><\/div><\/div><\/div><\/div><\/div><\/div><\/section>","protected":false},"excerpt":{"rendered":"Obchodn\u00ed podm\u00ednky DoyMedia dodr\u017euje ustanoven\u00ed z\u00e1kona 34\/2002 o slu\u017eb\u00e1ch informa\u010dn\u00ed spole\u010dnosti a elektronick\u00e9m obchodu (LSSI-CE), organick\u00e9ho z\u00e1kona 3\/2018 o ochran\u011b osobn\u00edch \u00fadaj\u016f a z\u00e1ruce digit\u00e1ln\u00edch pr\u00e1v (LOPDGDD) a na\u0159\u00edzen\u00ed (EU) 2016\/679, obecn\u00e9 na\u0159\u00edzen\u00ed o ochran\u011b osobn\u00edch \u00fadaj\u016f (GDPR). Na z\u00e1klad\u011b tohoto na\u0159\u00edzen\u00ed se...","protected":false},"author":1,"featured_media":0,"parent":0,"menu_order":0,"comment_status":"closed","ping_status":"closed","template":"","meta":{"_acf_changed":false,"footnotes":""},"class_list":["post-404","page","type-page","status-publish","hentry"],"acf":[],"_links":{"self":[{"href":"https:\/\/doymedia.com\/cs\/wp-json\/wp\/v2\/pages\/404","targetHints":{"allow":["GET"]}}],"collection":[{"href":"https:\/\/doymedia.com\/cs\/wp-json\/wp\/v2\/pages"}],"about":[{"href":"https:\/\/doymedia.com\/cs\/wp-json\/wp\/v2\/types\/page"}],"author":[{"embeddable":true,"href":"https:\/\/doymedia.com\/cs\/wp-json\/wp\/v2\/users\/1"}],"replies":[{"embeddable":true,"href":"https:\/\/doymedia.com\/cs\/wp-json\/wp\/v2\/comments?post=404"}],"version-history":[{"count":6,"href":"https:\/\/doymedia.com\/cs\/wp-json\/wp\/v2\/pages\/404\/revisions"}],"predecessor-version":[{"id":1361,"href":"https:\/\/doymedia.com\/cs\/wp-json\/wp\/v2\/pages\/404\/revisions\/1361"}],"wp:attachment":[{"href":"https:\/\/doymedia.com\/cs\/wp-json\/wp\/v2\/media?parent=404"}],"curies":[{"name":"wp","href":"https:\/\/api.w.org\/{rel}","templated":true}]}}