{"id":616,"date":"2025-03-29T15:23:31","date_gmt":"2025-03-29T14:23:31","guid":{"rendered":"https:\/\/v2.doymedia.com\/?page_id=616"},"modified":"2025-11-11T13:51:05","modified_gmt":"2025-11-11T12:51:05","slug":"kontakt","status":"publish","type":"page","link":"https:\/\/doymedia.com\/cs\/contacto\/","title":{"rendered":"Kontakt"},"content":{"rendered":"<section class=\"l-section wpb_row us_custom_dc74495c height_small\"><div class=\"l-section-h i-cf\"><div class=\"g-cols vc_row via_flex valign_top type_default stacking_default\"><div class=\"vc_col-sm-12 wpb_column vc_column_container\"><div class=\"vc_column-inner\"><div class=\"wpb_wrapper\"><h1 class=\"w-text us_custom_d44d8758 has_text_color\"><span class=\"w-text-h\"><span class=\"w-text-value\">Kontaktujte n\u00e1s<\/span><\/span><\/h1><\/div><\/div><\/div><\/div><\/div><\/section><section class=\"l-section wpb_row us_custom_c70c97eb height_small width_custom\" style=\"--site-content-width:560px;\"><div class=\"l-section-h i-cf\"><div class=\"g-cols vc_row via_flex valign_middle type_default stacking_default\"><div class=\"vc_col-sm-12 wpb_column vc_column_container has_bg_color\"><div class=\"vc_column-inner us_custom_e5cabf0a\"><div class=\"wpb_wrapper\"><form class=\"w-form  us-field-style_2 layout_ver show_message_after_sending for_cform us_form_1\" action=\"https:\/\/doymedia.com\/cs\/cs\/wp-json\/wp\/v2\/pages\/616\" method=\"post\" data-trp-original-action=\"https:\/\/doymedia.com\/cs\/cs\/wp-json\/wp\/v2\/pages\/616\"><div class=\"w-form-h\"><div class=\"w-form-row for_text required cols_2\">\r\n\t\t<div class=\"w-form-row-field\">\r\n\t\t\t\t\t\t<input aria-label=\"N\u00e1zev\" type=\"text\" name=\"us_form_1_text_1\" value placeholder=\"Jm\u00e9no *\" data-required=\"true\" aria-required=\"true\"\/>\r\n\t\t\t<\/div>\r\n\t\t<div class=\"w-form-row-state\">Pros\u00edm, vypl\u0148te toto pole.<\/div>\r\n<\/div>\r\n<div class=\"w-form-row for_email required cols_2\">\r\n\t\t<div class=\"w-form-row-field\">\r\n\t\t\t\t\t\t<input aria-label=\"E-mailov\u00e1 adresa\" type=\"email\" name=\"us_form_1_email_1\" value placeholder=\"E-mail *\" data-required=\"true\" aria-required=\"true\"\/>\r\n\t\t\t<\/div>\r\n\t\t<div class=\"w-form-row-state\">Zadejte pros\u00edm platnou e-mailovou adresu.<\/div>\r\n<\/div>\r\n<div class=\"w-form-row for_textarea required\">\r\n\t\t<div class=\"w-form-row-field\">\r\n\t\t\t\t\t\t<textarea aria-label=\"Zpr\u00e1va\" name=\"us_form_1_textarea_1\" placeholder=\"Zpr\u00e1va * Zpr\u00e1va * Zpr\u00e1va * Zpr\u00e1va * Zpr\u00e1va * Zpr\u00e1va\" data-required=\"true\" aria-required=\"true\"><\/textarea>\r\n\t\t\t<\/div>\r\n\t\t<div class=\"w-form-row-state\">Pros\u00edm, vypl\u0148te toto pole.<\/div>\r\n<\/div>\r\n<div class=\"w-form-row for_captcha has_label required\">\r\n\t<div class=\"w-form-row-label\">\r\n\t\t<span>Captcha <span>20 + 12 = ?<\/span><\/span>\r\n\t<\/div>\r\n\t<div class=\"w-form-row-field\">\r\n\t\t\t\t<input type=\"hidden\" name=\"us_form_1_captcha_1_hash\" value=\"64f1ff759918196676f330631e1aecb0\" \/>\r\n\t\t\t\t<input aria-label=\"Captcha\" type=\"text\" name=\"us_form_1_captcha_1\" placeholder data-required=\"true\" aria-required=\"true\"\/>\r\n\t\t\t<\/div>\r\n\t\t<div class=\"w-form-row-state\">Pro pokra\u010dov\u00e1n\u00ed pros\u00edm vlo\u017ete v\u00fdsledek<\/div>\r\n<\/div>\r\n<input type=\"hidden\" name=\"action\" value=\"us_ajax_cform\" \/>\r\n<input type=\"hidden\" name=\"post_id\" value=\"0\" \/>\r\n<input type=\"hidden\" name=\"form_index\" value=\"1\" \/>\r\n<div class=\"w-form-row for_submit align_justify\"><button class=\"w-btn us-btn-style_1\" type=\"submit\" aria-label=\"Odeslat\"><span class=\"g-preloader type_1\"><\/span><span class=\"w-btn-label\">Odeslat<\/span><\/button><\/div><\/div><div class=\"w-form-message\"><\/div><div class=\"w-form-json hidden\" onclick='return {&quot;ajaxurl&quot;:&quot;https:\\\/\\\/doymedia.com\\\/wp-admin\\\/admin-ajax.php&quot;,&quot;messages&quot;:{&quot;err_empty&quot;:&quot;Pros\\u00edm, vypl\\u0148te toto pole.&quot;,&quot;err_size&quot;:&quot;Velikost souboru nesm\\u00ed p\\u0159ekro\\u010dit %s MB&quot;,&quot;err_extension&quot;:&quot;Form\\u00e1t %s nen\\u00ed povolen&quot;,&quot;err_recaptcha_keys&quot;:&quot;reCAPTCHA kl\\u00ed\\u010de nejsou spr\\u00e1vn\\u00e9&quot;}}'><\/div><input type=\"hidden\" name=\"trp-form-language\" value=\"cs\"\/><\/form><\/div><\/div><\/div><div class=\"vc_col-sm-12 wpb_column vc_column_container\"><div class=\"vc_column-inner\"><div class=\"wpb_wrapper\"><div class=\"w-separator size_medium\"><\/div><\/div><\/div><\/div><\/div><\/div><\/section>","protected":false},"excerpt":{"rendered":"Contactar con Nosotros Pros\u00edm, vypl\u0148te toto pole. Zadejte pros\u00edm platnou e-mailovou adresu. Pros\u00edm, vypl\u0148te toto pole. Captcha 17 - 10 = ? Pro pokra\u010dov\u00e1n\u00ed pros\u00edm vlo\u017ete v\u00fdsledek Odeslat","protected":false},"author":1,"featured_media":0,"parent":0,"menu_order":0,"comment_status":"closed","ping_status":"closed","template":"","meta":{"_acf_changed":false,"footnotes":""},"class_list":["post-616","page","type-page","status-publish","hentry"],"acf":[],"_links":{"self":[{"href":"https:\/\/doymedia.com\/cs\/wp-json\/wp\/v2\/pages\/616","targetHints":{"allow":["GET"]}}],"collection":[{"href":"https:\/\/doymedia.com\/cs\/wp-json\/wp\/v2\/pages"}],"about":[{"href":"https:\/\/doymedia.com\/cs\/wp-json\/wp\/v2\/types\/page"}],"author":[{"embeddable":true,"href":"https:\/\/doymedia.com\/cs\/wp-json\/wp\/v2\/users\/1"}],"replies":[{"embeddable":true,"href":"https:\/\/doymedia.com\/cs\/wp-json\/wp\/v2\/comments?post=616"}],"version-history":[{"count":12,"href":"https:\/\/doymedia.com\/cs\/wp-json\/wp\/v2\/pages\/616\/revisions"}],"predecessor-version":[{"id":1517,"href":"https:\/\/doymedia.com\/cs\/wp-json\/wp\/v2\/pages\/616\/revisions\/1517"}],"wp:attachment":[{"href":"https:\/\/doymedia.com\/cs\/wp-json\/wp\/v2\/media?parent=616"}],"curies":[{"name":"wp","href":"https:\/\/api.w.org\/{rel}","templated":true}]}}