{"id":629,"date":"2025-03-29T16:18:36","date_gmt":"2025-03-29T15:18:36","guid":{"rendered":"https:\/\/v2.doymedia.com\/?page_id=629"},"modified":"2025-07-29T21:55:46","modified_gmt":"2025-07-29T19:55:46","slug":"zasady-pouzivani-souboru-cookie","status":"publish","type":"page","link":"https:\/\/doymedia.com\/cs\/politica-de-cookies\/","title":{"rendered":"Z\u00e1sady pou\u017e\u00edv\u00e1n\u00ed soubor\u016f cookie"},"content":{"rendered":"<p><span style=\"font-size: 2rem; letter-spacing: 0em;\">Z\u00e1sady pou\u017e\u00edv\u00e1n\u00ed soubor\u016f cookie<\/span><\/p>\n<header><\/header>\n<div>\n<p class=\"translation-block\">V souladu s <strong>\u010dl\u00e1nkem 22.2 z\u00e1kona 34\/2002<\/strong> o slu\u017eb\u00e1ch informa\u010dn\u00ed spole\u010dnosti a elektronick\u00e9m obchodu (LSSI-CE), jako\u017e i <strong>na\u0159\u00edzen\u00edm (EU) 2016\/679 (RGPD)<\/strong> a <strong>organiza\u010dn\u00edm z\u00e1konem 3\/2018 (LOPDGDD)<\/strong> informujeme u\u017eivatele o pou\u017e\u00edv\u00e1n\u00ed soubor\u016f cookie na t\u011bchto webov\u00fdch str\u00e1nk\u00e1ch.<\/p>\n<h3>1. Co jsou to soubory cookie?<\/h3>\n<p>Soubory cookie jsou mal\u00e9 textov\u00e9 soubory, kter\u00e9 se p\u0159i n\u00e1v\u0161t\u011bv\u011b webov\u00e9 str\u00e1nky ukl\u00e1daj\u00ed do prohl\u00ed\u017ee\u010de u\u017eivatele. Pou\u017e\u00edvaj\u00ed se k zapamatov\u00e1n\u00ed informac\u00ed o n\u00e1v\u0161t\u011bv\u011b, jako je preferovan\u00fd jazyk, produkty v n\u00e1kupn\u00edm ko\u0161\u00edku nebo zda jste p\u0159ihl\u00e1\u0161eni, a ke zlep\u0161en\u00ed prohl\u00ed\u017een\u00ed a poskytov\u00e1n\u00ed personalizovan\u00e9ho obsahu.<\/p>\n<h3>2. Jak\u00e9 typy soubor\u016f cookie pou\u017e\u00edv\u00e1me?<\/h3>\n<p class=\"translation-block\">Na <strong>DoyMedia.com<\/strong> pou\u017e\u00edv\u00e1me vlastn\u00ed cookies a cookies t\u0159et\u00edch stran, kter\u00e9 jsou rozd\u011bleny do n\u00e1sleduj\u00edc\u00edch kategori\u00ed:<\/p>\n<h4>\u2705 <strong>Nezbytn\u00e9 nebo technick\u00e9 soubory cookie<\/strong><\/h4>\n<p>Z\u00e1sadn\u00ed pro fungov\u00e1n\u00ed webov\u00fdch str\u00e1nek. Umo\u017e\u0148uj\u00ed z\u00e1kladn\u00ed funkce, jako je prohl\u00ed\u017een\u00ed, p\u0159\u00edstup do zabezpe\u010den\u00fdch oblast\u00ed a spr\u00e1va objedn\u00e1vek.<\/p>\n<ul>\n<li>P\u0159\u00edklad: Soubory cookie relace, \u0159\u00edzen\u00ed provozu, ov\u011b\u0159ov\u00e1n\u00ed.<\/li>\n<\/ul>\n<h4>\ud83d\udcca <strong>Analytick\u00e9 nebo statistick\u00e9 soubory cookie<\/strong><\/h4>\n<p>Anonymn\u011b shroma\u017e\u010fuj\u00ed informace o tom, jak u\u017eivatel\u00e9 pracuj\u00ed s webov\u00fdmi str\u00e1nkami. Pom\u00e1haj\u00ed n\u00e1m porozum\u011bt chov\u00e1n\u00ed p\u0159i prohl\u00ed\u017een\u00ed a vylep\u0161ovat str\u00e1nky.<\/p>\n<ul>\n<li>P\u0159\u00edklad: Google Analytics.<\/li>\n<\/ul>\n<h4>\ud83d\udce2 <strong>Marketingov\u00e9 a reklamn\u00ed soubory cookie<\/strong><\/h4>\n<p>Slou\u017e\u00ed k zobrazov\u00e1n\u00ed relevantn\u00edch reklam u\u017eivateli a k m\u011b\u0159en\u00ed jejich v\u00fdkonu. Umo\u017e\u0148uj\u00ed tak\u00e9 omezit po\u010det zobrazen\u00ed reklamy.<\/p>\n<ul>\n<li>P\u0159\u00edklad: Google Ads, Meta (Facebook\/Instagram), TikTok Ads.<\/li>\n<\/ul>\n<h4>\ud83d\udd17 <strong>Soubory cookie t\u0159et\u00edch stran<\/strong><\/h4>\n<p>N\u011bkter\u00e9 extern\u00ed slu\u017eby, jako jsou p\u0159ehr\u00e1va\u010de videa, mapy nebo soci\u00e1ln\u00ed s\u00edt\u011b, mohou p\u0159i interakci u\u017eivatele s nimi instalovat vlastn\u00ed soubory cookie.<\/p>\n<ul>\n<li>P\u0159\u00edklad: YouTube, Mapy Google, Facebook, Instagram, TikTok.<\/li>\n<\/ul>\n<h3>3. Jak se z\u00edsk\u00e1v\u00e1 souhlas?<\/h3>\n<p>Kdy\u017e poprv\u00e9 nav\u0161t\u00edv\u00edte str\u00e1nky DoyMedia.com, zobraz\u00ed se banner se souhlasem. <strong>YesCookies<\/strong>kter\u00e1 umo\u017e\u0148uje:<\/p>\n<p>\u2705 P\u0159ijmout v\u0161echny soubory cookie<br \/>\n\u274c Odm\u00edtnout ty, kter\u00e9 nejsou vy\u017eadov\u00e1ny<br \/>\n\u2699\ufe0f P\u0159izp\u016fsobte si sv\u016fj v\u00fdb\u011br<\/p>\n<p>M\u016f\u017eete <strong>zm\u011bnit sv\u00e9 preference<\/strong> kdykoli z odkazu \"Nastaven\u00ed soubor\u016f cookie\", kter\u00fd je k dispozici v z\u00e1pat\u00ed webu.<\/p>\n<h3>4. Jak odstranit nebo zak\u00e1zat soubory cookie z prohl\u00ed\u017ee\u010de?<\/h3>\n<p>Soubory cookie nainstalovan\u00e9 v za\u0159\u00edzen\u00ed m\u016f\u017eete povolit, zablokovat nebo odstranit pomoc\u00ed konfigurace mo\u017enost\u00ed prohl\u00ed\u017ee\u010de. N\u00ed\u017ee v\u00e1m uk\u00e1\u017eeme, jak to prov\u00e9st v nejb\u011b\u017en\u011bj\u0161\u00edch prohl\u00ed\u017ee\u010d\u00edch:<\/p>\n<ul>\n<li><strong>Google Chrome:<\/strong><br \/>\n<a href=\"https:\/\/support.google.com\/chrome\/answer\/95647\" target=\"_blank\" rel=\"noopener\">https:\/\/support.google.com\/chrome\/answer\/95647<\/a><\/li>\n<li><strong>Mozilla Firefox:<\/strong><br \/>\n<a href=\"https:\/\/support.mozilla.org\/es\/kb\/habilitar-y-deshabilitar-cookies\" target=\"_blank\" rel=\"noopener\">https:\/\/support.mozilla.org\/es\/kb\/habilitar-y-deshabilitar-cookies<\/a><\/li>\n<li><strong>Safari (Apple):<\/strong><br \/>\n<a href=\"https:\/\/support.apple.com\/es-es\/HT201265\" target=\"_blank\" rel=\"noopener\">https:\/\/support.apple.com\/es-es\/HT201265<\/a><\/li>\n<li><strong>Microsoft Edge:<\/strong><br \/>\n<a href=\"https:\/\/support.microsoft.com\/es-es\/help\/4027947\" target=\"_blank\" rel=\"noopener\">https:\/\/support.microsoft.com\/es-es\/help\/4027947<\/a><\/li>\n<li><strong>Opera:<\/strong><br \/>\n<a href=\"https:\/\/help.opera.com\/en\/latest\/web-preferences\/#cookies\" target=\"_blank\" rel=\"noopener\">https:\/\/help.opera.com\/en\/latest\/web-preferences\/#cookies<\/a><\/li>\n<\/ul>\n<p class=\"translation-block\">M\u016f\u017eete tak\u00e9 odstranit konkr\u00e9tn\u00ed soubory cookie ulo\u017een\u00e9 v prohl\u00ed\u017ee\u010di nebo si nainstalovat roz\u0161\u00ed\u0159en\u00ed, jako je <strong>\"Ghostery\"<\/strong> nebo <strong>\"Cookie AutoDelete\"<\/strong>, pro v\u011bt\u0161\u00ed kontrolu.<\/p>\n<h3>5. Mezin\u00e1rodn\u00ed p\u0159enos dat<\/h3>\n<p class=\"translation-block\">N\u011bkter\u00e9 soubory cookie t\u0159et\u00edch stran mohou zahrnovat mezin\u00e1rodn\u00ed p\u0159enosy \u00fadaj\u016f, zejm\u00e9na pokud jsou spravov\u00e1ny spole\u010dnostmi se s\u00eddlem mimo Evropsk\u00fd hospod\u00e1\u0159sk\u00fd prostor (EHP). V takov\u00fdch p\u0159\u00edpadech zaji\u0161\u0165ujeme <strong>vhodn\u00e1 ochrann\u00e1 opat\u0159en\u00ed<\/strong>, jako jsou <strong>standardn\u00ed smluvn\u00ed dolo\u017eky<\/strong> schv\u00e1len\u00e9 Evropskou komis\u00ed nebo \u017ee poskytovatel dodr\u017euje <strong>r\u00e1mec ochrany osobn\u00edch \u00fadaj\u016f (DPF)<\/strong>, pokud je to relevantn\u00ed.<\/p>\n<h3>6. Aktualizace t\u011bchto z\u00e1sad<\/h3>\n<p>Tyto z\u00e1sady pou\u017e\u00edv\u00e1n\u00ed soubor\u016f cookie mohou b\u00fdt aktualizov\u00e1ny v z\u00e1vislosti na pr\u00e1vn\u00edch nebo technick\u00fdch po\u017eadavc\u00edch. Jak\u00e1koli p\u0159\u00edslu\u0161n\u00e1 zm\u011bna bude ozn\u00e1mena na t\u00e9to str\u00e1nce a v p\u0159\u00edpad\u011b pot\u0159eby prost\u0159ednictv\u00edm banneru se souhlasem.<\/p>\n<p>Doporu\u010dujeme v\u00e1m, abyste tyto z\u00e1sady pravideln\u011b kontrolovali.<\/p>\n<\/div>","protected":false},"excerpt":{"rendered":"<p>Z\u00e1sady pou\u017e\u00edv\u00e1n\u00ed soubor\u016f cookie V souladu s \u010dl\u00e1nkem 22.2 z\u00e1kona 34\/2002 o slu\u017eb\u00e1ch informa\u010dn\u00ed spole\u010dnosti a elektronick\u00e9m obchodu (LSSI-CE), jako\u017e i s na\u0159\u00edzen\u00edm (EU) 2016\/679 (RGPD) a organick\u00fdm z\u00e1konem 3\/2018 (LOPDGDD) informujeme u\u017eivatele o pou\u017e\u00edv\u00e1n\u00ed soubor\u016f cookie na t\u011bchto webov\u00fdch str\u00e1nk\u00e1ch. 1. Co jsou to soubory cookie?<\/p>","protected":false},"author":1,"featured_media":0,"parent":0,"menu_order":0,"comment_status":"closed","ping_status":"closed","template":"","meta":{"_acf_changed":false,"footnotes":""},"class_list":["post-629","page","type-page","status-publish","hentry"],"acf":[],"_links":{"self":[{"href":"https:\/\/doymedia.com\/cs\/wp-json\/wp\/v2\/pages\/629","targetHints":{"allow":["GET"]}}],"collection":[{"href":"https:\/\/doymedia.com\/cs\/wp-json\/wp\/v2\/pages"}],"about":[{"href":"https:\/\/doymedia.com\/cs\/wp-json\/wp\/v2\/types\/page"}],"author":[{"embeddable":true,"href":"https:\/\/doymedia.com\/cs\/wp-json\/wp\/v2\/users\/1"}],"replies":[{"embeddable":true,"href":"https:\/\/doymedia.com\/cs\/wp-json\/wp\/v2\/comments?post=629"}],"version-history":[{"count":3,"href":"https:\/\/doymedia.com\/cs\/wp-json\/wp\/v2\/pages\/629\/revisions"}],"predecessor-version":[{"id":1366,"href":"https:\/\/doymedia.com\/cs\/wp-json\/wp\/v2\/pages\/629\/revisions\/1366"}],"wp:attachment":[{"href":"https:\/\/doymedia.com\/cs\/wp-json\/wp\/v2\/media?parent=629"}],"curies":[{"name":"wp","href":"https:\/\/api.w.org\/{rel}","templated":true}]}}