{"id":100,"date":"2025-03-27T01:32:41","date_gmt":"2025-03-27T00:32:41","guid":{"rendered":"https:\/\/v2.doymedia.com\/?post_type=product&#038;p=100"},"modified":"2025-07-16T21:41:37","modified_gmt":"2025-07-16T19:41:37","slug":"koupit-si-rad-tiktok","status":"publish","type":"product","link":"https:\/\/doymedia.com\/cs\/koupit-si-rad-tiktok\/","title":{"rendered":"Koupit TikTok Likes"},"content":{"rendered":"<section class=\"l-section wpb_row height_medium\"><div class=\"l-section-h i-cf\"><div class=\"g-cols vc_row via_flex valign_top type_default stacking_default\"><div class=\"vc_col-sm-12 wpb_column vc_column_container\"><div class=\"vc_column-inner\"><div class=\"wpb_wrapper\"><div class=\"wpb_text_column\"><div class=\"wpb_wrapper\"><p class=\"translation-block\">Na TikToku se po\u010d\u00edt\u00e1 ka\u017ed\u00e1 sekunda. M\u016f\u017eete m\u00edt skv\u011bl\u00e9 video, ale pokud v kr\u00e1tk\u00e9 dob\u011b nez\u00edsk\u00e1 z\u00e1jem, algoritmus ho nezobraz\u00ed v\u00edce lidem. Proto se <strong>koupen\u00ed lajk\u016f na TikToku<\/strong> stalo \u00fa\u010dinnou strategi\u00ed, jak zlep\u0161it viditelnost sv\u00fdch vide\u00ed, p\u0159il\u00e1kat nov\u00e9 sleduj\u00edc\u00ed a pos\u00edlit autoritu sv\u00e9ho profilu hned od za\u010d\u00e1tku.<\/p>\n<p class=\"translation-block\">Lajky jsou kl\u00ed\u010dov\u00fdm sign\u00e1lem pro algoritmus TikToku. \u010c\u00edm v\u00edce interakc\u00ed video z\u00edsk\u00e1, t\u00edm v\u011bt\u0161\u00ed je pravd\u011bpodobnost, \u017ee se stane vir\u00e1ln\u00edm. Pokud vytv\u00e1\u0159\u00edte dobr\u00fd obsah, ale nedost\u00e1v\u00e1 se v\u00e1m zaslou\u017een\u00e9ho uzn\u00e1n\u00ed, <strong>koupen\u00ed lajk\u016f TikTok<\/strong> v\u00e1m pom\u016f\u017ee spustit tento vlnov\u00fd efekt v\u011bt\u0161\u00edho dosahu, v\u011bt\u0161\u00ed viditelnosti a v\u011bt\u0161\u00edho dopadu.<\/p>\n<h2>Pro\u010d kupovat lajky na TikToku?<\/h2>\n<p class=\"translation-block\">Na t\u00e9to soci\u00e1ln\u00ed s\u00edti toti\u017e na \u010d\u00edslech z\u00e1le\u017e\u00ed. Kdy\u017e video z\u00edsk\u00e1 hodn\u011b \"lajk\u016f\", u\u017eivatel\u00e9 ho vn\u00edmaj\u00ed jako hodnotn\u00e9, z\u00e1bavn\u00e9 nebo d\u016fv\u011bryhodn\u00e9. To je podn\u011bcuje k tomu, aby si ho prohl\u00e9dli cel\u00e9, sd\u00edleli ho a sledovali v\u00e1\u0161 \u00fa\u010det. <strong>Koupen\u00edm lajk\u016f na TikToku<\/strong> zvy\u0161ujete vn\u00edmanou hodnotu sv\u00e9ho obsahu a vys\u00edl\u00e1te pozitivn\u00ed sign\u00e1l algoritmu.<\/p>\n<p>Tento druh podpory je obzvl\u00e1\u0161t\u011b u\u017eite\u010dn\u00fd, pokud zahajujete kampa\u0148, propagujete produkt nebo prost\u011b chcete, aby se va\u0161e video dostalo k v\u00edce lidem. Nejde jen o nafukov\u00e1n\u00ed \u010d\u00edsel - jde o budov\u00e1n\u00ed solidn\u00ed p\u0159\u00edtomnosti a zvy\u0161ov\u00e1n\u00ed re\u00e1ln\u00fdch \u0161anc\u00ed na r\u016fst.<\/p>\n<h3>V\u00fdhody n\u00e1kupu lajk\u016f na TikToku<\/h3>\n<ul>\n<li>\ud83d\udcc8 Okam\u017eit\u00e9 zlep\u0161en\u00ed viditelnosti va\u0161ich vide\u00ed<\/li>\n<li>\ud83d\ude80 Zv\u00fd\u0161en\u00ed d\u016fv\u011bryhodnosti u nov\u00fdch u\u017eivatel\u016f<\/li>\n<li>\ud83c\udfaf V\u011bt\u0161\u00ed dosah d\u00edky algoritmu<\/li>\n<li>\ud83d\udcac V\u00edce interakc\u00ed, kter\u00e9 generuj\u00ed organick\u00e9 n\u00e1sledovn\u00edky<\/li>\n<li>\ud83d\udd12 Bezpe\u010dn\u00e9 doru\u010den\u00ed bez ohro\u017een\u00ed va\u0161eho \u00fa\u010dtu<\/li>\n<\/ul>\n<p class=\"translation-block\"><strong>Koupit lajky TikTok<\/strong> je u\u017eite\u010dn\u00e9 jak pro nov\u00e9 \u00fa\u010dty, tak pro zaveden\u00e9 profily, kter\u00e9 cht\u011bj\u00ed pos\u00edlit kl\u00ed\u010dov\u00e9 p\u0159\u00edsp\u011bvky. D\u00edky dobr\u00e9 z\u00e1kladn\u011b zapojen\u00ed bude m\u00edt ka\u017ed\u00e9 nov\u00e9 video, kter\u00e9 zve\u0159ejn\u00edte, v\u011bt\u0161\u00ed \u0161anci, \u017ee si ho n\u011bkdo v\u0161imne.<\/p>\n<p>Krom\u011b toho, \u017ee lajky zlep\u0161uj\u00ed viditelnost, ovliv\u0148uj\u00ed tak\u00e9 interakci u\u017eivatel\u016f s va\u0161\u00edm profilem. Kdy\u017e n\u011bkdo vid\u00ed, \u017ee m\u00e1 va\u0161e video hodn\u011b lajk\u016f, automaticky p\u0159edpokl\u00e1d\u00e1, \u017ee m\u00e1 obsah hodnotu. To vede k del\u0161\u00ed dob\u011b sledov\u00e1n\u00ed, v\u00edce koment\u00e1\u0159\u016fm a v mnoha p\u0159\u00edpadech i k v\u011bt\u0161\u00edmu po\u010dtu sleduj\u00edc\u00edch.<\/p>\n<p class=\"translation-block\"><strong>Koup\u011b lajk\u016f na TikToku<\/strong> je zp\u016fsob, jak pos\u00edlit v\u0161echny ukazatele, kter\u00e9 algoritmus zohled\u0148uje p\u0159i organick\u00e9m r\u016fstu \u00fa\u010dtu.<\/p>\n<h2>Je bezpe\u010dn\u00e9 kupovat lajky na TikToku?<\/h2>\n<p>Ano, naprosto bezpe\u010dn\u00e9. Ne\u017e\u00e1d\u00e1me o hesla ani o p\u0159\u00edstup k va\u0161emu \u00fa\u010dtu. Pot\u0159ebujeme pouze odkaz na video, kter\u00e9 chcete zv\u00fd\u0161it. Proces je postupn\u00fd, p\u0159irozen\u00fd a navr\u017een\u00fd tak, aby byl v\u00e1\u0161 profil v\u017edy chr\u00e1n\u011bn.<\/p>\n<p>Pracujeme s ov\u011b\u0159en\u00fdmi metodami a optimalizovan\u00fdmi syst\u00e9my, kter\u00e9 zaru\u010duj\u00ed efektivn\u00ed v\u00fdsledky bez rizika. <strong>Koupit lajky TikTok<\/strong> je spolehliv\u00fd zp\u016fsob, jak zv\u00fd\u0161it obsah, ani\u017e byste ohrozili integritu sv\u00e9ho \u00fa\u010dtu.<\/p>\n<h3>Kdo m\u016f\u017ee tuto slu\u017ebu vyu\u017e\u00edt?<\/h3>\n<p class=\"translation-block\">Ka\u017ed\u00fd, kdo publikuje obsah na TikToku. Od tv\u016frc\u016f, influencer\u016f a podnikatel\u016f a\u017e po zna\u010dky, kter\u00e9 se cht\u011bj\u00ed na t\u00e9to s\u00edti prosadit. Pokud chcete zv\u00fd\u0161it svou autoritu, p\u0159il\u00e1kat v\u00edce n\u00e1v\u0161t\u011bvn\u00edk\u016f nebo pos\u00edlit svou strategii, <strong>kupuji I like TikTok<\/strong> je tu pro v\u00e1s.<\/p>\n<ul>\n<li>\ud83c\udfa5 Tv\u016frci, kte\u0159\u00ed cht\u011bj\u00ed, aby se jejich videa stala vir\u00e1ln\u00edmi.<\/li>\n<li>\ud83d\udce2 Zna\u010dky spou\u0161t\u011bj\u00ed marketingov\u00e9 kampan\u011b<\/li>\n<li>\ud83c\udfaf Influence\u0159i hledaj\u00ed spolupr\u00e1ci<\/li>\n<li>\ud83d\udecd\ufe0f Podniky prod\u00e1vaj\u00edc\u00ed p\u0159es TikTok<\/li>\n<li>\ud83d\udcf2 U\u017eivatel\u00e9, kte\u0159\u00ed cht\u011bj\u00ed rychleji vyniknout<\/li>\n<\/ul>\n<h2>Jak to funguje?<\/h2>\n<p>Postup je velmi jednoduch\u00fd. Sta\u010d\u00ed si vybrat bal\u00ed\u010dek, kter\u00fd nejl\u00e9pe vyhovuje va\u0161im pot\u0159eb\u00e1m, poskytnout n\u00e1m odkaz na video a objednat. My se o v\u0161e postar\u00e1me. Dod\u00e1n\u00ed za\u010dne v kr\u00e1tk\u00e9 dob\u011b, postupn\u011b a bezpe\u010dn\u011b.<\/p>\n<p class=\"translation-block\">A pokud chcete, aby v\u00e1\u0161 profil rostl je\u0161t\u011b vyv\u00e1\u017een\u011bji, m\u016f\u017eete tuto slu\u017ebu zkombinovat s <a href=\"https:\/\/doymedia.com\/cs\/koupit-tiktok-nasledovniky\/\" target=\"_self\"><strong>n\u00e1kupem sleduj\u00edc\u00edch TikTok<\/strong><\/a> nebo <a href=\"https:\/\/doymedia.com\/cs\/koupit-nazory-tiktok\/\" target=\"_self\"><strong>n\u00e1kupem zhl\u00e9dnut\u00ed TikTok<\/strong><\/a>. T\u00edmto zp\u016fsobem vytvo\u0159\u00edte skute\u010dnou a udr\u017eitelnou strategii r\u016fstu.<\/p>\n<h2>Z\u00edskejte pro sv\u00e1 videa uzn\u00e1n\u00ed, kter\u00e9 si zaslou\u017e\u00ed<\/h2>\n<p class=\"translation-block\">Nenechte sv\u00e9 p\u0159\u00edsp\u011bvky bez pov\u0161imnut\u00ed. Pomoc\u00ed <strong>koup\u011b lajk\u016f TikTok<\/strong> m\u016f\u017eete b\u011bhem n\u011bkolika minut zv\u00fd\u0161it kvalitu sv\u00e9ho obsahu, zlep\u0161it sv\u00e9 hodnocen\u00ed a zviditelnit se. Za\u010dn\u011bte je\u0161t\u011b dnes a zajist\u011bte, aby se ka\u017ed\u00e9 video po\u010d\u00edtalo.<\/p>\n<\/div><\/div><\/div><\/div><\/div><\/div><\/div><\/section>","protected":false},"excerpt":{"rendered":"Na TikToku se po\u010d\u00edt\u00e1 ka\u017ed\u00e1 vte\u0159ina. M\u016f\u017eete m\u00edt skv\u011bl\u00e9 video, ale pokud v kr\u00e1tk\u00e9 dob\u011b nez\u00edsk\u00e1 z\u00e1jem, algoritmus ho nezobraz\u00ed v\u00edce lidem. Proto se n\u00e1kup lajk\u016f na TikToku stal \u00fa\u010dinnou strategi\u00ed, jak zlep\u0161it viditelnost sv\u00fdch vide\u00ed, p\u0159il\u00e1kat nov\u00e9 sleduj\u00edc\u00ed a pos\u00edlit autoritu sv\u00e9ho profilu...","protected":false},"featured_media":317,"comment_status":"open","ping_status":"closed","template":"","meta":{"_acf_changed":false},"product_brand":[],"product_cat":[18],"product_tag":[],"class_list":{"0":"post-100","1":"product","2":"type-product","3":"status-publish","4":"has-post-thumbnail","6":"product_cat-tiktok","7":"wcpa_has_options","9":"first","10":"instock","11":"sale","12":"featured","13":"shipping-taxable","14":"purchasable","15":"product-type-variable","16":"has-default-attributes"},"acf":[],"wcpa_form_fields":{"wcpaData":{"product":{"product_price":2.99,"price_html":"","original_product_price":2.99,"price_including_tax":2.99,"price_excluding_tax":2.99,"product_id":{"parent":100,"variation":false},"is_variable":true,"stock_status":"instock","stock_quantity":null,"parent_sku":"","product_attributes":{"cantidad":{"is_variation":true,"values":[]}},"custom_fields":[],"is_taxable":false,"product_name":"Comprar Likes TikTok","hasImage":false},"fields":{"sec_167fa907111f84":{"extra":{"key":"sec_167fa907111f84","section_id":"sec_167fa907111f84","name":"Por defecto","status":1,"toggle":true,"form_id":1048,"form_rules":{"exclude_from_discount":false,"fee_label":"Dopl\u0148ky","disp_hide_options_price":false,"disp_show_section_price":false,"disp_show_field_price":false,"layout_option":"standard","pric_use_as_fee":false,"process_fee_as":"woo_fee"},"layout_option":"standard"},"fields":[[{"active":true,"col":5,"relations":false,"cl_rule":"show","enableCl":false,"price":"","enablePrice":false,"className":"","type":"text","subtype":"text","required":true,"elementId":"text_867fa907111f9e","label":"Enlace al V\u00eddeo","name":"text_867fa907111f9e","value":"","error":false,"placeholder":"Ejemplo: https:\/\/www.tiktok.com\/@mrbeast\/video\/7460191038293069102","enableDesign":false,"LabelSize":"16px","gt_translate_keys":["label","placeholder","value"],"price_dependency":false,"cl_dependency":false}],[{"active":true,"col":5,"relations":false,"cl_rule":"show","enableCl":false,"price":"","enablePrice":true,"className":"","label_position":"default","desc_position":"default","type":"select","required":false,"elementId":"select_667fa907111fac","label":"A\u00f1adir Seguidores con Descuento","name":"select_667fa907111fac","values":[{"label":"100 Seguidores","value":"100","selected":false,"tempId":"aco_46","price":"3,89","gt_translate_keys":["label"]},{"label":"500 Seguidores","value":"500","selected":false,"tempId":"aco_1337","price":"6,79","gt_translate_keys":["label"]},{"label":"1.000 Seguidores","value":"1000","selected":false,"tempId":"aco_910","price":"9,69","gt_translate_keys":["label"]},{"label":"2.000 Seguidores","value":"2000","selected":false,"tempId":"aco_911","price":"19,49","gt_translate_keys":["label"]},{"label":"5.000 Seguidores","value":"5000","selected":false,"tempId":"aco_912","price":"58,39","gt_translate_keys":["label"]}],"dropdown_type":"basic","error":false,"placeholder":"Ninguno","priceOptions":"different_for_all","pricingType":"fixed","use_as_fee":false,"enableDesign":false,"LabelSize":"16px","tooltip":"Los seguidores ser\u00e1n entregados al mismo perfil del v\u00eddeo.","gt_translate_keys":["label","placeholder","tooltip"],"price_dependency":false,"cl_dependency":false,"value":""}],[{"label":"A\u00f1adir Views con Descuento","active":true,"required":false,"elementId":"select_867fa907111fb6","dropdown_type":"basic","placeholder":"Ninguno","name":"select_867fa907111fb6","label_position":"default","desc_position":"default","enablePrice":true,"className":"","enableCl":false,"relations":false,"enableDesign":false,"LabelSize":"16px","values":[{"label":"100 Views","value":"100","selected":false,"tempId":"aco_46","price":"1,89","gt_translate_keys":["label"]},{"label":"500 Views","value":"500","selected":false,"tempId":"aco_1337","price":"2,79","gt_translate_keys":["label"]},{"label":"1.000 Views","value":"1000","selected":false,"tempId":"aco_910","price":"3,69","gt_translate_keys":["label"]},{"label":"2.000 Views","value":"2000","selected":false,"tempId":"aco_911","price":"4,59","gt_translate_keys":["label"]},{"label":"5.000 Views","value":"5000","selected":false,"tempId":"aco_912","price":"6,49","gt_translate_keys":["label"]},{"label":"10.000 Views","value":"10000","selected":false,"tempId":"aco_1219","price":"8,79","gt_translate_keys":["label"]},{"label":"50.000 Views","value":"50k","selected":false,"tempId":"aco_977","price":"42,69","gt_translate_keys":["label"]}],"priceOptions":"different_for_all","pricingType":"fixed","price":"","use_as_fee":false,"cl_rule":"show","col":5,"type":"select","error":false,"tooltip":"Los views ser\u00e1n entregados a la misma publicaci\u00f3n.","gt_translate_keys":["label","placeholder","tooltip"],"price_dependency":false,"cl_dependency":false,"value":""}]]}},"config":{"price_override":"","enable_recaptcha":false,"bind_quantity":false,"quantity_bind_formula":false,"disp_summ_show_option_price":false,"disp_summ_show_product_price":false,"disp_summ_show_total_price":false,"disp_summ_show_fee":false,"disp_summ_show_discount":false,"summary_title":"","options_total_label":"Dopl\u0148ky","total_label":"Celkem","options_product_label":"Producto","fee_label":"Dopl\u0148ky","discount_label":"Descuento","has_price":true,"has_quantity_formula":false},"mc_unit":1,"tax_rate":1,"tax_rate_real":1,"discount":{"percentage":0,"fixed":0},"design":{"conf":{"LabelPosition":"above","DescPosition":"above","UploadField":"custom_1","QuantityFieldStyle":"default"},"css":{"LeftLabelWidth":"120px"}},"formulas":[],"clones":false,"cartKey":false}},"_links":{"self":[{"href":"https:\/\/doymedia.com\/cs\/wp-json\/wp\/v2\/product\/100","targetHints":{"allow":["GET"]}}],"collection":[{"href":"https:\/\/doymedia.com\/cs\/wp-json\/wp\/v2\/product"}],"about":[{"href":"https:\/\/doymedia.com\/cs\/wp-json\/wp\/v2\/types\/product"}],"replies":[{"embeddable":true,"href":"https:\/\/doymedia.com\/cs\/wp-json\/wp\/v2\/comments?post=100"}],"wp:featuredmedia":[{"embeddable":true,"href":"https:\/\/doymedia.com\/cs\/wp-json\/wp\/v2\/media\/317"}],"wp:attachment":[{"href":"https:\/\/doymedia.com\/cs\/wp-json\/wp\/v2\/media?parent=100"}],"wp:term":[{"taxonomy":"product_brand","embeddable":true,"href":"https:\/\/doymedia.com\/cs\/wp-json\/wp\/v2\/product_brand?post=100"},{"taxonomy":"product_cat","embeddable":true,"href":"https:\/\/doymedia.com\/cs\/wp-json\/wp\/v2\/product_cat?post=100"},{"taxonomy":"product_tag","embeddable":true,"href":"https:\/\/doymedia.com\/cs\/wp-json\/wp\/v2\/product_tag?post=100"}],"curies":[{"name":"wp","href":"https:\/\/api.w.org\/{rel}","templated":true}]}}