{"id":838,"date":"2025-04-10T17:35:14","date_gmt":"2025-04-10T15:35:14","guid":{"rendered":"https:\/\/v2.doymedia.com\/?post_type=product&#038;p=838"},"modified":"2025-05-12T16:19:10","modified_gmt":"2025-05-12T14:19:10","slug":"koupit-twitter-rad","status":"publish","type":"product","link":"https:\/\/doymedia.com\/cs\/comprar-likes-twitter\/","title":{"rendered":"Koupit Twitter Likes"},"content":{"rendered":"<section class=\"l-section wpb_row height_medium\"><div class=\"l-section-h i-cf\"><div class=\"g-cols vc_row via_flex valign_top type_default stacking_default\"><div class=\"vc_col-sm-12 wpb_column vc_column_container\"><div class=\"vc_column-inner\"><div class=\"wpb_wrapper\"><div class=\"wpb_text_column\"><div class=\"wpb_wrapper\"><p class=\"translation-block\">Na Twitteru jsou lajky mnohem v\u00edc ne\u017e jen reakce. P\u0159edstavuj\u00ed podporu, potvrzen\u00ed a d\u016fle\u017eitost. Kdy\u017e tweet nasb\u00edr\u00e1 mnoho <em><strong>l\u00edbk\u016f,<\/strong><\/em> z\u00edsk\u00e1 na viditelnosti, d\u016fv\u011bryhodnosti a je pravd\u011bpodobn\u011bj\u0161\u00ed, \u017ee se rychle roz\u0161\u00ed\u0159\u00ed. Proto je <strong>koupen\u00ed lajk\u016f na Twitteru<\/strong> \u00fa\u010dinnou strategi\u00ed, jak zlep\u0161it v\u00fdkon va\u0161ich publikac\u00ed a zv\u00fd\u0161it va\u0161i p\u0159\u00edtomnost na t\u00e9to soci\u00e1ln\u00ed s\u00edti.<\/p>\n<p class=\"translation-block\">Pokud sd\u00edl\u00edte hodnotn\u00fd obsah, ale nedosahujete takov\u00e9ho zapojen\u00ed, v jak\u00e9 douf\u00e1te, <strong>koupen\u00ed lajk\u016f na Twitteru<\/strong> v\u00e1m m\u016f\u017ee pomoci spustit algoritmus, z\u00edskat v\u00edce pozornosti a vyvolat vlnov\u00fd efekt, kter\u00fd p\u0159il\u00e1k\u00e1 retweety, n\u00e1sledovn\u00edky a nov\u00e9 koment\u00e1\u0159e.<\/p>\n<h2>Pro\u010d kupovat lajky na Twitteru?<\/h2>\n<p class=\"translation-block\">Proto\u017ee algoritmus a u\u017eivatel\u00e9 reaguj\u00ed na pohyb. Tweet, kter\u00fd v kr\u00e1tk\u00e9 dob\u011b z\u00edsk\u00e1 hodn\u011b lajk\u016f, z\u00edsk\u00e1 na s\u00edle a zobraz\u00ed se v\u00edce lidem. <strong>Koup\u00ed lajk\u016f na Twitteru<\/strong> zvy\u0161ujete \u0161anci, \u017ee v\u00e1\u0161 obsah uvid\u00ed, bude sd\u00edlet a ocen\u00ed v\u00edce u\u017eivatel\u016f.<\/p>\n<p class=\"translation-block\">Krom\u011b toho <em><strong>l\u00edb\u00ed<\/strong><\/strong><\/em> dod\u00e1vaj\u00ed va\u0161emu profilu s\u00edlu. Nez\u00e1le\u017e\u00ed na tom, jestli teprve za\u010d\u00edn\u00e1te, nebo u\u017e m\u00e1te sv\u00e9 publikum, projevov\u00e1n\u00ed aktivity v p\u0159\u00edsp\u011bvc\u00edch v\u00e1s pozicuje jako aktivn\u00ed, atraktivn\u00ed a vlivn\u00fd \u00fa\u010det. Je to jednoduch\u00fd a \u00fa\u010dinn\u00fd zp\u016fsob, jak pos\u00edlit svou digit\u00e1ln\u00ed image.<\/p>\n<h3>V\u00fdhody n\u00e1kupu lajk\u016f na Twitteru<\/h3>\n<ul>\n<li>\ud83d\udcc8 Okam\u017eit\u00e9 zv\u00fd\u0161en\u00ed interakce<\/li>\n<li>\ud83d\ude80 V\u011bt\u0161\u00ed viditelnost va\u0161ich d\u016fle\u017eit\u00fdch tweet\u016f<\/li>\n<li>\ud83d\udcac Zlep\u0161ete vn\u00edm\u00e1n\u00ed sv\u00e9ho obsahu v o\u010d\u00edch ostatn\u00edch u\u017eivatel\u016f.<\/li>\n<li>\ud83c\udfaf Posilte svou autoritu na platform\u011b<\/li>\n<li>\ud83d\udd12 Bezpe\u010dn\u00e9 doru\u010den\u00ed bez ohro\u017een\u00ed va\u0161eho \u00fa\u010dtu<\/li>\n<\/ul>\n<p class=\"translation-block\">Tato slu\u017eba je u\u017eite\u010dn\u00e1 jak pro jednotliv\u00e9 u\u017eivatele, tak pro zna\u010dky, tv\u016frce obsahu, influencery nebo firmy. Pokud uv\u00e1d\u00edte na trh d\u016fle\u017eitou zpr\u00e1vu, n\u011bco propagujete nebo prost\u011b chcete zlep\u0161it aktivitu sv\u00e9ho \u00fa\u010dtu, <strong>koupit lajky na Twitteru<\/strong> je p\u0159\u00edm\u00fd a \u00fa\u010dinn\u00fd n\u00e1stroj.<\/p>\n<p>Pokud va\u0161e p\u0159\u00edsp\u011bvky trvale sb\u00edraj\u00ed lajky, je pravd\u011bpodobn\u011bj\u0161\u00ed, \u017ee nov\u00ed u\u017eivatel\u00e9 budou va\u0161emu obsahu d\u016fv\u011b\u0159ovat. T\u00edm se zvy\u0161uje \u010das, kter\u00fd str\u00e1v\u00ed na va\u0161em profilu, pravd\u011bpodobnost, \u017ee v\u00e1s budou sledovat, a celkov\u00e1 anga\u017eovanost.<\/p>\n<p class=\"translation-block\"><strong>Koup\u00ed lajk\u016f na Twitteru<\/strong> si nezlep\u0161\u00edte jen sv\u00e9 statistiky: zlep\u0161\u00edte celkov\u00e9 vn\u00edm\u00e1n\u00ed, kter\u00e9 o v\u00e1s nebo va\u0161\u00ed zna\u010dce maj\u00ed ostatn\u00ed.<\/p>\n<h2>Je bezpe\u010dn\u00e9 kupovat lajky na Twitteru?<\/h2>\n<p>Ano, zcela. Ne\u017e\u00e1d\u00e1me o hesla ani o p\u0159\u00edstup k va\u0161emu \u00fa\u010dtu. Pot\u0159ebujeme pouze odkaz na tweet, kter\u00fd chcete zv\u00fd\u0161it.<\/p>\n<p class=\"translation-block\">Na\u0161e slu\u017eby jsou optimalizov\u00e1ny tak, aby byly bezpe\u010dn\u00e9, diskr\u00e9tn\u00ed a efektivn\u00ed. Tis\u00edce u\u017eivatel\u016f s n\u00e1mi zlep\u0161ily viditelnost sv\u00fdch tweet\u016f bez jak\u00e9hokoli rizika. <strong>Koup\u011b lajk\u016f na Twitteru<\/strong> je strategick\u00e9 rozhodnut\u00ed a u n\u00e1s to m\u016f\u017eete ud\u011blat s jistotou.<\/p>\n<h3>Kdo m\u016f\u017ee tuto slu\u017ebu vyu\u017e\u00edt?<\/h3>\n<p>Ka\u017ed\u00fd \u00fa\u010det, kter\u00fd chce zlep\u0161it svou p\u0159\u00edtomnost na Twitteru. Od podnikatel\u016f, p\u0159es um\u011blce, zna\u010dky a\u017e po jednotliv\u00e9 u\u017eivatele. Pokud chcete, aby va\u0161e p\u0159\u00edsp\u011bvky m\u011bly v\u011bt\u0161\u00ed dosah a vypadaly siln\u011bji, je tato slu\u017eba ur\u010dena pr\u00e1v\u011b v\u00e1m.<\/p>\n<ul>\n<li>\ud83d\udce2 \u00da\u010dty, kter\u00e9 cht\u011bj\u00ed pos\u00edlit kl\u00ed\u010dov\u00e9 sd\u011blen\u00ed.<\/li>\n<li>\ud83d\udcc8 Zna\u010dky hledaj\u00ed interakci p\u0159i uveden\u00ed na trh<\/li>\n<li>\ud83c\udfa4 Tv\u016frci sd\u00edlej\u00ed vir\u00e1ln\u00ed obsah<\/li>\n<li>\ud83e\udde0 Odborn\u00edci nebo kou\u010dov\u00e9, kte\u0159\u00ed publikuj\u00ed vzd\u011bl\u00e1vac\u00ed obsah.<\/li>\n<li>\ud83d\udcf2 Osobn\u00ed u\u017eivatel\u00e9, kte\u0159\u00ed cht\u011bj\u00ed vyniknout<\/li>\n<\/ul>\n<h2>Jak to funguje?<\/h2>\n<p>Sta\u010d\u00ed si vybrat bal\u00ed\u010dek lajk\u016f, kter\u00fd nejl\u00e9pe odpov\u00edd\u00e1 va\u0161im c\u00edl\u016fm, poskytnout n\u00e1m odkaz na tweet a prov\u00e9st platbu. O zbytek se postar\u00e1me my. Uvid\u00edte, jak va\u0161e publikace za\u010dne b\u011bhem okam\u017eiku z\u00edsk\u00e1vat interakce.<\/p>\n<p class=\"translation-block\">Pokud chcete ucelen\u011bj\u0161\u00ed strategii, m\u016f\u017eete tuto slu\u017ebu zkombinovat s <a href=\"https:\/\/doymedia.com\/cs\/koupit-twitter-nasledovniky\/\" target=\"_self\"><strong>n\u00e1kupem sleduj\u00edc\u00edch na Twitteru<\/strong><\/a> nebo s <a href=\"https:\/\/doymedia.com\/cs\/nakup-hlasu-na-twitteru\/\" target=\"_self\"><strong>n\u00e1kupem hlas\u016f na Twitteru<\/strong><\/a> a zlep\u0161it tak sv\u016fj profil glob\u00e1ln\u011b a ucelen\u011b.<\/p>\n<p class=\"translation-block\">Nezapome\u0148te, \u017ee v soci\u00e1ln\u00edch s\u00edt\u00edch je kl\u00ed\u010dov\u00e9 vizu\u00e1ln\u00ed vn\u00edm\u00e1n\u00ed. P\u0159\u00edsp\u011bvek s des\u00edtkami nebo stovkami lajk\u016f vynik\u00e1 nad ostatn\u00edmi a st\u00e1v\u00e1 se atraktivn\u011bj\u0161\u00edm je\u0161t\u011b p\u0159edt\u00edm, ne\u017e si ho p\u0159e\u010dtete. Tento prvn\u00ed dojem rozhoduje o v\u0161em. Proto je <strong>n\u00e1kup lajk\u016f na Twitteru<\/strong> tak\u00e9 n\u00e1strojem budov\u00e1n\u00ed zna\u010dky a emocion\u00e1ln\u00edho positioningu.<\/p>\n<h2>Dejte sv\u00fdm tweet\u016fm vyniknout<\/h2>\n<p class=\"translation-block\">Nedovolte, aby se va\u0161e p\u0159\u00edsp\u011bvky ztratily mezi tis\u00edci tweety. Pomoc\u00ed <strong>koup\u011b lajk\u016f na Twitteru<\/strong> m\u016f\u017eete zv\u00fd\u0161it svou viditelnost, vyvolat interakci a zlep\u0161it svou pozici na s\u00edti. Vyu\u017eijte s\u00edlu zapojen\u00ed a zajist\u011bte, aby va\u0161e zpr\u00e1vy dos\u00e1hly d\u00e1l.<\/p>\n<\/div><\/div><\/div><\/div><\/div><\/div><\/div><\/section>","protected":false},"excerpt":{"rendered":"Na Twitteru jsou lajky mnohem v\u00edc ne\u017e jen reakce. P\u0159edstavuj\u00ed podporu, potvrzen\u00ed a d\u016fle\u017eitost. Kdy\u017e tweet nasb\u00edr\u00e1 mnoho lajk\u016f, z\u00edsk\u00e1v\u00e1 na viditelnosti, d\u016fv\u011bryhodnosti a je pravd\u011bpodobn\u011bj\u0161\u00ed, \u017ee se bude rychle \u0161\u00ed\u0159it. Proto je n\u00e1kup lajk\u016f na Twitteru \u00fa\u010dinnou strategi\u00ed, jak zlep\u0161it v\u00fdkon va\u0161ich publikac\u00ed a zv\u00fd\u0161it va\u0161i p\u0159\u00edtomnost na t\u00e9to soci\u00e1ln\u00ed s\u00edti......","protected":false},"featured_media":318,"comment_status":"open","ping_status":"closed","template":"","meta":{"_acf_changed":false},"product_brand":[],"product_cat":[19],"product_tag":[],"class_list":{"0":"post-838","1":"product","2":"type-product","3":"status-publish","4":"has-post-thumbnail","6":"product_cat-twitter","7":"wcpa_has_options","9":"first","10":"instock","11":"sale","12":"shipping-taxable","13":"purchasable","14":"product-type-variable","15":"has-default-attributes"},"acf":[],"wcpa_form_fields":{"wcpaData":{"product":{"product_price":3.99,"price_html":"","original_product_price":3.99,"price_including_tax":3.99,"price_excluding_tax":3.99,"product_id":{"parent":838,"variation":false},"is_variable":true,"stock_status":"instock","stock_quantity":null,"parent_sku":"","product_attributes":{"cantidad":{"is_variation":true,"values":[]}},"custom_fields":[],"is_taxable":false,"product_name":"Comprar Likes Twitter","hasImage":false},"fields":{"sec_467faa76f019fe":{"extra":{"key":"sec_467faa76f019fe","section_id":"sec_467faa76f019fe","name":"Por defecto","status":1,"toggle":true,"form_id":1069,"form_rules":{"exclude_from_discount":false,"fee_label":"Extras","disp_hide_options_price":false,"disp_show_section_price":false,"disp_show_field_price":false,"layout_option":"standard","pric_use_as_fee":false,"process_fee_as":"woo_fee"},"layout_option":"standard"},"fields":[[{"active":true,"col":5,"relations":false,"cl_rule":"show","enableCl":false,"price":"","enablePrice":false,"className":"","type":"text","subtype":"text","required":true,"elementId":"text_767faa76f01a1a","label":"Enlace de la Publicaci\u00f3n de Twitter","name":"text_767faa76f01a1a","value":"","error":false,"placeholder":"Ejemplo: https:\/\/x.com\/NASA\/status\/1911109060553847169","enableDesign":false,"LabelSize":"16px","gt_translate_keys":["label","placeholder","value"],"price_dependency":false,"cl_dependency":false}]]}},"config":{"price_override":"","enable_recaptcha":false,"bind_quantity":false,"quantity_bind_formula":false,"disp_summ_show_option_price":false,"disp_summ_show_product_price":false,"disp_summ_show_total_price":false,"disp_summ_show_fee":false,"disp_summ_show_discount":false,"summary_title":"","options_total_label":"Extras","total_label":"Total","options_product_label":"Produto","fee_label":"Extras","discount_label":"Desconto","has_price":true,"has_quantity_formula":false},"mc_unit":1,"tax_rate":1,"tax_rate_real":1,"discount":{"percentage":0,"fixed":0},"design":{"conf":{"LabelPosition":"above","DescPosition":"above","UploadField":"custom_1","QuantityFieldStyle":"default"},"css":{"LeftLabelWidth":"120px"}},"formulas":[],"clones":false,"cartKey":false}},"_links":{"self":[{"href":"https:\/\/doymedia.com\/cs\/wp-json\/wp\/v2\/product\/838","targetHints":{"allow":["GET"]}}],"collection":[{"href":"https:\/\/doymedia.com\/cs\/wp-json\/wp\/v2\/product"}],"about":[{"href":"https:\/\/doymedia.com\/cs\/wp-json\/wp\/v2\/types\/product"}],"replies":[{"embeddable":true,"href":"https:\/\/doymedia.com\/cs\/wp-json\/wp\/v2\/comments?post=838"}],"wp:featuredmedia":[{"embeddable":true,"href":"https:\/\/doymedia.com\/cs\/wp-json\/wp\/v2\/media\/318"}],"wp:attachment":[{"href":"https:\/\/doymedia.com\/cs\/wp-json\/wp\/v2\/media?parent=838"}],"wp:term":[{"taxonomy":"product_brand","embeddable":true,"href":"https:\/\/doymedia.com\/cs\/wp-json\/wp\/v2\/product_brand?post=838"},{"taxonomy":"product_cat","embeddable":true,"href":"https:\/\/doymedia.com\/cs\/wp-json\/wp\/v2\/product_cat?post=838"},{"taxonomy":"product_tag","embeddable":true,"href":"https:\/\/doymedia.com\/cs\/wp-json\/wp\/v2\/product_tag?post=838"}],"curies":[{"name":"wp","href":"https:\/\/api.w.org\/{rel}","templated":true}]}}