{"id":87,"date":"2025-03-27T01:32:40","date_gmt":"2025-03-27T00:32:40","guid":{"rendered":"https:\/\/v2.doymedia.com\/?post_type=product&#038;p=87"},"modified":"2025-07-16T21:42:55","modified_gmt":"2025-07-16T19:42:55","slug":"koupit-facebook-fanousky","status":"publish","type":"product","link":"https:\/\/doymedia.com\/cs\/comprar-fans-facebook\/","title":{"rendered":"Koupit fanou\u0161ky na Facebooku"},"content":{"rendered":"<section class=\"l-section wpb_row height_medium\"><div class=\"l-section-h i-cf\"><div class=\"g-cols vc_row via_flex valign_top type_default stacking_default\"><div class=\"vc_col-sm-12 wpb_column vc_column_container\"><div class=\"vc_column-inner\"><div class=\"wpb_wrapper\"><div class=\"wpb_text_column\"><div class=\"wpb_wrapper\"><p class=\"translation-block\">Pokud hled\u00e1te skute\u010dn\u00fd a efektivn\u00ed zp\u016fsob, jak zv\u00fd\u0161it svou digit\u00e1ln\u00ed p\u0159\u00edtomnost, <strong>koup\u011b fanou\u0161k\u016f na Facebooku<\/strong> a <strong>koup\u011b sleduj\u00edc\u00edch na Facebooku<\/strong> m\u016f\u017ee hned od za\u010d\u00e1tku znamenat rozd\u00edl. A\u0165 u\u017e spravujete osobn\u00ed str\u00e1nku, zna\u010dku, firmu nebo um\u011bleck\u00fd projekt, sleduj\u00edc\u00ed jsou z\u00e1kladn\u00ed sou\u010d\u00e1st\u00ed va\u0161eho <a href=\"https:\/\/www.comprar-seguidores.info\/backlinks\/\" target=\"_blank\" rel=\"noopener\">pozicov\u00e1n\u00ed na soci\u00e1ln\u00edch s\u00edt\u00edch<\/a>.<\/p>\n<p class=\"translation-block\">Facebook z\u016fst\u00e1v\u00e1 jednou z nejvlivn\u011bj\u0161\u00edch platforem na sv\u011bt\u011b. Aktivn\u00ed str\u00e1nka se silnou komunitou je kl\u00ed\u010dem k budov\u00e1n\u00ed d\u016fv\u011bry, lep\u0161\u00edmu zviditeln\u011bn\u00ed a z\u00edsk\u00e1v\u00e1n\u00ed nov\u00fdch p\u0159\u00edle\u017eitost\u00ed. A pokud pr\u00e1v\u011b za\u010d\u00edn\u00e1te nebo chcete urychlit sv\u016fj r\u016fst, m\u016f\u017eete <strong>koupit Facebook followers<\/strong> nebo <strong>koupit Facebook fans<\/strong> s naprost\u00fdm zabezpe\u010den\u00edm, transparentnost\u00ed a bez rizika pro v\u00e1\u0161 \u00fa\u010det.<\/p>\n<h2>Pro\u010d je n\u00e1kup n\u00e1sledovn\u00edk\u016f na Facebooku chytr\u00e1 strategie?<\/h2>\n<p class=\"translation-block\">Po\u010det sleduj\u00edc\u00edch na soci\u00e1ln\u00edch s\u00edt\u00edch dnes p\u0159\u00edmo ovliv\u0148uje to, jak v\u00e1s ostatn\u00ed vn\u00edmaj\u00ed. Str\u00e1nka s mal\u00fdm po\u010dtem fanou\u0161k\u016f m\u016f\u017ee p\u016fsobit neaktivn\u011b nebo bezv\u00fdznamn\u011b, zat\u00edmco str\u00e1nka s velkou komunitou vyjad\u0159uje autoritu, popularitu a profesionalitu. <strong>Koup\u00ed fanou\u0161k\u016f na Facebooku,<\/strong> vytv\u00e1\u0159\u00edte siln\u00fd dojem ji\u017e na prvn\u00ed pohled.<\/p>\n<p class=\"translation-block\">Kdy\u017e se rozhodnete <strong>koupit sleduj\u00edc\u00ed na Facebooku,<\/strong> zv\u00fd\u0161\u00edte tak\u00e9 sv\u00e9 \u0161ance, \u017ee v\u00e1s ostatn\u00ed u\u017eivatel\u00e9 budou sledovat organicky. Lid\u00e9 maj\u00ed tendenci sledovat str\u00e1nky, kter\u00e9 ji\u017e maj\u00ed ur\u010ditou \u00farove\u0148 popularity, a to vytv\u00e1\u0159\u00ed pozitivn\u00ed vlnov\u00fd efekt pro v\u00e1\u0161 r\u016fst. Je to chytr\u00fd zp\u016fsob, jak vyniknout ve st\u00e1le konkuren\u010dn\u011bj\u0161\u00edm prost\u0159ed\u00ed.<\/p>\n<h3>Co m\u016f\u017eete o\u010dek\u00e1vat p\u0159i n\u00e1kupu fanou\u0161k\u016f na Facebooku?<\/h3>\n<ul>\n<li>\ud83d\ude80 <strong>Okam\u017eit\u00fd r\u016fst:<\/strong>\u00a0objedn\u00e1vky jsou aktivov\u00e1ny kr\u00e1tce po zakoupen\u00ed a postupn\u011b doru\u010dov\u00e1ny, aby byla zachov\u00e1na p\u0159irozenost a bezpe\u010dnost.<\/li>\n<li>\ud83d\udd10 <strong>Proces 100% je bezpe\u010dn\u00fd:<\/strong>\u00a0Nikdy v\u00e1s ne\u017e\u00e1d\u00e1me o heslo nebo citliv\u00e9 \u00fadaje. Ke zpracov\u00e1n\u00ed objedn\u00e1vky pot\u0159ebujeme pouze odkaz na va\u0161e webov\u00e9 str\u00e1nky.<\/li>\n<li>\ud83d\udcc8 <strong>Zlep\u0161en\u00ed image a pov\u011bsti:<\/strong>\u00a0Pevn\u00e1 z\u00e1kladna sleduj\u00edc\u00edch zvy\u0161uje d\u016fv\u011bryhodnost va\u0161\u00ed zna\u010dky nebo osobn\u00edho profilu.<\/li>\n<li>\ud83d\udcac <strong>Specializovan\u00e1 podpora:<\/strong>\u00a0pokud m\u00e1te jak\u00e9koli dotazy nebo pot\u0159ebujete pomoc, n\u00e1\u0161 t\u00fdm je v\u00e1m kdykoli k dispozici.<\/li>\n<li>\ud83d\udca1 <strong>Celkov\u00e1 flexibilita:<\/strong>\u00a0zvolte si po\u010det fanou\u0161k\u016f nebo sleduj\u00edc\u00edch, kter\u00fd nejl\u00e9pe vyhovuje va\u0161emu c\u00edli a rozpo\u010dtu.<\/li>\n<\/ul>\n<h3>\u010c\u00edm se na\u0161e slu\u017eby li\u0161\u00ed?<\/h3>\n<p class=\"translation-block\">Na trhu pln\u00e9m plan\u00fdch slib\u016f se zam\u011b\u0159ujeme na transparentnost, dodr\u017eov\u00e1n\u00ed p\u0159edpis\u016f a z\u00e1kaznickou zku\u0161enost. <strong>Koup\u00ed sleduj\u00edc\u00edch na Facebooku<\/strong> nebo <strong>koup\u00ed fanou\u0161k\u016f na Facebooku<\/strong> u n\u00e1s dostanete to, co v\u00e1m sl\u00edb\u00edme, bez skryt\u00fdch rizik a pochybn\u00fdch praktik.<\/p>\n<p>V\u0161echny objedn\u00e1vky jsou monitorov\u00e1ny na\u0161\u00edm t\u00fdmem a doru\u010dov\u00e1ny bezpe\u010dn\u00fdmi a testovan\u00fdmi metodami. Nepou\u017e\u00edv\u00e1me roboty ani syst\u00e9my, kter\u00e9 by mohly negativn\u011b ovlivnit v\u00e1\u0161 \u00fa\u010det. Krom\u011b toho nab\u00edz\u00edme r\u016fzn\u00e9 typy bal\u00ed\u010dk\u016f, kter\u00e9 vyhovuj\u00ed nov\u00fdm i zaveden\u00fdm \u00fa\u010dt\u016fm.<\/p>\n<h3>Kdo m\u016f\u017ee m\u00edt prosp\u011bch z n\u00e1kupu fanou\u0161k\u016f na Facebooku?<\/h3>\n<p>Tato slu\u017eba je ur\u010dena pro <strong>v\u0161echny typy profil\u016f:<\/strong><\/p>\n<ul>\n<li>\ud83d\udce3 M\u00edstn\u00ed podniky, kter\u00e9 se cht\u011bj\u00ed v\u00edce zviditelnit<\/li>\n<li>\ud83c\udfa4 Um\u011blci a hudebn\u00edci, kte\u0159\u00ed cht\u011bj\u00ed propagovat svou pr\u00e1ci.<\/li>\n<li>\ud83d\udcf8 Tv\u016frci obsahu, kte\u0159\u00ed cht\u011bj\u00ed urychlit sv\u016fj r\u016fst.<\/li>\n<li>\ud83d\udcbc Profesion\u00e1lov\u00e9 nebo osobn\u00ed zna\u010dky, kte\u0159\u00ed cht\u011bj\u00ed z\u00edskat autoritu.<\/li>\n<li>\ud83d\udecd\ufe0f Internetov\u00e9 obchody, kter\u00e9 cht\u011bj\u00ed pos\u00edlit svou p\u0159\u00edtomnost na soci\u00e1ln\u00edch s\u00edt\u00edch.<\/li>\n<\/ul>\n<h3>Za\u010dn\u011bte rozv\u00edjet sv\u00e9 webov\u00e9 str\u00e1nky je\u0161t\u011b dnes<\/h3>\n<p class=\"translation-block\">Tis\u00edce u\u017eivatel\u016f n\u00e1m ji\u017e d\u016fv\u011b\u0159ovalo p\u0159i <strong>n\u00e1kupu fanou\u0161k\u016f na Facebooku<\/strong> a <strong>n\u00e1kupu sleduj\u00edc\u00edch na Facebooku.<\/strong> Pokud chcete viditeln\u00e9 v\u00fdsledky bez komplikac\u00ed, jste na spr\u00e1vn\u00e9m m\u00edst\u011b. Vyberte si sv\u016fj bal\u00ed\u010dek, objednejte v n\u011bkolika jednoduch\u00fdch kroc\u00edch a za\u010dn\u011bte sledovat, jak se va\u0161e <a href=\"https:\/\/doymedia.com\/cs\/facebook\/\" target=\"_self\">Facebookov\u00e1<\/a> komunita rozr\u016fst\u00e1 je\u0161t\u011b dnes.<\/p>\n<p>Nez\u00e1le\u017e\u00ed na tom, jestli teprve za\u010d\u00edn\u00e1te, nebo u\u017e m\u00e1te pevn\u00e9 z\u00e1klady. N\u00e1kup sleduj\u00edc\u00edch na Facebooku v\u00e1m umo\u017en\u00ed posunout se rychleji, j\u00edt d\u00e1l a um\u00edstit se tam, kde skute\u010dn\u011b chcete b\u00fdt.<\/p>\n<p>Spolehn\u011bte se na bezpe\u010dnou platformu se skute\u010dn\u00fdmi zku\u0161enostmi a podporou. Vyberte si sv\u016fj bal\u00ed\u010dek nyn\u00ed a zvy\u0161te sv\u016fj r\u016fst na Facebooku jednoduch\u00fdm, bezpe\u010dn\u00fdm a efektivn\u00edm zp\u016fsobem.<\/p>\n<\/div><\/div><\/div><\/div><\/div><\/div><\/div><\/section>","protected":false},"excerpt":{"rendered":"Pokud hled\u00e1te skute\u010dn\u00fd a efektivn\u00ed zp\u016fsob, jak zv\u00fd\u0161it svou digit\u00e1ln\u00ed p\u0159\u00edtomnost, n\u00e1kup fanou\u0161k\u016f a sleduj\u00edc\u00edch na Facebooku m\u016f\u017ee m\u00edt hned od za\u010d\u00e1tku velk\u00fd v\u00fdznam. A\u0165 u\u017e spravujete osobn\u00ed str\u00e1nku, zna\u010dku, firmu nebo um\u011bleck\u00fd projekt, sleduj\u00edc\u00ed jsou z\u00e1kladn\u00ed sou\u010d\u00e1st\u00ed va\u0161eho um\u00edst\u011bn\u00ed na soci\u00e1ln\u00edch m\u00e9di\u00edch.....","protected":false},"featured_media":316,"comment_status":"open","ping_status":"closed","template":"","meta":{"_acf_changed":false},"product_brand":[],"product_cat":[20],"product_tag":[],"class_list":{"0":"post-87","1":"product","2":"type-product","3":"status-publish","4":"has-post-thumbnail","6":"product_cat-facebook","7":"wcpa_has_options","9":"first","10":"instock","11":"sale","12":"shipping-taxable","13":"purchasable","14":"product-type-variable","15":"has-default-attributes"},"acf":[],"wcpa_form_fields":{"wcpaData":{"product":{"product_price":3.99,"price_html":"","original_product_price":3.99,"price_including_tax":3.99,"price_excluding_tax":3.99,"product_id":{"parent":87,"variation":false},"is_variable":true,"stock_status":"instock","stock_quantity":null,"parent_sku":"259","product_attributes":{"cantidad":{"is_variation":true,"values":[]}},"custom_fields":[],"is_taxable":false,"product_name":"Comprar Fans Facebook","hasImage":false},"fields":{"sec_567faa539f234b":{"extra":{"key":"sec_567faa539f234b","section_id":"sec_567faa539f234b","name":"Por defecto","status":1,"toggle":true,"form_id":1064,"form_rules":{"exclude_from_discount":false,"fee_label":"Extras","disp_hide_options_price":false,"disp_show_section_price":false,"disp_show_field_price":false,"layout_option":"standard","pric_use_as_fee":false,"process_fee_as":"woo_fee"},"layout_option":"standard"},"fields":[[{"active":true,"col":5,"relations":false,"cl_rule":"show","enableCl":false,"price":"","enablePrice":false,"className":"","type":"text","subtype":"text","required":true,"elementId":"text_967faa539f2365","label":"Enlace a la Fanpage","name":"text_967faa539f2365","value":"","error":false,"placeholder":"Ejemplo: https:\/\/www.facebook.com\/mrbeast","enableDesign":false,"LabelSize":"16px","gt_translate_keys":["label","placeholder","value"],"price_dependency":false,"cl_dependency":false}]]}},"config":{"price_override":"","enable_recaptcha":false,"bind_quantity":false,"quantity_bind_formula":false,"disp_summ_show_option_price":false,"disp_summ_show_product_price":false,"disp_summ_show_total_price":false,"disp_summ_show_fee":false,"disp_summ_show_discount":false,"summary_title":"","options_total_label":"Extras","total_label":"Total","options_product_label":"Produs","fee_label":"Extras","discount_label":"Descuento","has_price":true,"has_quantity_formula":false},"mc_unit":1,"tax_rate":1,"tax_rate_real":1,"discount":{"percentage":0,"fixed":0},"design":{"conf":{"LabelPosition":"above","DescPosition":"above","UploadField":"custom_1","QuantityFieldStyle":"default"},"css":{"LeftLabelWidth":"120px"}},"formulas":[],"clones":false,"cartKey":false}},"_links":{"self":[{"href":"https:\/\/doymedia.com\/cs\/wp-json\/wp\/v2\/product\/87","targetHints":{"allow":["GET"]}}],"collection":[{"href":"https:\/\/doymedia.com\/cs\/wp-json\/wp\/v2\/product"}],"about":[{"href":"https:\/\/doymedia.com\/cs\/wp-json\/wp\/v2\/types\/product"}],"replies":[{"embeddable":true,"href":"https:\/\/doymedia.com\/cs\/wp-json\/wp\/v2\/comments?post=87"}],"wp:featuredmedia":[{"embeddable":true,"href":"https:\/\/doymedia.com\/cs\/wp-json\/wp\/v2\/media\/316"}],"wp:attachment":[{"href":"https:\/\/doymedia.com\/cs\/wp-json\/wp\/v2\/media?parent=87"}],"wp:term":[{"taxonomy":"product_brand","embeddable":true,"href":"https:\/\/doymedia.com\/cs\/wp-json\/wp\/v2\/product_brand?post=87"},{"taxonomy":"product_cat","embeddable":true,"href":"https:\/\/doymedia.com\/cs\/wp-json\/wp\/v2\/product_cat?post=87"},{"taxonomy":"product_tag","embeddable":true,"href":"https:\/\/doymedia.com\/cs\/wp-json\/wp\/v2\/product_tag?post=87"}],"curies":[{"name":"wp","href":"https:\/\/api.w.org\/{rel}","templated":true}]}}