{"id":88,"date":"2025-03-27T01:32:40","date_gmt":"2025-03-27T00:32:40","guid":{"rendered":"https:\/\/v2.doymedia.com\/?post_type=product&#038;p=88"},"modified":"2025-07-16T21:42:45","modified_gmt":"2025-07-16T19:42:45","slug":"koupit-facebook-rad","status":"publish","type":"product","link":"https:\/\/doymedia.com\/cs\/comprar-likes-facebook\/","title":{"rendered":"Koupit Facebook Likes"},"content":{"rendered":"<section class=\"l-section wpb_row height_medium\"><div class=\"l-section-h i-cf\"><div class=\"g-cols vc_row via_flex valign_top type_default stacking_default\"><div class=\"vc_col-sm-12 wpb_column vc_column_container\"><div class=\"vc_column-inner\"><div class=\"wpb_wrapper\"><div class=\"wpb_text_column\"><div class=\"wpb_wrapper\"><p class=\"translation-block\">V prost\u0159ed\u00ed, kde ka\u017ed\u00fd p\u0159\u00edsp\u011bvek soupe\u0159\u00ed o pozornost, nen\u00ed vyniknut\u00ed na <a href=\"https:\/\/doymedia.com\/cs\/facebook\/\" target=\"_blank\" rel=\"noopener\">Facebooku<\/a> jen ot\u00e1zkou \u0161t\u011bst\u00ed. Pokud jste vytvo\u0159ili hodnotn\u00fd obsah, ale nedost\u00e1v\u00e1 se v\u00e1m uzn\u00e1n\u00ed, kter\u00e9 si zaslou\u017e\u00ed, je \u010das jednat. <strong>Koup\u011b lajk\u016f na Facebooku<\/strong> je \u00fa\u010dinn\u00e9, bezpe\u010dn\u00e9 a rychl\u00e9 \u0159e\u0161en\u00ed, jak zv\u00fd\u0161it viditelnost sv\u00fdch p\u0159\u00edsp\u011bvk\u016f a pos\u00edlit image sv\u00e9 str\u00e1nky.<\/p>\n<p class=\"translation-block\">L\u00edb\u00ed se mi to je kl\u00ed\u010dov\u00fd ukazatel v soci\u00e1ln\u00edch m\u00e9di\u00edch. Vyjad\u0159uj\u00ed relevanci, popularitu a vytv\u00e1\u0159ej\u00ed pozitivn\u00ed vn\u00edm\u00e1n\u00ed, kter\u00e9 ovliv\u0148uje to, jak ostatn\u00ed vn\u00edmaj\u00ed v\u00e1\u0161 obsah. Kdy\u017e m\u00e1 p\u0159\u00edsp\u011bvek dostate\u010dn\u00fd po\u010det lajk\u016f, st\u00e1v\u00e1 se atraktivn\u011bj\u0161\u00edm, je v\u00edce sd\u00edlen a v mnoha p\u0159\u00edpadech z\u00edsk\u00e1v\u00e1 d\u00edky algoritmu platformy organick\u00fd dosah. Proto se <strong>n\u00e1kup lajk\u016f na Facebooku<\/strong> stal \u00fa\u010dinnou strategi\u00ed, jak bez komplikac\u00ed vyniknout.<\/p>\n<h2>Pro\u010d se rozhodnout koupit Facebook likes?<\/h2>\n<p class=\"translation-block\">Rozhodnete-li se pro <strong>koupi lajk\u016f na Facebooku<\/strong>, m\u016f\u017eete urychlit sv\u016fj r\u016fst, ani\u017e byste se museli spol\u00e9hat v\u00fdhradn\u011b na placen\u00e9 kampan\u011b nebo \u010dekat t\u00fddny na v\u00fdsledky. Je to zp\u016fsob, jak podpo\u0159it sv\u016fj obsah a vytvo\u0159it si hned od za\u010d\u00e1tku silnou image.<\/p>\n<p class=\"translation-block\">Facebook si cen\u00ed interakce. P\u0159\u00edsp\u011bvek, kter\u00fd z\u00edsk\u00e1 hodn\u011b lajk\u016f, je pova\u017eov\u00e1n za relevantn\u011bj\u0161\u00ed, co\u017e zvy\u0161uje jeho \u0161ance, \u017ee se objev\u00ed na v\u00edce zdech, oslov\u00ed nov\u00e9 u\u017eivatele a z\u016fstane d\u00e9le aktivn\u00ed. Pokud chcete, aby va\u0161e p\u0159\u00edsp\u011bvky m\u011bly v\u011bt\u0161\u00ed dopad, <strong>koupen\u00ed lajk\u016f na Facebooku<\/strong> je strategick\u00fd n\u00e1stroj, kter\u00fd funguje.<\/p>\n<h3>V\u00fdhody n\u00e1kupu lajk\u016f na Facebooku<\/h3>\n<ul>\n<li>\ud83d\udcc8 Zv\u00fd\u0161en\u00ed viditelnosti va\u0161ich publikac\u00ed<\/li>\n<li>\ud83d\udc4d Zlep\u0161ete vn\u00edm\u00e1n\u00ed va\u0161eho obsahu a va\u0161\u00ed zna\u010dky ve\u0159ejnost\u00ed.<\/li>\n<li>\ud83d\udd01 V\u011bt\u0161\u00ed pravd\u011bpodobnost sd\u00edlen\u00ed a vir\u00e1ln\u00edho \u0161\u00ed\u0159en\u00ed<\/li>\n<li>\ud83d\udcbc Pokud prod\u00e1v\u00e1te produkty nebo slu\u017eby, posilte svou autoritu.<\/li>\n<li>\ud83d\udd12 Bezpe\u010dn\u00e9 doru\u010den\u00ed bez ohro\u017een\u00ed va\u0161eho \u00fa\u010dtu<\/li>\n<\/ul>\n<p class=\"translation-block\">Nav\u00edc si <strong>n\u00e1kupem lajk\u016f na Facebooku<\/strong> z profesion\u00e1ln\u00ed platformy m\u016f\u017eete zvolit p\u0159esn\u00e9 mno\u017estv\u00ed, kter\u00e9 chcete, p\u0159izp\u016fsobit je sv\u00e9mu rozpo\u010dtu a kontrolovat tempo r\u016fstu p\u0159\u00edsp\u011bvk\u016f bez z\u00e1vislosti na vn\u011bj\u0161\u00edch faktorech.<\/p>\n<h3>Je bezpe\u010dn\u00e9 kupovat lajky na Facebooku?<\/h3>\n<p>Rozhodn\u011b. Na na\u0161\u00ed platform\u011b nikdy nepo\u017eadujeme va\u0161e heslo ani p\u0159\u00edstup k va\u0161emu \u00fa\u010dtu. Sta\u010d\u00ed pouze sd\u00edlet odkaz na p\u0159\u00edsp\u011bvek, u kter\u00e9ho chcete z\u00edskat lajky. V\u0161echny na\u0161e metody jsou optimalizov\u00e1ny tak, aby spl\u0148ovaly bezpe\u010dnostn\u00ed standardy, a doru\u010duj\u00ed lajky postupn\u011b, aby byl proces p\u0159irozen\u00fd.<\/p>\n<p class=\"translation-block\">Zam\u011b\u0159ujeme se na z\u00e1kaznickou zku\u0161enost, ochranu va\u0161eho \u00fa\u010dtu a zaru\u010den\u00ed v\u00fdsledk\u016f. <strong>Koup\u011b lajk\u016f na Facebooku<\/strong> prob\u00edh\u00e1 diskr\u00e9tn\u011b a spolehliv\u011b, ani\u017e by byla ovlivn\u011bna pov\u011bst va\u0161eho profilu nebo ohro\u017een v\u00e1\u0161 obsah.<\/p>\n<h3>Kdo m\u016f\u017ee tuto slu\u017ebu vyu\u017e\u00edt?<\/h3>\n<p class=\"translation-block\">Tato slu\u017eba je ur\u010dena pro v\u0161echny osoby nebo projekty, kter\u00e9 cht\u011bj\u00ed zlep\u0161it svou p\u0159\u00edtomnost na Facebooku. Nemus\u00edte m\u00edt tis\u00edce sleduj\u00edc\u00edch nebo b\u00fdt ve\u0159ejn\u011b zn\u00e1mou osobou. Pokud chcete sd\u00edlet n\u011bjak\u00e9 sd\u011blen\u00ed, prod\u00e1vat n\u011bjak\u00fd produkt nebo rozv\u00edjet zna\u010dku, <strong>koupit lajky na Facebooku<\/strong> v\u00e1m pom\u016f\u017ee rychleji dos\u00e1hnout va\u0161ich c\u00edl\u016f.<\/p>\n<ul>\n<li>\u2714\ufe0f Podnikatel\u00e9 a zna\u010dky, kter\u00e9 se cht\u011bj\u00ed v\u00edce zviditelnit.<\/li>\n<li>\u2714\ufe0f Um\u011blci, hudebn\u00edci a tv\u016frci, kte\u0159\u00ed hledaj\u00ed dopad.<\/li>\n<li>\u2714\ufe0f M\u00edstn\u00ed podniky, kter\u00e9 cht\u011bj\u00ed p\u0159il\u00e1kat v\u00edce z\u00e1kazn\u00edk\u016f.<\/li>\n<li>\u2714\ufe0f Vlivn\u00e9 osoby, kter\u00e9 pot\u0159ebuj\u00ed pos\u00edlit svou p\u0159\u00edtomnost.<\/li>\n<li>\u2714\ufe0f Ka\u017ed\u00fd, kdo chce vyniknout ve sv\u00e9 komunit\u011b.<\/li>\n<\/ul>\n<h3>Jak to funguje?<\/h3>\n<p>Postup je jednoduch\u00fd. Sta\u010d\u00ed si vybrat po\u010det lajk\u016f, kter\u00e9 chcete pro svou publikaci, a poskytnout n\u00e1m odkaz. Po dokon\u010den\u00ed platby aktivujeme va\u0161i objedn\u00e1vku a postupn\u011b zah\u00e1j\u00edme doru\u010dov\u00e1n\u00ed. V\u00fdsledky uvid\u00edte v kr\u00e1tk\u00e9 dob\u011b a bez dal\u0161\u00edch krok\u016f.<\/p>\n<p>Db\u00e1me na to, aby ka\u017ed\u00e1 objedn\u00e1vka byla zpracov\u00e1na s d\u016frazem na detail a abyste byli spokojeni ji\u017e od prvn\u00edho okam\u017eiku. Nav\u00edc, pokud m\u00e1te jak\u00e9koli dotazy, n\u00e1\u0161 t\u00fdm podpory je v\u00e1m k dispozici p\u0159ed n\u00e1kupem, b\u011bhem n\u011bj i po n\u011bm.<\/p>\n<h2>Roz\u0161i\u0159te svou p\u0159\u00edtomnost je\u0161t\u011b dnes<\/h2>\n<p class=\"translation-block\">Tis\u00edce lid\u00ed ji\u017e tuto slu\u017ebu vyu\u017e\u00edvaj\u00ed k pos\u00edlen\u00ed sv\u00fdch p\u0159\u00edsp\u011bvk\u016f. Pokud chcete, aby i v\u00e1\u0161 obsah m\u011bl dosah, kter\u00fd si zaslou\u017e\u00ed, <strong>koupen\u00ed lajk\u016f na Facebooku<\/strong> je nejefektivn\u011bj\u0161\u00ed zp\u016fsob, jak toho dos\u00e1hnout.<\/p>\n<p class=\"translation-block\">Nenechte sv\u00e9 publikace bez pov\u0161imnut\u00ed. Zajist\u011bte, aby m\u011bly v\u011bt\u0161\u00ed dopad, v\u011bt\u0161\u00ed dosah a v\u011bt\u0161\u00ed anga\u017eovanost. Za\u010dn\u011bte je\u0161t\u011b dnes s <strong>n\u00e1kupem lajk\u016f na Facebooku<\/strong> a posu\u0148te sv\u016fj profil na vy\u0161\u0161\u00ed \u00farove\u0148.<\/p>\n<p class=\"translation-block\">A pokud chcete na sv\u00e9 str\u00e1nce vybudovat silnou komunitu, m\u016f\u017eete tak\u00e9 <strong><a href=\"https:\/\/doymedia.com\/cs\/obchod\/koupit-facebook-fanousky\/\" target=\"_self\">koupit fanou\u0161ky Facebooku<\/a><\/strong>, abyste zv\u00fd\u0161ili po\u010det viditeln\u00fdch p\u0159\u00edznivc\u016f a pos\u00edlili svou p\u0159\u00edtomnost na platform\u011b. Lajky a fanou\u0161ci jsou ide\u00e1ln\u00edm dopl\u0148kem pro siln\u00fd r\u016fst na Facebooku.<\/p>\n<\/div><\/div><\/div><\/div><\/div><\/div><\/div><\/section>","protected":false},"excerpt":{"rendered":"V prost\u0159ed\u00ed, kde ka\u017ed\u00fd p\u0159\u00edsp\u011bvek soupe\u0159\u00ed o pozornost, nen\u00ed vyniknut\u00ed na Facebooku jen ot\u00e1zkou \u0161t\u011bst\u00ed. Pokud jste vytvo\u0159ili hodnotn\u00fd obsah, ale nedost\u00e1v\u00e1 se v\u00e1m zaslou\u017een\u00e9ho uzn\u00e1n\u00ed, je \u010das jednat. N\u00e1kup lajk\u016f na Facebooku je efektivn\u00ed, bezpe\u010dn\u00e9 a rychl\u00e9 \u0159e\u0161en\u00ed, jak zv\u00fd\u0161it viditelnost sv\u00fdch p\u0159\u00edsp\u011bvk\u016f a pos\u00edlit sv\u00e9...","protected":false},"featured_media":316,"comment_status":"open","ping_status":"closed","template":"","meta":{"_acf_changed":false},"product_brand":[],"product_cat":[20],"product_tag":[],"class_list":{"0":"post-88","1":"product","2":"type-product","3":"status-publish","4":"has-post-thumbnail","6":"product_cat-facebook","7":"wcpa_has_options","9":"first","10":"instock","11":"sale","12":"shipping-taxable","13":"purchasable","14":"product-type-variable","15":"has-default-attributes"},"acf":[],"wcpa_form_fields":{"wcpaData":{"product":{"product_price":2.99,"price_html":"","original_product_price":2.99,"price_including_tax":2.99,"price_excluding_tax":2.99,"product_id":{"parent":88,"variation":false},"is_variable":true,"stock_status":"instock","stock_quantity":null,"parent_sku":"","product_attributes":{"cantidad":{"is_variation":true,"values":[]}},"custom_fields":[],"is_taxable":false,"product_name":"Comprar Likes Facebook","hasImage":false},"fields":{"sec_467faa5a29e6c6":{"extra":{"key":"sec_467faa5a29e6c6","section_id":"sec_467faa5a29e6c6","name":"Por defecto","status":1,"toggle":true,"form_id":1065,"form_rules":{"exclude_from_discount":false,"fee_label":"Extras","disp_hide_options_price":false,"disp_show_section_price":false,"disp_show_field_price":false,"layout_option":"standard","pric_use_as_fee":false,"process_fee_as":"woo_fee"},"layout_option":"standard"},"fields":[[{"active":true,"col":5,"relations":false,"cl_rule":"show","enableCl":false,"price":"","enablePrice":false,"className":"","type":"text","subtype":"text","required":true,"elementId":"text_067faa5a29e6e5","label":"Enlace a la Publicaci\u00f3n de Facebook","name":"text_067faa5a29e6e5","value":"","error":false,"placeholder":"Ejemplo: https:\/\/www.facebook.com\/mrbeast\/posts\/pfbid02K3tHdPxVroUK9U3Go5TmGD4ePUADcpQMG2xbi4KWLibRcR1rVvjvMFPy78H5emGxl","enableDesign":false,"LabelSize":"16px","gt_translate_keys":["label","placeholder","value"],"price_dependency":false,"cl_dependency":false}]]}},"config":{"price_override":"","enable_recaptcha":false,"bind_quantity":false,"quantity_bind_formula":false,"disp_summ_show_option_price":false,"disp_summ_show_product_price":false,"disp_summ_show_total_price":false,"disp_summ_show_fee":false,"disp_summ_show_discount":false,"summary_title":"","options_total_label":"Extras","total_label":"Total","options_product_label":"Produto","fee_label":"Extras","discount_label":"Desconto","has_price":true,"has_quantity_formula":false},"mc_unit":1,"tax_rate":1,"tax_rate_real":1,"discount":{"percentage":0,"fixed":0},"design":{"conf":{"LabelPosition":"above","DescPosition":"above","UploadField":"custom_1","QuantityFieldStyle":"default"},"css":{"LeftLabelWidth":"120px"}},"formulas":[],"clones":false,"cartKey":false}},"_links":{"self":[{"href":"https:\/\/doymedia.com\/cs\/wp-json\/wp\/v2\/product\/88","targetHints":{"allow":["GET"]}}],"collection":[{"href":"https:\/\/doymedia.com\/cs\/wp-json\/wp\/v2\/product"}],"about":[{"href":"https:\/\/doymedia.com\/cs\/wp-json\/wp\/v2\/types\/product"}],"replies":[{"embeddable":true,"href":"https:\/\/doymedia.com\/cs\/wp-json\/wp\/v2\/comments?post=88"}],"wp:featuredmedia":[{"embeddable":true,"href":"https:\/\/doymedia.com\/cs\/wp-json\/wp\/v2\/media\/316"}],"wp:attachment":[{"href":"https:\/\/doymedia.com\/cs\/wp-json\/wp\/v2\/media?parent=88"}],"wp:term":[{"taxonomy":"product_brand","embeddable":true,"href":"https:\/\/doymedia.com\/cs\/wp-json\/wp\/v2\/product_brand?post=88"},{"taxonomy":"product_cat","embeddable":true,"href":"https:\/\/doymedia.com\/cs\/wp-json\/wp\/v2\/product_cat?post=88"},{"taxonomy":"product_tag","embeddable":true,"href":"https:\/\/doymedia.com\/cs\/wp-json\/wp\/v2\/product_tag?post=88"}],"curies":[{"name":"wp","href":"https:\/\/api.w.org\/{rel}","templated":true}]}}