{"id":89,"date":"2025-03-27T01:32:40","date_gmt":"2025-03-27T00:32:40","guid":{"rendered":"https:\/\/v2.doymedia.com\/?post_type=product&#038;p=89"},"modified":"2025-07-16T21:42:35","modified_gmt":"2025-07-16T19:42:35","slug":"koupit-zobrazeni-na-facebooku","status":"publish","type":"product","link":"https:\/\/doymedia.com\/cs\/comprar-views-facebook\/","title":{"rendered":"Koupit zobrazen\u00ed Facebook"},"content":{"rendered":"<section class=\"l-section wpb_row height_medium\"><div class=\"l-section-h i-cf\"><div class=\"g-cols vc_row via_flex valign_top type_default stacking_default\"><div class=\"vc_col-sm-12 wpb_column vc_column_container\"><div class=\"vc_column-inner\"><div class=\"wpb_wrapper\"><div class=\"wpb_text_column\"><div class=\"wpb_wrapper\"><p class=\"translation-block\">Zve\u0159ej\u0148ujete obsah na Facebooku, ale nem\u00e1te takov\u00fd dosah, v jak\u00fd jste doufali? V prost\u0159ed\u00ed, kde z\u00e1le\u017e\u00ed na ka\u017ed\u00e9 vte\u0159in\u011b, m\u016f\u017ee <strong>n\u00e1kup zobrazen\u00ed na Facebooku<\/strong> znamenat rozd\u00edl mezi t\u00edm, zda si v\u00e1s nikdo nev\u0161imne, nebo zda opravdu vyniknete. Zv\u00fd\u0161en\u00ed po\u010dtu zhl\u00e9dnut\u00ed va\u0161ich vide\u00ed nejen\u017ee zlep\u0161\u00ed va\u0161i image, ale tak\u00e9 zv\u00fd\u0161\u00ed v\u00e1\u0161 organick\u00fd dosah a um\u00edst\u00ed v\u00e1s p\u0159ed nov\u00e9 u\u017eivatele.<\/p>\n<p class=\"translation-block\">A\u0165 u\u017e jste tv\u016frce obsahu, osobn\u00ed zna\u010dka, firma nebo prost\u011b n\u011bkdo, kdo chce sv\u00e1 videa v\u00edce zviditelnit, m\u016f\u017eete <strong>koupit zobrazen\u00ed na Facebooku<\/strong> rychle, bezpe\u010dn\u011b a efektivn\u011b. Tato slu\u017eba je ide\u00e1ln\u00edm n\u00e1strojem pro zv\u00fd\u0161en\u00ed va\u0161\u00ed digit\u00e1ln\u00ed p\u0159\u00edtomnosti na jedn\u00e9 z nejaktivn\u011bj\u0161\u00edch platforem na sv\u011bt\u011b.<\/p>\n<h2>Pro\u010d kupovat zobrazen\u00ed na Facebooku?<\/h2>\n<p class=\"translation-block\">Facebook up\u0159ednost\u0148uje obsah, kter\u00fd vyvol\u00e1v\u00e1 zapojen\u00ed a udr\u017euje pozornost. <strong>Koup\u00ed zobrazen\u00ed na Facebooku,<\/strong> zvy\u0161ujete relevanci sv\u00fdch vide\u00ed v o\u010d\u00edch algoritmu, co\u017e zvy\u0161uje va\u0161e \u0161ance, \u017ee se objev\u00ed na v\u00edce zdech, zviditeln\u00edte se a p\u0159il\u00e1k\u00e1te v\u00edce z\u00e1jemc\u016f o v\u00e1\u0161 obsah.<\/p>\n<p>Krom\u011b toho zobrazen\u00ed slou\u017e\u00ed jako forma soci\u00e1ln\u00edho d\u016fkazu. Kdy\u017e n\u011bkdo uvid\u00ed video s velk\u00fdm po\u010dtem zhl\u00e9dnut\u00ed, je pravd\u011bpodobn\u011bj\u0161\u00ed, \u017ee ho bude sledovat a sd\u00edlet tak\u00e9. To vytv\u00e1\u0159\u00ed vlnov\u00fd efekt, kter\u00fd zvy\u0161uje v\u00e1\u0161 profil, ani\u017e byste museli platit za drah\u00e9 reklamn\u00ed kampan\u011b.<\/p>\n<h3>V\u00fdhody n\u00e1kupu zobrazen\u00ed na Facebooku<\/h3>\n<ul>\n<li>\ud83d\udcc8 Rychl\u00e9 a re\u00e1ln\u00e9 zv\u00fd\u0161en\u00ed po\u010dtu zhl\u00e9dnut\u00ed va\u0161eho videa<\/li>\n<li>\ud83d\ude80 Zlep\u0161en\u00ed hodnocen\u00ed v algoritmu Facebooku<\/li>\n<li>\ud83d\udcac Zv\u00fd\u0161en\u00e1 pravd\u011bpodobnost z\u00edsk\u00e1n\u00ed nov\u00fdch p\u0159\u00edznivc\u016f<\/li>\n<li>\ud83d\udcf9 Pos\u00edlen\u00ed autority va\u0161eho obsahu<\/li>\n<li>\ud83d\udd12 Progresivn\u00ed a bezpe\u010dn\u00e9 doru\u010dov\u00e1n\u00ed bez ohro\u017een\u00ed va\u0161eho \u00fa\u010dtu<\/li>\n<\/ul>\n<p class=\"translation-block\">Facebook <strong>n\u00e1kup zobrazen\u00ed<\/strong> v\u00e1m umo\u017en\u00ed soust\u0159edit se na tvorbu kvalitn\u00edho obsahu, zat\u00edmco my v\u00e1m pom\u016f\u017eeme z\u00edskat zobrazen\u00ed, kter\u00e1 pot\u0159ebujete, abyste se dostali d\u00e1l.<\/p>\n<h2>Je bezpe\u010dn\u00e9 kupovat zobrazen\u00ed na Facebooku?<\/h2>\n<p class=\"translation-block\">Ano, v\u0161echny objedn\u00e1vky jsou zpracov\u00e1v\u00e1ny bezpe\u010dn\u011b a soukrom\u011b. Ne\u017e\u00e1d\u00e1me o hesla ani o p\u0159\u00edstup k va\u0161emu \u00fa\u010dtu. Jedin\u00e9, co mus\u00edte ud\u011blat, je sd\u00edlet odkaz na video, kter\u00e9 chcete pos\u00edlit, a syst\u00e9m se postar\u00e1 o zbytek. <strong>N\u00e1kup zobrazen\u00ed Facebook<\/strong> je diskr\u00e9tn\u00ed, rychl\u00fd a pln\u011b v souladu se z\u00e1sadami pou\u017e\u00edv\u00e1n\u00ed va\u0161eho profilu.<\/p>\n<p>N\u00e1v\u0161t\u011bvy prov\u00e1d\u00edme postupn\u011b, abychom zachovali p\u0159irozen\u00fd r\u016fst, ani\u017e bychom vzbudili podez\u0159en\u00ed nebo ohrozili v\u00e1\u0161 \u00fa\u010det. Na\u0161\u00edm c\u00edlem je, abyste dosahovali v\u00fdsledk\u016f bez obav.<\/p>\n<h3>Kdo z toho m\u016f\u017ee m\u00edt prosp\u011bch?<\/h3>\n<p class=\"translation-block\">Tuto slu\u017ebu m\u016f\u017ee vyu\u017e\u00edt ka\u017ed\u00fd u\u017eivatel, kter\u00fd na Facebooku zve\u0159ej\u0148uje videa. Nez\u00e1le\u017e\u00ed na tom, zda jste influencer, firma, um\u011blec nebo u\u017eivatel, kter\u00fd chce upozornit na konkr\u00e9tn\u00ed p\u0159\u00edsp\u011bvek. <strong>Koup\u011b zhl\u00e9dnut\u00ed na Facebooku<\/strong> v\u00e1m pom\u016f\u017ee zviditelnit se za krat\u0161\u00ed dobu.<\/p>\n<ul>\n<li>\ud83c\udfa4 Tv\u016frci obsahu, kte\u0159\u00ed cht\u011bj\u00ed, aby se jejich videa stala vir\u00e1ln\u00edmi.<\/li>\n<li>\ud83d\udcbc Zna\u010dky nebo podniky propaguj\u00edc\u00ed produkty nebo slu\u017eby<\/li>\n<li>\ud83c\udfa5 Um\u011blci, hudebn\u00edci a podnikatel\u00e9 s aktivn\u00edmi kampan\u011bmi<\/li>\n<li>\ud83d\udce2 Osobn\u00ed \u00fa\u010dty, kter\u00e9 cht\u011bj\u00ed zv\u00fd\u0161it dosah sv\u00fdch p\u0159\u00edsp\u011bvk\u016f.<\/li>\n<\/ul>\n<h2>Zvy\u0161te sv\u016fj obsah je\u0161t\u011b dnes<\/h2>\n<p class=\"translation-block\">Nenechte sv\u00e9 video bez pov\u0161imnut\u00ed. Pokud jste zapracovali na dobr\u00e9m sd\u011blen\u00ed, kreativn\u00ed kampani nebo jen chcete vyniknout, <strong>koupen\u00ed zhl\u00e9dnut\u00ed na Facebooku<\/strong> je prvn\u00edm krokem k tomu, aby ho vid\u011blo v\u00edce lid\u00ed.<\/p>\n<p>\u00da\u010dinnost t\u00e9to slu\u017eby ji\u017e vyzkou\u0161ely tis\u00edce u\u017eivatel\u016f, kte\u0159\u00ed b\u011bhem n\u011bkolika hodin zaznamenali n\u00e1r\u016fst sv\u00fdch n\u00e1zor\u016f. Vy m\u016f\u017eete ud\u011blat tot\u00e9\u017e. Vyberte si sv\u016fj bal\u00ed\u010dek, zadejte odkaz na video a o zbytek se postar\u00e1me my.<\/p>\n<p class=\"translation-block\">A pokud chcete sv\u016fj obsah pos\u00edlit tak\u00e9 v\u011bt\u0161\u00ed interakc\u00ed, m\u016f\u017eete <strong><a href=\"https:\/\/doymedia.com\/cs\/obchod\/koupit-facebook-rad\/\" target=\"_self\">koupit Facebook likes<\/a><\/strong> a zv\u00fd\u0161it tak anga\u017eovanost u sv\u00fdch p\u0159\u00edsp\u011bvk\u016f nebo <strong><a href=\"https:\/\/doymedia.com\/cs\/obchod\/koupit-facebook-fanousky\/\" target=\"_self\">koupit Facebook fans<\/a><\/strong> a zv\u00fd\u0161it tak svou komunitu a autoritu sv\u00e9 str\u00e1nky.<\/p>\n<p class=\"translation-block\">Nez\u00e1le\u017e\u00ed na tom, jestli teprve za\u010d\u00edn\u00e1te, nebo u\u017e m\u00e1te aktivn\u00ed komunitu. <strong>Koup\u011b her na Facebooku<\/strong> v\u00e1m poskytne dal\u0161\u00ed impuls, kter\u00fd pot\u0159ebujete, abyste vynikli v platform\u011b pln\u00e9 konkurence. Ud\u011blejte to jednodu\u0161e, ud\u011blejte to s v\u00fdsledky.<\/p>\n<\/div><\/div><\/div><\/div><\/div><\/div><\/div><\/section>","protected":false},"excerpt":{"rendered":"Zve\u0159ej\u0148ujete obsah na Facebooku, ale nem\u00e1te takov\u00fd dosah, v jak\u00fd jste doufali? V prost\u0159ed\u00ed, kde z\u00e1le\u017e\u00ed na ka\u017ed\u00e9 vte\u0159in\u011b, m\u016f\u017ee n\u00e1kup zobrazen\u00ed na Facebooku znamenat rozd\u00edl mezi t\u00edm, zda si v\u00e1s nikdo nev\u0161imne, nebo zda opravdu vyniknete. Zv\u00fd\u0161en\u00ed po\u010dtu zhl\u00e9dnut\u00ed videa nejen zlep\u0161\u00ed va\u0161i image, ale tak\u00e9 zv\u00fd\u0161\u00ed v\u00e1\u0161 organick\u00fd dosah a zajist\u00ed v\u00e1m pozici p\u0159ed nov\u00fdmi div\u00e1ky.....","protected":false},"featured_media":316,"comment_status":"open","ping_status":"closed","template":"","meta":{"_acf_changed":false},"product_brand":[],"product_cat":[20],"product_tag":[],"class_list":{"0":"post-89","1":"product","2":"type-product","3":"status-publish","4":"has-post-thumbnail","6":"product_cat-facebook","7":"wcpa_has_options","9":"first","10":"instock","11":"sale","12":"shipping-taxable","13":"purchasable","14":"product-type-variable","15":"has-default-attributes"},"acf":[],"wcpa_form_fields":{"wcpaData":{"product":{"product_price":2.99,"price_html":"","original_product_price":2.99,"price_including_tax":2.99,"price_excluding_tax":2.99,"product_id":{"parent":89,"variation":false},"is_variable":true,"stock_status":"instock","stock_quantity":null,"parent_sku":"","product_attributes":{"cantidad":{"is_variation":true,"values":[]}},"custom_fields":[],"is_taxable":false,"product_name":"Comprar Views Facebook","hasImage":false},"fields":{"sec_067faa5f71f0b4":{"extra":{"key":"sec_067faa5f71f0b4","section_id":"sec_067faa5f71f0b4","name":"Por defecto","status":1,"toggle":true,"form_id":1066,"form_rules":{"exclude_from_discount":false,"fee_label":"Extras","disp_hide_options_price":false,"disp_show_section_price":false,"disp_show_field_price":false,"layout_option":"standard","pric_use_as_fee":false,"process_fee_as":"woo_fee"},"layout_option":"standard"},"fields":[[{"active":true,"col":5,"relations":false,"cl_rule":"show","enableCl":false,"price":"","enablePrice":false,"className":"","type":"text","subtype":"text","required":true,"elementId":"text_767faa5f71f0d0","label":"Enlace al v\u00eddeo de Facebook","name":"text_767faa5f71f0d0","value":"","error":false,"placeholder":"Ejemplo: https:\/\/www.facebook.com\/mrbeast\/videos\/1870671880420034","enableDesign":false,"LabelSize":"16px","gt_translate_keys":["label","placeholder","value"],"price_dependency":false,"cl_dependency":false}]]}},"config":{"price_override":"","enable_recaptcha":false,"bind_quantity":false,"quantity_bind_formula":false,"disp_summ_show_option_price":false,"disp_summ_show_product_price":false,"disp_summ_show_total_price":false,"disp_summ_show_fee":false,"disp_summ_show_discount":false,"summary_title":"","options_total_label":"Extras","total_label":"Gesamt","options_product_label":"Producto","fee_label":"Extras","discount_label":"Descuento","has_price":true,"has_quantity_formula":false},"mc_unit":1,"tax_rate":1,"tax_rate_real":1,"discount":{"percentage":0,"fixed":0},"design":{"conf":{"LabelPosition":"above","DescPosition":"above","UploadField":"custom_1","QuantityFieldStyle":"default"},"css":{"LeftLabelWidth":"120px"}},"formulas":[],"clones":false,"cartKey":false}},"_links":{"self":[{"href":"https:\/\/doymedia.com\/cs\/wp-json\/wp\/v2\/product\/89","targetHints":{"allow":["GET"]}}],"collection":[{"href":"https:\/\/doymedia.com\/cs\/wp-json\/wp\/v2\/product"}],"about":[{"href":"https:\/\/doymedia.com\/cs\/wp-json\/wp\/v2\/types\/product"}],"replies":[{"embeddable":true,"href":"https:\/\/doymedia.com\/cs\/wp-json\/wp\/v2\/comments?post=89"}],"wp:featuredmedia":[{"embeddable":true,"href":"https:\/\/doymedia.com\/cs\/wp-json\/wp\/v2\/media\/316"}],"wp:attachment":[{"href":"https:\/\/doymedia.com\/cs\/wp-json\/wp\/v2\/media?parent=89"}],"wp:term":[{"taxonomy":"product_brand","embeddable":true,"href":"https:\/\/doymedia.com\/cs\/wp-json\/wp\/v2\/product_brand?post=89"},{"taxonomy":"product_cat","embeddable":true,"href":"https:\/\/doymedia.com\/cs\/wp-json\/wp\/v2\/product_cat?post=89"},{"taxonomy":"product_tag","embeddable":true,"href":"https:\/\/doymedia.com\/cs\/wp-json\/wp\/v2\/product_tag?post=89"}],"curies":[{"name":"wp","href":"https:\/\/api.w.org\/{rel}","templated":true}]}}