{"id":91,"date":"2025-03-27T01:32:40","date_gmt":"2025-03-27T00:32:40","guid":{"rendered":"https:\/\/v2.doymedia.com\/?post_type=product&#038;p=91"},"modified":"2025-07-28T20:32:09","modified_gmt":"2025-07-28T18:32:09","slug":"koupit-instagram-rad","status":"publish","type":"product","link":"https:\/\/doymedia.com\/cs\/comprar-likes-instagram\/","title":{"rendered":"Koupit Instagram Likes"},"content":{"rendered":"<section class=\"l-section wpb_row height_medium\"><div class=\"l-section-h i-cf\"><div class=\"g-cols vc_row via_flex valign_top type_default stacking_default\"><div class=\"vc_col-sm-12 wpb_column vc_column_container\"><div class=\"vc_column-inner\"><div class=\"wpb_wrapper\"><div class=\"wpb_text_column\"><div class=\"wpb_wrapper\"><p class=\"translation-block\">Na Instagramu z\u00e1le\u017e\u00ed na prvn\u00edm dojmu. Kdy\u017e zve\u0159ejn\u00edte fotografii nebo video, u\u017eivatel\u00e9 u\u017e b\u011bhem n\u011bkolika sekund posoud\u00ed, zda je v\u00e1\u0161 obsah hodnotn\u00fd. Pokud se nesetk\u00e1 s \u017e\u00e1dnou interakc\u00ed, pravd\u011bpodobn\u011b z\u016fstane bez pov\u0161imnut\u00ed. Proto se <strong>koupen\u00ed lajk\u016f na Instagramu<\/strong> stalo nezbytn\u00fdm n\u00e1strojem pro ty, kte\u0159\u00ed cht\u011bj\u00ed vyniknout, zv\u00fd\u0161it sv\u016fj dosah a vytvo\u0159it silnou image na prvn\u00ed pohled.<\/p>\n<p class=\"translation-block\">Lajky nejsou jen \u010d\u00edslo. P\u0159edstavuj\u00ed viditelnost, d\u016fv\u011bru a soci\u00e1ln\u00ed potvrzen\u00ed. Kdy\u017e p\u0159\u00edsp\u011bvek z\u00edsk\u00e1 hodn\u011b <strong>l\u00edbk\u016f,<\/strong> algoritmus Instagramu ho interpretuje jako relevantn\u00ed obsah a zobraz\u00ed ho v\u00edce lidem. To v\u00e1m pom\u016f\u017ee z\u00edskat organick\u00fd dosah, <a href=\"https:\/\/doymedia.com\/cs\/koupit-instagram-nasledovniky\/\" target=\"_self\">p\u0159il\u00e1kat nov\u00e9 sleduj\u00edc\u00ed<\/a> a zlep\u0161it va\u0161i pozici na platform\u011b.<\/p>\n<h2>Pro\u010d kupovat lajky na Instagramu?<\/h2>\n<p class=\"translation-block\">Instagram je vizu\u00e1ln\u00ed, konkuren\u010dn\u00ed a rychl\u00e1 s\u00ed\u0165. P\u0159\u00edsp\u011bvky v u\u017eivatelsk\u00e9m kan\u00e1lu trvaj\u00ed jen n\u011bkolik sekund. Proto je nezbytn\u00e9 z\u00edskat okam\u017eitou pozornost. <strong>Koup\u00ed lajk\u016f na Instagramu<\/strong> zv\u00fd\u0161\u00edte dosah sv\u00fdch p\u0159\u00edsp\u011bvk\u016f, aby dos\u00e1hly d\u00e1le a m\u011bly v\u011bt\u0161\u00ed dopad.<\/p>\n<p>A\u0165 u\u017e jste zna\u010dka, m\u00edstn\u00ed firma, rostouc\u00ed influencer nebo osobn\u00ed \u00fa\u010det, kter\u00fd se chce v\u00edce zviditelnit, <strong>koupit Instagram r\u00e1d<\/strong> je strategie, kter\u00e1 v\u00e1m pom\u016f\u017ee urychlit r\u016fst bez komplikac\u00ed.<\/p>\n<h3>V\u00fdhody n\u00e1kupu lajk\u016f na Instagramu<\/h3>\n<ul>\n<li>\ud83d\udcc8 V\u011bt\u0161\u00ed viditelnost va\u0161ich publikac\u00ed<\/li>\n<li>\ud83d\ude80 Okam\u017eit\u00e1 podpora, kter\u00e1 zlep\u0161\u00ed va\u0161e um\u00edst\u011bn\u00ed<\/li>\n<li>\ud83d\udd01 V\u011bt\u0161\u00ed interakce a organick\u00fd dosah<\/li>\n<li>\ud83d\udcac Zlep\u0161ete ve\u0159ejn\u00e9 vn\u00edm\u00e1n\u00ed sv\u00e9ho profilu<\/li>\n<li>\ud83d\udd12 Bezpe\u010dn\u00e9, diskr\u00e9tn\u00ed a nekompromisn\u00ed doru\u010den\u00ed na v\u00e1\u0161 \u00fa\u010det<\/li>\n<\/ul>\n<p>Krom\u011b toho, <strong>koupit Instagram r\u00e1d<\/strong> v\u00e1m pom\u016f\u017ee odli\u0161it se od konkurence. U\u017eivatel\u00e9 maj\u00ed tendenci v\u00edce interagovat s obsahem, kter\u00fd ji\u017e vykazuje aktivitu. To vytv\u00e1\u0159\u00ed dominov\u00fd efekt, kter\u00fd n\u00e1sob\u00ed interakce a p\u0159irozen\u011b p\u0159itahuje dal\u0161\u00ed sleduj\u00edc\u00ed.<\/p>\n<h2>Je bezpe\u010dn\u00e9 kupovat lajky na Instagramu?<\/h2>\n<p>Ano, rozhodn\u011b. Ne\u017e\u00e1d\u00e1me o hesla ani o p\u0159\u00edstup k va\u0161emu \u00fa\u010dtu. Sta\u010d\u00ed, kdy\u017e n\u00e1m poskytnete odkaz na p\u0159\u00edsp\u011bvek, kter\u00fd chcete pos\u00edlit. O zbytek se postar\u00e1 n\u00e1\u0161 syst\u00e9m, kter\u00fd zajist\u00ed postupn\u00e9, p\u0159irozen\u00e9 a vyhovuj\u00edc\u00ed doru\u010den\u00ed v souladu se z\u00e1sadami pou\u017e\u00edv\u00e1n\u00ed Instagramu.<\/p>\n<p>Bezpe\u010dnost va\u0161eho \u00fa\u010dtu je na\u0161\u00ed prioritou. V\u0161echny na\u0161e procesy jsou navr\u017eeny tak, aby chr\u00e1nily v\u00e1\u0161 profil a zajistily v\u00e1m o\u010dek\u00e1van\u00e9 v\u00fdsledky, ani\u017e by byla ohro\u017eena va\u0161e pov\u011bst nebo osobn\u00ed \u00fadaje.<\/p>\n<h3>Kdo m\u016f\u017ee tuto slu\u017ebu vyu\u017e\u00edt?<\/h3>\n<p class=\"translation-block\">Tato slu\u017eba je ur\u010dena v\u0161em u\u017eivatel\u016fm, kte\u0159\u00ed cht\u011bj\u00ed zlep\u0161it v\u00fdkon sv\u00e9ho obsahu. Nez\u00e1le\u017e\u00ed na tom, jestli pr\u00e1v\u011b za\u010d\u00edn\u00e1te, nebo u\u017e m\u00e1te komunitu: <strong>koupit lajky na Instagramu<\/strong> v\u00e1m pom\u016f\u017ee posunout se vp\u0159ed s v\u011bt\u0161\u00ed silou a d\u016fslednost\u00ed.<\/p>\n<ul>\n<li>\ud83c\udfaf Influence\u0159i, kte\u0159\u00ed cht\u011bj\u00ed v\u00edce zapojen\u00ed<\/li>\n<li>\ud83d\udecd\ufe0f Podniky propaguj\u00edc\u00ed produkty nebo slu\u017eby<\/li>\n<li>\ud83d\udcf8 Tv\u016frci obsahu hledaj\u00ed viralitu<\/li>\n<li>\ud83d\udcc8 Osobn\u00ed zna\u010dky, kter\u00e9 cht\u011bj\u00ed zv\u00fd\u0161it svou autoritu<\/li>\n<li>\ud83d\udce2 Nov\u00e9 \u00fa\u010dty, kter\u00e9 pot\u0159ebuj\u00ed nastartovat<\/li>\n<\/ul>\n<h2>Vyberte si, odkud poch\u00e1z\u00ed va\u0161e obl\u00edben\u00e9 polo\u017eky<\/h2>\n<p class=\"translation-block\">Jednou z velk\u00fdch v\u00fdhod <strong>n\u00e1kupu lajk\u016f na Instagramu<\/strong> u n\u00e1s je, \u017ee si m\u016f\u017eete p\u0159izp\u016fsobit p\u016fvod \"lajk\u016f\", kter\u00e9 obdr\u017e\u00edte. V\u00edme, \u017ee segmentace je kl\u00ed\u010dov\u00e1, proto nab\u00edz\u00edme mo\u017enost vybrat \"lajky\" z r\u016fzn\u00fdch region\u016f podle va\u0161eho publika nebo va\u0161ich c\u00edl\u016f.<\/p>\n<p>M\u016f\u017eete si vybrat mezi:<\/p>\n<ul>\n<li>\ud83c\uddea\ud83c\uddfa koupit sv\u011btov\u00e9\/evropsk\u00e9 \"likes<\/li>\n<li>\ud83c\uddea\ud83c\uddf8 koupit \u0161pan\u011blsk\u00fd likes<\/li>\n<li>\ud83c\uddee\ud83c\uddf9 koupit likes Italov\u00e9<\/li>\n<li>\ud83c\uddeb\ud83c\uddf7 koupit francouzsk\u00fd likes<\/li>\n<li>\ud83c\uddec\ud83c\udde7 koupit anglicky mluv\u00edc\u00ed likes<\/li>\n<li>\ud83c\udde7\ud83c\uddf7 koupit brazilsk\u00fd likes<\/li>\n<\/ul>\n<p class=\"translation-block\">Tato mo\u017enost je ide\u00e1ln\u00ed pro zlep\u0161en\u00ed konzistence va\u0161ich statistik, zv\u00fd\u0161en\u00ed m\u00edstn\u00ed d\u016fv\u011bryhodnosti va\u0161ich p\u0159\u00edsp\u011bvk\u016f nebo pro zam\u011b\u0159en\u00ed va\u0161eho \u00fasil\u00ed na konkr\u00e9tn\u00ed trh. A\u0165 u\u017e m\u00e1te firmu ve \u0160pan\u011blsku, nebo pracujete na sv\u00e9 osobn\u00ed zna\u010dce v It\u00e1lii \u010di Braz\u00edlii, m\u016f\u017eete <strong>koupit lajky na Instagramu<\/strong> zcela na m\u00edru sv\u00e9mu publiku.<\/p>\n<h2>Jak tento proces prob\u00edh\u00e1?<\/h2>\n<p>Je to opravdu jednoduch\u00e9. Sta\u010d\u00ed si vybrat po\u010det lajk\u016f, kter\u00e9 chcete, a poskytnout n\u00e1m odkaz na p\u0159\u00edsp\u011bvek. Po potvrzen\u00ed objedn\u00e1vky aktivujeme postupn\u00e9 doru\u010dov\u00e1n\u00ed, abychom zajistili p\u0159irozen\u00fd r\u016fst. V\u00fdsledky uvid\u00edte b\u011bhem chvilky.<\/p>\n<p>Pokud pot\u0159ebujete pomoc nebo m\u00e1te jak\u00e9koli dotazy, n\u00e1\u0161 t\u00fdm podpory je v\u00e1m k dispozici p\u0159ed n\u00e1kupem, b\u011bhem n\u011bj i po n\u011bm. Chceme, abyste m\u011bli bezprobl\u00e9mov\u00fd a spokojen\u00fd z\u00e1\u017eitek od prvn\u00edho kliknut\u00ed.<\/p>\n<h2>Za\u010dn\u011bte vynikat na Instagramu je\u0161t\u011b dnes<\/h2>\n<p>Na tuto slu\u017ebu se ji\u017e spol\u00e9haj\u00ed tis\u00edce u\u017eivatel\u016f, kte\u0159\u00ed cht\u011bj\u00ed zlep\u0161it svou p\u0159\u00edtomnost na Instagramu. Pokud chcete, aby i va\u0161e p\u0159\u00edsp\u011bvky m\u011bly v\u011bt\u0161\u00ed dopad, <strong>koupit Instagram r\u00e1d<\/strong> je va\u0161\u00edm nejlep\u0161\u00edm spojencem.<\/p>\n<p>Nedovolte, aby se v\u00e1\u0161 obsah ztratil ve feedu. Zvy\u0161te viditelnost, anga\u017eovanost a zn\u00e1most sv\u00e9ho profilu hned te\u010f. Vyberte si sv\u016fj bal\u00ed\u010dek, objednejte si ho a za\u010dn\u011bte sledovat, jak va\u0161e p\u0159\u00edsp\u011bvky vynikaj\u00ed v\u00edce ne\u017e kdy jindy.<\/p>\n<\/div><\/div><\/div><\/div><\/div><\/div><\/div><\/section>","protected":false},"excerpt":{"rendered":"Na Instagramu z\u00e1le\u017e\u00ed na prvn\u00edm dojmu. Kdy\u017e zve\u0159ejn\u00edte fotografii nebo video, u\u017eivatel\u00e9 u\u017e b\u011bhem n\u011bkolika sekund posoud\u00ed, zda je v\u00e1\u0161 obsah hodnotn\u00fd. Pokud nez\u00edsk\u00e1 interakci, pravd\u011bpodobn\u011b z\u016fstane bez pov\u0161imnut\u00ed. Proto se n\u00e1kup lajk\u016f na Instagramu stal z\u00e1kladn\u00edm n\u00e1strojem pro ty, kte\u0159\u00ed cht\u011bj\u00ed vyniknout, zv\u00fd\u0161it svou anga\u017eovanost,...","protected":false},"featured_media":227,"comment_status":"open","ping_status":"closed","template":"","meta":{"_acf_changed":false},"product_brand":[],"product_cat":[17],"product_tag":[],"class_list":{"0":"post-91","1":"product","2":"type-product","3":"status-publish","4":"has-post-thumbnail","6":"product_cat-instagram","7":"wcpa_has_options","9":"first","10":"instock","11":"sale","12":"featured","13":"shipping-taxable","14":"purchasable","15":"product-type-variable","16":"has-default-attributes"},"acf":[],"wcpa_form_fields":{"wcpaData":{"product":{"product_price":1.99,"price_html":"","original_product_price":1.99,"price_including_tax":1.99,"price_excluding_tax":1.99,"product_id":{"parent":91,"variation":false},"is_variable":true,"stock_status":"instock","stock_quantity":null,"parent_sku":"","product_attributes":{"cantidad":{"is_variation":true,"values":[]}},"custom_fields":[],"is_taxable":false,"product_name":"Comprar Likes Instagram","hasImage":false},"fields":{"sec_367f6f7cee7714":{"extra":{"key":"sec_367f6f7cee7714","section_id":"sec_367f6f7cee7714","name":"Por defecto","status":1,"toggle":true,"form_id":817,"form_rules":{"exclude_from_discount":false,"fee_label":"Extra","disp_hide_options_price":false,"disp_show_section_price":false,"disp_show_field_price":false,"layout_option":"standard","pric_use_as_fee":false,"process_fee_as":"woo_fee"},"layout_option":"standard"},"fields":[[{"active":true,"col":5,"relations":false,"cl_rule":"show","enableCl":false,"price":"","enablePrice":true,"className":"","label_position":"default","desc_position":"default","type":"select","required":false,"elementId":"select_867f6f7cee773a","label":"Origen de los Likes","name":"select_867f6f7cee773a","values":[{"label":"\ud83c\uddea\ud83c\uddf8 Espa\u00f1a y Latam","value":"espa\u00f1a-latam","selected":false,"tempId":"aco_394","price":"50","gt_translate_keys":["label"]},{"label":"\ud83c\uddee\ud83c\uddf9 Italia","value":"italia","selected":false,"tempId":"aco_395","price":"50","gt_translate_keys":["label"]},{"label":"\ud83c\uddeb\ud83c\uddf7 Francia","value":"francia","selected":false,"tempId":"aco_396","price":"50","gt_translate_keys":["label"]},{"label":"\ud83c\uddfa\ud83c\uddf8 Habla Inglesa","value":"ingles","selected":false,"tempId":"aco_3069","price":"100","gt_translate_keys":["label"]},{"label":"\ud83c\udde7\ud83c\uddf7 Brasil","value":"brasil","selected":false,"tempId":"aco_1135","price":"50","gt_translate_keys":["label"]}],"dropdown_type":"basic","error":false,"placeholder":"\ud83c\udf0d Origen Europeo\/Mundial de Alta Calidad","priceOptions":"different_for_all","pricingType":"percentage","fee_label":"","option_price_format":"(+{price})","gt_translate_keys":["label","placeholder"],"price_dependency":false,"cl_dependency":false,"value":""}],[{"active":true,"col":5,"relations":false,"cl_rule":"show","enableCl":false,"price":"","enablePrice":false,"className":"","type":"text","subtype":"text","required":true,"elementId":"text_867f6f7cee7749","label":"Enlace de la Publicaci\u00f3n","name":"text_867f6f7cee7749","value":"","error":false,"placeholder":"Ejemplo: https:\/\/www.instagram.com\/p\/DGxqbv9oVTD\/","gt_translate_keys":["label","placeholder","value"],"price_dependency":false,"cl_dependency":false}],[{"active":true,"col":5,"relations":false,"cl_rule":"show","enableCl":false,"price":"","enablePrice":true,"className":"","label_position":"default","desc_position":"default","type":"select","required":false,"elementId":"select_767f6f7cee7756","label":"A\u00f1adir Views con Descuento","name":"select_767f6f7cee7756","values":[{"label":"100 Views","value":"100","selected":false,"tempId":"aco_910","price":"1,89","gt_translate_keys":["label"]},{"label":"500 Views","value":"500","selected":false,"tempId":"aco_911","price":"3,79","gt_translate_keys":["label"]},{"label":"1.000 Views","value":"1000","selected":false,"tempId":"aco_912","price":"4,69","gt_translate_keys":["label"]},{"label":"5.000 Views","value":"5000","selected":false,"tempId":"aco_1337","price":"17,99","gt_translate_keys":["label"]},{"label":"10.000 Views","value":"10000","selected":false,"tempId":"aco_1059","price":"26,99","gt_translate_keys":["label"]},{"label":"50.000 Views","value":"50000","selected":false,"tempId":"aco_5222","price":"99,99","gt_translate_keys":["label"]}],"dropdown_type":"basic","error":false,"placeholder":"Ninguno","priceOptions":"different_for_all","pricingType":"fixed","use_as_fee":false,"option_price_format":"","tooltip":"Los views se pondr\u00e1n a la misma publicaci\u00f3n si es un v\u00eddeo.","gt_translate_keys":["label","placeholder","tooltip"],"price_dependency":false,"cl_dependency":false,"value":""}],[{"label":"A\u00f1adir Seguidores con Descuento","active":true,"required":false,"elementId":"select-9377214537","dropdown_type":"basic","placeholder":"Ninguno","tooltip":"Los seguidores se pondr\u00e1n al mismo perfil de la publicaci\u00f3n.","name":"select-9377214537","label_position":"default","desc_position":"default","enablePrice":true,"className":"","enableCl":false,"relations":false,"option_price_format":"","values":[{"label":"100 Seguidores","value":"100","selected":false,"tempId":"aco_910","price":"2,45","gt_translate_keys":["label"]},{"label":"500 Seguidores","value":"500","selected":false,"tempId":"aco_911","price":"6,50","gt_translate_keys":["label"]},{"label":"1.000 Seguidores","value":"1000","selected":false,"tempId":"aco_912","price":"9,50","gt_translate_keys":["label"]},{"label":"5.000 Seguidores","value":"5000","selected":false,"tempId":"aco_1337","price":"39,50","gt_translate_keys":["label"]},{"label":"10.000 Seguidores","value":"10000","selected":false,"tempId":"aco_1059","price":"79,50","gt_translate_keys":["label"]}],"priceOptions":"different_for_all","pricingType":"fixed","price":"","use_as_fee":false,"cl_rule":"show","col":5,"type":"select","error":false,"gt_translate_keys":["label","placeholder","tooltip"],"price_dependency":false,"cl_dependency":false,"value":""}]]}},"config":{"price_override":"","enable_recaptcha":false,"bind_quantity":false,"quantity_bind_formula":false,"disp_summ_show_option_price":false,"disp_summ_show_product_price":false,"disp_summ_show_total_price":false,"disp_summ_show_fee":false,"disp_summ_show_discount":false,"summary_title":"","options_total_label":"Extra","total_label":"Totale","options_product_label":"Prodotto","fee_label":"Extra","discount_label":"Descuento","has_price":true,"has_quantity_formula":false},"mc_unit":1,"tax_rate":1,"tax_rate_real":1,"discount":{"percentage":0,"fixed":0},"design":{"conf":{"LabelPosition":"above","DescPosition":"above","UploadField":"custom_1","QuantityFieldStyle":"default"},"css":{"LeftLabelWidth":"120px"}},"formulas":[],"clones":false,"cartKey":false}},"_links":{"self":[{"href":"https:\/\/doymedia.com\/cs\/wp-json\/wp\/v2\/product\/91","targetHints":{"allow":["GET"]}}],"collection":[{"href":"https:\/\/doymedia.com\/cs\/wp-json\/wp\/v2\/product"}],"about":[{"href":"https:\/\/doymedia.com\/cs\/wp-json\/wp\/v2\/types\/product"}],"replies":[{"embeddable":true,"href":"https:\/\/doymedia.com\/cs\/wp-json\/wp\/v2\/comments?post=91"}],"wp:featuredmedia":[{"embeddable":true,"href":"https:\/\/doymedia.com\/cs\/wp-json\/wp\/v2\/media\/227"}],"wp:attachment":[{"href":"https:\/\/doymedia.com\/cs\/wp-json\/wp\/v2\/media?parent=91"}],"wp:term":[{"taxonomy":"product_brand","embeddable":true,"href":"https:\/\/doymedia.com\/cs\/wp-json\/wp\/v2\/product_brand?post=91"},{"taxonomy":"product_cat","embeddable":true,"href":"https:\/\/doymedia.com\/cs\/wp-json\/wp\/v2\/product_cat?post=91"},{"taxonomy":"product_tag","embeddable":true,"href":"https:\/\/doymedia.com\/cs\/wp-json\/wp\/v2\/product_tag?post=91"}],"curies":[{"name":"wp","href":"https:\/\/api.w.org\/{rel}","templated":true}]}}