{"id":92,"date":"2025-03-27T01:32:40","date_gmt":"2025-03-27T00:32:40","guid":{"rendered":"https:\/\/v2.doymedia.com\/?post_type=product&#038;p=92"},"modified":"2025-04-10T17:35:37","modified_gmt":"2025-04-10T15:35:37","slug":"nakup-hlasu-na-twitteru","status":"publish","type":"product","link":"https:\/\/doymedia.com\/cs\/comprar-votos-twitter\/","title":{"rendered":"Koupit hlasy na Twitteru"},"content":{"rendered":"<section class=\"l-section wpb_row height_medium\"><div class=\"l-section-h i-cf\"><div class=\"g-cols vc_row via_flex valign_top type_default stacking_default\"><div class=\"vc_col-sm-12 wpb_column vc_column_container\"><div class=\"vc_column-inner\"><div class=\"wpb_wrapper\"><div class=\"wpb_text_column\"><div class=\"wpb_wrapper\"><p class=\"translation-block\">Ankety na Twitteru se staly mocn\u00fdm n\u00e1strojem, kter\u00fd p\u0159itahuje pozornost, vyvol\u00e1v\u00e1 zapojen\u00ed a zviditel\u0148uje rozhodnut\u00ed va\u0161\u00ed komunity. Pokud v\u0161ak nez\u00edsk\u00e1te dostate\u010dn\u00fd po\u010det hlas\u016f, va\u0161e anketa ztr\u00e1c\u00ed dopad. Proto je <strong>koupen\u00ed hlas\u016f na Twitteru<\/strong> rychl\u00fdm a bezpe\u010dn\u00fdm \u0159e\u0161en\u00edm, jak v anket\u00e1ch vyniknout a prom\u00edtnout se do autority platformy.<\/p>\n<p class=\"translation-block\">A\u0165 u\u017e anketu pou\u017e\u00edv\u00e1te pro marketing, strategii, z\u00e1bavu nebo prost\u011b jen pro ovlivn\u011bn\u00ed ve\u0159ejn\u00e9ho rozhodnut\u00ed, zv\u00fd\u0161en\u00ed po\u010dtu hlas\u016f v\u00e1m pom\u016f\u017ee kontrolovat v\u00fdsledek, vyvolat konverzaci a zapojit v\u00edce lid\u00ed. S na\u0161\u00ed slu\u017ebou m\u016f\u017eete <strong>snadno nakupovat hlasy na Twitteru<\/strong> a vybrat si mo\u017enost, kterou preferujete, aby v\u00fdsledky odr\u00e1\u017eely to, co pot\u0159ebujete.<\/p>\n<h2>Pro\u010d kupovat hlasy na Twitteru?<\/h2>\n<p class=\"translation-block\">Ankety s velk\u00fdm po\u010dtem hlas\u016f p\u0159itahuj\u00ed v\u00edce pozornosti. Kdy\u017e u\u017eivatel\u00e9 vid\u00ed aktivn\u00ed hlasov\u00e1n\u00ed se stovkami nebo tis\u00edci \u00fa\u010dast\u00ed, maj\u00ed tendenci se do n\u011bj zapojit. Vznik\u00e1 tak efekt sn\u011bhov\u00e9 koule, kter\u00fd zviditel\u0148uje a zvy\u0161uje d\u016fv\u011bryhodnost va\u0161\u00ed publikace. Pokud chcete tak\u00e9 pos\u00edlit konkr\u00e9tn\u00ed v\u00fdsledek, <strong>kupov\u00e1n\u00ed hlas\u016f na Twitteru<\/strong> v\u00e1m umo\u017en\u00ed p\u0159\u00edm\u00fd a okam\u017eit\u00fd vliv.<\/p>\n<p>Tato slu\u017eba je ide\u00e1ln\u00ed pro tv\u016frce obsahu, influencery, firmy, osobn\u00ed \u00fa\u010dty nebo zna\u010dky, kter\u00e9 pou\u017e\u00edvaj\u00ed ankety jako sou\u010d\u00e1st sv\u00e9 strategie. M\u016f\u017eete ji vyu\u017e\u00edt k pos\u00edlen\u00ed my\u0161lenky, spu\u0161t\u011bn\u00ed vir\u00e1ln\u00ed kampan\u011b, z\u00edsk\u00e1n\u00ed anga\u017eovanosti nebo jednodu\u0161e k z\u00edsk\u00e1n\u00ed hlas\u016f.<\/p>\n<h3>V\u00fdhody n\u00e1kupu hlas\u016f na Twitteru<\/h3>\n<ul>\n<li>\ud83d\udcca Pos\u00edlen\u00ed v\u00fdsledk\u016f pr\u016fzkumu<\/li>\n<li>\ud83d\udd25 Zvy\u0161uje viditelnost a \u00fa\u010dast<\/li>\n<li>\ud83d\ude80 Zlep\u0161ete organick\u00fd dosah sv\u00e9ho tweetu<\/li>\n<li>\u2705 Ovliv\u0148uje vn\u00edm\u00e1n\u00ed ve\u0159ejnosti<\/li>\n<li>\ud83d\udd12 Bezpe\u010dn\u00e9 doru\u010den\u00ed bez vlivu na v\u00e1\u0161 \u00fa\u010det<\/li>\n<\/ul>\n<p class=\"translation-block\">N\u00e1kup <strong>hlas\u016f na Twitteru<\/strong> je u\u017eite\u010dn\u00fd, a\u0165 u\u017e chcete vyhr\u00e1t ve\u0159ejnou anketu, nebo zlep\u0161it v\u00fdkon sv\u00fdch p\u0159\u00edsp\u011bvk\u016f. \u010c\u00edm v\u00edce hlas\u016f va\u0161e anketa z\u00edsk\u00e1, t\u00edm relevantn\u011bj\u0161\u00ed bude pro algoritmus a v o\u010d\u00edch va\u0161eho publika.<\/p>\n<h2>Je bezpe\u010dn\u00e9 kupovat hlasy na Twitteru?<\/h2>\n<p>Ano, rozhodn\u011b. Ne\u017e\u00e1d\u00e1me o hesla ani o p\u0159\u00edstup k va\u0161emu \u00fa\u010dtu. Pot\u0159ebujeme pouze odkaz na v\u00e1\u0161 tweet s aktivn\u00ed anketou a po\u010det hlas\u016f pro v\u00e1mi zvolenou mo\u017enost. Proces je rychl\u00fd, diskr\u00e9tn\u00ed a bezpe\u010dn\u00fd. Hlasy dod\u00e1v\u00e1me p\u0159irozen\u011b a v dohodnut\u00e9m term\u00ednu.<\/p>\n<p>N\u00e1\u0161 syst\u00e9m je optimalizov\u00e1n tak, aby chr\u00e1nil va\u0161e soukrom\u00ed a poskytoval v\u00fdsledky bez rizika. V\u00edme, jak d\u016fle\u017eit\u00e9 je udr\u017eet v\u00e1\u0161 \u00fa\u010det v bezpe\u010d\u00ed, a proto pracujeme s osv\u011bd\u010den\u00fdmi metodami, kter\u00e9 spl\u0148uj\u00ed nejvy\u0161\u0161\u00ed pr\u016fmyslov\u00e9 standardy.<\/p>\n<h3>Kdo m\u016f\u017ee tuto slu\u017ebu vyu\u017e\u00edt?<\/h3>\n<p>Tato slu\u017eba je ide\u00e1ln\u00ed pro v\u0161echny typy u\u017eivatel\u016f, kte\u0159\u00ed cht\u011bj\u00ed z\u00edskat autoritu nebo kontrolu nad v\u00fdsledkem pr\u016fzkumu. M\u016f\u017eete <strong>n\u00e1kup hlas\u016f Twitter<\/strong> pro osobn\u00ed kampan\u011b, loterie, sout\u011b\u017ee nebo vir\u00e1ln\u00ed p\u0159\u00edsp\u011bvky. Nepot\u0159ebujete tis\u00edce sleduj\u00edc\u00edch, aby v\u00e1\u0161 pr\u016fzkum m\u011bl dopad.<\/p>\n<ul>\n<li>\ud83c\udfaf Influence\u0159i, kte\u0159\u00ed cht\u011bj\u00ed zv\u00fd\u0161it obsah<\/li>\n<li>\ud83d\uddf3\ufe0f \u00da\u010dty \u00fa\u010dastn\u00edc\u00ed se konkuren\u010dn\u00edch pr\u016fzkum\u016f<\/li>\n<li>\ud83d\udcc8 Zna\u010dky, kter\u00e9 kladou strategick\u00e9 ot\u00e1zky sv\u00e9mu publiku.<\/li>\n<li>\ud83d\udce2 U\u017eivatel\u00e9, kte\u0159\u00ed cht\u011bj\u00ed nasm\u011brovat hlasov\u00e1n\u00ed na konkr\u00e9tn\u00ed mo\u017enost.<\/li>\n<li>\ud83d\udcac Tv\u016frci hledaj\u00ed viralitu nebo konverzaci<\/li>\n<\/ul>\n<h2>Jak prob\u00edh\u00e1 proces n\u00e1kupu?<\/h2>\n<p class=\"translation-block\"><strong>Nakupov\u00e1n\u00ed hlas\u016f na Twitteru<\/strong> je u n\u00e1s velmi jednoduch\u00e9. Sta\u010d\u00ed si vybrat po\u010det hlas\u016f, kter\u00e9 chcete, zkop\u00edrovat p\u0159\u00edm\u00fd odkaz na v\u00e1\u0161 tweet s aktivn\u00ed anketou a vybrat mo\u017enost, kterou chcete propagovat. O zbytek se postar\u00e1me my.<\/p>\n<p>Po zad\u00e1n\u00ed objedn\u00e1vky zah\u00e1j\u00edme dod\u00e1vku hlas\u016f.<\/p>\n<p class=\"translation-block\"><strong>Koupit hlasy na Twitteru<\/strong> je nejp\u0159\u00edm\u011bj\u0161\u00ed a nejefektivn\u011bj\u0161\u00ed zp\u016fsob, jak v anket\u011b n\u011bco zm\u011bnit. A\u0165 u\u017e hled\u00e1te mal\u00e9 po\u0161\u0165ouchnut\u00ed, abyste vyvolali v\u011bt\u0161\u00ed interakci, nebo chcete zajistit, aby jedna mo\u017enost vyhr\u00e1la s p\u0159ehledem, tato slu\u017eba je pro v\u00e1s jako stvo\u0159en\u00e1.<\/p>\n<h2>Za\u010dn\u011bte vyd\u011bl\u00e1vat na pr\u016fzkumech je\u0161t\u011b dnes<\/h2>\n<p>Pokud si krom\u011b v\u00edt\u011bzstv\u00ed v pr\u016fzkumech chcete vytvo\u0159it \u00fapln\u011bj\u0161\u00ed a viditeln\u011bj\u0161\u00ed profil, doporu\u010dujeme v\u00e1m. <a href=\"https:\/\/doymedia.com\/cs\/koupit-twitter-nasledovniky\/\"><strong>koupit n\u00e1sledovn\u00edky Twitteru<\/strong><\/a> rozv\u00edjet svou komunitu a <a href=\"https:\/\/doymedia.com\/cs\/koupit-twitter-rad\/\"><strong>koupit Twitter likes<\/strong><\/a> pos\u00edlit anga\u017eovanost va\u0161ich publikac\u00ed. Jedn\u00e1 se o dopl\u0148kov\u00e9 slu\u017eby, kter\u00e9 v\u00e1m pomohou vytvo\u0159it na platform\u011b siln\u011bj\u0161\u00ed a profesion\u00e1ln\u011bj\u0161\u00ed image.<br \/>\nTis\u00edce u\u017eivatel\u016f ji\u017e tuto slu\u017ebu vyu\u017eily, aby z\u00edskaly v\u00edce hlas\u016f ve sv\u00fdch anket\u00e1ch a zlep\u0161ily svou p\u0159\u00edtomnost na Twitteru. Pokud chcete, aby i v\u00e1\u0161 hlas vynikl, <strong>n\u00e1kup hlas\u016f Twitter<\/strong> je nejrychlej\u0161\u00ed a nejefektivn\u011bj\u0161\u00ed zp\u016fsob, jak toho dos\u00e1hnout.<\/p>\n<p>Vyberte si po\u010det hlas\u016f, kter\u00e9 chcete, dejte n\u00e1m odkaz na anketu a my se postar\u00e1me o zbytek. M\u016f\u017eete za\u010d\u00edt s mal\u00fdm n\u00e1r\u016fstem nebo zajistit, aby va\u0161e volba vyhr\u00e1la s velk\u00fdm n\u00e1skokem. Volba je na v\u00e1s.<\/p>\n<p class=\"translation-block\">Nenech\u00e1vejte v\u00fdsledek na n\u00e1hod\u011b. Ovliv\u0148ujte, zv\u00fdraz\u0148ujte a kontrolujte sv\u00e9 ankety s jistotou a zaru\u010den\u00fdmi v\u00fdsledky. <strong>Koupit hlasy na Twitteru<\/strong> v\u00e1m d\u00e1v\u00e1 kontrolu. Usnadn\u011bte si to, ud\u011blejte to spr\u00e1vn\u011b.<\/p>\n<\/div><\/div><\/div><\/div><\/div><\/div><\/div><\/section>","protected":false},"excerpt":{"rendered":"Ankety na Twitteru se staly mocn\u00fdm n\u00e1strojem, jak upoutat pozornost, zv\u00fd\u0161it anga\u017eovanost a zviditelnit rozhodnut\u00ed va\u0161\u00ed komunity. Pokud v\u0161ak nez\u00edsk\u00e1te dostate\u010dn\u00fd po\u010det hlas\u016f, va\u0161e anketa ztr\u00e1c\u00ed dopad. Proto je n\u00e1kup hlas\u016f na Twitteru rychl\u00fdm a bezpe\u010dn\u00fdm \u0159e\u0161en\u00edm, jak v anket\u00e1ch vyniknout a vytvo\u0159it autoritu na platform\u011b......","protected":false},"featured_media":318,"comment_status":"open","ping_status":"closed","template":"","meta":{"_acf_changed":false},"product_brand":[],"product_cat":[19],"product_tag":[],"class_list":{"0":"post-92","1":"product","2":"type-product","3":"status-publish","4":"has-post-thumbnail","6":"product_cat-twitter","7":"wcpa_has_options","9":"first","10":"instock","11":"shipping-taxable","12":"purchasable","13":"product-type-variable","14":"has-default-attributes"},"acf":[],"wcpa_form_fields":{"wcpaData":{"product":{"product_price":1.99,"price_html":"","original_product_price":1.99,"price_including_tax":1.99,"price_excluding_tax":1.99,"product_id":{"parent":92,"variation":false},"is_variable":true,"stock_status":"instock","stock_quantity":null,"parent_sku":"","product_attributes":{"cantidad":{"is_variation":true,"values":[]}},"custom_fields":[],"is_taxable":false,"product_name":"Comprar Votos Twitter","hasImage":false},"fields":{"sec_167faa7c614353":{"extra":{"key":"sec_167faa7c614353","section_id":"sec_167faa7c614353","name":"Por defecto","status":1,"toggle":true,"form_id":1071,"form_rules":{"exclude_from_discount":false,"fee_label":"Extras","disp_hide_options_price":false,"disp_show_section_price":false,"disp_show_field_price":false,"layout_option":"standard","pric_use_as_fee":false,"process_fee_as":"woo_fee"},"layout_option":"standard"},"fields":[[{"active":true,"col":5,"relations":false,"cl_rule":"show","enableCl":false,"price":"","enablePrice":false,"className":"","type":"text","subtype":"text","required":true,"elementId":"text_667faa7c61436c","label":"Enlace de la Publicaci\u00f3n de Twitter","name":"text_667faa7c61436c","value":"","error":false,"placeholder":"Ejemplo: https:\/\/x.com\/NASA\/status\/1911109060553847169","enableDesign":false,"LabelSize":"16px","gt_translate_keys":["label","placeholder","value"],"price_dependency":false,"cl_dependency":false}],[{"label":"Opci\u00f3n a Votar","active":true,"required":true,"elementId":"text-2562894642","value":"","placeholder":"Escribe la opci\u00f3n a votar, por ejemplo: OPCI\u00d3N 1 Barack Obama","name":"text-2562894642","enablePrice":false,"className":"","enableCl":false,"relations":false,"enableDesign":false,"LabelSize":"16px","subtype":"text","price":"","cl_rule":"show","col":5,"type":"text","error":false,"gt_translate_keys":["label","placeholder","value"],"price_dependency":false,"cl_dependency":false}]]}},"config":{"price_override":"","enable_recaptcha":false,"bind_quantity":false,"quantity_bind_formula":false,"disp_summ_show_option_price":false,"disp_summ_show_product_price":false,"disp_summ_show_total_price":false,"disp_summ_show_fee":false,"disp_summ_show_discount":false,"summary_title":"","options_total_label":"Extras","total_label":"Total","options_product_label":"Producto","fee_label":"Extras","discount_label":"Descuento","has_price":true,"has_quantity_formula":false},"mc_unit":1,"tax_rate":1,"tax_rate_real":1,"discount":{"percentage":0,"fixed":0},"design":{"conf":{"LabelPosition":"above","DescPosition":"above","UploadField":"custom_1","QuantityFieldStyle":"default"},"css":{"LeftLabelWidth":"120px"}},"formulas":[],"clones":false,"cartKey":false}},"_links":{"self":[{"href":"https:\/\/doymedia.com\/cs\/wp-json\/wp\/v2\/product\/92","targetHints":{"allow":["GET"]}}],"collection":[{"href":"https:\/\/doymedia.com\/cs\/wp-json\/wp\/v2\/product"}],"about":[{"href":"https:\/\/doymedia.com\/cs\/wp-json\/wp\/v2\/types\/product"}],"replies":[{"embeddable":true,"href":"https:\/\/doymedia.com\/cs\/wp-json\/wp\/v2\/comments?post=92"}],"wp:featuredmedia":[{"embeddable":true,"href":"https:\/\/doymedia.com\/cs\/wp-json\/wp\/v2\/media\/318"}],"wp:attachment":[{"href":"https:\/\/doymedia.com\/cs\/wp-json\/wp\/v2\/media?parent=92"}],"wp:term":[{"taxonomy":"product_brand","embeddable":true,"href":"https:\/\/doymedia.com\/cs\/wp-json\/wp\/v2\/product_brand?post=92"},{"taxonomy":"product_cat","embeddable":true,"href":"https:\/\/doymedia.com\/cs\/wp-json\/wp\/v2\/product_cat?post=92"},{"taxonomy":"product_tag","embeddable":true,"href":"https:\/\/doymedia.com\/cs\/wp-json\/wp\/v2\/product_tag?post=92"}],"curies":[{"name":"wp","href":"https:\/\/api.w.org\/{rel}","templated":true}]}}