{"id":922,"date":"2025-04-11T18:03:53","date_gmt":"2025-04-11T16:03:53","guid":{"rendered":"https:\/\/v2.doymedia.com\/?post_type=product&#038;p=922"},"modified":"2025-05-12T16:19:12","modified_gmt":"2025-05-12T14:19:12","slug":"koupit-twitter-retweety","status":"publish","type":"product","link":"https:\/\/doymedia.com\/cs\/comprar-retweets-twitter\/","title":{"rendered":"Koupit retweety na Twitteru"},"content":{"rendered":"<section class=\"l-section wpb_row height_medium\"><div class=\"l-section-h i-cf\"><div class=\"g-cols vc_row via_flex valign_top type_default stacking_default\"><div class=\"vc_col-sm-12 wpb_column vc_column_container\"><div class=\"vc_column-inner\"><div class=\"wpb_wrapper\"><div class=\"wpb_text_column\"><div class=\"wpb_wrapper\"><p class=\"translation-block\">Na Twitteru se po\u010d\u00edt\u00e1 ka\u017ed\u00fd retweet. Je to jeden z nejefektivn\u011bj\u0161\u00edch zp\u016fsob\u016f, jak pos\u00edlit sv\u00e9 sd\u011blen\u00ed, zviditelnit se a oslovit nov\u00e9 publikum. Pokud je v\u00e1\u0161 obsah dobr\u00fd, ale nedost\u00e1v\u00e1 se mu takov\u00e9 publicity, jakou by si zaslou\u017eil, <strong>koupen\u00ed retweet\u016f na Twitteru<\/strong> v\u00e1m m\u016f\u017ee pomoci vystoupit z digit\u00e1ln\u00ed anonymity a z\u00edskat siln\u011bj\u0161\u00ed pozici v konverzaci.<\/p>\n<p class=\"translation-block\">Retweet nen\u00ed jen soci\u00e1ln\u00ed akce: je to ve\u0159ejn\u00e9 doporu\u010den\u00ed. Poka\u017ed\u00e9, kdy\u017e n\u011bkdo retweetne v\u00e1\u0161 p\u0159\u00edsp\u011bvek, uvid\u00ed ho cel\u00e1 jeho s\u00ed\u0165. A kdy\u017e to ud\u011bl\u00e1 v\u00edce u\u017eivatel\u016f, algoritmus to interpretuje jako relevantn\u00ed obsah. Proto je <strong>kupov\u00e1n\u00ed retweet\u016f na Twitteru<\/strong> u\u017eite\u010dnou strategi\u00ed pro viralizaci zpr\u00e1v, pos\u00edlen\u00ed kampan\u00ed a pos\u00edlen\u00ed osobn\u00edch, profesn\u00edch nebo zna\u010dkov\u00fdch \u00fa\u010dt\u016f.<\/p>\n<h2>Pro\u010d kupovat retweety na Twitteru?<\/h2>\n<p class=\"translation-block\">Proto\u017ee na Twitteru je kl\u00ed\u010dem k \u00fasp\u011bchu dosah. M\u016f\u017eete m\u00edt obsah s velkou hodnotou, ale pokud nen\u00ed sd\u00edlen\u00fd, prost\u011b se tam nedostane. <strong>Koup\u011b retweet\u016f na Twitteru<\/strong> v\u00e1m pom\u016f\u017ee z\u00edskat prvn\u00ed impuls, vytvo\u0159it po\u010d\u00e1te\u010dn\u00ed rozruch a podpo\u0159it p\u0159irozenou interakci. Tweet, kter\u00fd z\u00edsk\u00e1 retweety v kr\u00e1tk\u00e9m \u010dase, m\u00e1 tendenci rychle nab\u00fdt na s\u00edle.<\/p>\n<p>Retweety tak\u00e9 vytv\u00e1\u0159ej\u00ed soci\u00e1ln\u00ed pov\u011bdom\u00ed. Kdy\u017e p\u0159\u00edsp\u011bvek z\u00edsk\u00e1 hodn\u011b sd\u00edlen\u00ed, vzbud\u00ed zv\u011bdavost, p\u0159il\u00e1k\u00e1 n\u00e1v\u0161t\u011bvn\u00edky a zlep\u0161\u00ed va\u0161e um\u00edst\u011bn\u00ed v intern\u00edch v\u00fdsledc\u00edch vyhled\u00e1v\u00e1n\u00ed. Tento typ aktivity tak\u00e9 posiluje v\u00e1\u0161 profil a zvy\u0161uje autoritu, kterou na platform\u011b prezentujete.<\/p>\n<h3>V\u00fdhody n\u00e1kupu retweet\u016f na Twitteru<\/h3>\n<ul>\n<li>\ud83d\udce2 V\u011bt\u0161\u00ed \u0161\u00ed\u0159en\u00ed a dosah va\u0161ich tweet\u016f<\/li>\n<li>\ud83d\ude80 Po\u010d\u00e1te\u010dn\u00ed zv\u00fd\u0161en\u00ed viditelnosti<\/li>\n<li>\ud83c\udfaf P\u0159il\u00e1kat nov\u00e9 p\u0159\u00edznivce a potenci\u00e1ln\u00ed z\u00e1kazn\u00edky<\/li>\n<li>\ud83d\udcac Vytv\u00e1\u0159ejte konverzaci kolem sv\u00e9ho obsahu<\/li>\n<li>\ud83d\udd12 Bezpe\u010dn\u00e9 doru\u010den\u00ed bez ohro\u017een\u00ed va\u0161eho \u00fa\u010dtu<\/li>\n<\/ul>\n<p class=\"translation-block\">Tato slu\u017eba je ide\u00e1ln\u00ed, pokud chcete viralizovat kampa\u0148, upozornit na n\u011bjak\u00fd n\u00e1zor, propagovat produkt nebo jednodu\u0161e vyvolat v\u00edce pozitivn\u00edho rozruchu kolem sv\u00e9ho \u00fa\u010dtu. A\u0165 u\u017e jste influencer, podnikatel, um\u011blec nebo firma, <strong>koupit retweety na Twitteru<\/strong> v\u00e1m pom\u016f\u017ee dos\u00e1hnout d\u00e1l s men\u0161\u00edm \u00fasil\u00edm.<\/p>\n<h2>Je bezpe\u010dn\u00e9 kupovat retweety na Twitteru?<\/h2>\n<p>Rozhodn\u011b. Nepot\u0159ebujeme hesla ani p\u0159\u00edstup k va\u0161emu \u00fa\u010dtu. Sta\u010d\u00ed n\u00e1m sd\u011blit odkaz na tweet, kter\u00fd chcete pos\u00edlit. Na\u0161e poskytov\u00e1n\u00ed je progresivn\u00ed, p\u0159irozen\u00e9 a navr\u017een\u00e9 tak, aby se p\u0159izp\u016fsobilo skute\u010dn\u00fdm vzorc\u016fm pou\u017e\u00edv\u00e1n\u00ed, \u010d\u00edm\u017e chr\u00e1n\u00ed pov\u011bst a integritu va\u0161eho profilu.<\/p>\n<p class=\"translation-block\">Pou\u017e\u00edv\u00e1me optimalizovan\u00e9 syst\u00e9my, abychom v\u00e1\u0161 obsah retweetovali bez jak\u00e9hokoli rizika. Tis\u00edce \u00fa\u010dt\u016f si d\u00edky t\u00e9to slu\u017eb\u011b zlep\u0161ily svou expozici a dos\u00e1hly viditeln\u00fdch v\u00fdsledk\u016f b\u011bhem n\u011bkolika minut nebo hodin. <strong>Koupit retweety na Twitteru<\/strong> je spolehliv\u00fd a \u00fa\u010dinn\u00fd zp\u016fsob, jak vyniknout.<\/p>\n<h3>Kdo by m\u011bl tuto slu\u017ebu vyu\u017e\u00edvat?<\/h3>\n<p>Ka\u017ed\u00fd u\u017eivatel Twitteru, kter\u00fd chce zes\u00edlit sv\u00e9 sd\u011blen\u00ed, zviditelnit kl\u00ed\u010dov\u00fd tweet nebo z\u00edskat v\u011bt\u0161\u00ed autoritu. Nez\u00e1le\u017e\u00ed na tom, zda je v\u00e1\u0161 \u00fa\u010det nov\u00fd nebo ji\u017e zaveden\u00fd: retweety se v\u017edy s\u010d\u00edtaj\u00ed. Tato slu\u017eba je ide\u00e1ln\u00ed pro:<\/p>\n<ul>\n<li>\ud83d\udcc8 Podnikatel\u00e9 propaguj\u00edc\u00ed v\u00fdrobky nebo slu\u017eby<\/li>\n<li>\ud83c\udfa4 Um\u011blci a tv\u016frci \u0161\u00ed\u0159\u00edc\u00ed sv\u016fj obsah<\/li>\n<li>\ud83d\udcf2 Influence\u0159i hledaj\u00ed zapojen\u00ed a viralitu<\/li>\n<li>\ud83c\udfe2 Zna\u010dky spou\u0161t\u011bj\u00edc\u00ed soci\u00e1ln\u00ed kampan\u011b nebo akce<\/li>\n<li>\ud83e\udde0 Profesion\u00e1lov\u00e9 sd\u00edlej\u00ed n\u00e1pady nebo znalosti<\/li>\n<\/ul>\n<h2>Jak to funguje?<\/h2>\n<p>Postup je velmi jednoduch\u00fd. Sta\u010d\u00ed vybrat po\u017eadovan\u00fd po\u010det retweet\u016f, poskytnout n\u00e1m odkaz na tweet a potvrdit objedn\u00e1vku. My se postar\u00e1me o postupn\u00e9, p\u0159irozen\u00e9 a bezpe\u010dn\u00e9 doru\u010den\u00ed retweet\u016f. Vy se jen soust\u0159e\u010fte na to, abyste pokra\u010dovali v tvorb\u011b kvalitn\u00edho obsahu.<\/p>\n<p class=\"translation-block\">A pokud hled\u00e1te komplexn\u011bj\u0161\u00ed r\u016fst, m\u016f\u017eete tuto slu\u017ebu kombinovat s <a href=\"https:\/\/doymedia.com\/cs\/koupit-twitter-rad\/\" target=\"_self\"><strong>n\u00e1kupem lajk\u016f na Twitteru<\/strong><\/a> nebo <a href=\"https:\/\/doymedia.com\/cs\/koupit-twitter-nasledovniky\/\" target=\"_self\"><strong>n\u00e1kupem follower\u016f na Twitteru<\/strong><\/a>. T\u00edmto zp\u016fsobem zv\u00fd\u0161\u00edte anga\u017eovanost i viditelnou autoritu sv\u00e9ho \u00fa\u010dtu.<\/p>\n<h2>Dosta\u0148te sv\u016fj hlas d\u00e1l<\/h2>\n<p class=\"translation-block\">Nedovolte, aby se va\u0161e p\u0159\u00edsp\u011bvky ztratily v \u0161umu webu. <strong>Koup\u011b retweet\u016f na Twitteru<\/strong> v\u00e1m umo\u017en\u00ed zes\u00edlit va\u0161e sd\u011blen\u00ed, spojit se s v\u00edce lidmi a vyvolat skute\u010dnou konverzaci kolem va\u0161eho obsahu. Dop\u0159ejte sv\u00fdm my\u0161lenk\u00e1m dosah, kter\u00fd si zaslou\u017e\u00ed. Za\u010dn\u011bte je\u0161t\u011b dnes.<\/p>\n<\/div><\/div><\/div><\/div><\/div><\/div><\/div><\/section>","protected":false},"excerpt":{"rendered":"Na Twitteru se po\u010d\u00edt\u00e1 ka\u017ed\u00fd retweet. Je to jeden z nejefektivn\u011bj\u0161\u00edch zp\u016fsob\u016f, jak pos\u00edlit sv\u00e9 sd\u011blen\u00ed, zviditelnit se a oslovit nov\u00e9 publikum. Pokud je v\u00e1\u0161 obsah dobr\u00fd, ale nedost\u00e1v\u00e1 se mu takov\u00e9 pozornosti, jakou by si zaslou\u017eil, n\u00e1kup retweet\u016f na Twitteru v\u00e1m m\u016f\u017ee pomoci vystoupit z digit\u00e1ln\u00ed anonymity a z\u00edskat siln\u011bj\u0161\u00ed pozici v konverzaci. A...","protected":false},"featured_media":318,"comment_status":"open","ping_status":"closed","template":"","meta":{"_acf_changed":false},"product_brand":[],"product_cat":[19],"product_tag":[],"class_list":{"0":"post-922","1":"product","2":"type-product","3":"status-publish","4":"has-post-thumbnail","6":"product_cat-twitter","7":"wcpa_has_options","9":"first","10":"instock","11":"sale","12":"shipping-taxable","13":"purchasable","14":"product-type-variable","15":"has-default-attributes"},"acf":[],"wcpa_form_fields":{"wcpaData":{"product":{"product_price":3.99,"price_html":"","original_product_price":3.99,"price_including_tax":3.99,"price_excluding_tax":3.99,"product_id":{"parent":922,"variation":false},"is_variable":true,"stock_status":"instock","stock_quantity":null,"parent_sku":"","product_attributes":{"cantidad":{"is_variation":true,"values":[]}},"custom_fields":[],"is_taxable":false,"product_name":"Comprar Retweets Twitter","hasImage":false},"fields":{"sec_767faa7afa4149":{"extra":{"key":"sec_767faa7afa4149","section_id":"sec_767faa7afa4149","name":"Por defecto","status":1,"toggle":true,"form_id":1070,"form_rules":{"exclude_from_discount":false,"fee_label":"Extra's","disp_hide_options_price":false,"disp_show_section_price":false,"disp_show_field_price":false,"layout_option":"standard","pric_use_as_fee":false,"process_fee_as":"woo_fee"},"layout_option":"standard"},"fields":[[{"active":true,"col":5,"relations":false,"cl_rule":"show","enableCl":false,"price":"","enablePrice":false,"className":"","type":"text","subtype":"text","required":true,"elementId":"text_367faa7afa4162","label":"Enlace de la Publicaci\u00f3n de Twitter","name":"text_367faa7afa4162","value":"","error":false,"placeholder":"Ejemplo: https:\/\/x.com\/NASA\/status\/1911109060553847169","enableDesign":false,"LabelSize":"16px","gt_translate_keys":["label","placeholder","value"],"price_dependency":false,"cl_dependency":false}]]}},"config":{"price_override":"","enable_recaptcha":false,"bind_quantity":false,"quantity_bind_formula":false,"disp_summ_show_option_price":false,"disp_summ_show_product_price":false,"disp_summ_show_total_price":false,"disp_summ_show_fee":false,"disp_summ_show_discount":false,"summary_title":"","options_total_label":"Extra's","total_label":"Totaal","options_product_label":"Product","fee_label":"Extra's","discount_label":"Korting","has_price":true,"has_quantity_formula":false},"mc_unit":1,"tax_rate":1,"tax_rate_real":1,"discount":{"percentage":0,"fixed":0},"design":{"conf":{"LabelPosition":"above","DescPosition":"above","UploadField":"custom_1","QuantityFieldStyle":"default"},"css":{"LeftLabelWidth":"120px"}},"formulas":[],"clones":false,"cartKey":false}},"_links":{"self":[{"href":"https:\/\/doymedia.com\/cs\/wp-json\/wp\/v2\/product\/922","targetHints":{"allow":["GET"]}}],"collection":[{"href":"https:\/\/doymedia.com\/cs\/wp-json\/wp\/v2\/product"}],"about":[{"href":"https:\/\/doymedia.com\/cs\/wp-json\/wp\/v2\/types\/product"}],"replies":[{"embeddable":true,"href":"https:\/\/doymedia.com\/cs\/wp-json\/wp\/v2\/comments?post=922"}],"wp:featuredmedia":[{"embeddable":true,"href":"https:\/\/doymedia.com\/cs\/wp-json\/wp\/v2\/media\/318"}],"wp:attachment":[{"href":"https:\/\/doymedia.com\/cs\/wp-json\/wp\/v2\/media?parent=922"}],"wp:term":[{"taxonomy":"product_brand","embeddable":true,"href":"https:\/\/doymedia.com\/cs\/wp-json\/wp\/v2\/product_brand?post=922"},{"taxonomy":"product_cat","embeddable":true,"href":"https:\/\/doymedia.com\/cs\/wp-json\/wp\/v2\/product_cat?post=922"},{"taxonomy":"product_tag","embeddable":true,"href":"https:\/\/doymedia.com\/cs\/wp-json\/wp\/v2\/product_tag?post=922"}],"curies":[{"name":"wp","href":"https:\/\/api.w.org\/{rel}","templated":true}]}}