{"id":94,"date":"2025-03-27T01:32:40","date_gmt":"2025-03-27T00:32:40","guid":{"rendered":"https:\/\/v2.doymedia.com\/?post_type=product&#038;p=94"},"modified":"2025-05-12T16:25:55","modified_gmt":"2025-05-12T14:25:55","slug":"koupit-youtube-likes","status":"publish","type":"product","link":"https:\/\/doymedia.com\/cs\/comprar-likes-youtube\/","title":{"rendered":"Koupit Youtube Likes"},"content":{"rendered":"<section class=\"l-section wpb_row height_medium\"><div class=\"l-section-h i-cf\"><div class=\"g-cols vc_row via_flex valign_top type_default stacking_default\"><div class=\"vc_col-sm-12 wpb_column vc_column_container\"><div class=\"vc_column-inner\"><div class=\"wpb_wrapper\"><div class=\"wpb_text_column\"><div class=\"wpb_wrapper\"><p><strong>Zve\u0159ej\u0148ujete videa na YouTube a nevid\u00edte interakci, ve kterou jste doufali? <\/strong><\/p>\n<p>Dobr\u00fd obsah pot\u0159ebuje viditelnost, ale tak\u00e9 soci\u00e1ln\u00ed sign\u00e1ly, kter\u00e9 ho podpo\u0159\u00ed.<\/p>\n<p class=\"translation-block\">Kdy\u017e n\u011bkdo vid\u00ed video s mnoha \"lajky\", vn\u00edm\u00e1 ho jako relevantn\u00ed, hodnotn\u00e9 a d\u016fv\u011bryhodn\u00e9. Proto m\u016f\u017ee b\u00fdt <strong>koupen\u00ed lajk\u016f na YouTube<\/strong> kl\u00ed\u010dem k tomu, abyste vynikli, p\u0159il\u00e1kali v\u00edce div\u00e1k\u016f a zlep\u0161ili svou p\u0159\u00edtomnost na platform\u011b.<\/p>\n<p>Algoritmus YouTube tak\u00e9 zohled\u0148uje po\u010det lajk\u016f, aby ur\u010dil, kter\u00e1 videa se maj\u00ed zobrazovat v doporu\u010den\u00edch, vyhled\u00e1v\u00e1n\u00ed nebo doporu\u010den\u00fdch sekc\u00edch.<\/p>\n<p class=\"translation-block\">Pokud chcete zv\u00fd\u0161it \u0161ance na viralizaci sv\u00e9ho obsahu, je <strong>n\u00e1kup lajk\u016f na YouTube<\/strong> chytr\u00e1, bezpe\u010dn\u00e1 a \u00fa\u010dinn\u00e1 strategie.<\/p>\n<h2>Pro\u010d kupovat lajky na YouTube?<\/h2>\n<p class=\"translation-block\">Lajky neslou\u017e\u00ed jen k uspokojen\u00ed ega. Jsou jedn\u00edm z nejd\u016fle\u017eit\u011bj\u0161\u00edch ukazatel\u016f kvality vn\u00edman\u00e9 publikem. \u010c\u00edm v\u00edce lajk\u016f video m\u00e1, t\u00edm vy\u0161\u0161\u00ed je jeho d\u016fv\u011bryhodnost, vizu\u00e1ln\u00ed p\u0159ita\u017elivost a \u0161ance p\u0159il\u00e1kat nov\u00e9 div\u00e1ky. <strong>Koup\u00ed lajk\u016f na YouTube<\/strong> vys\u00edl\u00e1te algoritmu i u\u017eivatel\u016fm jasn\u00fd sign\u00e1l: tento obsah stoj\u00ed za to.<\/p>\n<p class=\"translation-block\">Nav\u00edc \"dominov\u00fd efekt\" je skute\u010dn\u00fd. Video s mnoha lajky m\u00e1 tendenci z\u00edskat v\u00edce koment\u00e1\u0159\u016f, v\u00edce sd\u00edlen\u00ed a hlavn\u011b v\u00edce organick\u00fdch zhl\u00e9dnut\u00ed. Jedn\u00e1 se o \u00fa\u010dinn\u00fd zp\u016fsob, jak doplnit dal\u0161\u00ed strategie, jako je <a href=\"https:\/\/doymedia.com\/cs\/koupit-zobrazeni-na-youtube\/\" target=\"_self\"><strong>koupen\u00ed zhl\u00e9dnut\u00ed na YouTube<\/strong><\/a> nebo <a href=\"https:\/\/doymedia.com\/cs\/koupit-youtube-predplatitele\/\" target=\"_self\"><strong>koupen\u00ed odb\u011bratel\u016f na YouTube,<\/strong><\/a> a vybudovat si tak na platform\u011b solidn\u00ed a konzistentn\u00ed p\u0159\u00edtomnost.<\/p>\n<h3>V\u00fdhody n\u00e1kupu lajk\u016f na YouTube<\/h3>\n<ul>\n<li>\ud83d\udcc8 Zlep\u0161ete ve\u0159ejn\u00fd obraz sv\u00fdch vide\u00ed<\/li>\n<li>\ud83d\ude80 zvy\u0161uje pravd\u011bpodobnost, \u017ee se objev\u00ed v doporu\u010den\u00edch<\/li>\n<li>\ud83d\udc4d Dod\u00e1v\u00e1 d\u016fv\u011bryhodnost a jistotu nov\u00fdm div\u00e1k\u016fm<\/li>\n<li>\ud83d\udd01 Zvy\u0161te anga\u017eovanost sv\u00e9ho kan\u00e1lu<\/li>\n<li>\ud83d\udd12 Bezpe\u010dn\u00e9 doru\u010den\u00ed bez ohro\u017een\u00ed va\u0161eho \u00fa\u010dtu<\/li>\n<\/ul>\n<p class=\"translation-block\">A\u0165 u\u017e m\u00e1te nov\u00fd kan\u00e1l, spou\u0161t\u00edte velk\u00e9 video nebo chcete pos\u00edlit obsah sv\u00e9 zna\u010dky, <strong>n\u00e1kup lajk\u016f na YouTube<\/strong> je strategick\u00e9 rozhodnut\u00ed, kter\u00e9 v\u00e1m m\u016f\u017ee pomoci vyniknout ve st\u00e1le konkuren\u010dn\u011bj\u0161\u00edm prost\u0159ed\u00ed.<\/p>\n<h2>Je bezpe\u010dn\u00e9 kupovat lajky na YouTube?<\/h2>\n<p>Ano, rozhodn\u011b. Na na\u0161\u00ed platform\u011b v\u00e1s nikdy nebudeme \u017e\u00e1dat o hesla nebo p\u0159\u00edstup k va\u0161emu kan\u00e1lu. Sta\u010d\u00ed, kdy\u017e n\u00e1m poskytnete odkaz na video, u kter\u00e9ho chcete z\u00edskat lajky. Proces je diskr\u00e9tn\u00ed, postupn\u00fd a navr\u017een\u00fd tak, aby r\u016fst z\u016fstal p\u0159irozen\u00fd.<\/p>\n<p class=\"translation-block\">N\u00e1\u0161 syst\u00e9m pracuje zcela d\u016fv\u011brn\u011b a pou\u017e\u00edv\u00e1 osv\u011bd\u010den\u00e9 metody, tak\u017ee v\u00e1\u0161 kan\u00e1l nen\u00ed ohro\u017een. V\u00edme, jak d\u016fle\u017eit\u00e9 je pe\u010dovat o svou digit\u00e1ln\u00ed pov\u011bst, proto je <strong>koupen\u00ed lajk\u016f YouTube<\/strong> u n\u00e1s synonymem d\u016fv\u011bry a bezpe\u010dnosti.<\/p>\n<h3>Kdo m\u016f\u017ee tuto slu\u017ebu vyu\u017e\u00edt?<\/h3>\n<p class=\"translation-block\">T\u011b\u017eit z toho m\u016f\u017ee ka\u017ed\u00fd, kdo publikuje videa na YouTube. Tato slu\u017eba je ur\u010dena pro tv\u016frce, zna\u010dky, influencery, firmy nebo nov\u00e9 kan\u00e1ly, kter\u00e9 cht\u011bj\u00ed zv\u00fd\u0161it interakci se sv\u00fdm obsahem. <strong>Koupit lajky na YouTube<\/strong> je u\u017eite\u010dn\u00e9 jak pro propagaci, tak pro upevn\u011bn\u00ed va\u0161\u00ed p\u0159\u00edtomnosti.<\/p>\n<ul>\n<li>\ud83c\udfa5 Tv\u016frci, kte\u0159\u00ed cht\u011bj\u00ed, aby se jejich videa v\u00edce l\u00edbila.<\/li>\n<li>\ud83d\udcc8 Nov\u00e9 kan\u00e1ly, kter\u00e9 pot\u0159ebuj\u00ed po\u010d\u00e1te\u010dn\u00ed trakci<\/li>\n<li>\ud83d\udcbc Firmy posiluj\u00edc\u00ed kampan\u011b nebo uveden\u00ed na trh<\/li>\n<li>\ud83c\udf99\ufe0f Um\u011blci a hudebn\u00edci hledaj\u00edc\u00ed spole\u010densk\u00e9 uzn\u00e1n\u00ed<\/li>\n<li>\ud83e\udde0 Vzd\u011blavatel\u00e9 nebo odborn\u00edci, kte\u0159\u00ed cht\u011bj\u00ed z\u00edskat autoritu.<\/li>\n<\/ul>\n<h2>Jak tento proces prob\u00edh\u00e1?<\/h2>\n<p>N\u00e1kup lajk\u016f na YouTube je rychl\u00fd a snadn\u00fd. Sta\u010d\u00ed si vybrat bal\u00ed\u010dek, kter\u00fd vyhovuje va\u0161im pot\u0159eb\u00e1m, poskytnout n\u00e1m odkaz na video a prov\u00e9st platbu. Po potvrzen\u00ed za\u010dneme lajky postupn\u011b a bezpe\u010dn\u011b dod\u00e1vat.<\/p>\n<p>Pokud budete pot\u0159ebovat pomoc s jakoukoli \u010d\u00e1st\u00ed procesu, n\u00e1\u0161 t\u00fdm podpory v\u00e1m bude k dispozici, aby zodpov\u011bd\u011bl va\u0161e dotazy a zajistil uspokojiv\u00e9 zku\u0161enosti od sam\u00e9ho za\u010d\u00e1tku.<\/p>\n<h2>Roz\u0161i\u0159te sv\u016fj kan\u00e1l je\u0161t\u011b dnes<\/h2>\n<p class=\"translation-block\">Tis\u00edce u\u017eivatel\u016f ji\u017e vyu\u017eilo tuto slu\u017ebu ke zv\u00fd\u0161en\u00ed kvality sv\u00fdch vide\u00ed a zlep\u0161en\u00ed jejich hodnocen\u00ed na YouTube. M\u016f\u017eete to ud\u011blat i vy. <strong>Koupit lajky na YouTube<\/strong> je rychl\u00fd, bezpe\u010dn\u00fd a \u00fa\u010dinn\u00fd zp\u016fsob, jak zv\u00fd\u0161it sv\u016fj vliv bez komplikac\u00ed.<\/p>\n<p>Nenechte sv\u00e1 videa bez pov\u0161imnut\u00ed. P\u0159idejte hodnotu, autoritu a viditelnost jedn\u00edm jednoduch\u00fdm krokem. Vyberte si sv\u016fj bal\u00ed\u010dek a za\u010dn\u011bte vid\u011bt v\u00fdsledky je\u0161t\u011b dnes.<\/p>\n<\/div><\/div><\/div><\/div><\/div><\/div><\/div><\/section>","protected":false},"excerpt":{"rendered":"Zve\u0159ej\u0148ujete videa na YouTube a nevid\u00edte interakci, ve kterou jste doufali? Dobr\u00fd obsah pot\u0159ebuje viditelnost, ale tak\u00e9 soci\u00e1ln\u00ed sign\u00e1ly, kter\u00e9 ho podpo\u0159\u00ed. Kdy\u017e n\u011bkdo vid\u00ed video s mnoha \"lajky\", vn\u00edm\u00e1 ho jako relevantn\u00ed, hodnotn\u00e9 a d\u016fv\u011bryhodn\u00e9. Proto m\u016f\u017ee b\u00fdt n\u00e1kup lajk\u016f na YouTube kl\u00ed\u010dem k tomu, abyste vynikli, p\u0159il\u00e1kali v\u00edce div\u00e1k\u016f a...","protected":false},"featured_media":243,"comment_status":"open","ping_status":"closed","template":"","meta":{"_acf_changed":false},"product_brand":[],"product_cat":[21],"product_tag":[],"class_list":{"0":"post-94","1":"product","2":"type-product","3":"status-publish","4":"has-post-thumbnail","6":"product_cat-youtube","7":"wcpa_has_options","9":"first","10":"instock","11":"sale","12":"featured","13":"shipping-taxable","14":"purchasable","15":"product-type-variable","16":"has-default-attributes"},"acf":[],"wcpa_form_fields":{"wcpaData":{"product":{"product_price":1.99,"price_html":"","original_product_price":1.99,"price_including_tax":1.99,"price_excluding_tax":1.99,"product_id":{"parent":94,"variation":false},"is_variable":true,"stock_status":"instock","stock_quantity":null,"parent_sku":"","product_attributes":{"cantidad":{"is_variation":true,"values":[]}},"custom_fields":[],"is_taxable":false,"product_name":"Comprar Likes Youtube","hasImage":false},"fields":{"sec_667faa076605fd":{"extra":{"key":"sec_667faa076605fd","section_id":"sec_667faa076605fd","name":"Por defecto","status":1,"toggle":true,"form_id":1056,"form_rules":{"exclude_from_discount":false,"fee_label":"Extra's","disp_hide_options_price":false,"disp_show_section_price":false,"disp_show_field_price":false,"layout_option":"standard","pric_use_as_fee":false,"process_fee_as":"woo_fee"},"layout_option":"standard"},"fields":[[{"active":true,"col":5,"relations":false,"cl_rule":"show","enableCl":false,"price":"","enablePrice":false,"className":"","type":"text","subtype":"text","required":true,"elementId":"text_967faa0766061b","label":"Enlace al V\u00eddeo","name":"text_967faa0766061b","value":"","error":false,"placeholder":"Ejemplo: https:\/\/www.youtube.com\/watch?v=0e3GPea1Tyg","enableDesign":false,"LabelSize":"16px","gt_translate_keys":["label","placeholder","value"],"price_dependency":false,"cl_dependency":false}]]}},"config":{"price_override":"","enable_recaptcha":false,"bind_quantity":false,"quantity_bind_formula":false,"disp_summ_show_option_price":false,"disp_summ_show_product_price":false,"disp_summ_show_total_price":false,"disp_summ_show_fee":false,"disp_summ_show_discount":false,"summary_title":"","options_total_label":"Extra's","total_label":"Totaal","options_product_label":"Product","fee_label":"Extra's","discount_label":"Korting","has_price":true,"has_quantity_formula":false},"mc_unit":1,"tax_rate":1,"tax_rate_real":1,"discount":{"percentage":0,"fixed":0},"design":{"conf":{"LabelPosition":"above","DescPosition":"above","UploadField":"custom_1","QuantityFieldStyle":"default"},"css":{"LeftLabelWidth":"120px"}},"formulas":[],"clones":false,"cartKey":false}},"_links":{"self":[{"href":"https:\/\/doymedia.com\/cs\/wp-json\/wp\/v2\/product\/94","targetHints":{"allow":["GET"]}}],"collection":[{"href":"https:\/\/doymedia.com\/cs\/wp-json\/wp\/v2\/product"}],"about":[{"href":"https:\/\/doymedia.com\/cs\/wp-json\/wp\/v2\/types\/product"}],"replies":[{"embeddable":true,"href":"https:\/\/doymedia.com\/cs\/wp-json\/wp\/v2\/comments?post=94"}],"wp:featuredmedia":[{"embeddable":true,"href":"https:\/\/doymedia.com\/cs\/wp-json\/wp\/v2\/media\/243"}],"wp:attachment":[{"href":"https:\/\/doymedia.com\/cs\/wp-json\/wp\/v2\/media?parent=94"}],"wp:term":[{"taxonomy":"product_brand","embeddable":true,"href":"https:\/\/doymedia.com\/cs\/wp-json\/wp\/v2\/product_brand?post=94"},{"taxonomy":"product_cat","embeddable":true,"href":"https:\/\/doymedia.com\/cs\/wp-json\/wp\/v2\/product_cat?post=94"},{"taxonomy":"product_tag","embeddable":true,"href":"https:\/\/doymedia.com\/cs\/wp-json\/wp\/v2\/product_tag?post=94"}],"curies":[{"name":"wp","href":"https:\/\/api.w.org\/{rel}","templated":true}]}}