{"id":95,"date":"2025-03-27T01:32:40","date_gmt":"2025-03-27T00:32:40","guid":{"rendered":"https:\/\/v2.doymedia.com\/?post_type=product&#038;p=95"},"modified":"2025-07-16T21:42:09","modified_gmt":"2025-07-16T19:42:09","slug":"koupit-youtube-predplatitele","status":"publish","type":"product","link":"https:\/\/doymedia.com\/cs\/comprar-suscriptores-youtube\/","title":{"rendered":"Koupit odb\u011bratele Youtube"},"content":{"rendered":"<section class=\"l-section wpb_row height_medium\"><div class=\"l-section-h i-cf\"><div class=\"g-cols vc_row via_flex valign_top type_default stacking_default\"><div class=\"vc_col-sm-12 wpb_column vc_column_container\"><div class=\"vc_column-inner\"><div class=\"wpb_wrapper\"><div class=\"wpb_text_column\"><div class=\"wpb_wrapper\"><p class=\"translation-block\">Kvalitn\u00ed obsah u\u017e k r\u016fstu na YouTube nesta\u010d\u00ed. Pokud chcete, aby v\u00e1\u0161 kan\u00e1l vynikl, pot\u0159ebujete aktivn\u00ed komunitu, kter\u00e1 ho bude podporovat. Proto se <strong>n\u00e1kup odb\u011bratel\u016f YouTube<\/strong> stal \u00fa\u010dinnou strategi\u00ed, jak urychlit r\u016fst jak\u00e9hokoli kan\u00e1lu bez ohledu na jeho velikost nebo t\u00e9ma.<\/p>\n<p class=\"translation-block\">Odb\u011bratel\u00e9 jsou kl\u00ed\u010dov\u00fdm znakem popularity a relevance. Kdy\u017e n\u011bkdo vstoup\u00ed na v\u00e1\u0161 kan\u00e1l a vid\u00ed, \u017ee u\u017e m\u00e1te solidn\u00ed z\u00e1kladnu sleduj\u00edc\u00edch, automaticky to zvy\u0161uje d\u016fv\u011bru a z\u00e1jem o v\u00e1\u0161 obsah. Nav\u00edc <strong>kupov\u00e1n\u00edm odb\u011bratel\u016f YouTube,<\/strong> zlep\u0161ujete sv\u00e9 hodnocen\u00ed na platform\u011b, proto\u017ee algoritmus oce\u0148uje tak\u00e9 velikost va\u0161\u00ed komunity.<\/p>\n<h2>Pro\u010d kupovat odb\u011bratele na YouTube?<\/h2>\n<p class=\"translation-block\">Je to toti\u017e p\u0159\u00edm\u00fd zp\u016fsob, jak zviditelnit sv\u016fj kan\u00e1l, p\u0159il\u00e1kat nov\u00e9 publikum a otev\u0159\u00edt dve\u0159e k mo\u017enostem zpen\u011b\u017een\u00ed a partnerstv\u00ed. Mnoho u\u017eivatel\u016f se k odb\u011bru mal\u00fdch kan\u00e1l\u016f nep\u0159ihla\u0161uje, proto\u017ee p\u0159edpokl\u00e1daj\u00ed, \u017ee nejsou relevantn\u00ed. <strong>Koup\u00ed odb\u011bratel\u016f YouTube,<\/strong> vytv\u00e1\u0159\u00edte siln\u011bj\u0161\u00ed, profesion\u00e1ln\u011bj\u0161\u00ed a d\u016fv\u011bryhodn\u011bj\u0161\u00ed image.<\/p>\n<p>Zv\u00fd\u0161en\u00edm po\u010dtu odb\u011bratel\u016f nav\u00edc zlep\u0161\u00edte sv\u00e9 celkov\u00e9 metriky. To m\u00e1 pozitivn\u00ed dopad na algoritmus, co\u017e se projev\u00ed v\u011bt\u0161\u00edm dosahem, v\u011bt\u0161\u00edm po\u010dtem doporu\u010den\u00ed a v\u011bt\u0161\u00edm po\u010dtem zhl\u00e9dnut\u00ed va\u0161ich vide\u00ed.<\/p>\n<h3>V\u00fdhody n\u00e1kupu odb\u011bratel\u016f YouTube<\/h3>\n<ul>\n<li>\ud83d\udcc8 Rychl\u00fd a viditeln\u00fd r\u016fst jate\u010dn\u011b upraven\u00e9ho t\u011bla<\/li>\n<li>\ud83e\udd1d Zvy\u0161te svou d\u016fv\u011bryhodnost a autoritu p\u0159ed ve\u0159ejnost\u00ed.<\/li>\n<li>\ud83d\ude80 Zvy\u0161te sv\u00e9 mo\u017enosti zpen\u011b\u017een\u00ed<\/li>\n<li>\ud83d\udd01 Zv\u00fd\u0161en\u00ed zapojen\u00ed a organick\u00e9 n\u00e1v\u0161t\u011bvnosti<\/li>\n<li>\ud83d\udd12 Zabezpe\u010den\u00e1 slu\u017eba bez nutnosti zad\u00e1vat hesla nebo p\u0159ihla\u0161ovac\u00ed \u00fadaje<\/li>\n<\/ul>\n<p class=\"translation-block\">Tato slu\u017eba je ur\u010dena pro v\u0161echny typy kan\u00e1l\u016f: nez\u00e1visl\u00e9 tv\u016frce, osobn\u00ed zna\u010dky, firmy, hudebn\u00edky, pedagogy nebo influencery. Pokud se chcete posunout na vy\u0161\u0161\u00ed \u00farove\u0148, <strong>koupen\u00ed odb\u011bratel\u016f YouTube<\/strong> v\u00e1m pom\u016f\u017ee tento proces urychlit.<\/p>\n<h2>Je n\u00e1kup odb\u011bratel\u016f YouTube bezpe\u010dn\u00fd?<\/h2>\n<p>Ano, rozhodn\u011b. Na\u0161e platforma pracuje se zabezpe\u010den\u00fdmi syst\u00e9my a progresivn\u00edmi metodami doru\u010dov\u00e1n\u00ed, kter\u00e9 zaru\u010duj\u00ed p\u0159irozen\u00fd r\u016fst. Ne\u017e\u00e1d\u00e1me o va\u0161e heslo ani o p\u0159\u00edstup k va\u0161emu kan\u00e1lu. Pot\u0159ebujeme pouze odkaz na kan\u00e1l, na kter\u00fd chcete pos\u00edlat odb\u011bratele.<\/p>\n<p class=\"translation-block\">Krom\u011b toho je ka\u017ed\u00e1 objedn\u00e1vka sledov\u00e1na na\u0161\u00edm t\u00fdmem, aby bylo zaji\u0161t\u011bno jej\u00ed spr\u00e1vn\u00e9 a v\u010dasn\u00e9 doru\u010den\u00ed. V\u00edme, jak d\u016fle\u017eit\u00e9 je pe\u010dovat o svou digit\u00e1ln\u00ed pov\u011bst, proto je <strong>n\u00e1kup odb\u011bratel\u016f YouTube<\/strong> u n\u00e1s bezpe\u010dn\u00fd, efektivn\u00ed a profesion\u00e1ln\u00ed z\u00e1\u017eitek.<\/p>\n<h3>Jak to funguje?<\/h3>\n<p>Proces je rychl\u00fd a snadn\u00fd. Sta\u010d\u00ed vybrat bal\u00ed\u010dek pro p\u0159edplatitele, kter\u00fd nejl\u00e9pe vyhovuje va\u0161im pot\u0159eb\u00e1m, zadat odkaz na kan\u00e1l a dokon\u010dit objedn\u00e1vku. O zbytek se postar\u00e1me my a budeme v\u00e1m p\u0159edplatitele dod\u00e1vat postupn\u011b, abychom udr\u017eeli p\u0159irozenou rychlost r\u016fstu.<\/p>\n<p class=\"translation-block\">Pokud nav\u00edc chcete zlep\u0161it i dal\u0161\u00ed metriky sv\u00e9ho kan\u00e1lu, m\u016f\u017eete tuto slu\u017ebu kombinovat s <a href=\"https:\/\/doymedia.com\/cs\/koupit-zobrazeni-na-youtube\/\" target=\"_self\"><strong>koupit zhl\u00e9dnut\u00ed na YouTube<\/strong><\/a> nebo <a href=\"https:\/\/doymedia.com\/cs\/koupit-youtube-likes\/\" target=\"_self\"><strong>koupit lajky na YouTube.<\/strong><\/a> V\u00e1\u0161 kan\u00e1l tak poroste vyv\u00e1\u017een\u011b a s v\u011bt\u0161\u00edm efektem.<\/p>\n<h2>Kdo by si m\u011bl koupit odb\u011bratele YouTube?<\/h2>\n<p class=\"translation-block\">Tuto slu\u017ebu m\u016f\u017ee vyu\u017e\u00edt ka\u017ed\u00fd, kdo chce na YouTube vyniknout. A\u0165 u\u017e sv\u016fj kan\u00e1l teprve spou\u0161t\u00edte, nebo u\u017e m\u00e1te zku\u0161enosti, <strong>n\u00e1kup odb\u011bratel\u016f YouTube<\/strong> je \u00fa\u010dinn\u00fd zp\u016fsob, jak pos\u00edlit svou komunitu a urychlit proces r\u016fstu.<\/p>\n<ul>\n<li>\ud83c\udfa5 Tv\u016frci obsahu, kte\u0159\u00ed cht\u011bj\u00ed rychleji r\u016fst.<\/li>\n<li>\ud83d\udcc8 Podniky a zna\u010dky hledaj\u00edc\u00ed um\u00edst\u011bn\u00ed<\/li>\n<li>\ud83c\udfa4 Hudebn\u00edci, um\u011blci a producenti, kte\u0159\u00ed se cht\u011bj\u00ed v\u00edce zviditelnit.<\/li>\n<li>\ud83e\udde0 Vzd\u011blavatel\u00e9 nebo informa\u010dn\u00ed kan\u00e1ly, kter\u00e9 pot\u0159ebuj\u00ed v\u011bt\u0161\u00ed autoritu.<\/li>\n<li>\ud83d\ude80 Influencer\u016fm a za\u010d\u00ednaj\u00edc\u00edm influencer\u016fm, kte\u0159\u00ed cht\u011bj\u00ed zpen\u011b\u017eit sv\u00e9 kan\u00e1ly.<\/li>\n<\/ul>\n<h2>Za\u010dn\u011bte r\u016fst siln\u00ed je\u0161t\u011b dnes<\/h2>\n<p class=\"translation-block\">Na tuto slu\u017ebu se ji\u017e spolehly tis\u00edce tv\u016frc\u016f, kte\u0159\u00ed sv\u00e9 kan\u00e1ly posunuli na vy\u0161\u0161\u00ed \u00farove\u0148. Pokud chcete i vy p\u0159il\u00e1kat v\u00edce div\u00e1k\u016f, vytvo\u0159it silnou image a dos\u00e1hnout lep\u0161\u00edch v\u00fdsledk\u016f, <strong>koup\u011b odb\u011bratel\u016f YouTube<\/strong> je spr\u00e1vn\u00fdm rozhodnut\u00edm.<\/p>\n<p>Vyberte si bal\u00ed\u010dek, sd\u011blte n\u00e1m sv\u016fj kan\u00e1l a my v\u00e1m pom\u016f\u017eeme vybudovat komunitu, kterou si v\u00e1\u0161 obsah zaslou\u017e\u00ed.<\/p>\n<\/div><\/div><\/div><\/div><\/div><\/div><\/div><\/section>","protected":false},"excerpt":{"rendered":"Kvalitn\u00ed obsah u\u017e k r\u016fstu na YouTube nesta\u010d\u00ed. Pokud chcete, aby v\u00e1\u0161 kan\u00e1l vynikl, pot\u0159ebujete aktivn\u00ed komunitu, kter\u00e1 ho bude podporovat. Proto se n\u00e1kup odb\u011bratel\u016f YouTube stal \u00fa\u010dinnou strategi\u00ed, jak urychlit r\u016fst jak\u00e9hokoli kan\u00e1lu bez ohledu na jeho velikost nebo t\u00e9ma. Odb\u011bratel\u00e9 jsou zn\u00e1mkou...","protected":false},"featured_media":243,"comment_status":"open","ping_status":"closed","template":"","meta":{"_acf_changed":false},"product_brand":[],"product_cat":[21],"product_tag":[],"class_list":{"0":"post-95","1":"product","2":"type-product","3":"status-publish","4":"has-post-thumbnail","6":"product_cat-youtube","7":"wcpa_has_options","9":"first","10":"instock","11":"sale","12":"featured","13":"shipping-taxable","14":"purchasable","15":"product-type-variable","16":"has-default-attributes"},"acf":[],"wcpa_form_fields":{"wcpaData":{"product":{"product_price":5.99,"price_html":"","original_product_price":5.99,"price_including_tax":5.99,"price_excluding_tax":5.99,"product_id":{"parent":95,"variation":false},"is_variable":true,"stock_status":"instock","stock_quantity":null,"parent_sku":"","product_attributes":{"cantidad":{"is_variation":true,"values":[]}},"custom_fields":[],"is_taxable":false,"product_name":"Comprar Suscriptores Youtube","hasImage":false},"fields":{"sec_867fa9f3c4bb91":{"extra":{"key":"sec_867fa9f3c4bb91","section_id":"sec_867fa9f3c4bb91","name":"Por defecto","status":1,"toggle":true,"form_id":1055,"form_rules":{"exclude_from_discount":false,"fee_label":"Extras","disp_hide_options_price":false,"disp_show_section_price":false,"disp_show_field_price":false,"layout_option":"standard","pric_use_as_fee":false,"process_fee_as":"woo_fee"},"layout_option":"standard"},"fields":[[{"active":true,"col":5,"relations":false,"cl_rule":"show","enableCl":false,"price":"","enablePrice":false,"className":"","type":"text","subtype":"text","required":true,"elementId":"text_767fa9f3c4bbb8","label":"Enlace al Canal","name":"text_767fa9f3c4bbb8","value":"","error":false,"placeholder":"Ejemplo: https:\/\/www.youtube.com\/@mrbeast","enableDesign":false,"LabelSize":"16px","gt_translate_keys":["label","placeholder","value"],"price_dependency":false,"cl_dependency":false}]]}},"config":{"price_override":"","enable_recaptcha":false,"bind_quantity":false,"quantity_bind_formula":false,"disp_summ_show_option_price":false,"disp_summ_show_product_price":false,"disp_summ_show_total_price":false,"disp_summ_show_fee":false,"disp_summ_show_discount":false,"summary_title":"","options_total_label":"Extras","total_label":"Gesamt","options_product_label":"Producto","fee_label":"Extras","discount_label":"Descuento","has_price":true,"has_quantity_formula":false},"mc_unit":1,"tax_rate":1,"tax_rate_real":1,"discount":{"percentage":0,"fixed":0},"design":{"conf":{"LabelPosition":"above","DescPosition":"above","UploadField":"custom_1","QuantityFieldStyle":"default"},"css":{"LeftLabelWidth":"120px"}},"formulas":[],"clones":false,"cartKey":false}},"_links":{"self":[{"href":"https:\/\/doymedia.com\/cs\/wp-json\/wp\/v2\/product\/95","targetHints":{"allow":["GET"]}}],"collection":[{"href":"https:\/\/doymedia.com\/cs\/wp-json\/wp\/v2\/product"}],"about":[{"href":"https:\/\/doymedia.com\/cs\/wp-json\/wp\/v2\/types\/product"}],"replies":[{"embeddable":true,"href":"https:\/\/doymedia.com\/cs\/wp-json\/wp\/v2\/comments?post=95"}],"wp:featuredmedia":[{"embeddable":true,"href":"https:\/\/doymedia.com\/cs\/wp-json\/wp\/v2\/media\/243"}],"wp:attachment":[{"href":"https:\/\/doymedia.com\/cs\/wp-json\/wp\/v2\/media?parent=95"}],"wp:term":[{"taxonomy":"product_brand","embeddable":true,"href":"https:\/\/doymedia.com\/cs\/wp-json\/wp\/v2\/product_brand?post=95"},{"taxonomy":"product_cat","embeddable":true,"href":"https:\/\/doymedia.com\/cs\/wp-json\/wp\/v2\/product_cat?post=95"},{"taxonomy":"product_tag","embeddable":true,"href":"https:\/\/doymedia.com\/cs\/wp-json\/wp\/v2\/product_tag?post=95"}],"curies":[{"name":"wp","href":"https:\/\/api.w.org\/{rel}","templated":true}]}}