{"id":97,"date":"2025-03-27T01:32:40","date_gmt":"2025-03-27T00:32:40","guid":{"rendered":"https:\/\/v2.doymedia.com\/?post_type=product&#038;p=97"},"modified":"2025-06-16T19:17:04","modified_gmt":"2025-06-16T17:17:04","slug":"koupit-instagram-zobrazeni","status":"publish","type":"product","link":"https:\/\/doymedia.com\/cs\/comprar-views-instagram\/","title":{"rendered":"Koupit zobrazen\u00ed Instagram"},"content":{"rendered":"<section class=\"l-section wpb_row height_medium\"><div class=\"l-section-h i-cf\"><div class=\"g-cols vc_row via_flex valign_top type_default stacking_default\"><div class=\"vc_col-sm-12 wpb_column vc_column_container\"><div class=\"vc_column-inner\"><div class=\"wpb_wrapper\"><div class=\"wpb_text_column\"><div class=\"wpb_wrapper\"><p class=\"translation-block\">Na Instagramu plat\u00ed, \u017ee co nevid\u00edte, neexistuje. Zve\u0159ejn\u00edte kotou\u010dek, video nebo p\u0159\u00edb\u011bh, ale pokud rychle nez\u00edsk\u00e1 zobrazen\u00ed, z\u016fstane bez pov\u0161imnut\u00ed. Proto je <strong>n\u00e1kup zobrazen\u00ed na Instagramu<\/strong> \u00fa\u010dinnou strategi\u00ed, jak zv\u00fd\u0161it viditelnost sv\u00e9ho obsahu, p\u0159il\u00e1kat v\u00edce interakc\u00ed a l\u00e9pe se na platform\u011b um\u00edstit.<\/p>\n<p class=\"translation-block\">Zobrazen\u00ed jsou kl\u00ed\u010dovou metrikou algoritmu. \u010c\u00edm v\u00edce zobrazen\u00ed v\u00e1\u0161 p\u0159\u00edsp\u011bvek m\u00e1, t\u00edm v\u011bt\u0161\u00ed \u0161anci m\u00e1te, \u017ee se objev\u00edte v sekci prozkoumat a z\u00edsk\u00e1te nov\u00e9 sleduj\u00edc\u00ed. Pokud vytv\u00e1\u0159\u00edte dobr\u00fd obsah, ale chyb\u00ed v\u00e1m dosah, <strong>koupen\u00ed zobrazen\u00ed na Instagramu<\/strong> by mohlo b\u00fdt impulsem, kter\u00fd pot\u0159ebujete, abyste vynikli.<\/p>\n<h2>Pro\u010d kupovat zobrazen\u00ed na Instagramu?<\/h2>\n<p class=\"translation-block\">Proto\u017ee algoritmus oce\u0148uje okam\u017eitou aktivitu. Kdy\u017e m\u00e1 nato\u010den\u00fd film nebo video v kr\u00e1tk\u00e9 dob\u011b hodn\u011b zhl\u00e9dnut\u00ed, Instagram ho vyhodnot\u00ed jako relevantn\u00ed obsah a posune ho k nov\u00fdm div\u00e1k\u016fm. <strong>Koup\u011b zhl\u00e9dnut\u00ed na Instagramu<\/strong> v\u00e1m umo\u017en\u00ed rychle a bezpe\u010dn\u011b vytvo\u0159it tento po\u010d\u00e1te\u010dn\u00ed dopad a zv\u00fd\u0161it tak sv\u016fj dosah, ani\u017e byste se spol\u00e9hali na n\u00e1hodu.<\/p>\n<p>Po\u010det zobrazen\u00ed nav\u00edc ovliv\u0148uje i vn\u00edm\u00e1n\u00ed ostatn\u00edch u\u017eivatel\u016f. Obsah s mnoha zobrazen\u00edmi vyvol\u00e1v\u00e1 v\u011bt\u0161\u00ed zv\u011bdavost, d\u016fv\u011bru a interakce. Jedn\u00e1 se o dominov\u00fd efekt, kter\u00fd se aktivuje od prvn\u00edho kliknut\u00ed.<\/p>\n<h3>V\u00fdhody n\u00e1kupu zobrazen\u00ed na Instagramu<\/h3>\n<ul>\n<li>\ud83d\udcc8 V\u011bt\u0161\u00ed viditelnost v p\u0159et\u00e1\u010dk\u00e1ch, vide\u00edch a p\u0159\u00edb\u011bz\u00edch<\/li>\n<li>\ud83d\ude80 Po\u010d\u00e1te\u010dn\u00ed impuls, kter\u00fd up\u0159ednost\u0148uje um\u00edst\u011bn\u00ed<\/li>\n<li>\ud83c\udfaf V\u011bt\u0161\u00ed pravd\u011bpodobnost, \u017ee se objev\u00ed v pr\u016fzkumu<\/li>\n<li>\ud83d\udcac Zlep\u0161ete vn\u00edm\u00e1n\u00ed sv\u00e9ho obsahu nov\u00fdmi u\u017eivateli<\/li>\n<li>\ud83d\udd12 Bezpe\u010dn\u00e9, p\u0159irozen\u00e9 a nekompromisn\u00ed doru\u010den\u00ed na v\u00e1\u0161 \u00fa\u010det<\/li>\n<\/ul>\n<p><strong>Koupit zobrazen\u00ed Instagram<\/strong> je obzvl\u00e1\u0161t\u011b u\u017eite\u010dn\u00e9, pokud propagujete n\u011bjak\u00fd produkt, zahajujete kampa\u0148 nebo prost\u011b chcete, aby v\u00e1\u0161 obsah m\u011bl v\u011bt\u0161\u00ed dopad. Je to rychl\u00fd a \u00fa\u010dinn\u00fd zp\u016fsob, jak zn\u00e1sobit sv\u016fj dosah bez zbyte\u010dn\u00fdch probl\u00e9m\u016f.<\/p>\n<h2>Je bezpe\u010dn\u00e9 kupovat zobrazen\u00ed na Instagramu?<\/h2>\n<p>Ano, naprosto bezpe\u010dn\u00e9. Nepo\u017eadujeme hesla ani citliv\u00e9 \u00fadaje. Pot\u0159ebujeme pouze odkaz na video, film nebo p\u0159\u00edb\u011bh, kter\u00fd chcete propagovat. P\u0159ed\u00e1v\u00e1n\u00ed prob\u00edh\u00e1 postupn\u011b, aby byl zachov\u00e1n p\u0159irozen\u00fd rytmus a nedoch\u00e1zelo k um\u011bl\u00fdm sign\u00e1l\u016fm.<\/p>\n<p>N\u00e1\u0161 syst\u00e9m v\u00e1m zajist\u00ed zobrazen\u00ed, ani\u017e byste ohrozili sv\u016fj \u00fa\u010det. Pracujeme s osv\u011bd\u010den\u00fdmi metodami, kter\u00e9 jsou v souladu se z\u00e1sadami Instagramu, tak\u017ee se m\u016f\u017eete soust\u0159edit na vytv\u00e1\u0159en\u00ed obsahu, zat\u00edmco my v\u00e1m pom\u016f\u017eeme s jeho zviditeln\u011bn\u00edm.<\/p>\n<h3>Kdo m\u016f\u017ee tuto slu\u017ebu vyu\u017e\u00edt?<\/h3>\n<p class=\"translation-block\">Tato slu\u017eba je ur\u010dena tv\u016frc\u016fm, zna\u010dk\u00e1m, podnikatel\u016fm, um\u011blc\u016fm nebo v\u0161em u\u017eivatel\u016fm, kte\u0159\u00ed cht\u011bj\u00ed na Instagramu vyniknout. A\u0165 u\u017e teprve za\u010d\u00edn\u00e1te, nebo u\u017e m\u00e1te zaveden\u00e9 publikum: <strong>n\u00e1kup zobrazen\u00ed na Instagramu<\/strong> v\u00e1m m\u016f\u017ee pomoci dostat se d\u00e1l.<\/p>\n<ul>\n<li>\ud83c\udfa5 Tv\u016frci obsahu hledaj\u00ed viralitu<\/li>\n<li>\ud83d\udcc8 Podniky, kter\u00e9 cht\u011bj\u00ed zviditelnit sv\u00e9 produkty.<\/li>\n<li>\ud83d\udce2 Osobn\u00ed zna\u010dky, kter\u00e9 cht\u011bj\u00ed pos\u00edlit svou p\u0159\u00edtomnost.<\/li>\n<li>\ud83c\udfa4 Um\u011blci vyd\u00e1vaj\u00edc\u00ed nov\u00e9 kotou\u010de nebo videoklipy<\/li>\n<li>\ud83d\udecd\ufe0f Obchody, kter\u00e9 pou\u017e\u00edvaj\u00ed Instagram k propagaci nab\u00eddek<\/li>\n<\/ul>\n<p>Pokud je va\u0161\u00edm c\u00edlem vybudovat si na Instagramu silnou pozici, hraj\u00ed zobrazen\u00ed z\u00e1sadn\u00ed roli. Nejen\u017ee zlep\u0161uj\u00ed vn\u00edm\u00e1n\u00ed va\u0161ich p\u0159\u00edsp\u011bvk\u016f, ale ovliv\u0148uj\u00ed tak\u00e9 celkov\u00fd v\u00fdkon va\u0161eho profilu. Dobr\u00fd po\u010det zobrazen\u00ed otev\u00edr\u00e1 dve\u0159e ke spolupr\u00e1ci, nov\u00e9mu publiku a rychlej\u0161\u00edmu a trvalej\u0161\u00edmu r\u016fstu.<\/p>\n<p class=\"translation-block\"><strong>Koup\u011b zobrazen\u00ed na Instagramu<\/strong> v\u00e1m umo\u017en\u00ed dos\u00e1hnout t\u00e9to \u00farovn\u011b viditelnosti, ani\u017e byste museli \u010dekat t\u00fddny nebo se spol\u00e9hat na nep\u0159edv\u00eddateln\u00e9 algoritmy.<\/p>\n<h2>Jak tento proces prob\u00edh\u00e1?<\/h2>\n<p>Sta\u010d\u00ed si vybrat bal\u00ed\u010dek, kter\u00fd nejl\u00e9pe vyhovuje va\u0161im pot\u0159eb\u00e1m, poslat n\u00e1m odkaz na publikaci a prov\u00e9st platbu. O zbytek se postar\u00e1me my. Dod\u00e1n\u00ed za\u010dne v kr\u00e1tk\u00e9 dob\u011b, postupn\u011b a bez vlivu na v\u00e1\u0161 profil.<\/p>\n<p class=\"translation-block\">A pokud chcete svou prezentaci je\u0161t\u011b v\u00edce pos\u00edlit, m\u016f\u017eete tuto slu\u017ebu doplnit o <a href=\"https:\/\/doymedia.com\/cs\/koupit-instagram-rad\/\" target=\"_self\"><strong>koupit Instagram likes<\/strong><\/a> nebo <a href=\"https:\/\/doymedia.com\/cs\/koupit-instagram-nasledovniky\/\" target=\"_self\"><strong>koupit Instagram followers<\/strong><\/a>. T\u00edmto zp\u016fsobem dos\u00e1hnete ucelen\u011bj\u0161\u00edho a ucelen\u011bj\u0161\u00edho profilu, kter\u00fd bude p\u0159ipraven k organick\u00e9mu r\u016fstu.<\/p>\n<h2>Roz\u0161i\u0159te sv\u016fj obsah<\/h2>\n<p class=\"translation-block\">Nenechte sv\u00e1 videa bez pov\u0161imnut\u00ed. Pomoc\u00ed <strong>n\u00e1kupu zobrazen\u00ed na Instagramu<\/strong> m\u016f\u017eete b\u011bhem n\u011bkolika minut zv\u00fd\u0161it svou viditelnost, zlep\u0161it sv\u00e9 um\u00edst\u011bn\u00ed a z\u00edskat v\u00edce pozornosti. Zapo\u010d\u00edtejte ka\u017ed\u00fd p\u0159\u00edsp\u011bvek a za\u010dn\u011bte vynikat je\u0161t\u011b dnes.<\/p>\n<\/div><\/div><\/div><\/div><\/div><\/div><\/div><\/section>","protected":false},"excerpt":{"rendered":"Na Instagramu plat\u00ed, \u017ee co nevid\u00edte, neexistuje. Zve\u0159ejn\u00edte kotou\u010dek, video nebo p\u0159\u00edb\u011bh, ale pokud rychle nez\u00edsk\u00e1 zobrazen\u00ed, z\u016fstane bez pov\u0161imnut\u00ed. Proto je n\u00e1kup zobrazen\u00ed na Instagramu \u00fa\u010dinnou strategi\u00ed, jak zv\u00fd\u0161it viditelnost sv\u00e9ho obsahu, p\u0159il\u00e1kat v\u00edce interakc\u00ed a l\u00e9pe se na platform\u011b um\u00edstit. Zhl\u00e9dnut\u00ed jsou kl\u00ed\u010dovou metrikou...","protected":false},"featured_media":227,"comment_status":"open","ping_status":"closed","template":"","meta":{"_acf_changed":false},"product_brand":[],"product_cat":[17],"product_tag":[],"class_list":{"0":"post-97","1":"product","2":"type-product","3":"status-publish","4":"has-post-thumbnail","6":"product_cat-instagram","7":"wcpa_has_options","9":"first","10":"instock","11":"sale","12":"featured","13":"shipping-taxable","14":"purchasable","15":"product-type-variable","16":"has-default-attributes"},"acf":[],"wcpa_form_fields":{"wcpaData":{"product":{"product_price":1.99,"price_html":"","original_product_price":1.99,"price_including_tax":1.99,"price_excluding_tax":1.99,"product_id":{"parent":97,"variation":false},"is_variable":true,"stock_status":"instock","stock_quantity":null,"parent_sku":"","product_attributes":{"cantidad":{"is_variation":true,"values":[]}},"custom_fields":[],"is_taxable":false,"product_name":"Comprar Views Instagram","hasImage":false},"fields":{"sec_1067fa76ecc2b86":{"extra":{"key":"sec_1067fa76ecc2b86","section_id":"sec_1067fa76ecc2b86","name":"Por defecto","status":1,"toggle":true,"form_id":1025,"form_rules":{"exclude_from_discount":false,"fee_label":"Extras","disp_hide_options_price":false,"disp_show_section_price":false,"disp_show_field_price":false,"layout_option":"standard","pric_use_as_fee":false,"process_fee_as":"woo_fee"},"layout_option":"standard"},"fields":[[{"active":true,"col":5,"relations":false,"cl_rule":"show","enableCl":false,"price":"","enablePrice":false,"className":"","type":"text","subtype":"text","required":true,"elementId":"text_567fa76ecc2bad","label":"Enlace de la Publicaci\u00f3n","name":"text_567fa76ecc2bad","value":"","error":false,"placeholder":"Ejemplo: https:\/\/www.instagram.com\/p\/DGxqbv9oVTD\/","gt_translate_keys":["label","placeholder","value"],"price_dependency":false,"cl_dependency":false}],[{"active":true,"col":5,"relations":false,"cl_rule":"show","enableCl":false,"price":"","enablePrice":true,"className":"","label_position":"default","desc_position":"default","type":"select","required":false,"elementId":"select_167fa76ecc2bb7","label":"A\u00f1adir Likes con Descuento","name":"select_167fa76ecc2bb7","values":[{"label":"100 Likes","value":"100","selected":false,"tempId":"aco_910","price":"2,79","gt_translate_keys":["label"]},{"label":"500 Likes","value":"500","selected":false,"tempId":"aco_911","price":"4,69","gt_translate_keys":["label"]},{"label":"1.000 Likes","value":"1000","selected":false,"tempId":"aco_912","price":"7,59","gt_translate_keys":["label"]},{"label":"5.000 Likes","value":"5000","selected":false,"tempId":"aco_1337","price":"29,49","gt_translate_keys":["label"]},{"label":"10.000 Likes","value":"10000","selected":false,"tempId":"aco_1059","price":"48,29","gt_translate_keys":["label"]}],"dropdown_type":"basic","error":false,"placeholder":"Ninguno","priceOptions":"different_for_all","pricingType":"fixed","use_as_fee":false,"option_price_format":"","tooltip":"Los likes se pondr\u00e1n a la misma publicaci\u00f3n.","gt_translate_keys":["label","placeholder","tooltip"],"price_dependency":false,"cl_dependency":false,"value":""}],[{"label":"A\u00f1adir Seguidores con Descuento","active":true,"required":false,"elementId":"select-8208233690","dropdown_type":"basic","placeholder":"Ninguno","tooltip":"Los seguidores se pondr\u00e1n al mismo perfil de la publicaci\u00f3n.","name":"select-8208233690","label_position":"default","desc_position":"default","enablePrice":true,"className":"","enableCl":false,"relations":false,"option_price_format":"","values":[{"label":"100 Seguidores","value":"100","selected":false,"tempId":"aco_910","price":"2,45","gt_translate_keys":["label"]},{"label":"500 Seguidores","value":"500","selected":false,"tempId":"aco_911","price":"6,50","gt_translate_keys":["label"]},{"label":"1.000 Seguidores","value":"1000","selected":false,"tempId":"aco_912","price":"9,50","gt_translate_keys":["label"]},{"label":"5.000 Seguidores","value":"5000","selected":false,"tempId":"aco_1337","price":"39,50","gt_translate_keys":["label"]},{"label":"10.000 Seguidores","value":"10000","selected":false,"tempId":"aco_1059","price":"79,50","gt_translate_keys":["label"]}],"priceOptions":"different_for_all","pricingType":"fixed","price":"","use_as_fee":false,"cl_rule":"show","col":5,"type":"select","error":false,"gt_translate_keys":["label","placeholder","tooltip"],"price_dependency":false,"cl_dependency":false,"value":""}]]}},"config":{"price_override":"","enable_recaptcha":false,"bind_quantity":false,"quantity_bind_formula":false,"disp_summ_show_option_price":false,"disp_summ_show_product_price":false,"disp_summ_show_total_price":false,"disp_summ_show_fee":false,"disp_summ_show_discount":false,"summary_title":"","options_total_label":"Extras","total_label":"Total","options_product_label":"Producto","fee_label":"Extras","discount_label":"Descuento","has_price":true,"has_quantity_formula":false},"mc_unit":1,"tax_rate":1,"tax_rate_real":1,"discount":{"percentage":0,"fixed":0},"design":{"conf":{"LabelPosition":"above","DescPosition":"above","UploadField":"custom_1","QuantityFieldStyle":"default"},"css":{"LeftLabelWidth":"120px"}},"formulas":[],"clones":false,"cartKey":false}},"_links":{"self":[{"href":"https:\/\/doymedia.com\/cs\/wp-json\/wp\/v2\/product\/97","targetHints":{"allow":["GET"]}}],"collection":[{"href":"https:\/\/doymedia.com\/cs\/wp-json\/wp\/v2\/product"}],"about":[{"href":"https:\/\/doymedia.com\/cs\/wp-json\/wp\/v2\/types\/product"}],"replies":[{"embeddable":true,"href":"https:\/\/doymedia.com\/cs\/wp-json\/wp\/v2\/comments?post=97"}],"wp:featuredmedia":[{"embeddable":true,"href":"https:\/\/doymedia.com\/cs\/wp-json\/wp\/v2\/media\/227"}],"wp:attachment":[{"href":"https:\/\/doymedia.com\/cs\/wp-json\/wp\/v2\/media?parent=97"}],"wp:term":[{"taxonomy":"product_brand","embeddable":true,"href":"https:\/\/doymedia.com\/cs\/wp-json\/wp\/v2\/product_brand?post=97"},{"taxonomy":"product_cat","embeddable":true,"href":"https:\/\/doymedia.com\/cs\/wp-json\/wp\/v2\/product_cat?post=97"},{"taxonomy":"product_tag","embeddable":true,"href":"https:\/\/doymedia.com\/cs\/wp-json\/wp\/v2\/product_tag?post=97"}],"curies":[{"name":"wp","href":"https:\/\/api.w.org\/{rel}","templated":true}]}}