{"id":99,"date":"2025-03-27T01:32:40","date_gmt":"2025-03-27T00:32:40","guid":{"rendered":"https:\/\/v2.doymedia.com\/?post_type=product&#038;p=99"},"modified":"2025-06-17T19:05:09","modified_gmt":"2025-06-17T17:05:09","slug":"koupit-tiktok-nasledovniky","status":"publish","type":"product","link":"https:\/\/doymedia.com\/cs\/comprar-seguidores-tiktok\/","title":{"rendered":"Koupit sledovatele TikTok"},"content":{"rendered":"<section class=\"l-section wpb_row height_medium\"><div class=\"l-section-h i-cf\"><div class=\"g-cols vc_row via_flex valign_top type_default stacking_default\"><div class=\"vc_col-sm-12 wpb_column vc_column_container\"><div class=\"vc_column-inner\"><div class=\"wpb_wrapper\"><div class=\"wpb_text_column\"><div class=\"wpb_wrapper\"><p class=\"translation-block\">TikTok se stal jednou z nejsiln\u011bj\u0161\u00edch platforem pro zviditeln\u011bn\u00ed, nav\u00e1z\u00e1n\u00ed kontaktu s mlad\u00fdm publikem a vytv\u00e1\u0159en\u00ed vir\u00e1ln\u00edho obsahu. Pokud v\u0161ak v\u00e1\u0161 profil nem\u00e1 sleduj\u00edc\u00ed, va\u0161e videa, a\u0165 u\u017e jsou jakkoli dobr\u00e1, mohou z\u016fstat bez pov\u0161imnut\u00ed. Proto je <strong>koupen\u00ed sleduj\u00edc\u00edch TikTok<\/strong> \u00fa\u010dinnou strategi\u00ed, jak rychleji vyniknout a dodat sv\u00e9mu \u00fa\u010dtu d\u016fv\u011bryhodnost hned od za\u010d\u00e1tku.<\/p>\n<p class=\"translation-block\">Po\u010det sleduj\u00edc\u00edch je na TikToku kl\u00ed\u010dov\u00fdm ukazatelem. \u010c\u00edm v\u011bt\u0161\u00ed je va\u0161e komunita, t\u00edm v\u011bt\u0161\u00ed autoritu m\u00e1te a t\u00edm v\u011bt\u0161\u00ed m\u00e1te \u0161anci, \u017ee se objev\u00edte v sekci \"Pro v\u00e1s\". Tak\u00e9 kdy\u017e u\u017eivatel\u00e9 nav\u0161t\u00edv\u00ed v\u00e1\u0161 profil a uvid\u00ed, \u017ee m\u00e1te velk\u00fd po\u010det sleduj\u00edc\u00edch, je pravd\u011bpodobn\u011bj\u0161\u00ed, \u017ee se u v\u00e1s zdr\u017e\u00ed, prohl\u00e9dnou si v\u00e1\u0161 obsah a rozhodnou se v\u00e1s tak\u00e9 sledovat. <strong>Koup\u011b sleduj\u00edc\u00edch TikTok<\/strong> v\u00e1m pom\u016f\u017ee vytvo\u0159it tento pozitivn\u00ed prvn\u00ed dojem, kter\u00fd podporuje r\u016fst.<\/p>\n<h2>Pro\u010d si koupit n\u00e1sledovn\u00edky TikTok?<\/h2>\n<p class=\"translation-block\">Proto\u017ee na tak vizu\u00e1ln\u00ed a konkuren\u010dn\u00ed platform\u011b, jakou je TikTok, nesta\u010d\u00ed m\u00edt jen dobr\u00fd obsah: pot\u0159ebujete se zviditelnit. A abyste se zviditelnili, mus\u00edte m\u00edt komunitu, kter\u00e1 podporuje to, co d\u011bl\u00e1te. <strong>Koup\u011b sleduj\u00edc\u00edch TikTok<\/strong> v\u00e1m umo\u017en\u00ed tento proces urychlit, ani\u017e byste museli \u010dekat t\u00fddny nebo m\u011bs\u00edce, ne\u017e v\u00e1s algoritmus za\u010dne odm\u011b\u0148ovat.<\/p>\n<p>Zv\u00fd\u0161en\u00edm po\u010dtu sleduj\u00edc\u00edch nav\u00edc zlep\u0161\u00edte sv\u016fj profil v o\u010d\u00edch algoritmu, kter\u00fd m\u00e1 tendenci up\u0159ednost\u0148ovat aktivn\u00ed \u00fa\u010dty s atraktivitou. To se projevuje v\u011bt\u0161\u00edm po\u010dtem zobrazen\u00ed, v\u00edce lajky a v\u00edce p\u0159\u00edle\u017eitostmi objevit se v doporu\u010den\u00edch.<\/p>\n<h3>V\u00fdhody n\u00e1kupu n\u00e1sledovn\u00edk\u016f na TikToku<\/h3>\n<ul>\n<li>\ud83d\udcc8 Okam\u017eit\u00fd r\u016fst va\u0161\u00ed komunity<\/li>\n<li>\ud83d\ude80 Zv\u00fd\u0161en\u00ed d\u016fv\u011bryhodnosti a autority va\u0161eho profilu<\/li>\n<li>\ud83c\udfaf V\u011bt\u0161\u00ed viditelnost a um\u00edst\u011bn\u00ed v aplikaci<\/li>\n<li>\ud83e\udd1d P\u0159il\u00e1kat organick\u00e9 n\u00e1sledovn\u00edky d\u00edky soci\u00e1ln\u00edmu efektu<\/li>\n<li>\ud83d\udd12 Bezpe\u010dn\u00e9 doru\u010den\u00ed bez ohro\u017een\u00ed va\u0161eho \u00fa\u010dtu<\/li>\n<\/ul>\n<p class=\"translation-block\">Tato slu\u017eba je ide\u00e1ln\u00ed pro tv\u016frce, influencery, zna\u010dky, m\u00edstn\u00ed podniky, um\u011blce nebo kohokoli, kdo chce vyu\u017e\u00edt TikTok jako kan\u00e1l pro sv\u016fj r\u016fst. A\u0165 u\u017e pr\u00e1v\u011b za\u010d\u00edn\u00e1te, nebo chcete sv\u016fj \u00fa\u010det posunout na dal\u0161\u00ed \u00farove\u0148, <strong>koupen\u00ed sleduj\u00edc\u00edch TikTok<\/strong> v\u00e1m pom\u016f\u017ee vybudovat pevn\u00fd z\u00e1klad, na kter\u00e9m budete d\u00e1le r\u016fst.<\/p>\n<h2>Je bezpe\u010dn\u00e9 kupovat sleduj\u00edc\u00ed na TikToku?<\/h2>\n<p>Ano, rozhodn\u011b. Nikdy ne\u017e\u00e1d\u00e1me o hesla ani o p\u0159\u00edstup k va\u0161emu \u00fa\u010dtu. Sta\u010d\u00ed, kdy\u017e n\u00e1m sd\u011bl\u00edte u\u017eivatelsk\u00e9 jm\u00e9no sv\u00e9ho ve\u0159ejn\u00e9ho \u00fa\u010dtu. R\u016fst je postupn\u00fd a p\u0159irozen\u00fd, navr\u017een\u00fd tak, aby byl v\u00e1\u0161 profil v\u017edy bezpe\u010dn\u00fd.<\/p>\n<p class=\"translation-block\">Krom\u011b toho jsou na\u0161e syst\u00e9my optimalizov\u00e1ny tak, aby spl\u0148ovaly osv\u011bd\u010den\u00e9 postupy v oboru. Neriskujeme v\u00e1\u0161 \u00fa\u010det ani va\u0161i pov\u011bst. Pracujeme pouze s bezpe\u010dn\u00fdmi, efektivn\u00edmi a diskr\u00e9tn\u00edmi metodami. <strong>Koup\u011b sleduj\u00edc\u00edch TikTok<\/strong> je strategick\u00e9 a bezrizikov\u00e9 rozhodnut\u00ed.<\/p>\n<h3>Kdo m\u016f\u017ee tuto slu\u017ebu vyu\u017e\u00edt?<\/h3>\n<p class=\"translation-block\">Tato slu\u017eba je ur\u010dena v\u0161em u\u017eivatel\u016fm, kte\u0159\u00ed cht\u011bj\u00ed na TikToku rychleji vyniknout. Od nov\u00fdch profil\u016f, kter\u00e9 hledaj\u00ed sv\u00e9 prvn\u00ed sleduj\u00edc\u00ed, a\u017e po zaveden\u00e9 zna\u010dky, kter\u00e9 pot\u0159ebuj\u00ed pos\u00edlit svou p\u0159\u00edtomnost na soci\u00e1ln\u00edch s\u00edt\u00edch. <strong>Koupit sleduj\u00edc\u00ed TikTok<\/strong> je u\u017eite\u010dn\u00fd n\u00e1stroj v jak\u00e9koli f\u00e1zi r\u016fstu.<\/p>\n<ul>\n<li>\ud83c\udfa4 Hudebn\u00edci a um\u011blci vyd\u00e1vaj\u00edc\u00ed p\u016fvodn\u00ed obsah<\/li>\n<li>\ud83d\udce2 Influencer\u016fm, kte\u0159\u00ed cht\u011bj\u00ed z\u00edskat partnerstv\u00ed<\/li>\n<li>\ud83d\udecd\ufe0f Internetov\u00e9 obchody nebo zna\u010dky, kter\u00e9 cht\u011bj\u00ed z\u00edskat v\u011bhlas.<\/li>\n<li>\ud83d\udcf2 Digit\u00e1ln\u00ed podnikatel\u00e9, kte\u0159\u00ed cht\u011bj\u00ed budovat d\u016fv\u011bru.<\/li>\n<li>\ud83c\udfaf Osobn\u00ed \u00fa\u010dty, kter\u00e9 cht\u011bj\u00ed r\u016fst od nuly<\/li>\n<\/ul>\n<h2>Jak tento proces prob\u00edh\u00e1?<\/h2>\n<p>N\u00e1kup sleduj\u00edc\u00edch TikTok je rychl\u00fd a snadn\u00fd. Sta\u010d\u00ed si vybrat bal\u00ed\u010dek, kter\u00fd v\u00e1m nejl\u00e9pe vyhovuje, zadat sv\u00e9 u\u017eivatelsk\u00e9 jm\u00e9no a prov\u00e9st objedn\u00e1vku. O zbytek se postar\u00e1me my. Dod\u00e1vka za\u010dne v kr\u00e1tk\u00e9 dob\u011b a bude postupn\u00e1, aby byl zachov\u00e1n p\u0159irozen\u00fd r\u016fst.<\/p>\n<p class=\"translation-block\">A pokud chcete je\u0161t\u011b komplexn\u011bj\u0161\u00ed podporu, m\u016f\u017eete tuto slu\u017ebu zkombinovat s <a href=\"https:\/\/doymedia.com\/cs\/koupit-nazory-tiktok\/\" target=\"_self\"><strong>n\u00e1kupem zobrazen\u00ed TikTok<\/strong><\/a> nebo <a href=\"https:\/\/doymedia.com\/cs\/koupit-si-rad-tiktok\/\" target=\"_self\"><strong>n\u00e1kupem lajk\u016f TikTok,<\/strong><\/a> \u010d\u00edm\u017e vytvo\u0159\u00edte vyv\u00e1\u017eenou a efektivn\u00ed strategii r\u016fstu.<\/p>\n<h2>Roz\u0161i\u0159te sv\u016fj \u00fa\u010det je\u0161t\u011b dnes<\/h2>\n<p class=\"translation-block\">Ne\u010dekejte, a\u017e se algoritmus rozhodne, \u017ee v\u00e1s zviditeln\u00ed. P\u0159evezm\u011bte kontrolu nad sv\u00fdm r\u016fstem. Pomoc\u00ed <strong>koup\u011b sleduj\u00edc\u00edch TikTok<\/strong> se m\u016f\u017eete za\u010d\u00edt l\u00e9pe umis\u0165ovat, p\u0159il\u00e1kat v\u00edce p\u0159\u00edle\u017eitost\u00ed a vybudovat komunitu, kter\u00e1 v\u00e1s podpo\u0159\u00ed. V\u00e1\u0161 profil si zaslou\u017e\u00ed vyniknout, a to je prvn\u00ed krok.<\/p>\n<\/div><\/div><\/div><\/div><\/div><\/div><\/div><\/section>","protected":false},"excerpt":{"rendered":"TikTok se stal jednou z nejsiln\u011bj\u0161\u00edch platforem pro zviditeln\u011bn\u00ed, nav\u00e1z\u00e1n\u00ed kontaktu s mlad\u00fdm publikem a vytv\u00e1\u0159en\u00ed vir\u00e1ln\u00edho obsahu. Pokud v\u0161ak v\u00e1\u0161 profil nem\u00e1 \u017e\u00e1dn\u00e9 sleduj\u00edc\u00ed, va\u0161e videa, a\u0165 u\u017e jsou jakkoli dobr\u00e1, mohou z\u016fstat bez pov\u0161imnut\u00ed. Proto je n\u00e1kup sleduj\u00edc\u00edch na TikToku \u00fa\u010dinnou strategi\u00ed, jak rychleji vyniknout a dodat sv\u00fdm vide\u00edm d\u016fv\u011bryhodnost....","protected":false},"featured_media":317,"comment_status":"open","ping_status":"closed","template":"","meta":{"_acf_changed":false},"product_brand":[],"product_cat":[18],"product_tag":[],"class_list":{"0":"post-99","1":"product","2":"type-product","3":"status-publish","4":"has-post-thumbnail","6":"product_cat-tiktok","7":"wcpa_has_options","9":"first","10":"instock","11":"sale","12":"featured","13":"shipping-taxable","14":"purchasable","15":"product-type-variable","16":"has-default-attributes"},"acf":[],"wcpa_form_fields":{"wcpaData":{"product":{"product_price":3.99,"price_html":"","original_product_price":3.99,"price_including_tax":3.99,"price_excluding_tax":3.99,"product_id":{"parent":99,"variation":false},"is_variable":true,"stock_status":"instock","stock_quantity":null,"parent_sku":"","product_attributes":{"cantidad":{"is_variation":true,"values":[]}},"custom_fields":[],"is_taxable":false,"product_name":"Comprar Seguidores TikTok","hasImage":false},"fields":{"sec_1067fa7982ea860":{"extra":{"key":"sec_1067fa7982ea860","section_id":"sec_1067fa7982ea860","name":"Por defecto","status":1,"toggle":true,"form_id":1028,"form_rules":{"exclude_from_discount":false,"fee_label":"Extra's","disp_hide_options_price":false,"disp_show_section_price":false,"disp_show_field_price":false,"layout_option":"standard","pric_use_as_fee":false,"process_fee_as":"woo_fee"},"layout_option":"standard"},"fields":[[{"active":true,"col":5,"relations":false,"cl_rule":"show","enableCl":false,"price":"","enablePrice":false,"className":"","type":"text","subtype":"text","required":true,"elementId":"text_967fa7982ea88a","label":"Nombre de Usuario","name":"text_967fa7982ea88a","value":"","error":false,"placeholder":"Ejemplo: @mrbeast","enableDesign":false,"LabelSize":"16px","gt_translate_keys":["label","placeholder","value"],"price_dependency":false,"cl_dependency":false}],[{"active":true,"col":5,"relations":false,"cl_rule":"show","enableCl":false,"price":"","enablePrice":true,"className":"","label_position":"default","desc_position":"default","type":"select","required":false,"elementId":"select_867fa7982ea894","label":"A\u00f1adir Likes con Descuento","name":"select_867fa7982ea894","values":[{"label":"100 Likes","value":"100","selected":false,"tempId":"aco_46","price":"2,89","gt_translate_keys":["label"]},{"label":"500 Likes","value":"500","selected":false,"tempId":"aco_1337","price":"5,79","gt_translate_keys":["label"]},{"label":"1.000 Likes","value":"1000","selected":false,"tempId":"aco_910","price":"8,69","gt_translate_keys":["label"]},{"label":"2.000 Likes","value":"2000","selected":false,"tempId":"aco_911","price":"16,59","gt_translate_keys":["label"]},{"label":"5.000 Likes","value":"5000","selected":false,"tempId":"aco_912","price":"28,89","gt_translate_keys":["label"]},{"label":"10.000 Likes","value":"10000","selected":false,"tempId":"aco_1219","price":"48,29","gt_translate_keys":["label"]}],"dropdown_type":"basic","error":false,"placeholder":"Ninguno","priceOptions":"different_for_all","pricingType":"fixed","use_as_fee":false,"enableDesign":false,"LabelSize":"16px","gt_translate_keys":["label","placeholder"],"price_dependency":false,"cl_dependency":["textarea_167fa7982ea8b0"],"value":""}],[{"label":"A\u00f1adir Views con Descuento","active":true,"required":false,"elementId":"select-8531597607","dropdown_type":"basic","placeholder":"Ninguno","name":"select-8531597607","label_position":"default","desc_position":"default","enablePrice":true,"className":"","enableCl":false,"relations":false,"enableDesign":false,"LabelSize":"16px","values":[{"label":"100 Views","value":"100","selected":false,"tempId":"aco_46","price":"1,89","gt_translate_keys":["label"]},{"label":"500 Views","value":"500","selected":false,"tempId":"aco_1337","price":"2,79","gt_translate_keys":["label"]},{"label":"1.000 Views","value":"1000","selected":false,"tempId":"aco_910","price":"3,69","gt_translate_keys":["label"]},{"label":"2.000 Views","value":"2000","selected":false,"tempId":"aco_911","price":"4,59","gt_translate_keys":["label"]},{"label":"5.000 Views","value":"5000","selected":false,"tempId":"aco_912","price":"6,49","gt_translate_keys":["label"]},{"label":"10.000 Views","value":"10000","selected":false,"tempId":"aco_1219","price":"8,79","gt_translate_keys":["label"]},{"label":"50.000 Views","value":"50k","selected":false,"tempId":"aco_977","price":"42,69","gt_translate_keys":["label"]}],"priceOptions":"different_for_all","pricingType":"fixed","price":"","use_as_fee":false,"cl_rule":"show","col":5,"type":"select","error":false,"gt_translate_keys":["label","placeholder"],"price_dependency":false,"cl_dependency":false,"value":""}],[{"active":true,"col":5,"relations":[{"operator":false,"rules":[{"operator":"AND","rules":{"cl_field":"select_867fa7982ea894","cl_relation":"is_not_empty","cl_val":"likes"}}]}],"cl_rule":"show","enableCl":true,"price":"","enablePrice":false,"className":"","label_position":"default","desc_position":"default","type":"textarea","required":true,"elementId":"textarea_167fa7982ea8b0","label":"Enlaces a las Publicaciones","name":"textarea_167fa7982ea8b0","value":"","rows":2,"error":false,"placeholder":"Introducir Enlaces de esta Forma:\nhttps:\/\/www.tiktok.com\/@mrbeast\/video\/7487001177385635103\nhttps:\/\/www.tiktok.com\/@mrbeast\/video\/7460191038293069102","gt_translate_keys":["label","placeholder","value"],"price_dependency":false,"cl_dependency":false}]]}},"config":{"price_override":"","enable_recaptcha":false,"bind_quantity":false,"quantity_bind_formula":false,"disp_summ_show_option_price":false,"disp_summ_show_product_price":false,"disp_summ_show_total_price":false,"disp_summ_show_fee":false,"disp_summ_show_discount":false,"summary_title":"","options_total_label":"Extra's","total_label":"Totaal","options_product_label":"Product","fee_label":"Extra's","discount_label":"Korting","has_price":true,"has_quantity_formula":false},"mc_unit":1,"tax_rate":1,"tax_rate_real":1,"discount":{"percentage":0,"fixed":0},"design":{"conf":{"LabelPosition":"above","DescPosition":"above","UploadField":"custom_1","QuantityFieldStyle":"default"},"css":{"LeftLabelWidth":"120px"}},"formulas":[],"clones":false,"cartKey":false}},"_links":{"self":[{"href":"https:\/\/doymedia.com\/cs\/wp-json\/wp\/v2\/product\/99","targetHints":{"allow":["GET"]}}],"collection":[{"href":"https:\/\/doymedia.com\/cs\/wp-json\/wp\/v2\/product"}],"about":[{"href":"https:\/\/doymedia.com\/cs\/wp-json\/wp\/v2\/types\/product"}],"replies":[{"embeddable":true,"href":"https:\/\/doymedia.com\/cs\/wp-json\/wp\/v2\/comments?post=99"}],"wp:featuredmedia":[{"embeddable":true,"href":"https:\/\/doymedia.com\/cs\/wp-json\/wp\/v2\/media\/317"}],"wp:attachment":[{"href":"https:\/\/doymedia.com\/cs\/wp-json\/wp\/v2\/media?parent=99"}],"wp:term":[{"taxonomy":"product_brand","embeddable":true,"href":"https:\/\/doymedia.com\/cs\/wp-json\/wp\/v2\/product_brand?post=99"},{"taxonomy":"product_cat","embeddable":true,"href":"https:\/\/doymedia.com\/cs\/wp-json\/wp\/v2\/product_cat?post=99"},{"taxonomy":"product_tag","embeddable":true,"href":"https:\/\/doymedia.com\/cs\/wp-json\/wp\/v2\/product_tag?post=99"}],"curies":[{"name":"wp","href":"https:\/\/api.w.org\/{rel}","templated":true}]}}