{"id":404,"date":"2025-03-27T19:19:49","date_gmt":"2025-03-27T18:19:49","guid":{"rendered":"https:\/\/v2.doymedia.com\/?page_id=404"},"modified":"2025-07-29T17:56:24","modified_gmt":"2025-07-29T15:56:24","slug":"bedingungen-und-konditionen","status":"publish","type":"page","link":"https:\/\/doymedia.com\/de\/terminos-y-condiciones\/","title":{"rendered":"Bedingungen und Konditionen"},"content":{"rendered":"<section class=\"l-section wpb_row height_medium\"><div class=\"l-section-h i-cf\"><div class=\"g-cols vc_row via_flex valign_top type_default stacking_default\"><div class=\"vc_col-sm-12 wpb_column vc_column_container\"><div class=\"vc_column-inner\"><div class=\"wpb_wrapper\"><div class=\"wpb_text_column\"><div class=\"wpb_wrapper\"><h1>Bedingungen und Konditionen<\/h1>\n<p><b>DoyMedia <\/b>erf\u00fcllt die Bestimmungen des Gesetzes 34\/2002 \u00fcber die Dienstleistungen der Informationsgesellschaft und den elektronischen Handel (LSSI-CE), des Organgesetzes 3\/2018 \u00fcber den Schutz personenbezogener Daten und die Garantie digitaler Rechte (LOPDGDD) und der Verordnung (EU) 2016\/679, der Allgemeinen Datenschutzverordnung (GDPR).<\/p>\n<p>Die Nutzung des Portals ist die Bedingung des Nutzers und impliziert die vollst\u00e4ndige und uneingeschr\u00e4nkte Annahme aller in diesen rechtlichen Hinweisen enthaltenen Bestimmungen, so dass der Nutzer, wenn er mit einer der hier dargelegten Bedingungen nicht einverstanden ist, dieses Portal nicht nutzen\/zugreifen sollte.<\/p>\n<p>Zugang zu <strong>DoyMedia.com<\/strong> und die Nutzung seiner Dienste unterliegt den nachstehend aufgef\u00fchrten allgemeinen Bedingungen sowie den besonderen Bedingungen, die in den Anh\u00e4ngen oder auf den Tafeln auf einer bestimmten Seite erscheinen (die \"Bedingungen\").<\/p>\n<p>Indem Sie diese Website weiterhin besuchen, erkl\u00e4ren Sie (der \"Nutzer\") sich mit diesen Bedingungen einverstanden.<\/p>\n<p><strong>Wir behalten uns das Recht vor, den Zugang zur Website zu sperren, keine K\u00e4ufe mehr zuzulassen und auf Nachrichten von Personen, die gegen diese Bedingungen versto\u00dfen, nicht zu antworten.<\/strong><\/p>\n<h3>SERVICE<\/h3>\n<p class=\"translation-block\">Dies ist ein Online-Informations-, Werbe- und Kommunikationsmittel, das von <strong>DoyMedia.com<\/strong> zur Verf\u00fcgung gestellt wird, und stellt die Zustimmung des Benutzers zu diesen Bedingungen dar.<\/p>\n<p class=\"translation-block\">Die auf <strong>DoyMedia.com<\/strong> enthaltenen Informationen k\u00f6nnen nicht als ersch\u00f6pfend oder vollst\u00e4ndig angesehen werden, oder dass sie alle Bed\u00fcrfnisse des Benutzers befriedigen, und dem Benutzer wird empfohlen, diese Bedingungen und Konditionen mit besonderer Sorgfalt zu lesen.<\/p>\n<h3>HAFTUNG F\u00dcR LINKS<\/h3>\n<p class=\"translation-block\"><strong>DoyMedia.com<\/strong> kann \u00fcber seine Website(s) Links, Websites oder Dienstleistungen anderer Organisationen und Unternehmen anbieten, sowie dem Nutzer seiner Website den Download von Software Dritter erm\u00f6glichen. Der Benutzer versteht und akzeptiert, dass <strong>DoyMedia.com<\/strong> keine Kontrolle \u00fcber diese Dienstleistungen und Produkte hat und nicht daf\u00fcr verantwortlich ist.<\/p>\n<p class=\"translation-block\">Der Nutzer der Website akzeptiert und erkennt an, dass <strong>DoyMedia.com<\/strong> keine Kontrolle, \u00dcberwachung oder Verantwortung f\u00fcr die Qualit\u00e4t, Sicherheit, Eigenschaften und andere Elemente der Produkte und\/oder Dienstleistungen, die von Dritten auf der Website beworben oder angeboten werden, \u00fcbernimmt.<\/p>\n<h3>ERSTATTUNGEN UND STORNIERUNGEN<\/h3>\n<p>Aufgrund des digitalen Charakters unserer Dienstleistungen werden nach Bearbeitung und Lieferung der Bestellung keine R\u00fcckerstattungen akzeptiert. Gem\u00e4\u00df Artikel 103.m des K\u00f6niglichen Gesetzesdekrets 1\/2007 gilt das Widerrufsrecht nicht f\u00fcr digitale Inhalte, mit deren Ausf\u00fchrung mit ausdr\u00fccklicher Zustimmung des Verbrauchers begonnen wurde.<\/p>\n<p>Im Falle einer technischen St\u00f6rung oder eines Fehlers bei der Bestellung kann der Nutzer unser Team unter contacto@doymedia.com innerhalb von 12 Stunden nach dem Kauf kontaktieren.<\/p>\n<h3>ZAHLUNGSMODALIT\u00c4TEN<\/h3>\n<p class=\"translation-block\">Wir bieten derzeit eine <strong>vollst\u00e4ndig sichere Zahlung per Kredit- oder Debitkarte<\/strong> an, die direkt von unserer Bank verarbeitet wird. Wir speichern oder verarbeiten NIEMALS Ihre pers\u00f6nlichen Kartendaten.<\/p>\n<p>Wir bieten auch Zahlungen in Kryptow\u00e4hrungen (Bitcoin, Ethereum, Litecoin, etc.) und per Bank\u00fcberweisung an.<\/p>\n<p class=\"translation-block\">DoyMedia.com ist ein <strong>legales spanisches Unternehmen<\/strong>, das durch eine 256-Byte-SSL-Verschl\u00fcsselung gesch\u00fctzt ist und au\u00dferdem 24 Stunden am Tag von einem der besten Unternehmen der Welt f\u00fcr Website-Sicherheit \u00fcberwacht wird: Cloudflare.com, was Ihr Surfen und Online-Shopping auf dieser Website absolut sicher macht.<\/p>\n<h3>VARIOUS<\/h3>\n<p class=\"translation-block\"><strong>- Service-Nutzungsrichtlinien.<\/strong> Der Benutzer erkl\u00e4rt sich mit den hier dargelegten Service-Nutzungsrichtlinien in ihrer jeweils g\u00fcltigen Fassung einverstanden. <strong>DoyMedia.com<\/strong> beh\u00e4lt sich das Recht vor, alle Informationen, Mitteilungen oder Nachrichten zu entfernen oder zu \u00e4ndern, die seiner Meinung nach gegen die Nutzungsrichtlinie versto\u00dfen.<\/p>\n<p class=\"translation-block\"><strong>- Copyright.<\/strong> Die auf der Website enthaltenen Informationen k\u00f6nnen geistiges Eigentum von <strong>DoyMedia.com<\/strong> oder Dritten sein. Die Informationen d\u00fcrfen nur f\u00fcr nicht-kommerzielle Zwecke verwendet werden. Die Weitergabe oder Ver\u00f6ffentlichung von Material ist ohne vorherige schriftliche Zustimmung des Autors verboten. Wird die Genehmigung erteilt, muss der Benutzer den Autor nennen und darf das Material nicht ver\u00e4ndern.<\/p>\n<p><strong>- Probleme mit sozialen Netzwerken:<\/strong> DoyMedia.com ist nicht verantwortlich f\u00fcr die Sperrung von Konten oder andere Probleme, die Sie mit den sozialen Netzwerken haben, von denen Sie Dienste erworben haben. HINWEIS: Diese Art von Dingen ist sehr unwahrscheinlich, zu passieren, da die sozialen Netzwerke nicht erkennen, unsere Dienste, aber in dem Fall, dass dies geschieht, ist es die Verantwortung der Person, die f\u00fcr das Konto.<\/p>\n<p><strong>- Ersatz-Tracker:<\/strong> Jeder Dienst muss auf seine Wiederauff\u00fcllungspolitik \u00fcberpr\u00fcft werden. Die Wiederauff\u00fcllungen werden in der Beschreibung jedes Dienstes angegeben.<\/p>\n<p><strong>- Verlorene Follower vor dem Einkauf bei uns:<\/strong> Wenn Sie Follower von einer anderen Website gekauft haben und diese verlieren, wird unsere Arbeit sehr viel komplizierter, da wir die Fehler auf jeder anderen Website beheben m\u00fcssen, auf der Sie zuvor Follower gekauft haben. Wir k\u00f6nnen feststellen, ob die Follower, die Sie verlieren, von uns sind oder vor uns waren. Deshalb akzeptieren wir keine Behauptungen \u00fcber Follower, die verloren gegangen sind, bevor Sie bei uns gekauft haben, da diese Follower nicht von uns sind. Es ist auch erw\u00e4hnenswert, dass wir nicht in der Lage sein werden, uns f\u00fcr Bestellungen, die \u00e4ltere Follower verlieren, zu reklamieren oder zu beschuldigen, weil, wie oben in diesen Bedingungen angegeben: \"<em>Wenn Sie \u00e4hnliche Dienstleistungen von anderen Anbietern f\u00fcr dieselben Konten erwerben, erlischt die Ersatz- oder R\u00fcckerstattungsgarantie f\u00fcr die von DoyMedia.com erworbenen Dienstleistungen.<\/em>\"<\/p>\n<p><strong>- Instagram- und Twitter-Profile M\u00dcSSEN im PUBLIC MODE sein.<\/strong> damit wir die Follower hinzuf\u00fcgen k\u00f6nnen. Wenn Ihr Konto im privaten Modus ist und wir Ihnen raten, es in den \u00f6ffentlichen Modus zu versetzen, Sie dies aber nicht tun, kann dies ein Grund f\u00fcr uns sein, die Bestellung als abgeschlossen zu markieren, ohne die Follower hinzuf\u00fcgen zu k\u00f6nnen.<\/p>\n<p><strong>- Lieferfrist:<\/strong> Ihre Bestellung wird automatisch bearbeitet, aber je nach sozialem Netzwerk und der beauftragten Menge kann es ein wenig l\u00e4nger oder k\u00fcrzer dauern. Im Durchschnitt geben wir an, dass Dienstleistungen in 24-48 Stunden ankommen k\u00f6nnen.<\/p>\n<p><strong>- Qualit\u00e4t der Follower, Likes, Mitglieder, Abonnenten, etc..:<\/strong> Gekaufte Follower f\u00fcr Instagram, Facebook, Twitter, Youtube, Telegram, Tik Tok oder ein anderes soziales Netzwerk, in dem wir Follower verkaufen, sehen zwar echt aus, interagieren aber garantiert nicht mit Ihrem Konto. Das bedeutet, dass die Konten Bilder haben und wie echte Konten aussehen, aber diese Follower werden nicht interagieren, indem sie Ihre Beitr\u00e4ge liken.<\/p>\n<p class=\"translation-block\"><strong>- Inhaltskontrolle.<\/strong> <strong>DoyMedia.com<\/strong> hat keine Kontrolle \u00fcber die Kommunikation und das Material, das die Benutzer auf der Website eingeben. <strong>DoyMedia.com<\/strong> ist nicht f\u00fcr den Inhalt dieser Mitteilungen und Materialien verantwortlich, beh\u00e4lt sich jedoch das Recht vor, den Zugang zu sperren oder jegliche Mitteilungen oder Materialien zu entfernen, die nach seiner Auffassung (a) beleidigend, verleumderisch, obsz\u00f6n, falsch oder irref\u00fchrend sind, (b) die Rechte am geistigen Eigentum Dritter verletzen oder (c) gegen die Bestimmungen der Nutzungsbedingungen des Service versto\u00dfen.<\/p>\n<p class=\"translation-block\"><strong>- Freistellungsverpflichtung.<\/strong> Der Nutzer verpflichtet sich, <strong>DoyMedia.com<\/strong>, seine Mitarbeiter, Lizenzgeber, Lieferanten und Lizenznehmer von Sch\u00e4den (einschlie\u00dflich der Kosten der Rechtsverteidigung) freizustellen, die aus einer rechtswidrigen Handlung oder Tatsache resultieren, die dem Nutzer oder einem Dritten, der den Account des Nutzers nutzt, zuzurechnen ist. <strong>DoyMedia.com<\/strong> ist berechtigt, ohne vorherige Zustimmung des Benutzers die Bestimmungen und\/oder Bedingungen in den einzelnen Klauseln dieses Vertrages zu \u00e4ndern, zu streichen und\/oder hinzuzuf\u00fcgen. Der Nutzer ist allein verantwortlich f\u00fcr die Vertraulichkeit und die Verwendung seines Passworts sowie f\u00fcr die Anweisungen, die in seinem Namen bei der Nutzung des Systems ausgef\u00fchrt werden.<\/p>\n<p><strong>- Teilweise Nichtigkeit.<\/strong> Sollte eine Bestimmung dieser Bedingungen f\u00fcr ung\u00fcltig erkl\u00e4rt werden, so ber\u00fchrt dies nicht die G\u00fcltigkeit der \u00fcbrigen Bestimmungen.<\/p>\n<\/div><\/div><\/div><\/div><\/div><\/div><\/div><\/section>","protected":false},"excerpt":{"rendered":"Allgemeine Gesch\u00e4ftsbedingungen DoyMedia h\u00e4lt sich an die Bestimmungen des Gesetzes 34\/2002 \u00fcber die Dienste der Informationsgesellschaft und den elektronischen Handel (LSSI-CE), des Organgesetzes 3\/2018 \u00fcber den Schutz personenbezogener Daten und die Gew\u00e4hrleistung digitaler Rechte (LOPDGDD) und der Verordnung (EU) 2016\/679, General Data Protection Regulation (GDPR). Die...","protected":false},"author":1,"featured_media":0,"parent":0,"menu_order":0,"comment_status":"closed","ping_status":"closed","template":"","meta":{"_acf_changed":false,"footnotes":""},"class_list":["post-404","page","type-page","status-publish","hentry"],"acf":[],"_links":{"self":[{"href":"https:\/\/doymedia.com\/de\/wp-json\/wp\/v2\/pages\/404","targetHints":{"allow":["GET"]}}],"collection":[{"href":"https:\/\/doymedia.com\/de\/wp-json\/wp\/v2\/pages"}],"about":[{"href":"https:\/\/doymedia.com\/de\/wp-json\/wp\/v2\/types\/page"}],"author":[{"embeddable":true,"href":"https:\/\/doymedia.com\/de\/wp-json\/wp\/v2\/users\/1"}],"replies":[{"embeddable":true,"href":"https:\/\/doymedia.com\/de\/wp-json\/wp\/v2\/comments?post=404"}],"version-history":[{"count":6,"href":"https:\/\/doymedia.com\/de\/wp-json\/wp\/v2\/pages\/404\/revisions"}],"predecessor-version":[{"id":1361,"href":"https:\/\/doymedia.com\/de\/wp-json\/wp\/v2\/pages\/404\/revisions\/1361"}],"wp:attachment":[{"href":"https:\/\/doymedia.com\/de\/wp-json\/wp\/v2\/media?parent=404"}],"curies":[{"name":"wp","href":"https:\/\/api.w.org\/{rel}","templated":true}]}}