{"id":629,"date":"2025-03-29T16:18:36","date_gmt":"2025-03-29T15:18:36","guid":{"rendered":"https:\/\/v2.doymedia.com\/?page_id=629"},"modified":"2025-07-29T21:55:46","modified_gmt":"2025-07-29T19:55:46","slug":"cookie-richtlinie","status":"publish","type":"page","link":"https:\/\/doymedia.com\/de\/politica-de-cookies\/","title":{"rendered":"Cookie-Richtlinie"},"content":{"rendered":"<p><span style=\"font-size: 2rem; letter-spacing: 0em;\">Cookie-Richtlinie<\/span><\/p>\n<header><\/header>\n<div>\n<p class=\"translation-block\">In \u00dcbereinstimmung mit <strong>Artikel 22.2 des Gesetzes 34\/2002<\/strong> \u00fcber die Dienste der Informationsgesellschaft und den elektronischen Handel (LSSI-CE) sowie der <strong>Verordnung (EU) 2016\/679 (RGPD)<\/strong> und dem <strong>Organisationsgesetz 3\/2018 (LOPDGDD)<\/strong> informieren wir die Nutzer \u00fcber die Verwendung von Cookies auf dieser Website.<\/p>\n<h3>1. was sind Cookies?<\/h3>\n<p>Cookies sind kleine Textdateien, die beim Besuch einer Website im Browser des Nutzers gespeichert werden. Sie werden verwendet, um Informationen \u00fcber Ihren Besuch zu speichern, wie z. B. Ihre bevorzugte Sprache, die Produkte in Ihrem Warenkorb oder ob Sie angemeldet sind, und um Ihr Surferlebnis zu verbessern und personalisierte Inhalte zu liefern.<\/p>\n<h3>2. welche Arten von Cookies verwenden wir?<\/h3>\n<p class=\"translation-block\">Auf <strong>DoyMedia.com<\/strong> verwenden wir eigene und fremde Cookies, die in die folgenden Kategorien eingeteilt werden:<\/p>\n<h4>\u2705 <strong>Erforderliche oder technische Cookies<\/strong><\/h4>\n<p>Sie sind f\u00fcr das Funktionieren der Website unerl\u00e4sslich. Sie erm\u00f6glichen grundlegende Funktionen wie das Browsen, den Zugang zu gesch\u00fctzten Bereichen und die Auftragsverwaltung.<\/p>\n<ul>\n<li>Beispiel: Sitzungscookies, Verkehrskontrolle, Authentifizierung.<\/li>\n<\/ul>\n<h4>\ud83d\udcca <strong>Analytische oder statistische Cookies<\/strong><\/h4>\n<p>Sie sammeln anonym Informationen dar\u00fcber, wie Nutzer mit der Website interagieren. Sie helfen uns, das Surfverhalten zu verstehen und die Website zu verbessern.<\/p>\n<ul>\n<li>Beispiel: Google Analytics.<\/li>\n<\/ul>\n<h4>\ud83d\udce2 <strong>Marketing- und Werbe-Cookies<\/strong><\/h4>\n<p>Sie werden verwendet, um den Nutzern relevante Anzeigen zu zeigen und ihre Leistung zu messen. Sie erm\u00f6glichen es Ihnen auch, die Anzahl der Anzeigen zu begrenzen.<\/p>\n<ul>\n<li>Beispiel: Google Ads, Meta (Facebook\/Instagram), TikTok Ads.<\/li>\n<\/ul>\n<h4>\ud83d\udd17 <strong>Cookies von Dritten<\/strong><\/h4>\n<p>Einige externe Dienste wie Videoplayer, Karten oder soziale Netzwerke k\u00f6nnen ihre eigenen Cookies installieren, wenn der Nutzer mit ihnen interagiert.<\/p>\n<ul>\n<li>Beispiel: YouTube, Google Maps, Facebook, Instagram, TikTok.<\/li>\n<\/ul>\n<h3>3. wie wird die Zustimmung eingeholt?<\/h3>\n<p>Wenn Sie DoyMedia.com zum ersten Mal besuchen, zeigen wir ein Zustimmungsbanner durch <strong>JaKekse<\/strong>die es Ihnen erm\u00f6glicht:<\/p>\n<p>\u2705 Alle Cookies akzeptieren<br \/>\n\u274c Ablehnung der nicht ben\u00f6tigten<br \/>\n\u2699\ufe0f Passen Sie Ihre Auswahl an<\/p>\n<p>Sie k\u00f6nnen <strong>Ihre Pr\u00e4ferenzen \u00e4ndern<\/strong> jederzeit \u00fcber den Link \"Cookie-Einstellungen\" in der Fu\u00dfzeile der Website \u00e4ndern.<\/p>\n<h3>4. wie kann ich Cookies in meinem Browser l\u00f6schen oder deaktivieren?<\/h3>\n<p>Sie k\u00f6nnen die auf Ihrem Ger\u00e4t installierten Cookies zulassen, blockieren oder l\u00f6schen, indem Sie Ihre Browseroptionen konfigurieren. Im Folgenden zeigen wir Ihnen, wie Sie dies in den g\u00e4ngigsten Browsern tun k\u00f6nnen:<\/p>\n<ul>\n<li><strong>Google Chrome:<\/strong><br \/>\n<a href=\"https:\/\/support.google.com\/chrome\/answer\/95647\" target=\"_blank\" rel=\"noopener\">https:\/\/support.google.com\/chrome\/answer\/95647<\/a><\/li>\n<li><strong>Mozilla Firefox:<\/strong><br \/>\n<a href=\"https:\/\/support.mozilla.org\/es\/kb\/habilitar-y-deshabilitar-cookies\" target=\"_blank\" rel=\"noopener\">https:\/\/support.mozilla.org\/es\/kb\/habilitar-y-deshabilitar-cookies<\/a><\/li>\n<li><strong>Safari (Apple):<\/strong><br \/>\n<a href=\"https:\/\/support.apple.com\/es-es\/HT201265\" target=\"_blank\" rel=\"noopener\">https:\/\/support.apple.com\/es-es\/HT201265<\/a><\/li>\n<li><strong>Microsoft Edge:<\/strong><br \/>\n<a href=\"https:\/\/support.microsoft.com\/es-es\/help\/4027947\" target=\"_blank\" rel=\"noopener\">https:\/\/support.microsoft.com\/es-es\/help\/4027947<\/a><\/li>\n<li><strong>Oper:<\/strong><br \/>\n<a href=\"https:\/\/help.opera.com\/en\/latest\/web-preferences\/#cookies\" target=\"_blank\" rel=\"noopener\">https:\/\/help.opera.com\/en\/latest\/web-preferences\/#cookies<\/a><\/li>\n<\/ul>\n<p class=\"translation-block\">Sie k\u00f6nnen auch bestimmte in Ihrem Browser gespeicherte Cookies l\u00f6schen oder Erweiterungen wie <strong>\"Ghostery\"<\/strong> oder <strong>\"Cookie AutoDelete\"<\/strong> installieren, um mehr Kontrolle zu haben.<\/p>\n<h3>5. Internationale \u00dcbermittlung von Daten<\/h3>\n<p class=\"translation-block\">Einige Cookies von Drittanbietern k\u00f6nnen internationale Daten\u00fcbertragungen beinhalten, insbesondere wenn sie von Unternehmen mit Sitz au\u00dferhalb des Europ\u00e4ischen Wirtschaftsraums (EWR) verwaltet werden. In solchen F\u00e4llen stellen wir sicher, dass <strong>angemessene Schutzma\u00dfnahmen<\/strong> wie die von der Europ\u00e4ischen Kommission genehmigten <strong>Standardvertragsklauseln<\/strong> oder die Einhaltung des <strong>Data Privacy Framework (DPF)<\/strong> durch den Anbieter gew\u00e4hrleistet sind.<\/p>\n<h3>6. Aktualisierungen dieser Politik<\/h3>\n<p>Diese Cookie-Richtlinie kann entsprechend den rechtlichen oder technischen Anforderungen aktualisiert werden. Jede relevante \u00c4nderung wird auf dieser Seite und, falls erforderlich, \u00fcber das Zustimmungsbanner mitgeteilt.<\/p>\n<p>Wir empfehlen Ihnen, diese Richtlinie in regelm\u00e4\u00dfigen Abst\u00e4nden zu \u00fcberpr\u00fcfen.<\/p>\n<\/div>","protected":false},"excerpt":{"rendered":"<p>Cookie-Richtlinie In \u00dcbereinstimmung mit Artikel 22.2 des Gesetzes 34\/2002 \u00fcber die Dienste der Informationsgesellschaft und den elektronischen Handel (LSSI-CE) sowie der Verordnung (EU) 2016\/679 (RGPD) und dem Organgesetz 3\/2018 (LOPDGDD) informieren wir die Nutzer \u00fcber die Verwendung von Cookies auf dieser Website. 1. was sind Cookies?<\/p>","protected":false},"author":1,"featured_media":0,"parent":0,"menu_order":0,"comment_status":"closed","ping_status":"closed","template":"","meta":{"_acf_changed":false,"footnotes":""},"class_list":["post-629","page","type-page","status-publish","hentry"],"acf":[],"_links":{"self":[{"href":"https:\/\/doymedia.com\/de\/wp-json\/wp\/v2\/pages\/629","targetHints":{"allow":["GET"]}}],"collection":[{"href":"https:\/\/doymedia.com\/de\/wp-json\/wp\/v2\/pages"}],"about":[{"href":"https:\/\/doymedia.com\/de\/wp-json\/wp\/v2\/types\/page"}],"author":[{"embeddable":true,"href":"https:\/\/doymedia.com\/de\/wp-json\/wp\/v2\/users\/1"}],"replies":[{"embeddable":true,"href":"https:\/\/doymedia.com\/de\/wp-json\/wp\/v2\/comments?post=629"}],"version-history":[{"count":3,"href":"https:\/\/doymedia.com\/de\/wp-json\/wp\/v2\/pages\/629\/revisions"}],"predecessor-version":[{"id":1366,"href":"https:\/\/doymedia.com\/de\/wp-json\/wp\/v2\/pages\/629\/revisions\/1366"}],"wp:attachment":[{"href":"https:\/\/doymedia.com\/de\/wp-json\/wp\/v2\/media?parent=629"}],"curies":[{"name":"wp","href":"https:\/\/api.w.org\/{rel}","templated":true}]}}