{"id":827,"date":"2025-04-10T17:34:41","date_gmt":"2025-04-10T15:34:41","guid":{"rendered":"https:\/\/v2.doymedia.com\/?post_type=product&#038;p=827"},"modified":"2025-07-16T21:41:26","modified_gmt":"2025-07-16T19:41:26","slug":"twitter-follower-kaufen","status":"publish","type":"product","link":"https:\/\/doymedia.com\/de\/comprar-seguidores-twitter\/","title":{"rendered":"Twitter-Follower kaufen"},"content":{"rendered":"<section class=\"l-section wpb_row height_medium\"><div class=\"l-section-h i-cf\"><div class=\"g-cols vc_row via_flex valign_top type_default stacking_default\"><div class=\"vc_col-sm-12 wpb_column vc_column_container\"><div class=\"vc_column-inner\"><div class=\"wpb_wrapper\"><div class=\"wpb_text_column\"><div class=\"wpb_wrapper\"><p class=\"translation-block\">Bei Twitter ist die Anzahl der Follower ein Vorstellungsschreiben. Ein Konto mit vielen Followern vermittelt Autorit\u00e4t, Vertrauen und Relevanz in Ihrem Sektor. Daher ist der <strong>Kauf von Twitter-Followern<\/strong> eine kluge Strategie, um auf den ersten Blick aufzufallen, Ihre Glaubw\u00fcrdigkeit zu erh\u00f6hen und Ihr Konto wachsen zu lassen.<\/p>\n<p class=\"translation-block\">Ganz gleich, ob Sie Twitter f\u00fcr Ihre pers\u00f6nliche Marke, Ihr Unternehmen, Ihr berufliches Projekt oder Ihre kreativen Inhalte nutzen - eine starke Community \u00f6ffnet Ihnen die T\u00fcr zu mehr Engagement, mehr Sichtbarkeit und mehr M\u00f6glichkeiten. Wenn Sie es leid sind, langsam zu wachsen oder nicht die Anerkennung zu bekommen, die Ihre Inhalte verdienen, kann der <strong>Kauf von Twitter-Followern<\/strong> Ihnen den n\u00f6tigen Schub geben.<\/p>\n<h2>Warum Follower auf Twitter kaufen?<\/h2>\n<p class=\"translation-block\">Denn auf dieser Plattform ist die Wahrnehmung alles. Ein Konto mit wenigen Anh\u00e4ngern, selbst wenn es interessante Inhalte hat, kann unbemerkt bleiben. Wenn ein Konto hingegen eine solide Basis an Followern hat, weckt es Neugier und Vertrauen. Durch den <strong>Kauf von Twitter-Followern<\/strong> vermitteln Sie von Anfang an ein starkes Image.<\/p>\n<p>Dar\u00fcber hinaus beeinflusst die Anzahl der Follower, wie andere mit Ihrem Konto interagieren. Mehr Follower ziehen mehr Engagement, mehr Retweets, mehr Erw\u00e4hnungen und oft auch organische Follower an. Es geht darum, Aufmerksamkeit zu erregen und den Ripple-Effekt zu nutzen.<\/p>\n<h3>Vorteile des Kaufs von Twitter-Followern<\/h3>\n<ul>\n<li>\ud83d\udcc8 Erh\u00f6hen Sie die Autorit\u00e4t und Glaubw\u00fcrdigkeit Ihres Profils<\/li>\n<li>\ud83d\ude80 Vermittelt ein professionelles und zuverl\u00e4ssiges Image<\/li>\n<li>\ud83c\udfaf Verbessern Sie Ihre Positionierung vor neuen Nutzern<\/li>\n<li>\ud83d\udcac Unterst\u00fctzt organische Interaktion und nat\u00fcrliches Wachstum<\/li>\n<li>\ud83d\udd12 Sicherer Service, ohne Zugriff auf Ihr Konto<\/li>\n<\/ul>\n<p class=\"translation-block\"><strong>Twitter-Follower kaufen<\/strong> ist f\u00fcr alle Arten von Konten n\u00fctzlich: pers\u00f6nliche, kommerzielle, institutionelle oder kreative. Egal, ob Sie Ihre Kunden beeindrucken, Partnerschaften schlie\u00dfen oder einfach mehr Einfluss in der digitalen Konversation haben wollen, dieser Service kann Ihnen helfen, dieses Ziel schneller zu erreichen.<\/p>\n<h2>Ist es sicher, Twitter-Follower zu kaufen?<\/h2>\n<p>Ja, absolut sicher. Wir fragen nie nach deinem Passwort oder anderen privaten Daten. Wir brauchen nur Ihren \u00f6ffentlichen Twitter-Benutzernamen. Unser System sorgt f\u00fcr eine allm\u00e4hliche und nat\u00fcrliche \u00dcbermittlung und vermeidet jedes Anzeichen eines k\u00fcnstlichen Verhaltens.<\/p>\n<p>Wir arbeiten mit schlanken Prozessen, um Ihr Konto zu sch\u00fctzen und Ihr Profil effektiv und diskret zu verbessern. Tausende von Nutzern haben diesen Service bereits mit positiven Ergebnissen und ohne Komplikationen genutzt.<\/p>\n<h3>Wer kann diesen Dienst in Anspruch nehmen?<\/h3>\n<p>Dieser Service richtet sich an alle Personen oder Projekte, die sich auf Twitter st\u00e4rker profilieren m\u00f6chten. Von Unternehmern und Freiberuflern bis hin zu K\u00fcnstlern, Marken oder Unternehmen, die sich mit mehr Autorit\u00e4t positionieren m\u00f6chten.<\/p>\n<ul>\n<li>\ud83d\udce2 Fachleute nutzen Twitter als Kommunikationskanal<\/li>\n<li>\ud83c\udfa4 K\u00fcnstler und Kreative, die f\u00fcr ihre Werke oder Ideen werben<\/li>\n<li>\ud83d\udcc8 Unternehmen, die eine gr\u00f6\u00dfere soziale Wirkung erzielen wollen<\/li>\n<li>\ud83d\udcf2 Digitale Unternehmer auf der Suche nach einer Positionierung<\/li>\n<li>\ud83d\udcac Neue Konten, die einen guten Start hinlegen wollen<\/li>\n<\/ul>\n<p>Dar\u00fcber hinaus ist eine solide Basis von Anh\u00e4ngern von entscheidender Bedeutung, wenn Sie Kooperationen, Marketingkampagnen oder einfach ein besseres \u00f6ffentliches Image anstreben.<\/p>\n<p class=\"translation-block\">Viele Marken und Nutzer entscheiden aufgrund Ihres sichtbaren sozialen Einflusses, Ihnen zu folgen oder Sie zu kontaktieren. Daher ist der <strong>Kauf von Twitter-Followern<\/strong> nicht nur eine Frage von Zahlen, sondern eine Investition in Ihren digitalen Ruf und die M\u00f6glichkeiten, die sich daraus ergeben k\u00f6nnen.<\/p>\n<h2>Wie funktioniert das?<\/h2>\n<p>Der Kauf von Twitter-Followern ist sehr einfach. Sie m\u00fcssen nur das Paket ausw\u00e4hlen, das Ihren Zielen am besten entspricht, Ihren @user eingeben und Ihre Bestellung aufgeben. Wir k\u00fcmmern uns um die Lieferung, die nat\u00fcrlich und sicher erfolgt.<\/p>\n<p class=\"translation-block\">F\u00fcr eine umfassendere Strategie k\u00f6nnen Sie diesen Dienst mit dem <a href=\"https:\/\/doymedia.com\/de\/twitter-likes-kaufen\/\" target=\"_self\"><strong>Kauf von Twitter-Likes<\/strong><\/a> oder sogar mit dem <a href=\"https:\/\/doymedia.com\/de\/kauf-von-twitter-stimmen\/\" target=\"_self\"><strong>Kauf von Stimmen in Twitter-Umfragen<\/strong><\/a> kombinieren und so nicht nur Ihre Follower, sondern auch Ihre Sichtbarkeit und Beteiligung auf der Plattform erh\u00f6hen.<\/p>\n<h2>Erweitern Sie Ihr Konto noch heute<\/h2>\n<p class=\"translation-block\">Wenn Sie sich stark positionieren, Wirkung erzielen und einen Account haben wollen, der auf den ersten Blick Vertrauen erweckt, ist der <strong>Kauf von Twitter-Followern<\/strong> der erste Schritt. Wage noch heute den Schritt und beginne mit dem Aufbau einer soliden Community, die dir helfen wird, deine Ziele zu erreichen.<\/p>\n<\/div><\/div><\/div><\/div><\/div><\/div><\/div><\/section>","protected":false},"excerpt":{"rendered":"Auf Twitter ist die Anzahl der Follower ein Vorstellungsschreiben. Ein Account mit vielen Followern vermittelt Autorit\u00e4t, Vertrauen und Relevanz in deinem Sektor. Deshalb ist der Kauf von Twitter-Followern eine kluge Strategie, um auf den ersten Blick aufzufallen, deine Glaubw\u00fcrdigkeit zu erh\u00f6hen und deinen Account zu vergr\u00f6\u00dfern. Ob du nun...","protected":false},"featured_media":318,"comment_status":"open","ping_status":"closed","template":"","meta":{"_acf_changed":false},"product_brand":[],"product_cat":[19],"product_tag":[],"class_list":{"0":"post-827","1":"product","2":"type-product","3":"status-publish","4":"has-post-thumbnail","6":"product_cat-twitter","7":"wcpa_has_options","9":"first","10":"instock","11":"sale","12":"shipping-taxable","13":"purchasable","14":"product-type-variable","15":"has-default-attributes"},"acf":[],"wcpa_form_fields":{"wcpaData":{"product":{"product_price":4.99,"price_html":"","original_product_price":4.99,"price_including_tax":4.99,"price_excluding_tax":4.99,"product_id":{"parent":827,"variation":false},"is_variable":true,"stock_status":"instock","stock_quantity":null,"parent_sku":"","product_attributes":{"cantidad":{"is_variation":true,"values":[]}},"custom_fields":[],"is_taxable":false,"product_name":"Comprar Seguidores Twitter","hasImage":false},"fields":{"sec_667faa718b57fe":{"extra":{"key":"sec_667faa718b57fe","section_id":"sec_667faa718b57fe","name":"Por defecto","status":1,"toggle":true,"form_id":1068,"form_rules":{"exclude_from_discount":false,"fee_label":"Extras","disp_hide_options_price":false,"disp_show_section_price":false,"disp_show_field_price":false,"layout_option":"standard","pric_use_as_fee":false,"process_fee_as":"woo_fee"},"layout_option":"standard"},"fields":[[{"active":true,"col":5,"relations":false,"cl_rule":"show","enableCl":false,"price":"","enablePrice":false,"className":"","type":"text","subtype":"text","required":true,"elementId":"text_767faa718b581b","label":"Nombre de Usuario","name":"text_767faa718b581b","value":"","error":false,"placeholder":"Ejemplo: @mrbeast","enableDesign":false,"LabelSize":"16px","gt_translate_keys":["label","placeholder","value"],"price_dependency":false,"cl_dependency":false}],[{"active":true,"col":5,"relations":false,"cl_rule":"show","enableCl":false,"price":"","enablePrice":false,"className":"mensaje-informacion","label_position":"default","desc_position":"default","type":"content","required":false,"elementId":"content_0612173150","label":"","name":"content_0612173150","contentType":"plain","value":"La cuenta tiene que estar en modo p\u00fablico para que lleguen los seguidores.","error":false,"gt_translate_keys":["label","value"],"price_dependency":false,"cl_dependency":false}]]}},"config":{"price_override":"","enable_recaptcha":false,"bind_quantity":false,"quantity_bind_formula":false,"disp_summ_show_option_price":false,"disp_summ_show_product_price":false,"disp_summ_show_total_price":false,"disp_summ_show_fee":false,"disp_summ_show_discount":false,"summary_title":"","options_total_label":"Extras","total_label":"Total","options_product_label":"Producto","fee_label":"Extras","discount_label":"Descuento","has_price":true,"has_quantity_formula":false},"mc_unit":1,"tax_rate":1,"tax_rate_real":1,"discount":{"percentage":0,"fixed":0},"design":{"conf":{"LabelPosition":"above","DescPosition":"above","UploadField":"custom_1","QuantityFieldStyle":"default"},"css":{"LeftLabelWidth":"120px"}},"formulas":[],"clones":false,"cartKey":false}},"_links":{"self":[{"href":"https:\/\/doymedia.com\/de\/wp-json\/wp\/v2\/product\/827","targetHints":{"allow":["GET"]}}],"collection":[{"href":"https:\/\/doymedia.com\/de\/wp-json\/wp\/v2\/product"}],"about":[{"href":"https:\/\/doymedia.com\/de\/wp-json\/wp\/v2\/types\/product"}],"replies":[{"embeddable":true,"href":"https:\/\/doymedia.com\/de\/wp-json\/wp\/v2\/comments?post=827"}],"wp:featuredmedia":[{"embeddable":true,"href":"https:\/\/doymedia.com\/de\/wp-json\/wp\/v2\/media\/318"}],"wp:attachment":[{"href":"https:\/\/doymedia.com\/de\/wp-json\/wp\/v2\/media?parent=827"}],"wp:term":[{"taxonomy":"product_brand","embeddable":true,"href":"https:\/\/doymedia.com\/de\/wp-json\/wp\/v2\/product_brand?post=827"},{"taxonomy":"product_cat","embeddable":true,"href":"https:\/\/doymedia.com\/de\/wp-json\/wp\/v2\/product_cat?post=827"},{"taxonomy":"product_tag","embeddable":true,"href":"https:\/\/doymedia.com\/de\/wp-json\/wp\/v2\/product_tag?post=827"}],"curies":[{"name":"wp","href":"https:\/\/api.w.org\/{rel}","templated":true}]}}