{"id":838,"date":"2025-04-10T17:35:14","date_gmt":"2025-04-10T15:35:14","guid":{"rendered":"https:\/\/v2.doymedia.com\/?post_type=product&#038;p=838"},"modified":"2025-05-12T16:19:10","modified_gmt":"2025-05-12T14:19:10","slug":"twitter-likes-kaufen","status":"publish","type":"product","link":"https:\/\/doymedia.com\/de\/comprar-likes-twitter\/","title":{"rendered":"Twitter-Likes kaufen"},"content":{"rendered":"<section class=\"l-section wpb_row height_medium\"><div class=\"l-section-h i-cf\"><div class=\"g-cols vc_row via_flex valign_top type_default stacking_default\"><div class=\"vc_col-sm-12 wpb_column vc_column_container\"><div class=\"vc_column-inner\"><div class=\"wpb_wrapper\"><div class=\"wpb_text_column\"><div class=\"wpb_wrapper\"><p class=\"translation-block\">Auf Twitter sind Likes viel mehr als nur eine Reaktion. Sie stehen f\u00fcr Unterst\u00fctzung, Validierung und Relevanz. Wenn ein Tweet viele <em><strong>Likes<\/strong><\/em> sammelt, gewinnt er an Sichtbarkeit und Glaubw\u00fcrdigkeit und wird sich wahrscheinlich schneller verbreiten. Daher ist der <strong>Kauf von Twitter-Likes<\/strong> eine wirksame Strategie, um die Leistung Ihrer Ver\u00f6ffentlichungen zu verbessern und Ihre Pr\u00e4senz in diesem sozialen Netzwerk zu erh\u00f6hen.<\/p>\n<p class=\"translation-block\">Wenn du wertvolle Inhalte teilst, aber nicht das erhoffte Engagement erh\u00e4ltst, kann der <strong>Kauf von Twitter-Likes<\/strong> dir helfen, den Algorithmus auszul\u00f6sen, mehr Aufmerksamkeit zu erhalten und einen Welleneffekt zu erzeugen, der Retweets, Follower und neue Kommentare anzieht.<\/p>\n<h2>Warum Likes auf Twitter kaufen?<\/h2>\n<p class=\"translation-block\">Denn der Algorithmus und die Nutzer reagieren auf die Bewegung. Ein Tweet, der in kurzer Zeit viele Likes erh\u00e4lt, gewinnt an Schwung und wird mehr Menschen angezeigt. Durch den <strong>Kauf von Twitter-Likes<\/strong> erh\u00f6hen Sie die Chancen, dass Ihre Inhalte von mehr Nutzern gesehen, geteilt und gesch\u00e4tzt werden.<\/p>\n<p class=\"translation-block\">Au\u00dferdem verleihen <em><strong>Likes<\/strong><\/strong><\/em> Ihrem Profil St\u00e4rke. Ganz gleich, ob Sie gerade erst anfangen oder bereits ein Publikum haben, wenn Sie Aktivit\u00e4t in Ihren Beitr\u00e4gen zeigen, positionieren Sie sich als aktives, attraktives und einflussreiches Konto. Es ist eine einfache und effektive M\u00f6glichkeit, Ihr digitales Image zu st\u00e4rken.<\/p>\n<h3>Vorteile des Kaufs von Likes auf Twitter<\/h3>\n<ul>\n<li>\ud83d\udcc8 Unmittelbare Zunahme der Interaktion<\/li>\n<li>\ud83d\ude80 Mehr Sichtbarkeit f\u00fcr Ihre wichtigen Tweets<\/li>\n<li>\ud83d\udcac Verbessern Sie die Wahrnehmung Ihrer Inhalte in den Augen der anderen Nutzer.<\/li>\n<li>\ud83c\udfaf St\u00e4rken Sie Ihre Autorit\u00e4t auf der Plattform<\/li>\n<li>\ud83d\udd12 Sichere Zustellung, ohne Ihr Konto zu gef\u00e4hrden<\/li>\n<\/ul>\n<p class=\"translation-block\">Dieser Service ist sowohl f\u00fcr Einzelpersonen als auch f\u00fcr Marken, Content Creators, Influencer oder Unternehmen n\u00fctzlich. Wenn Sie eine wichtige Nachricht lancieren, f\u00fcr etwas werben oder einfach die Aktivit\u00e4t Ihres Kontos verbessern m\u00f6chten, ist <strong>Twitter-Likes kaufen<\/strong> ein direktes und effektives Werkzeug.<\/p>\n<p>Wenn Ihre Beitr\u00e4ge regelm\u00e4\u00dfig Likes erhalten, ist es au\u00dferdem wahrscheinlicher, dass neue Nutzer Ihren Inhalten vertrauen. Dies erh\u00f6ht die Zeit, die sie auf Ihrem Profil verbringen, die Wahrscheinlichkeit, dass sie Ihnen folgen und das allgemeine Engagement.<\/p>\n<p class=\"translation-block\"><strong>Kaufen von Twitter-Likes<\/strong> verbessert nicht nur Ihre Statistiken, sondern auch die allgemeine Wahrnehmung, die andere von Ihnen oder Ihrer Marke haben.<\/p>\n<h2>Ist es sicher, Twitter-Likes zu kaufen?<\/h2>\n<p>Ja, vollst\u00e4ndig. Wir fragen nicht nach Passw\u00f6rtern oder Zugang zu Ihrem Konto. Wir ben\u00f6tigen lediglich den Link zu dem Tweet, den Sie verst\u00e4rken m\u00f6chten.<\/p>\n<p class=\"translation-block\">Unser Service ist so optimiert, dass er sicher, diskret und effektiv ist. Tausende von Nutzern haben mit uns die Sichtbarkeit ihrer Tweets ohne jedes Risiko verbessert. <strong>Twitter-Likes zu kaufen<\/strong> ist eine strategische Entscheidung, und hier k\u00f6nnen Sie sie mit Vertrauen treffen.<\/p>\n<h3>Wer kann diesen Dienst in Anspruch nehmen?<\/h3>\n<p>Jedes Konto, das seine Pr\u00e4senz auf Twitter verbessern m\u00f6chte. Von Unternehmern bis hin zu K\u00fcnstlern, Marken oder einzelnen Nutzern. Wenn Sie m\u00f6chten, dass Ihre Beitr\u00e4ge mehr Reichweite haben und besser aussehen, ist dieser Dienst genau das Richtige f\u00fcr Sie.<\/p>\n<ul>\n<li>\ud83d\udce2 Konten, die eine Schl\u00fcsselbotschaft verst\u00e4rken wollen<\/li>\n<li>\ud83d\udcc8 Marken suchen Interaktion bei Markteinf\u00fchrungen<\/li>\n<li>\ud83c\udfa4 Sch\u00f6pfer teilen virale Inhalte<\/li>\n<li>\ud83e\udde0 Experten oder Trainer, die Bildungsinhalte ver\u00f6ffentlichen<\/li>\n<li>\ud83d\udcf2 Pers\u00f6nliche Nutzer, die sich abheben wollen<\/li>\n<\/ul>\n<h2>Wie funktioniert das?<\/h2>\n<p>Sie m\u00fcssen nur das Paket ausw\u00e4hlen, das am besten zu Ihren Zielen passt, uns den Link zum Tweet \u00fcbermitteln und die Zahlung vornehmen. Wir k\u00fcmmern uns um den Rest. Sie werden sehen, wie Ihre Ver\u00f6ffentlichung in k\u00fcrzester Zeit Interaktionen erh\u00e4lt.<\/p>\n<p class=\"translation-block\">Wenn Sie eine umfassendere Strategie w\u00fcnschen, k\u00f6nnen Sie diesen Service mit dem <a href=\"https:\/\/doymedia.com\/de\/twitter-follower-kaufen\/\" target=\"_self\"><strong>Kauf von Twitter-Followern<\/strong><\/a> oder mit dem <a href=\"https:\/\/doymedia.com\/de\/kauf-von-twitter-stimmen\/\" target=\"_self\"><strong>Kauf von Twitter-Votes<\/strong><\/a> kombinieren, um Ihr Profil auf globale und koh\u00e4rente Weise zu verbessern.<\/p>\n<p class=\"translation-block\">Denken Sie daran, dass in sozialen Netzwerken die visuelle Wahrnehmung entscheidend ist. Ein Beitrag mit Dutzenden oder Hunderten von Likes hebt sich von den anderen ab und gewinnt an Attraktivit\u00e4t, noch bevor er gelesen wird. Dieser erste Eindruck macht den Unterschied aus. Deshalb ist der <strong>Kauf von Twitter-Likes<\/strong> auch ein Instrument zur Markenbildung und emotionalen Positionierung.<\/p>\n<h2>Heben Sie Ihre Tweets hervor<\/h2>\n<p class=\"translation-block\">Lassen Sie Ihre Beitr\u00e4ge nicht unter Tausenden von Tweets untergehen. Mit <strong>Twitter-Likes kaufen<\/strong> k\u00f6nnen Sie Ihre Sichtbarkeit erh\u00f6hen, Interaktion erzeugen und Ihre Positionierung im Netzwerk verbessern. Nutzen Sie die Macht des Engagements und sorgen Sie daf\u00fcr, dass Ihre Botschaften weiter reichen.<\/p>\n<\/div><\/div><\/div><\/div><\/div><\/div><\/div><\/section>","protected":false},"excerpt":{"rendered":"Auf Twitter sind Likes viel mehr als nur eine Reaktion. Sie stehen f\u00fcr Unterst\u00fctzung, Best\u00e4tigung und Relevanz. Wenn ein Tweet viele Likes erh\u00e4lt, gewinnt er an Sichtbarkeit und Glaubw\u00fcrdigkeit und wird sich wahrscheinlich schneller verbreiten. Deshalb ist der Kauf von Twitter-Likes eine effektive Strategie, um die Leistung deiner Ver\u00f6ffentlichungen zu verbessern und deine Pr\u00e4senz in diesem sozialen Netzwerk zu erh\u00f6hen.....","protected":false},"featured_media":318,"comment_status":"open","ping_status":"closed","template":"","meta":{"_acf_changed":false},"product_brand":[],"product_cat":[19],"product_tag":[],"class_list":{"0":"post-838","1":"product","2":"type-product","3":"status-publish","4":"has-post-thumbnail","6":"product_cat-twitter","7":"wcpa_has_options","9":"first","10":"instock","11":"sale","12":"shipping-taxable","13":"purchasable","14":"product-type-variable","15":"has-default-attributes"},"acf":[],"wcpa_form_fields":{"wcpaData":{"product":{"product_price":3.99,"price_html":"","original_product_price":3.99,"price_including_tax":3.99,"price_excluding_tax":3.99,"product_id":{"parent":838,"variation":false},"is_variable":true,"stock_status":"instock","stock_quantity":null,"parent_sku":"","product_attributes":{"cantidad":{"is_variation":true,"values":[]}},"custom_fields":[],"is_taxable":false,"product_name":"Comprar Likes Twitter","hasImage":false},"fields":{"sec_467faa76f019fe":{"extra":{"key":"sec_467faa76f019fe","section_id":"sec_467faa76f019fe","name":"Por defecto","status":1,"toggle":true,"form_id":1069,"form_rules":{"exclude_from_discount":false,"fee_label":"Extras","disp_hide_options_price":false,"disp_show_section_price":false,"disp_show_field_price":false,"layout_option":"standard","pric_use_as_fee":false,"process_fee_as":"woo_fee"},"layout_option":"standard"},"fields":[[{"active":true,"col":5,"relations":false,"cl_rule":"show","enableCl":false,"price":"","enablePrice":false,"className":"","type":"text","subtype":"text","required":true,"elementId":"text_767faa76f01a1a","label":"Enlace de la Publicaci\u00f3n de Twitter","name":"text_767faa76f01a1a","value":"","error":false,"placeholder":"Ejemplo: https:\/\/x.com\/NASA\/status\/1911109060553847169","enableDesign":false,"LabelSize":"16px","gt_translate_keys":["label","placeholder","value"],"price_dependency":false,"cl_dependency":false}]]}},"config":{"price_override":"","enable_recaptcha":false,"bind_quantity":false,"quantity_bind_formula":false,"disp_summ_show_option_price":false,"disp_summ_show_product_price":false,"disp_summ_show_total_price":false,"disp_summ_show_fee":false,"disp_summ_show_discount":false,"summary_title":"","options_total_label":"Extras","total_label":"Total","options_product_label":"Producto","fee_label":"Extras","discount_label":"Descuento","has_price":true,"has_quantity_formula":false},"mc_unit":1,"tax_rate":1,"tax_rate_real":1,"discount":{"percentage":0,"fixed":0},"design":{"conf":{"LabelPosition":"above","DescPosition":"above","UploadField":"custom_1","QuantityFieldStyle":"default"},"css":{"LeftLabelWidth":"120px"}},"formulas":[],"clones":false,"cartKey":false}},"_links":{"self":[{"href":"https:\/\/doymedia.com\/de\/wp-json\/wp\/v2\/product\/838","targetHints":{"allow":["GET"]}}],"collection":[{"href":"https:\/\/doymedia.com\/de\/wp-json\/wp\/v2\/product"}],"about":[{"href":"https:\/\/doymedia.com\/de\/wp-json\/wp\/v2\/types\/product"}],"replies":[{"embeddable":true,"href":"https:\/\/doymedia.com\/de\/wp-json\/wp\/v2\/comments?post=838"}],"wp:featuredmedia":[{"embeddable":true,"href":"https:\/\/doymedia.com\/de\/wp-json\/wp\/v2\/media\/318"}],"wp:attachment":[{"href":"https:\/\/doymedia.com\/de\/wp-json\/wp\/v2\/media?parent=838"}],"wp:term":[{"taxonomy":"product_brand","embeddable":true,"href":"https:\/\/doymedia.com\/de\/wp-json\/wp\/v2\/product_brand?post=838"},{"taxonomy":"product_cat","embeddable":true,"href":"https:\/\/doymedia.com\/de\/wp-json\/wp\/v2\/product_cat?post=838"},{"taxonomy":"product_tag","embeddable":true,"href":"https:\/\/doymedia.com\/de\/wp-json\/wp\/v2\/product_tag?post=838"}],"curies":[{"name":"wp","href":"https:\/\/api.w.org\/{rel}","templated":true}]}}