{"id":88,"date":"2025-03-27T01:32:40","date_gmt":"2025-03-27T00:32:40","guid":{"rendered":"https:\/\/v2.doymedia.com\/?post_type=product&#038;p=88"},"modified":"2025-07-16T21:42:45","modified_gmt":"2025-07-16T19:42:45","slug":"facebook-likes-kaufen","status":"publish","type":"product","link":"https:\/\/doymedia.com\/de\/comprar-likes-facebook\/","title":{"rendered":"Facebook-Likes kaufen"},"content":{"rendered":"<section class=\"l-section wpb_row height_medium\"><div class=\"l-section-h i-cf\"><div class=\"g-cols vc_row via_flex valign_top type_default stacking_default\"><div class=\"vc_col-sm-12 wpb_column vc_column_container\"><div class=\"vc_column-inner\"><div class=\"wpb_wrapper\"><div class=\"wpb_text_column\"><div class=\"wpb_wrapper\"><p class=\"translation-block\">In einem Umfeld, in dem jeder Beitrag um Aufmerksamkeit konkurriert, ist es nicht nur eine Frage des Gl\u00fccks, auf <a href=\"https:\/\/doymedia.com\/de\/facebook\/\" target=\"_blank\" rel=\"noopener\">Facebook<\/a> aufzufallen. Wenn du wertvolle Inhalte erstellt hast, aber nicht die Anerkennung bekommst, die sie verdienen, ist es an der Zeit, etwas zu unternehmen. Der <strong>Kauf von Facebook-Likes<\/strong> ist eine wirksame, sichere und schnelle L\u00f6sung, um die Sichtbarkeit deiner Beitr\u00e4ge zu erh\u00f6hen und das Image deiner Seite zu st\u00e4rken.<\/p>\n<p class=\"translation-block\">Likes sind eine wichtige Kennzahl in den sozialen Medien. Sie vermitteln Relevanz, Popularit\u00e4t und erzeugen eine positive Wahrnehmung, die beeinflusst, wie andere Ihre Inhalte sehen. Wenn ein Beitrag eine gro\u00dfe Anzahl von Likes hat, wird er attraktiver, wird mehr geteilt und gewinnt in vielen F\u00e4llen dank des Algorithmus der Plattform an organischer Reichweite. Aus diesem Grund ist der <strong>Kauf von Facebook-Likes<\/strong> zu einer wirksamen Strategie geworden, um sich ohne Komplikationen von der Masse abzuheben.<\/p>\n<h2>Warum sollten Sie Facebook-Likes kaufen?<\/h2>\n<p class=\"translation-block\">Mit dem <strong>Kauf von Facebook-Likes<\/strong> k\u00f6nnen Sie Ihr Wachstum beschleunigen, ohne sich ausschlie\u00dflich auf bezahlte Kampagnen verlassen zu m\u00fcssen oder wochenlang auf Ergebnisse warten zu m\u00fcssen. Auf diese Weise k\u00f6nnen Sie Ihren Inhalt unterst\u00fctzen und von Anfang an ein starkes Image vermitteln.<\/p>\n<p class=\"translation-block\">Facebook legt Wert auf Interaktion. Ein Beitrag, der viele Likes erh\u00e4lt, wird als relevanter angesehen, was seine Chancen erh\u00f6ht, auf mehr Pinnw\u00e4nden zu erscheinen, neue Nutzer zu erreichen und l\u00e4nger aktiv zu bleiben. Wenn du willst, dass deine Beitr\u00e4ge mehr Wirkung haben, ist der <strong>Kauf von Facebook-Likes<\/strong> ein strategisches Instrument, das funktioniert.<\/p>\n<h3>Vorteile des Kaufs von Likes auf Facebook<\/h3>\n<ul>\n<li>\ud83d\udcc8 Erh\u00f6hung der Sichtbarkeit Ihrer Ver\u00f6ffentlichungen<\/li>\n<li>\ud83d\udc4d Verbessern Sie die \u00f6ffentliche Wahrnehmung Ihrer Inhalte und Ihrer Marke<\/li>\n<li>\ud83d\udd01 Erh\u00f6hte Wahrscheinlichkeit, dass sie geteilt werden und viral gehen<\/li>\n<li>\ud83d\udcbc Verst\u00e4rken Sie Ihre Autorit\u00e4t, wenn Sie Produkte oder Dienstleistungen verkaufen<\/li>\n<li>\ud83d\udd12 Sichere Lieferung, ohne Ihr Konto zu gef\u00e4hrden<\/li>\n<\/ul>\n<p class=\"translation-block\">Au\u00dferdem k\u00f6nnen Sie durch den <strong>Kauf von Facebook-Likes<\/strong> von einer professionellen Plattform genau die Menge w\u00e4hlen, die Sie wollen, sie an Ihr Budget anpassen und die Wachstumsrate Ihrer Beitr\u00e4ge kontrollieren, ohne von externen Faktoren abh\u00e4ngig zu sein.<\/p>\n<h3>Ist es sicher, Likes auf Facebook zu kaufen?<\/h3>\n<p>Unbedingt. Auf unserer Plattform fragen wir nie nach Ihrem Passwort oder dem Zugang zu Ihrem Konto. Sie m\u00fcssen nur den Link zu dem Beitrag teilen, f\u00fcr den Sie Likes erhalten m\u00f6chten. Alle unsere Methoden sind so optimiert, dass sie den Sicherheitsstandards entsprechen und die Likes nach und nach vergeben werden, damit der Prozess nat\u00fcrlich bleibt.<\/p>\n<p class=\"translation-block\">Wir konzentrieren uns auf das Kundenerlebnis, den Schutz deines Kontos und die Gew\u00e4hrleistung von Ergebnissen. <strong>Facebook-Likes kaufen<\/strong> geschieht diskret und zuverl\u00e4ssig, ohne den Ruf Ihres Profils zu beeintr\u00e4chtigen oder Ihren Inhalt zu gef\u00e4hrden.<\/p>\n<h3>Wer kann diesen Dienst in Anspruch nehmen?<\/h3>\n<p class=\"translation-block\">Dieser Dienst ist f\u00fcr alle Personen oder Projekte gedacht, die ihre Pr\u00e4senz auf Facebook verbessern m\u00f6chten. Sie m\u00fcssen nicht Tausende von Followern haben oder eine \u00f6ffentliche Figur sein. Wenn Sie eine Nachricht zu teilen, ein Produkt zu verkaufen oder eine Marke zu vergr\u00f6\u00dfern haben, kann <strong>Facebook-Likes kaufen<\/strong> Ihnen helfen, Ihre Ziele schneller zu erreichen.<\/p>\n<ul>\n<li>\u2714\ufe0f Unternehmer und Marken, die mehr Sichtbarkeit w\u00fcnschen<\/li>\n<li>\u2714\ufe0f K\u00fcnstler, Musiker und Kreative auf der Suche nach Wirkung<\/li>\n<li>\u2714\ufe0f Lokale Unternehmen, die mehr Kunden anziehen wollen<\/li>\n<li>\u2714\ufe0f Beeinflusser, die ihre Pr\u00e4senz verst\u00e4rken m\u00fcssen<\/li>\n<li>\u2714\ufe0f Jeder, der in seiner Gemeinde auffallen m\u00f6chte<\/li>\n<\/ul>\n<h3>Wie funktioniert das?<\/h3>\n<p>Das Verfahren ist einfach. Sie m\u00fcssen nur die gew\u00fcnschte Anzahl von Likes f\u00fcr Ihre Ver\u00f6ffentlichung ausw\u00e4hlen und uns den Link mitteilen. Sobald die Zahlung abgeschlossen ist, aktivieren wir Ihre Bestellung und beginnen mit der schrittweisen Auslieferung. Sie werden die Ergebnisse in kurzer Zeit und ohne weitere Schritte sehen k\u00f6nnen.<\/p>\n<p>Wir sorgen daf\u00fcr, dass jede Bestellung mit Liebe zum Detail bearbeitet wird, damit Sie vom ersten Moment an zufrieden sind. Und wenn Sie Fragen haben, steht Ihnen unser Support-Team vor, w\u00e4hrend und nach dem Kauf zur Verf\u00fcgung.<\/p>\n<h2>Erweitern Sie Ihre Pr\u00e4senz noch heute<\/h2>\n<p class=\"translation-block\">Tausende von Menschen nutzen diesen Dienst bereits, um ihre Beitr\u00e4ge zu verbessern. Wenn auch Sie m\u00f6chten, dass Ihr Inhalt die Reichweite erh\u00e4lt, die er verdient, ist der <strong>Kauf von Facebook-Likes<\/strong> der effektivste Weg, dies zu erreichen.<\/p>\n<p class=\"translation-block\">Lassen Sie Ihre Ver\u00f6ffentlichungen nicht unbemerkt bleiben. Sorgen Sie daf\u00fcr, dass sie mehr Wirkung und Reichweite haben und mehr Engagement erzeugen. Beginnen Sie noch heute mit <strong>Facebook-Likes kaufen<\/strong> und heben Sie Ihr Profil auf die n\u00e4chste Stufe.<\/p>\n<p class=\"translation-block\">Und wenn Sie eine starke Gemeinschaft auf Ihrer Seite aufbauen wollen, k\u00f6nnen Sie auch <strong><a href=\"https:\/\/doymedia.com\/de\/shop\/facebook-fans-kaufen\/\" target=\"_self\">Facebook-Fans kaufen<\/a><\/strong>, um die Zahl der sichtbaren Anh\u00e4nger zu erh\u00f6hen und Ihre Pr\u00e4senz auf der Plattform zu verst\u00e4rken. Likes und Fans sind die perfekte Erg\u00e4nzung, um auf Facebook stark zu wachsen.<\/p>\n<\/div><\/div><\/div><\/div><\/div><\/div><\/div><\/section>","protected":false},"excerpt":{"rendered":"In einem Umfeld, in dem jeder Beitrag um Aufmerksamkeit konkurriert, ist es nicht nur eine Frage des Gl\u00fccks, auf Facebook aufzufallen. Wenn du wertvolle Inhalte erstellt hast, aber nicht die Anerkennung bekommst, die du verdienst, ist es an der Zeit, etwas zu unternehmen. Der Kauf von Facebook-Likes ist eine effektive, sichere und schnelle L\u00f6sung, um die Sichtbarkeit deiner Beitr\u00e4ge zu erh\u00f6hen und deine...","protected":false},"featured_media":316,"comment_status":"open","ping_status":"closed","template":"","meta":{"_acf_changed":false},"product_brand":[],"product_cat":[20],"product_tag":[],"class_list":{"0":"post-88","1":"product","2":"type-product","3":"status-publish","4":"has-post-thumbnail","6":"product_cat-facebook","7":"wcpa_has_options","9":"first","10":"instock","11":"sale","12":"shipping-taxable","13":"purchasable","14":"product-type-variable","15":"has-default-attributes"},"acf":[],"wcpa_form_fields":{"wcpaData":{"product":{"product_price":2.99,"price_html":"","original_product_price":2.99,"price_including_tax":2.99,"price_excluding_tax":2.99,"product_id":{"parent":88,"variation":false},"is_variable":true,"stock_status":"instock","stock_quantity":null,"parent_sku":"","product_attributes":{"cantidad":{"is_variation":true,"values":[]}},"custom_fields":[],"is_taxable":false,"product_name":"Comprar Likes Facebook","hasImage":false},"fields":{"sec_467faa5a29e6c6":{"extra":{"key":"sec_467faa5a29e6c6","section_id":"sec_467faa5a29e6c6","name":"Por defecto","status":1,"toggle":true,"form_id":1065,"form_rules":{"exclude_from_discount":false,"fee_label":"Extra's","disp_hide_options_price":false,"disp_show_section_price":false,"disp_show_field_price":false,"layout_option":"standard","pric_use_as_fee":false,"process_fee_as":"woo_fee"},"layout_option":"standard"},"fields":[[{"active":true,"col":5,"relations":false,"cl_rule":"show","enableCl":false,"price":"","enablePrice":false,"className":"","type":"text","subtype":"text","required":true,"elementId":"text_067faa5a29e6e5","label":"Enlace a la Publicaci\u00f3n de Facebook","name":"text_067faa5a29e6e5","value":"","error":false,"placeholder":"Ejemplo: https:\/\/www.facebook.com\/mrbeast\/posts\/pfbid02K3tHdPxVroUK9U3Go5TmGD4ePUADcpQMG2xbi4KWLibRcR1rVvjvMFPy78H5emGxl","enableDesign":false,"LabelSize":"16px","gt_translate_keys":["label","placeholder","value"],"price_dependency":false,"cl_dependency":false}]]}},"config":{"price_override":"","enable_recaptcha":false,"bind_quantity":false,"quantity_bind_formula":false,"disp_summ_show_option_price":false,"disp_summ_show_product_price":false,"disp_summ_show_total_price":false,"disp_summ_show_fee":false,"disp_summ_show_discount":false,"summary_title":"","options_total_label":"Extra's","total_label":"Totaal","options_product_label":"Product","fee_label":"Extra's","discount_label":"Korting","has_price":true,"has_quantity_formula":false},"mc_unit":1,"tax_rate":1,"tax_rate_real":1,"discount":{"percentage":0,"fixed":0},"design":{"conf":{"LabelPosition":"above","DescPosition":"above","UploadField":"custom_1","QuantityFieldStyle":"default"},"css":{"LeftLabelWidth":"120px"}},"formulas":[],"clones":false,"cartKey":false}},"_links":{"self":[{"href":"https:\/\/doymedia.com\/de\/wp-json\/wp\/v2\/product\/88","targetHints":{"allow":["GET"]}}],"collection":[{"href":"https:\/\/doymedia.com\/de\/wp-json\/wp\/v2\/product"}],"about":[{"href":"https:\/\/doymedia.com\/de\/wp-json\/wp\/v2\/types\/product"}],"replies":[{"embeddable":true,"href":"https:\/\/doymedia.com\/de\/wp-json\/wp\/v2\/comments?post=88"}],"wp:featuredmedia":[{"embeddable":true,"href":"https:\/\/doymedia.com\/de\/wp-json\/wp\/v2\/media\/316"}],"wp:attachment":[{"href":"https:\/\/doymedia.com\/de\/wp-json\/wp\/v2\/media?parent=88"}],"wp:term":[{"taxonomy":"product_brand","embeddable":true,"href":"https:\/\/doymedia.com\/de\/wp-json\/wp\/v2\/product_brand?post=88"},{"taxonomy":"product_cat","embeddable":true,"href":"https:\/\/doymedia.com\/de\/wp-json\/wp\/v2\/product_cat?post=88"},{"taxonomy":"product_tag","embeddable":true,"href":"https:\/\/doymedia.com\/de\/wp-json\/wp\/v2\/product_tag?post=88"}],"curies":[{"name":"wp","href":"https:\/\/api.w.org\/{rel}","templated":true}]}}