{"id":90,"date":"2025-03-27T01:32:40","date_gmt":"2025-03-27T00:32:40","guid":{"rendered":"https:\/\/v2.doymedia.com\/?post_type=product&#038;p=90"},"modified":"2025-06-16T18:37:19","modified_gmt":"2025-06-16T16:37:19","slug":"instagram-follower-kaufen","status":"publish","type":"product","link":"https:\/\/doymedia.com\/de\/comprar-seguidores-instagram\/","title":{"rendered":"Instagram Follower kaufen"},"content":{"rendered":"<section class=\"l-section wpb_row height_medium\"><div class=\"l-section-h i-cf\"><div class=\"g-cols vc_row via_flex valign_top type_default stacking_default\"><div class=\"vc_col-sm-12 wpb_column vc_column_container\"><div class=\"vc_column-inner\"><div class=\"wpb_wrapper\"><div class=\"wpb_text_column\"><div class=\"wpb_wrapper\"><h2>Warum Instagram-Follower kaufen?<\/h2>\n<p class=\"translation-block\"><a href=\"https:\/\/doymedia.com\/de\/instagram\/\" target=\"_self\">Instagram<\/a> hat sich zu einer der einflussreichsten Plattformen in der digitalen Welt entwickelt. Egal, ob Sie eine Marke oder ein Unternehmen haben, Inhalte erstellen oder sich einfach nur abheben wollen, <strong>Instagram Follower kaufen<\/strong> kann Ihnen helfen, Ihre Ziele schneller zu erreichen.<\/p>\n<p>In einem derartigen Wettbewerbsumfeld spiegelt die Anzahl der Follower nicht nur Ihre Popularit\u00e4t, sondern auch Ihre Glaubw\u00fcrdigkeit wider. Ein Konto mit einer starken Gemeinschaft vermittelt Vertrauen, zieht mehr Aufmerksamkeit auf sich und schafft mehr M\u00f6glichkeiten.<\/p>\n<h2>W\u00e4hlen Sie Follower entsprechend Ihrer Zielgruppe aus<\/h2>\n<p class=\"translation-block\">Wir wissen, dass nicht alle Profile das Gleiche suchen. Deshalb k\u00f6nnen Sie, wenn Sie sich entscheiden, Instagram-Follower bei uns zu kaufen, Ihre Bestellung individuell anpassen, indem Sie das Land oder die Sprache der Follower ausw\u00e4hlen, die Sie erhalten. Diese Option erm\u00f6glicht es Ihnen, Ihr Wachstum auf die Zielgruppe zu konzentrieren, die Sie wirklich interessiert.<\/p>\n<p>Sie k\u00f6nnen die Follower gezielt ausw\u00e4hlen:<\/p>\n<ul>\n<li>\ud83c\uddea\ud83c\uddfa kaufen globale\/europ\u00e4ische Follower<\/li>\n<li>\ud83c\uddea\ud83c\uddf8 comprar seguidores espa\u00f1oles<\/li>\n<li>\ud83c\uddee\ud83c\uddf9 kaufen italienische Fans<\/li>\n<li>\ud83c\uddeb\ud83c\uddf7 Franz\u00f6sische Anh\u00e4ngerschaft kaufen<\/li>\n<li>\ud83c\uddec\ud83c\udde7 kaufen englischsprachige Follower<\/li>\n<li>\ud83c\udde7\ud83c\uddf7 brasilianische Follower kaufen<\/li>\n<\/ul>\n<p class=\"translation-block\">Diese Segmentierung ist ideal, wenn Ihr Inhalt, Ihre Marke oder Ihr Unternehmen auf ein bestimmtes Publikum ausgerichtet ist. Durch den <strong>Kauf von Instagram-Followern<\/strong> nach Land vergr\u00f6\u00dfern Sie nicht nur Ihre Community, sondern st\u00e4rken auch die Koh\u00e4renz Ihres Profils und verbessern Ihre Positionierung innerhalb eines lokalen Marktes.<\/p>\n<p>Ganz gleich, ob Sie Inhalte erstellen, Influencer, Unternehmer oder Unternehmen sind - wenn Sie die Art der Follower w\u00e4hlen k\u00f6nnen, die Sie wollen, haben Sie einen klaren Vorteil gegen\u00fcber Ihrer Konkurrenz. Wachsen Sie strategisch, mit Followern, die sich summieren und Sie Ihren wahren Zielen n\u00e4her bringen.<\/p>\n<h3>Was sind die wirklichen Vorteile des Kaufs von Insta-Followern?<\/h3>\n<h4>\u2714 Unmittelbarer Impuls und Sichtbarkeit<\/h4>\n<p class=\"translation-block\">Die ersten Follower sind am schwersten zu bekommen. <strong>Instagram-Follower kaufen<\/strong> gibt dir den ersten Ansto\u00df, der die Barriere der Anonymit\u00e4t durchbricht und dich in deiner Nische stark positioniert.<\/p>\n<h4>\u2714 Verbessern Sie Ihre organische Pr\u00e4senz<\/h4>\n<p>Instagram bevorzugt aktive Konten mit h\u00f6herem Engagement. Je mehr Follower Sie haben, desto gr\u00f6\u00dfer sind die Chancen, dass Ihre Inhalte im Bereich \"Erkunden\" erscheinen oder anderen Nutzern empfohlen werden.<\/p>\n<h4>\u2714 Sozialer Effekt: Sie ziehen mehr Leute an<\/h4>\n<p>Ein Konto mit vielen Anh\u00e4ngern schafft mehr Vertrauen. Menschen sind eher bereit, Profilen zu folgen, die bereits eine Community hinter sich haben, was Ihr organisches Wachstum beschleunigt.<\/p>\n<h4>\u2714 Vorteile f\u00fcr Ihre Marke oder Ihr Unternehmen<\/h4>\n<p>Egal, ob Sie Unternehmer sind oder ein Unternehmen leiten, mehr Follower zu haben, bringt Ihnen Vorteile:<\/p>\n<ul>\n<li>Gr\u00f6\u00dfere Autorit\u00e4t in Ihrem Sektor<\/li>\n<li>Mehr Partnerschaften und Gesch\u00e4ftsm\u00f6glichkeiten<\/li>\n<li>Steigerung der Umwandlung von Besuchern in Kunden<\/li>\n<li>Reputation und Positionierung gegen\u00fcber den Wettbewerbern<\/li>\n<\/ul>\n<h3>Pakete zum Kauf von Instagram-Followern<\/h3>\n<h4>Von 100 bis 100.000<\/h4>\n<p>Bei DoyMedia bieten wir Pakete an, die auf alle Arten von Profilen zugeschnitten sind, von Erstnutzern bis hin zu etablierten Marken, die ihre Pr\u00e4senz ausbauen wollen:<\/p>\n<ul>\n<li>\u2b50 <strong>100 bis 1.000 Follower:<\/strong> perfekt f\u00fcr einen guten Start und um Vertrauen in die ersten Schritte zu gewinnen.<\/li>\n<li>\ud83d\udd25 <strong>Von 2.000 bis 10.000 Anh\u00e4ngern:<\/strong> ideal f\u00fcr wachsende Kunden, die sich abheben und ihre Reichweite erh\u00f6hen wollen.<\/li>\n<li>\ud83d\udc8e <strong>Von 20.000 bis 100.000 Anh\u00e4ngern:<\/strong> Gebrauch: F\u00fcr Marken, Influencer und Unternehmen, die auf ihre Pr\u00e4senz auf Instagram setzen.<\/li>\n<\/ul>\n<p><strong>Alle Pakete enthalten:<\/strong><\/p>\n<ul>\n<li>Hochwertige Tracker<\/li>\n<li>Schnelle, schrittweise und nat\u00fcrliche Lieferung<\/li>\n<li>Technische Unterst\u00fctzung zu jeder Zeit<\/li>\n<li>Erschwingliche Preise und kein Kleingedrucktes<\/li>\n<\/ul>\n<h2>Wie l\u00e4uft der Kaufprozess ab?<\/h2>\n<p>Instagram-Follower kaufen auf <strong>DoyMedia<\/strong> ist einfach, schnell und sicher. Folgen Sie einfach diesen Schritten:<\/p>\n<ol>\n<li>W\u00e4hlen Sie das Paket, das Ihren Zielen entspricht<\/li>\n<li>Geben Sie Ihren Instagram-Benutzernamen ein (wir fragen nie nach Ihrem Passwort)<\/li>\n<li>Bezahlen mit Karte, Bank\u00fcberweisung oder Kryptow\u00e4hrungen<\/li>\n<li>Beginnen Sie, Ihr Konto automatisch wachsen zu sehen<\/li>\n<\/ol>\n<h2>Ist es sicher, Instagram-Follower zu kaufen?<\/h2>\n<p>Ja, es ist v\u00f6llig sicher, wenn Sie es bei einem professionellen Anbieter wie <strong>DoyMedia.<\/strong><\/p>\n<p>Wir nehmen die Sicherheit Ihres Kontos sehr ernst und arbeiten mit Verfahren, die darauf ausgelegt sind, Ihr Profil zu jeder Zeit zu sch\u00fctzen.<br \/>\n\u2800<br \/>\nWir fragen Sie nicht nach Ihrem Passwort oder anderen privaten Daten. Wir brauchen nur Ihren Benutzernamen, um den Prozess zu starten.<br \/>\n\u2800<br \/>\nWir verwenden sichere Methoden und vermeiden jede Art von invasiven Techniken.<br \/>\n\u2800<br \/>\nIhr Konto ist in guten H\u00e4nden. Tausende von Kunden vertrauen uns bereits, um auf Instagram ohne Komplikationen oder Risiken zu wachsen.<\/p>\n<h2>H\u00e4ufig gestellte Fragen<\/h2>\n<p><strong>Ab wann erhalte ich Follower auf Instagram?<\/strong><br \/>\nDie Lieferung erfolgt innerhalb von 24 Stunden nach Zahlungseingang. Das Wachstum ist schrittweise f\u00fcr mehr Sicherheit.<\/p>\n<p><strong>Sind die Follower von hoher Qualit\u00e4t?<\/strong><br \/>\nJa, unsere Follower sind hochwertige, aktive oder semi-aktive Profile, die Ihrem Konto Authentizit\u00e4t verleihen.<\/p>\n<p><strong>Welche Zahlungsmittel akzeptieren Sie?<\/strong><br \/>\nSie k\u00f6nnen per Kredit-\/Debitkarte, Bank\u00fcberweisung oder Kryptow\u00e4hrung bezahlen. Alle Transaktionen sind verschl\u00fcsselt und gesch\u00fctzt.<\/p>\n<p><strong>Kann ich mit der Zeit Follower verlieren?<\/strong><br \/>\nEs ist normal, dass es im Laufe der Zeit zu einem kleinen R\u00fcckgang kommen kann, aber alle unsere Pakete enthalten eine Ersatzgarantie.<\/p>\n<h2>Tipps, wie Sie das Beste aus Ihren neuen Followern herausholen<\/h2>\n<p><strong>Instagram-Follower kaufen<\/strong> ist nur der erste Schritt. Um Ihr Konto auf gesunde Weise zu erweitern, empfehlen wir:<\/p>\n<ol>\n<li>Ver\u00f6ffentlichen Sie hochwertige und konsistente Inhalte<\/li>\n<li>Interaktion mit Ihrem Publikum: Antworten auf Kommentare und Nachrichten<\/li>\n<li>Verwenden Sie relevante und strategische Hashtags<\/li>\n<li>Optimieren Sie Ihr Profil: gute Biografie, attraktives Foto und gut platzierte Links<\/li>\n<\/ol>\n<h3>Schlussfolgerung<\/h3>\n<p><strong>Instagram-Follower kaufen<\/strong> kann die Ver\u00e4nderung sein, die Sie brauchen, um Ihr Konto zu st\u00e4rken und sich in einem zunehmend wettbewerbsintensiven Netz hervorzuheben. Unter <a href=\"https:\/\/doymedia.com\/de\/\">DoyMedia<\/a> bieten wir Ihnen eine sichere, wirksame und individuelle L\u00f6sung, mit sichtbaren Ergebnissen vom ersten Moment an.<\/p>\n<p><strong>Sind Sie bereit, den Sprung zu wagen?<\/strong><\/p>\n<p>W\u00e4hlen Sie Ihr Paket und beginnen Sie noch heute zu wachsen.<\/p>\n<\/div><\/div><\/div><\/div><\/div><\/div><\/div><\/section>","protected":false},"excerpt":{"rendered":"Warum Instagram-Follower kaufen? Instagram hat sich zu einer der einflussreichsten Plattformen in der digitalen Welt entwickelt. Egal, ob du eine Marke hast, ein Unternehmen betreibst, Inhalte erstellst oder dich einfach nur von der Masse abheben willst, mit dem Kauf von Instagram-Followern kannst du deine Ziele schneller erreichen. In einem so wettbewerbsintensiven Umfeld ist die Anzahl der Follower...","protected":false},"featured_media":227,"comment_status":"open","ping_status":"closed","template":"","meta":{"_acf_changed":false},"product_brand":[],"product_cat":[17],"product_tag":[],"class_list":{"0":"post-90","1":"product","2":"type-product","3":"status-publish","4":"has-post-thumbnail","6":"product_cat-instagram","7":"wcpa_has_options","9":"first","10":"instock","11":"sale","12":"featured","13":"shipping-taxable","14":"purchasable","15":"product-type-variable","16":"has-default-attributes"},"acf":[],"wcpa_form_fields":{"wcpaData":{"product":{"product_price":2.45,"price_html":"","original_product_price":2.45,"price_including_tax":2.45,"price_excluding_tax":2.45,"product_id":{"parent":90,"variation":false},"is_variable":true,"stock_status":"instock","stock_quantity":null,"parent_sku":"","product_attributes":{"cantidad":{"is_variation":true,"values":[]}},"custom_fields":[],"is_taxable":false,"product_name":"Comprar Seguidores Instagram","hasImage":false},"fields":{"sec_267e553b11d9d9":{"extra":{"key":"sec_267e553b11d9d9","section_id":"sec_267e553b11d9d9","name":"Por defecto","status":1,"toggle":true,"form_id":365,"form_rules":{"exclude_from_discount":false,"fee_label":"Extras","disp_hide_options_price":false,"disp_show_section_price":false,"disp_show_field_price":false,"layout_option":"standard","pric_use_as_fee":false,"process_fee_as":"woo_fee"},"layout_option":"standard"},"fields":[[{"active":true,"col":5,"relations":false,"cl_rule":"show","enableCl":false,"price":"","enablePrice":true,"className":"","label_position":"default","desc_position":"default","type":"select","required":false,"elementId":"select_3471114851","label":"Origen de los Seguidores","name":"select_3471114851","values":[{"label":"\ud83c\uddea\ud83c\uddf8 Espa\u00f1a y Latam","value":"espa\u00f1a-latam","selected":false,"tempId":"aco_394","price":"100","gt_translate_keys":["label"]},{"label":"\ud83c\uddee\ud83c\uddf9 Italia","value":"italia","selected":false,"tempId":"aco_395","price":"100","gt_translate_keys":["label"]},{"label":"\ud83c\uddeb\ud83c\uddf7 Francia","value":"francia","selected":false,"tempId":"aco_396","price":"100","gt_translate_keys":["label"]},{"label":"\ud83c\uddfa\ud83c\uddf8 Habla Inglesa","value":"ingles","selected":false,"tempId":"aco_3069","price":"100","gt_translate_keys":["label"]},{"label":"\ud83c\udde7\ud83c\uddf7 Brasil","value":"brasil","selected":false,"tempId":"aco_1135","price":"70","gt_translate_keys":["label"]}],"dropdown_type":"basic","error":false,"placeholder":"\ud83c\udf0d Origen Europeo\/Mundial de Alta Calidad","priceOptions":"different_for_all","pricingType":"percentage","fee_label":"","option_price_format":"(+{price})","enableDesign":false,"LabelSize":"16px","gt_translate_keys":["label","placeholder"],"price_dependency":false,"cl_dependency":false,"value":""}],[{"active":true,"col":5,"relations":false,"cl_rule":"show","enableCl":false,"price":"","enablePrice":false,"className":"","type":"text","subtype":"text","required":true,"elementId":"text_0824276801","label":"Nombre de Usuario","name":"text_0824276801","value":"","error":false,"placeholder":"Ejemplo: @cristiano","enableDesign":false,"LabelSize":"16px","gt_translate_keys":["label","placeholder","value"],"price_dependency":false,"cl_dependency":false}],[{"active":true,"col":5,"relations":false,"cl_rule":"show","enableCl":false,"price":"","enablePrice":false,"className":"mensaje-informacion","label_position":"default","desc_position":"default","type":"content","required":false,"elementId":"content_1916604213","label":"","name":"content_1916604213","contentType":"rich","value":"<p>La cuenta tiene que estar en modo p\u00fablico para que lleguen los seguidores.<\/p>","error":false,"gt_translate_keys":["label","value"],"price_dependency":false,"cl_dependency":false}],[{"active":true,"col":5,"relations":false,"cl_rule":"show","enableCl":false,"price":"","enablePrice":true,"className":"","label_position":"default","desc_position":"default","type":"select","required":false,"elementId":"select_2712115011","label":"A\u00f1adir Likes con Descuento","name":"select_2712115011","values":[{"label":"100 Likes","value":"100","selected":false,"tempId":"aco_46","price":"2,89","gt_translate_keys":["label"]},{"label":"1.000 Likes","value":"1000","selected":false,"tempId":"aco_910","price":"7,79","gt_translate_keys":["label"]},{"label":"2.000 Likes","value":"2000","selected":false,"tempId":"aco_911","price":"15,69","gt_translate_keys":["label"]},{"label":"5.000 Likes","value":"5000","selected":false,"tempId":"aco_912","price":"28,59","gt_translate_keys":["label"]},{"label":"10.000 Likes","value":"10000","selected":false,"tempId":"aco_1219","price":"47,49","gt_translate_keys":["label"]},{"label":"20.000 Likes","value":"20000","selected":false,"tempId":"aco_1337","price":"96,29","gt_translate_keys":["label"]}],"dropdown_type":"basic","error":false,"placeholder":"Ninguno","priceOptions":"different_for_all","pricingType":"fixed","use_as_fee":false,"enableDesign":false,"LabelSize":"16px","gt_translate_keys":["label","placeholder"],"price_dependency":false,"cl_dependency":["select_0932092145"],"value":""}],[{"active":true,"col":5,"relations":[{"operator":false,"rules":[{"operator":"AND","rules":{"cl_field":"select_2712115011","cl_relation":"is_not_empty","cl_val":""}}]}],"cl_rule":"show","enableCl":true,"price":"","enablePrice":false,"className":"","label_position":"default","desc_position":"default","type":"select","required":true,"elementId":"select_0932092145","label":"\u00bfLikes o Auto Likes?","name":"select_0932092145","values":[{"label":"Likes en Posts Publicados","value":"likes","selected":false,"tempId":"aco_2442","gt_translate_keys":["label"]},{"label":"Auto Likes en Futuras Publicaciones","value":"autolikes","selected":false,"tempId":"aco_2443","gt_translate_keys":["label"]}],"dropdown_type":"basic","error":false,"placeholder":"Elegir Opcion","gt_translate_keys":["label","placeholder"],"price_dependency":false,"cl_dependency":["text_2923715016","textarea_1851094281"],"value":""}],[{"active":true,"col":5,"relations":[{"operator":false,"rules":[{"operator":"AND","rules":{"cl_field":"select_0932092145","cl_relation":"is","cl_val":"autolikes"}}]}],"cl_rule":"show","enableCl":true,"price":"","enablePrice":false,"className":"","label_position":"default","desc_position":"default","type":"text","subtype":"text","required":true,"elementId":"text_2923715016","label":"En cu\u00e1ntas publicaciones quieres dividir los auto likes","name":"text_2923715016","value":"","error":false,"placeholder":"Introduce el n\u00famero de publicaciones","gt_translate_keys":["label","placeholder","value"],"price_dependency":false,"cl_dependency":false}],[{"active":true,"col":5,"relations":[{"operator":false,"rules":[{"operator":"AND","rules":{"cl_field":"select_0932092145","cl_relation":"is","cl_val":"likes"}}]}],"cl_rule":"show","enableCl":true,"price":"","enablePrice":false,"className":"","label_position":"default","desc_position":"default","type":"textarea","required":true,"elementId":"textarea_1851094281","label":"Enlaces a las Publicaciones","name":"textarea_1851094281","value":"","rows":2,"error":false,"placeholder":"Introducir Enlaces de esta Forma:\nhttps:\/\/www.instagram.com\/p\/DHv8leWsF1u\/\nhttps:\/\/www.instagram.com\/p\/DHtVg-9sa5W\/","gt_translate_keys":["label","placeholder","value"],"price_dependency":false,"cl_dependency":false}]]}},"config":{"price_override":"","enable_recaptcha":false,"bind_quantity":false,"quantity_bind_formula":false,"disp_summ_show_option_price":false,"disp_summ_show_product_price":false,"disp_summ_show_total_price":false,"disp_summ_show_fee":false,"disp_summ_show_discount":false,"summary_title":"","options_total_label":"Extras","total_label":"Total","options_product_label":"Producto","fee_label":"Extras","discount_label":"Descuento","has_price":true,"has_quantity_formula":false},"mc_unit":1,"tax_rate":1,"tax_rate_real":1,"discount":{"percentage":0,"fixed":0},"design":{"conf":{"LabelPosition":"above","DescPosition":"above","UploadField":"custom_1","QuantityFieldStyle":"default"},"css":{"LeftLabelWidth":"120px"}},"formulas":[],"clones":false,"cartKey":false}},"_links":{"self":[{"href":"https:\/\/doymedia.com\/de\/wp-json\/wp\/v2\/product\/90","targetHints":{"allow":["GET"]}}],"collection":[{"href":"https:\/\/doymedia.com\/de\/wp-json\/wp\/v2\/product"}],"about":[{"href":"https:\/\/doymedia.com\/de\/wp-json\/wp\/v2\/types\/product"}],"replies":[{"embeddable":true,"href":"https:\/\/doymedia.com\/de\/wp-json\/wp\/v2\/comments?post=90"}],"wp:featuredmedia":[{"embeddable":true,"href":"https:\/\/doymedia.com\/de\/wp-json\/wp\/v2\/media\/227"}],"wp:attachment":[{"href":"https:\/\/doymedia.com\/de\/wp-json\/wp\/v2\/media?parent=90"}],"wp:term":[{"taxonomy":"product_brand","embeddable":true,"href":"https:\/\/doymedia.com\/de\/wp-json\/wp\/v2\/product_brand?post=90"},{"taxonomy":"product_cat","embeddable":true,"href":"https:\/\/doymedia.com\/de\/wp-json\/wp\/v2\/product_cat?post=90"},{"taxonomy":"product_tag","embeddable":true,"href":"https:\/\/doymedia.com\/de\/wp-json\/wp\/v2\/product_tag?post=90"}],"curies":[{"name":"wp","href":"https:\/\/api.w.org\/{rel}","templated":true}]}}