{"id":92,"date":"2025-03-27T01:32:40","date_gmt":"2025-03-27T00:32:40","guid":{"rendered":"https:\/\/v2.doymedia.com\/?post_type=product&#038;p=92"},"modified":"2025-04-10T17:35:37","modified_gmt":"2025-04-10T15:35:37","slug":"kauf-von-twitter-stimmen","status":"publish","type":"product","link":"https:\/\/doymedia.com\/de\/comprar-votos-twitter\/","title":{"rendered":"Twitter-Stimmen kaufen"},"content":{"rendered":"<section class=\"l-section wpb_row height_medium\"><div class=\"l-section-h i-cf\"><div class=\"g-cols vc_row via_flex valign_top type_default stacking_default\"><div class=\"vc_col-sm-12 wpb_column vc_column_container\"><div class=\"vc_column-inner\"><div class=\"wpb_wrapper\"><div class=\"wpb_text_column\"><div class=\"wpb_wrapper\"><p class=\"translation-block\">Twitter-Umfragen sind zu einem leistungsstarken Instrument geworden, um Aufmerksamkeit zu erregen, Engagement zu erzeugen und sichtbare Entscheidungen f\u00fcr Ihre Community zu treffen. Aber wenn Sie nicht gen\u00fcgend Stimmen erhalten, verliert Ihre Umfrage an Wirkung. Deshalb ist der <strong>Kauf von Twitter-Stimmen<\/strong> eine schnelle und sichere L\u00f6sung, um in den Umfragen hervorzustechen und Autorit\u00e4t auf der Plattform zu zeigen.<\/p>\n<p class=\"translation-block\">Ganz gleich, ob Sie eine Umfrage f\u00fcr Marketing, Strategie, Unterhaltung oder einfach nur zur Beeinflussung einer \u00f6ffentlichen Entscheidung nutzen, die Erh\u00f6hung der Stimmenzahl kann Ihnen helfen, das Ergebnis zu kontrollieren, Konversation zu generieren und mehr Menschen zu beteiligen. Mit unserem Service k\u00f6nnen Sie ganz einfach <strong>Twitter-Stimmen<\/strong> kaufen. W\u00e4hlen Sie die von Ihnen bevorzugte Option, damit Ihre Ergebnisse das widerspiegeln, was Sie brauchen.<\/p>\n<h2>Warum Twitter-Stimmen kaufen?<\/h2>\n<p class=\"translation-block\">Umfragen mit einer gro\u00dfen Anzahl von Stimmen erregen mehr Aufmerksamkeit. Wenn die Nutzer eine aktive Abstimmung mit Hunderten oder Tausenden von Teilnehmern sehen, neigen sie dazu, sich daran zu beteiligen. Dadurch entsteht ein Schneeballeffekt, der Ihrer Ver\u00f6ffentlichung Sichtbarkeit und Glaubw\u00fcrdigkeit verleiht. Wenn Sie ein bestimmtes Ergebnis verst\u00e4rken wollen, k\u00f6nnen Sie mit dem <strong>Kauf von Twitter-Stimmen<\/strong> einen direkten und unmittelbaren Einfluss aus\u00fcben.<\/p>\n<p>Dieser Service ist ideal f\u00fcr Content Creators, Influencer, Unternehmen, pers\u00f6nliche Accounts oder Marken, die Umfragen als Teil ihrer Strategie nutzen. Sie k\u00f6nnen ihn nutzen, um eine Idee zu verst\u00e4rken, eine virale Kampagne zu starten, Engagement zu erzeugen oder einfach eine Abstimmung zu gewinnen.<\/p>\n<h3>Vorteile des Stimmenkaufs auf Twitter<\/h3>\n<ul>\n<li>\ud83d\udcca Verst\u00e4rken Sie Ihr Umfrageergebnis<\/li>\n<li>\ud83d\udd25 Erh\u00f6ht die Sichtbarkeit und Beteiligung<\/li>\n<li>\ud83d\ude80 Verbessern Sie die organische Reichweite Ihres Tweets<\/li>\n<li>\u2705 Beeinflusst die \u00f6ffentliche Wahrnehmung<\/li>\n<li>\ud83d\udd12 Sichere Lieferung, ohne Ihr Konto zu belasten<\/li>\n<\/ul>\n<p class=\"translation-block\">Der Kauf von <strong>Twitter-Stimmen<\/strong> ist n\u00fctzlich, wenn Sie eine \u00f6ffentliche Umfrage gewinnen oder die Leistung Ihrer Beitr\u00e4ge verbessern wollen. Je mehr Stimmen Ihre Umfrage erh\u00e4lt, desto relevanter wird sie f\u00fcr den Algorithmus und in den Augen Ihres Publikums sein.<\/p>\n<h2>Ist es sicher, Twitter-Stimmen zu kaufen?<\/h2>\n<p>Ja, nat\u00fcrlich. Wir fragen nicht nach Passw\u00f6rtern oder Zugang zu Ihrem Konto. Wir ben\u00f6tigen lediglich den Link zu Ihrem Tweet mit der aktiven Umfrage und die Anzahl der Stimmen, die Sie f\u00fcr Ihre gew\u00e4hlte Option haben m\u00f6chten. Das Verfahren ist schnell, diskret und sicher. Wir liefern die Stimmen nat\u00fcrlich und innerhalb des vereinbarten Zeitrahmens.<\/p>\n<p>Unser System ist f\u00fcr den Schutz Ihrer Privatsph\u00e4re optimiert und liefert risikofreie Ergebnisse. Wir wissen, wie wichtig es ist, dass Ihr Konto sicher ist. Deshalb arbeiten wir mit bew\u00e4hrten Methoden, die den h\u00f6chsten Branchenstandards entsprechen.<\/p>\n<h3>Wer kann diesen Dienst in Anspruch nehmen?<\/h3>\n<p>Dieser Dienst ist ideal f\u00fcr alle Arten von Nutzern, die Autorit\u00e4t oder Kontrolle \u00fcber das Ergebnis einer Umfrage erhalten m\u00f6chten. Sie k\u00f6nnen <strong>Stimmenkauf Twitter<\/strong> f\u00fcr pers\u00f6nliche Kampagnen, Verlosungen, Wettbewerbe oder virale Beitr\u00e4ge. Sie brauchen nicht Tausende von Followern, um mit Ihrer Umfrage etwas zu bewirken.<\/p>\n<ul>\n<li>\ud83c\udfaf Influencer, die Inhalte f\u00f6rdern wollen<\/li>\n<li>\ud83d\uddf3\ufe0f Konten, die an Wettbewerbsumfragen teilnehmen<\/li>\n<li>\ud83d\udcc8 Marken, die strategische Fragen an ihr Publikum stellen<\/li>\n<li>\ud83d\udce2 Benutzer, die die Abstimmung auf eine bestimmte Option ausrichten wollen<\/li>\n<li>\ud83d\udcac Sch\u00f6pfer auf der Suche nach Viralit\u00e4t oder Unterhaltung<\/li>\n<\/ul>\n<h2>Wie l\u00e4uft der Kaufprozess ab?<\/h2>\n<p class=\"translation-block\"><strong>Twitter-Stimmen kaufen<\/strong> ist bei uns ganz einfach. Sie m\u00fcssen nur die Anzahl der gew\u00fcnschten Stimmen ausw\u00e4hlen, den direkten Link Ihres Tweets mit der aktiven Umfrage kopieren und die Option ausw\u00e4hlen, die Sie bewerben m\u00f6chten. Wir k\u00fcmmern uns um den Rest.<\/p>\n<p>Sobald der Auftrag erteilt ist, beginnen wir mit der Lieferung der Stimmen.<\/p>\n<p class=\"translation-block\"><strong>Twitter-Stimmen kaufen<\/strong> ist der direkteste und effektivste Weg, um in einer Umfrage etwas zu bewirken. Ganz gleich, ob Sie einen kleinen Ansto\u00df f\u00fcr mehr Interaktion suchen oder sicherstellen m\u00f6chten, dass eine Option ganz klar gewinnt - dieser Service ist wie f\u00fcr Sie gemacht.<\/p>\n<h2>Fangen Sie noch heute an, Ihre Umfragen zu verdienen<\/h2>\n<p>Wenn Sie nicht nur Umfragen gewinnen, sondern auch ein vollst\u00e4ndigeres und sichtbareres Profil erstellen m\u00f6chten, empfehlen wir Ihnen <a href=\"https:\/\/doymedia.com\/de\/twitter-follower-kaufen\/\"><strong>Twitter-Follower kaufen<\/strong><\/a> um Ihre Gemeinschaft zu vergr\u00f6\u00dfern und <a href=\"https:\/\/doymedia.com\/de\/twitter-likes-kaufen\/\"><strong>Twitter-Likes kaufen<\/strong><\/a> um das Engagement Ihrer Ver\u00f6ffentlichungen zu verst\u00e4rken. Dies sind erg\u00e4nzende Dienstleistungen, die Ihnen helfen, ein st\u00e4rkeres und professionelleres Image auf der Plattform zu zeigen.<br \/>\nTausende von Nutzern haben diesen Dienst bereits in Anspruch genommen, um mehr Stimmen f\u00fcr ihre Umfragen zu erhalten und ihre Pr\u00e4senz auf Twitter zu verbessern. Wenn auch Sie wollen, dass Ihre Stimme auff\u00e4llt, <strong>Stimmenkauf Twitter<\/strong> ist der schnellste und effektivste Weg, dies zu erreichen.<\/p>\n<p>W\u00e4hlen Sie die Anzahl der Stimmen, die Sie haben m\u00f6chten, geben Sie uns den Link zu Ihrer Umfrage und wir k\u00fcmmern uns um den Rest. Sie k\u00f6nnen mit einem kleinen Vorsprung beginnen oder Ihre Wahl mit gro\u00dfem Vorsprung gewinnen lassen. Die Entscheidung liegt bei Ihnen.<\/p>\n<p class=\"translation-block\">\u00dcberlassen Sie das Ergebnis nicht dem Zufall. Beeinflussen, markieren und kontrollieren Sie Ihre Umfragen mit Sicherheit und garantierten Ergebnissen. <strong>Twitter-Stimmen kaufen<\/strong> gibt Ihnen die Kontrolle. Mach es einfach, mach es richtig.<\/p>\n<\/div><\/div><\/div><\/div><\/div><\/div><\/div><\/section>","protected":false},"excerpt":{"rendered":"Twitter-Umfragen sind zu einem m\u00e4chtigen Instrument geworden, um Aufmerksamkeit zu erregen, Engagement zu erzeugen und sichtbare Entscheidungen f\u00fcr deine Community zu treffen. Aber wenn du nicht genug Stimmen bekommst, verliert deine Umfrage an Wirkung. Deshalb ist der Kauf von Twitter-Stimmen eine schnelle und sichere L\u00f6sung, um in den Umfragen hervorzustechen und Autorit\u00e4t auf der Plattform zu zeigen.....","protected":false},"featured_media":318,"comment_status":"open","ping_status":"closed","template":"","meta":{"_acf_changed":false},"product_brand":[],"product_cat":[19],"product_tag":[],"class_list":{"0":"post-92","1":"product","2":"type-product","3":"status-publish","4":"has-post-thumbnail","6":"product_cat-twitter","7":"wcpa_has_options","9":"first","10":"instock","11":"shipping-taxable","12":"purchasable","13":"product-type-variable","14":"has-default-attributes"},"acf":[],"wcpa_form_fields":{"wcpaData":{"product":{"product_price":1.99,"price_html":"","original_product_price":1.99,"price_including_tax":1.99,"price_excluding_tax":1.99,"product_id":{"parent":92,"variation":false},"is_variable":true,"stock_status":"instock","stock_quantity":null,"parent_sku":"","product_attributes":{"cantidad":{"is_variation":true,"values":[]}},"custom_fields":[],"is_taxable":false,"product_name":"Comprar Votos Twitter","hasImage":false},"fields":{"sec_167faa7c614353":{"extra":{"key":"sec_167faa7c614353","section_id":"sec_167faa7c614353","name":"Por defecto","status":1,"toggle":true,"form_id":1071,"form_rules":{"exclude_from_discount":false,"fee_label":"Extras","disp_hide_options_price":false,"disp_show_section_price":false,"disp_show_field_price":false,"layout_option":"standard","pric_use_as_fee":false,"process_fee_as":"woo_fee"},"layout_option":"standard"},"fields":[[{"active":true,"col":5,"relations":false,"cl_rule":"show","enableCl":false,"price":"","enablePrice":false,"className":"","type":"text","subtype":"text","required":true,"elementId":"text_667faa7c61436c","label":"Enlace de la Publicaci\u00f3n de Twitter","name":"text_667faa7c61436c","value":"","error":false,"placeholder":"Ejemplo: https:\/\/x.com\/NASA\/status\/1911109060553847169","enableDesign":false,"LabelSize":"16px","gt_translate_keys":["label","placeholder","value"],"price_dependency":false,"cl_dependency":false}],[{"label":"Opci\u00f3n a Votar","active":true,"required":true,"elementId":"text-2562894642","value":"","placeholder":"Escribe la opci\u00f3n a votar, por ejemplo: OPCI\u00d3N 1 Barack Obama","name":"text-2562894642","enablePrice":false,"className":"","enableCl":false,"relations":false,"enableDesign":false,"LabelSize":"16px","subtype":"text","price":"","cl_rule":"show","col":5,"type":"text","error":false,"gt_translate_keys":["label","placeholder","value"],"price_dependency":false,"cl_dependency":false}]]}},"config":{"price_override":"","enable_recaptcha":false,"bind_quantity":false,"quantity_bind_formula":false,"disp_summ_show_option_price":false,"disp_summ_show_product_price":false,"disp_summ_show_total_price":false,"disp_summ_show_fee":false,"disp_summ_show_discount":false,"summary_title":"","options_total_label":"Extras","total_label":"Total","options_product_label":"Produs","fee_label":"Extras","discount_label":"Descuento","has_price":true,"has_quantity_formula":false},"mc_unit":1,"tax_rate":1,"tax_rate_real":1,"discount":{"percentage":0,"fixed":0},"design":{"conf":{"LabelPosition":"above","DescPosition":"above","UploadField":"custom_1","QuantityFieldStyle":"default"},"css":{"LeftLabelWidth":"120px"}},"formulas":[],"clones":false,"cartKey":false}},"_links":{"self":[{"href":"https:\/\/doymedia.com\/de\/wp-json\/wp\/v2\/product\/92","targetHints":{"allow":["GET"]}}],"collection":[{"href":"https:\/\/doymedia.com\/de\/wp-json\/wp\/v2\/product"}],"about":[{"href":"https:\/\/doymedia.com\/de\/wp-json\/wp\/v2\/types\/product"}],"replies":[{"embeddable":true,"href":"https:\/\/doymedia.com\/de\/wp-json\/wp\/v2\/comments?post=92"}],"wp:featuredmedia":[{"embeddable":true,"href":"https:\/\/doymedia.com\/de\/wp-json\/wp\/v2\/media\/318"}],"wp:attachment":[{"href":"https:\/\/doymedia.com\/de\/wp-json\/wp\/v2\/media?parent=92"}],"wp:term":[{"taxonomy":"product_brand","embeddable":true,"href":"https:\/\/doymedia.com\/de\/wp-json\/wp\/v2\/product_brand?post=92"},{"taxonomy":"product_cat","embeddable":true,"href":"https:\/\/doymedia.com\/de\/wp-json\/wp\/v2\/product_cat?post=92"},{"taxonomy":"product_tag","embeddable":true,"href":"https:\/\/doymedia.com\/de\/wp-json\/wp\/v2\/product_tag?post=92"}],"curies":[{"name":"wp","href":"https:\/\/api.w.org\/{rel}","templated":true}]}}