{"id":93,"date":"2025-03-27T01:32:40","date_gmt":"2025-03-27T00:32:40","guid":{"rendered":"https:\/\/v2.doymedia.com\/?post_type=product&#038;p=93"},"modified":"2025-07-16T21:42:25","modified_gmt":"2025-07-16T19:42:25","slug":"youtube-ansichten-kaufen","status":"publish","type":"product","link":"https:\/\/doymedia.com\/de\/comprar-views-youtube\/","title":{"rendered":"Ansichten kaufen Youtube"},"content":{"rendered":"<section class=\"l-section wpb_row height_medium\"><div class=\"l-section-h i-cf\"><div class=\"g-cols vc_row via_flex valign_top type_default stacking_default\"><div class=\"vc_col-sm-12 wpb_column vc_column_container\"><div class=\"vc_column-inner\"><div class=\"wpb_wrapper\"><div class=\"wpb_text_column\"><div class=\"wpb_wrapper\"><p class=\"translation-block\">Auf YouTube z\u00e4hlt der erste Eindruck. Ein Video mit Tausenden von Ansichten erregt Aufmerksamkeit, schafft Vertrauen und zieht mehr Klicks an. Wenn Sie wertvolle Inhalte erstellen, aber nicht die Reichweite erzielen, die Sie erwarten, k\u00f6nnen <strong>Kauf von YouTube-Aufrufen<\/strong> Ihnen helfen, Ihr Ranking zu verbessern, Ihre Sichtbarkeit zu erh\u00f6hen und Relevanz auf der gr\u00f6\u00dften Online-Videoplattform zu gewinnen.<\/p>\n<p class=\"translation-block\">Mit dem <strong>Kauf von YouTube-Aufrufen,<\/strong> machen Sie den ersten Schritt, um Ihren Kanal strategisch zu st\u00e4rken. Videos mit vielen Aufrufen erscheinen eher in den Empfehlungen des Algorithmus, gewinnen an Autorit\u00e4t und binden die Zuschauer besser. Dieser erste Schub kann den Unterschied zwischen einem Video, das stagniert, und einem, das viral geht, ausmachen.<\/p>\n<h2>Warum YouTube-Aufrufe kaufen?<\/h2>\n<p class=\"translation-block\">Es reicht nicht mehr aus, qualitativ hochwertige Inhalte zu posten. Der Algorithmus von YouTube bevorzugt Videos, die von Anfang an aktiv sind. Durch den <strong>Kauf von YouTube-Aufrufen,<\/strong> erh\u00f6hen Sie die Chancen, dass Ihr Video in den Feeds neuer Nutzer, im Abschnitt \"Trending\" oder sogar in verwandten Suchen erscheint.<\/p>\n<p>Wenn Nutzer ein Video mit vielen Aufrufen sehen, empfinden sie es automatisch als wertvoller oder relevanter. Dieser soziale Beweis wirkt sich direkt auf die Entscheidung aus, den Inhalt abzuspielen, den Kanal zu abonnieren oder ihn zu teilen. Mehr Aufrufe = mehr Glaubw\u00fcrdigkeit.<\/p>\n<h3>Vorteile des Kaufs von YouTube-Aufrufen<\/h3>\n<ul>\n<li>\ud83d\udcc8 Erh\u00f6hte Sichtbarkeit von den ersten Minuten an<\/li>\n<li>\ud83c\udfaf Verbesserte Suchrankings und Empfehlungen<\/li>\n<li>\ud83e\udd1d Gewinnen Sie Autorit\u00e4t vor Ihrem Publikum<\/li>\n<li>\ud83d\udcca Erh\u00f6ht die Click-Through-Rate und die Zuschauerbindung<\/li>\n<li>\ud83d\udd12 Progressive, sichere Zustellung f\u00fcr Ihr Konto<\/li>\n<\/ul>\n<p>Die <strong>YouTube-Aufrufe kaufen<\/strong> ist ein wichtiges Instrument f\u00fcr das Wachstum in einem zunehmend wettbewerbsorientierten Umfeld. Es ist ideal f\u00fcr neue Kreative, Unternehmenskan\u00e4le, pers\u00f6nliche Marken oder jeden Nutzer, der seinen Inhalten echte Sichtbarkeit verleihen m\u00f6chte.<\/p>\n<h2>Ist es sicher, Aufrufe auf YouTube zu kaufen?<\/h2>\n<p>Ja, Sie m\u00fcssen weder Ihr Passwort mitteilen noch Zugang zu Ihrem Kanal gew\u00e4hren. Wir bitten Sie lediglich um den Link zu dem Video, das Sie boosten m\u00f6chten. Unsere Plattform verwendet zuverl\u00e4ssige Systeme, um ein nat\u00fcrliches Wachstum zu gew\u00e4hrleisten, mit einer progressiven Bereitstellung, die ein organisches Verhalten simuliert.<\/p>\n<p class=\"translation-block\">Au\u00dferdem arbeiten wir unter sicheren Richtlinien und mit stabilen Servern, die es uns erm\u00f6glichen, die Views zu liefern, ohne den Ruf Ihres Kanals zu beeintr\u00e4chtigen. &lt;Der Kauf von YouTube-Views mit uns ist gleichbedeutend mit Datenschutz, Schnelligkeit und sichtbaren Ergebnissen.<\/p>\n<h3>Wie funktioniert das?<\/h3>\n<p>Das Verfahren ist sehr einfach: W\u00e4hlen Sie das Paket von Ansichten, das am besten zu Ihrem Ziel passt, geben Sie den Link zu dem Video an und schlie\u00dfen Sie die Bestellung ab. Unser System k\u00fcmmert sich um die schrittweise Verteilung der Aufrufe, um ein nat\u00fcrliches und sicheres Wachstumsmuster zu erhalten.<\/p>\n<p>Sie werden sehen, dass Ihr Video in k\u00fcrzester Zeit aufgerufen wird, und Sie k\u00f6nnen sich auf die Erstellung weiterer Inhalte konzentrieren, w\u00e4hrend wir Ihnen helfen, Ihre Reichweite zu erh\u00f6hen. Und wenn Sie Fragen haben, steht Ihnen unser Support-Team jederzeit zur Verf\u00fcgung.<\/p>\n<h2>Wer sollte YouTube-Aufrufe kaufen?<\/h2>\n<p class=\"translation-block\">Dieser Service ist f\u00fcr alle Arten von Kreativen und Profilen gedacht. Egal ob Sie ein Influencer, eine Marke, ein Unternehmen oder ein unabh\u00e4ngiger Creator sind, <strong>YouTube Views kaufen<\/strong> kann der Ansto\u00df sein, den Sie brauchen, um wirklich zu wachsen.<\/p>\n<ul>\n<li>\ud83c\udfa5 Sch\u00f6pfer, die sich f\u00fcr ein neues Video einsetzen wollen<\/li>\n<li>\ud83d\udce2 Marken, die Kampagnen oder Produkte einf\u00fchren<\/li>\n<li>\ud83d\udcbc Unternehmen, die informative oder kommerzielle Inhalte ver\u00f6ffentlichen<\/li>\n<li>\ud83d\udcc8 Neue Kan\u00e4le, die einen ersten Ansto\u00df brauchen<\/li>\n<li>\ud83e\udde0 Experten, die sich in ihrer Nische positionieren wollen<\/li>\n<\/ul>\n<h2>Erweitern Sie Ihren Kanal noch heute<\/h2>\n<p class=\"translation-block\">Tausende von Nutzern haben bereits auf diesen Service vertraut, um die Leistung ihrer Videos zu verbessern. Wenn auch Sie an Sichtbarkeit gewinnen, die Interaktion erh\u00f6hen und Ihre Inhalte weiter verbreiten m\u00f6chten, ist <strong>YouTube-Plays kaufen<\/strong> Ihre beste Option.<\/p>\n<p class=\"translation-block\">Wenn Sie die Leistung Ihres Kanals noch weiter steigern wollen, k\u00f6nnen Sie auch <strong><a href=\"https:\/\/doymedia.com\/de\/youtube-abonnenten-kaufen\/\" target=\"_self\">YouTube-Abonnenten<\/a><\/strong> kaufen, um Ihre Community zu vergr\u00f6\u00dfern, oder <strong><a href=\"https:\/\/doymedia.com\/de\/youtube-likes-kaufen\/\" target=\"_self\">YouTube-Likes<\/a><\/strong> kaufen und die Interaktion auf Ihren Videos verst\u00e4rken. Die Kombination von Ansichten mit Likes und Abonnenten wird Ihnen helfen, im Algorithmus besser zu ranken und ein st\u00e4rkeres Image bei Ihrem Publikum zu vermitteln.<\/p>\n<p>Lassen Sie Ihre Inhalte nicht unbemerkt bleiben. Starten Sie noch heute, w\u00e4hlen Sie Ihr Paket und bringen Sie Ihre Videos mit einer funktionierenden Strategie auf die n\u00e4chste Stufe.<\/p>\n<\/div><\/div><\/div><\/div><\/div><\/div><\/div><\/section>","protected":false},"excerpt":{"rendered":"Auf YouTube z\u00e4hlt der erste Eindruck. Ein Video mit Tausenden von Aufrufen erregt Aufmerksamkeit, schafft Vertrauen und zieht mehr Klicks an. Wenn du wertvolle Inhalte erstellst, aber nicht die Reichweite bekommst, die du dir erhoffst, kannst du mit dem Kauf von YouTube-Aufrufen dein Ranking verbessern, deine Sichtbarkeit erh\u00f6hen und Relevanz auf der gr\u00f6\u00dften Plattform gewinnen...","protected":false},"featured_media":243,"comment_status":"open","ping_status":"closed","template":"","meta":{"_acf_changed":false},"product_brand":[],"product_cat":[21],"product_tag":[],"class_list":{"0":"post-93","1":"product","2":"type-product","3":"status-publish","4":"has-post-thumbnail","6":"product_cat-youtube","7":"wcpa_has_options","9":"first","10":"instock","11":"sale","12":"featured","13":"shipping-taxable","14":"purchasable","15":"product-type-variable","16":"has-default-attributes"},"acf":[],"wcpa_form_fields":{"wcpaData":{"product":{"product_price":4.99,"price_html":"","original_product_price":4.99,"price_including_tax":4.99,"price_excluding_tax":4.99,"product_id":{"parent":93,"variation":false},"is_variable":true,"stock_status":"instock","stock_quantity":null,"parent_sku":"","product_attributes":{"cantidad":{"is_variation":true,"values":[]}},"custom_fields":[],"is_taxable":false,"product_name":"Comprar Views Youtube","hasImage":false},"fields":{"sec_867fa91c83b955":{"extra":{"key":"sec_867fa91c83b955","section_id":"sec_867fa91c83b955","name":"Por defecto","status":1,"toggle":true,"form_id":1050,"form_rules":{"exclude_from_discount":false,"fee_label":"Extras","disp_hide_options_price":false,"disp_show_section_price":false,"disp_show_field_price":false,"layout_option":"standard","pric_use_as_fee":false,"process_fee_as":"woo_fee"},"layout_option":"standard"},"fields":[[{"active":true,"col":4,"relations":false,"cl_rule":"show","enableCl":false,"price":"","enablePrice":true,"className":"","label_position":"default","desc_position":"default","type":"select","required":true,"elementId":"select_6182222893","label":"Origen de los Views","name":"select_6182222893","values":[{"label":"\ud83c\udf0d Views Mundiales","value":"visitas mundiales","selected":false,"tempId":"aco_3935","price":"0","gt_translate_keys":["label"]},{"label":"\ud83c\udf0d Views Mundiales de Alta Retenci\u00f3n","value":"visitas mundiales alta retenci\u00f3n","selected":false,"tempId":"aco_5036","price":"100","gt_translate_keys":["label"]},{"label":"\ud83d\udde3\ufe0f Hispano-Hablantes","value":"hispano-hablantes","selected":false,"tempId":"aco_4090","price":"100","gt_translate_keys":["label"]},{"label":"\ud83c\uddea\ud83c\uddf8 Espa\u00f1a","value":"espa\u00f1a","selected":false,"tempId":"aco_3934","price":"100","gt_translate_keys":["label"]},{"label":"\ud83c\uddee\ud83c\uddf9 Italia","value":"italia","selected":false,"tempId":"aco_10568","price":"100","gt_translate_keys":["label"]},{"label":"\ud83c\uddeb\ud83c\uddf7 Francia","value":"francia","selected":false,"tempId":"aco_10803","price":"100","gt_translate_keys":["label"]},{"label":"\ud83c\udde6\ud83c\uddea Emiratos \u00c1rabes","value":"Emiratos-Arabes","selected":false,"tempId":"aco_959","price":"100","gt_translate_keys":["label"]},{"label":"\ud83c\uddfa\ud83c\uddf8 USA desde Ads","value":"USA-ads","selected":false,"tempId":"aco_11128","price":"200","gt_translate_keys":["label"]},{"label":"\ud83c\uddec\ud83c\udde7 UK desde Ads","value":"reino unido","selected":false,"tempId":"aco_1527","price":"200","gt_translate_keys":["label"]},{"label":"\ud83c\uddf5\ud83c\uddf9 Portugal","value":"portugal","selected":false,"tempId":"aco_12385","price":"100","gt_translate_keys":["label"]},{"label":"\ud83c\udde9\ud83c\uddea Alemania","value":"Alemania","selected":false,"tempId":"aco_172","price":"100","gt_translate_keys":["label"]},{"label":"\ud83c\uddf3\ud83c\uddf1 Holanda","value":"holanda","selected":false,"tempId":"aco_11480","price":"100","gt_translate_keys":["label"]},{"label":"\ud83c\uddf8\ud83c\uddea Suecia","value":"Suecia","selected":false,"tempId":"aco_480","price":"100","gt_translate_keys":["label"]},{"label":"\ud83c\uddf7\ud83c\uddf4 Ruman\u00eda","value":"rumania","selected":false,"tempId":"aco_11733","price":"100","gt_translate_keys":["label"]},{"label":"\ud83c\uddf7\ud83c\uddf8 Serbia","value":"Serbia","selected":false,"tempId":"aco_715","price":"100","gt_translate_keys":["label"]},{"label":"\ud83c\udde6\ud83c\uddf7 Argentina","value":"argentina","selected":false,"tempId":"aco_3936","price":"100","gt_translate_keys":["label"]},{"label":"\ud83c\udde8\ud83c\uddf4 Colombia","value":"colombia","selected":false,"tempId":"aco_5730","price":"100","gt_translate_keys":["label"]},{"label":"\ud83c\udde8\ud83c\uddf1 Chile","value":"chile","selected":false,"tempId":"aco_6082","price":"100","gt_translate_keys":["label"]},{"label":"\ud83c\udde8\ud83c\uddf7 Costa Rica","value":"costa rica","selected":false,"tempId":"aco_6218","price":"100","gt_translate_keys":["label"]},{"label":"\ud83c\uddf8\ud83c\uddfb El Salvador","value":"el salvador","selected":false,"tempId":"aco_6579","price":"100","gt_translate_keys":["label"]},{"label":"\ud83c\uddea\ud83c\udde8 Ecuador","value":"ecuador","selected":false,"tempId":"aco_6922","price":"100","gt_translate_keys":["label"]},{"label":"\ud83c\uddfb\ud83c\uddea Venezuela","value":"venezuela","selected":false,"tempId":"aco_7283","price":"100","gt_translate_keys":["label"]},{"label":"\ud83c\uddec\ud83c\uddf9 Gautemala","value":"guatemala","selected":false,"tempId":"aco_7590","price":"100","gt_translate_keys":["label"]},{"label":"\ud83c\udde9\ud83c\uddf4 Rep\u00fablica Dominicana","value":"Rep\u00fablica Dominicana","selected":false,"tempId":"aco_7879","price":"100","gt_translate_keys":["label"]},{"label":"\ud83c\uddf5\ud83c\udde6 Panam\u00e1","value":"Panama","selected":false,"tempId":"aco_8636","price":"100","gt_translate_keys":["label"]},{"label":"\ud83c\uddf5\ud83c\uddfe Paraguay","value":"Paraguay","selected":false,"tempId":"aco_8934","price":"100","gt_translate_keys":["label"]},{"label":"\ud83c\uddf5\ud83c\uddea Per\u00fa","value":"Peru","selected":false,"tempId":"aco_9223","price":"100","gt_translate_keys":["label"]},{"label":"\ud83c\uddf5\ud83c\uddf7 Puerto Rico","value":"puerto rico","selected":false,"tempId":"aco_9575","price":"100","gt_translate_keys":["label"]},{"label":"\ud83c\uddf3\ud83c\uddee Nicaragua","value":"nicaragua","selected":false,"tempId":"aco_9954","price":"100","gt_translate_keys":["label"]},{"label":"\ud83c\uddfa\ud83c\uddfe Uruguay","value":"uruguay","selected":false,"tempId":"aco_10243","price":"100","gt_translate_keys":["label"]}],"dropdown_type":"basic","error":false,"placeholder":"Seleccionar Origen de los Views","priceOptions":"different_for_all","pricingType":"percentage","option_price_format":"(+{price})","gt_translate_keys":["label","placeholder"],"price_dependency":false,"cl_dependency":false,"value":""}],[{"active":true,"col":4,"relations":false,"cl_rule":"show","enableCl":false,"price":"","enablePrice":false,"className":"","type":"text","subtype":"text","required":true,"elementId":"text_867fa91c83b970","label":"Enlace al V\u00eddeo","name":"text_867fa91c83b970","value":"","error":false,"placeholder":"Ejemplo: https:\/\/www.youtube.com\/watch?v=aDF_ESN80r8","enableDesign":false,"LabelSize":"16px","gt_translate_keys":["label","placeholder","value"],"price_dependency":false,"cl_dependency":false}],[{"active":true,"col":4,"relations":false,"cl_rule":"show","enableCl":false,"price":"","enablePrice":true,"className":"","label_position":"default","desc_position":"default","type":"select","required":false,"elementId":"select_867fa91c83b97d","label":"A\u00f1adir Seguidores con Descuento","name":"select_867fa91c83b97d","values":[{"label":"100 Seguidores","value":"100","selected":false,"tempId":"aco_46","price":"5,89","gt_translate_keys":["label"]},{"label":"500 Seguidores","value":"500","selected":false,"tempId":"aco_1337","price":"19,49","gt_translate_keys":["label"]},{"label":"1.000 Seguidores","value":"1000","selected":false,"tempId":"aco_910","price":"38,29","gt_translate_keys":["label"]},{"label":"2.000 Seguidores","value":"2000","selected":false,"tempId":"aco_911","price":"76,49","gt_translate_keys":["label"]},{"label":"5.000 Seguidores","value":"5000","selected":false,"tempId":"aco_912","price":"174,29","gt_translate_keys":["label"]}],"dropdown_type":"basic","error":false,"placeholder":"Ninguno","priceOptions":"different_for_all","pricingType":"fixed","use_as_fee":false,"enableDesign":false,"LabelSize":"16px","tooltip":"Los seguidores ser\u00e1n entregados al mismo perfil del v\u00eddeo.","gt_translate_keys":["label","placeholder","tooltip"],"price_dependency":false,"cl_dependency":false,"value":""}],[{"label":"A\u00f1adir Likes con Descuento","active":true,"required":false,"elementId":"select_367fa91c83b987","dropdown_type":"basic","placeholder":"Ninguno","name":"select_367fa91c83b987","label_position":"default","desc_position":"default","enablePrice":true,"className":"","enableCl":false,"relations":false,"enableDesign":false,"LabelSize":"16px","values":[{"label":"100 Likes","value":"100","selected":false,"tempId":"aco_46","price":"2,89","gt_translate_keys":["label"]},{"label":"500 Likes","value":"500","selected":false,"tempId":"aco_1337","price":"5,79","gt_translate_keys":["label"]},{"label":"1.000 Likes","value":"1000","selected":false,"tempId":"aco_910","price":"8,69","gt_translate_keys":["label"]},{"label":"2.000 Likes","value":"2000","selected":false,"tempId":"aco_911","price":"16,49","gt_translate_keys":["label"]},{"label":"5.000 Likes","value":"5000","selected":false,"tempId":"aco_912","price":"28,29","gt_translate_keys":["label"]}],"priceOptions":"different_for_all","pricingType":"fixed","price":"","use_as_fee":false,"cl_rule":"show","col":4,"type":"select","error":false,"tooltip":"Los likes ser\u00e1n entregados a la misma publicaci\u00f3n.","gt_translate_keys":["label","placeholder","tooltip"],"price_dependency":false,"cl_dependency":false,"value":""}]]}},"config":{"price_override":"","enable_recaptcha":false,"bind_quantity":false,"quantity_bind_formula":false,"disp_summ_show_option_price":false,"disp_summ_show_product_price":false,"disp_summ_show_total_price":false,"disp_summ_show_fee":false,"disp_summ_show_discount":false,"summary_title":"","options_total_label":"Extras","total_label":"Total","options_product_label":"Producto","fee_label":"Extras","discount_label":"Descuento","has_price":true,"has_quantity_formula":false},"mc_unit":1,"tax_rate":1,"tax_rate_real":1,"discount":{"percentage":0,"fixed":0},"design":{"conf":{"LabelPosition":"above","DescPosition":"above","UploadField":"custom_1","QuantityFieldStyle":"default"},"css":{"LeftLabelWidth":"120px"}},"formulas":[],"clones":false,"cartKey":false}},"_links":{"self":[{"href":"https:\/\/doymedia.com\/de\/wp-json\/wp\/v2\/product\/93","targetHints":{"allow":["GET"]}}],"collection":[{"href":"https:\/\/doymedia.com\/de\/wp-json\/wp\/v2\/product"}],"about":[{"href":"https:\/\/doymedia.com\/de\/wp-json\/wp\/v2\/types\/product"}],"replies":[{"embeddable":true,"href":"https:\/\/doymedia.com\/de\/wp-json\/wp\/v2\/comments?post=93"}],"wp:featuredmedia":[{"embeddable":true,"href":"https:\/\/doymedia.com\/de\/wp-json\/wp\/v2\/media\/243"}],"wp:attachment":[{"href":"https:\/\/doymedia.com\/de\/wp-json\/wp\/v2\/media?parent=93"}],"wp:term":[{"taxonomy":"product_brand","embeddable":true,"href":"https:\/\/doymedia.com\/de\/wp-json\/wp\/v2\/product_brand?post=93"},{"taxonomy":"product_cat","embeddable":true,"href":"https:\/\/doymedia.com\/de\/wp-json\/wp\/v2\/product_cat?post=93"},{"taxonomy":"product_tag","embeddable":true,"href":"https:\/\/doymedia.com\/de\/wp-json\/wp\/v2\/product_tag?post=93"}],"curies":[{"name":"wp","href":"https:\/\/api.w.org\/{rel}","templated":true}]}}