{"id":94,"date":"2025-03-27T01:32:40","date_gmt":"2025-03-27T00:32:40","guid":{"rendered":"https:\/\/v2.doymedia.com\/?post_type=product&#038;p=94"},"modified":"2025-05-12T16:25:55","modified_gmt":"2025-05-12T14:25:55","slug":"youtube-likes-kaufen","status":"publish","type":"product","link":"https:\/\/doymedia.com\/de\/comprar-likes-youtube\/","title":{"rendered":"Youtube Likes kaufen"},"content":{"rendered":"<section class=\"l-section wpb_row height_medium\"><div class=\"l-section-h i-cf\"><div class=\"g-cols vc_row via_flex valign_top type_default stacking_default\"><div class=\"vc_col-sm-12 wpb_column vc_column_container\"><div class=\"vc_column-inner\"><div class=\"wpb_wrapper\"><div class=\"wpb_text_column\"><div class=\"wpb_wrapper\"><p><strong>Sie stellen Videos auf YouTube ein und sehen nicht die erhoffte Interaktion? <\/strong><\/p>\n<p>Gute Inhalte brauchen Sichtbarkeit, aber auch soziale Signale, um sie zu unterst\u00fctzen.<\/p>\n<p class=\"translation-block\">Wenn jemand ein Video mit vielen \"Likes\" sieht, nimmt er es als relevant, wertvoll und vertrauensw\u00fcrdig wahr. Deshalb kann der <strong>Kauf von YouTube-Likes<\/strong> der Schl\u00fcssel sein, um sich abzuheben, mehr Zuschauer anzuziehen und Ihre Pr\u00e4senz auf der Plattform zu verbessern.<\/p>\n<p>Der YouTube-Algorithmus ber\u00fccksichtigt auch die Anzahl der Likes, um zu bestimmen, welche Videos in den Empfehlungen, in der Suche oder in den Rubriken f\u00fcr besondere Beitr\u00e4ge angezeigt werden.<\/p>\n<p class=\"translation-block\">Wenn Sie Ihre Chancen auf eine virale Verbreitung Ihrer Inhalte erh\u00f6hen wollen, ist der <strong>Kauf von YouTube-Likes<\/strong> eine intelligente, sichere und effektive Strategie.<\/p>\n<h2>Warum Likes auf YouTube kaufen?<\/h2>\n<p class=\"translation-block\">Likes sind nicht nur zum Zwecke der Selbstgef\u00e4lligkeit da. Sie sind einer der wichtigsten Indikatoren f\u00fcr die Qualit\u00e4t, die vom Publikum wahrgenommen wird. Je mehr Likes ein Video hat, desto h\u00f6her ist seine Glaubw\u00fcrdigkeit, seine visuelle Attraktivit\u00e4t und seine Chance, neue Zuschauer zu gewinnen. Durch den <strong>Kauf von YouTube-Likes<\/strong> senden Sie ein klares Signal an den Algorithmus und die Nutzer: Dieser Inhalt ist es wert.<\/p>\n<p class=\"translation-block\">Au\u00dferdem ist der \"Dominoeffekt\" real. Ein Video mit vielen Likes erh\u00e4lt in der Regel mehr Kommentare, mehr Shares und vor allem mehr organische Aufrufe. Es ist eine effektive M\u00f6glichkeit, andere Strategien wie <a href=\"https:\/\/doymedia.com\/de\/youtube-ansichten-kaufen\/\" target=\"_self\"><strong>YouTube-Aufrufe kaufen<\/strong><\/a> oder <a href=\"https:\/\/doymedia.com\/de\/youtube-abonnenten-kaufen\/\" target=\"_self\"><strong>YouTube-Abonnenten kaufen,<\/strong><\/a> zu erg\u00e4nzen, um eine solide und best\u00e4ndige Pr\u00e4senz auf der Plattform aufzubauen.<\/p>\n<h3>Vorteile des Kaufs von YouTube-Likes<\/h3>\n<ul>\n<li>\ud83d\udcc8 Verbessern Sie das \u00f6ffentliche Image Ihrer Videos<\/li>\n<li>\ud83d\ude80 Erh\u00f6ht die Wahrscheinlichkeit, in Empfehlungen aufzutauchen<\/li>\n<li>\ud83d\udc4d Verleiht neuen Zuschauern Glaubw\u00fcrdigkeit und Vertrauen<\/li>\n<li>\ud83d\udd01 Steigern Sie das Engagement Ihres Kanals<\/li>\n<li>\ud83d\udd12 Sichere Lieferung, ohne Ihr Konto zu gef\u00e4hrden<\/li>\n<\/ul>\n<p class=\"translation-block\">Ganz gleich, ob Sie einen neuen Kanal haben, ein wichtiges Video starten oder den Inhalt Ihrer Marke verst\u00e4rken wollen, der <strong>Kauf von YouTube-Likes<\/strong> ist eine strategische Entscheidung, die Ihnen helfen kann, sich in einem zunehmend wettbewerbsintensiven Umfeld abzuheben.<\/p>\n<h2>Ist es sicher, Likes auf YouTube zu kaufen?<\/h2>\n<p>Ja, absolut. Auf unserer Plattform werden wir Sie niemals nach Passw\u00f6rtern oder dem Zugang zu Ihrem Kanal fragen. Sie m\u00fcssen nur den Link zu dem Video angeben, f\u00fcr das Sie Likes erhalten m\u00f6chten. Der Prozess ist diskret, progressiv und darauf ausgelegt, das Wachstum nat\u00fcrlich zu halten.<\/p>\n<p class=\"translation-block\">Unser System arbeitet mit absoluter Vertraulichkeit und verwendet bew\u00e4hrte Methoden, damit Ihr Kanal nicht gef\u00e4hrdet ist. Wir wissen, wie wichtig es ist, sich um Ihren digitalen Ruf zu k\u00fcmmern. Deshalb ist <strong>Likes f\u00fcr YouTube kaufen<\/strong> bei uns gleichbedeutend mit Vertrauen und Sicherheit.<\/p>\n<h3>Wer kann diesen Dienst in Anspruch nehmen?<\/h3>\n<p class=\"translation-block\">Jeder, der Videos auf YouTube ver\u00f6ffentlicht, kann davon profitieren. Dieser Service ist f\u00fcr Creators, Marken, Influencer, Unternehmen oder neue Kan\u00e4le gedacht, die die Interaktion mit ihren Inhalten erh\u00f6hen m\u00f6chten. <strong>YouTube-Likes kaufen<\/strong> ist sowohl f\u00fcr die F\u00f6rderung als auch f\u00fcr die Konsolidierung Ihrer Pr\u00e4senz n\u00fctzlich.<\/p>\n<ul>\n<li>\ud83c\udfa5 Sch\u00f6pfer, die mehr Engagement f\u00fcr ihre Videos w\u00fcnschen<\/li>\n<li>\ud83d\udcc8 Neue Kan\u00e4le, die einen ersten Ansto\u00df brauchen<\/li>\n<li>\ud83d\udcbc Unternehmen, die Kampagnen oder Markteinf\u00fchrungen verst\u00e4rken<\/li>\n<li>\ud83c\udf99\ufe0f K\u00fcnstler und Musiker auf der Suche nach sozialer Anerkennung<\/li>\n<li>\ud83e\udde0 P\u00e4dagogen oder Experten, die sich Autorit\u00e4t verschaffen wollen<\/li>\n<\/ul>\n<h2>Wie funktioniert das Verfahren?<\/h2>\n<p>Der Kauf von YouTube-Likes ist schnell und einfach. Sie m\u00fcssen nur das Paket ausw\u00e4hlen, das Ihren Anforderungen entspricht, uns den Videolink \u00fcbermitteln und die Zahlung vornehmen. Nach der Best\u00e4tigung beginnen wir mit der schrittweisen und sicheren Auslieferung der Likes.<\/p>\n<p>Sollten Sie bei irgendeinem Teil des Prozesses Hilfe ben\u00f6tigen, steht Ihnen unser Support-Team zur Verf\u00fcgung, um Ihre Fragen zu beantworten und von Anfang an eine zufriedenstellende Erfahrung zu gew\u00e4hrleisten.<\/p>\n<h2>Erweitern Sie Ihren Kanal noch heute<\/h2>\n<p class=\"translation-block\">Tausende von Nutzern haben diesen Dienst bereits in Anspruch genommen, um ihre Videos zu verst\u00e4rken und ihr Ranking auf YouTube zu verbessern. Du kannst das auch. <strong>YouTube-Likes kaufen<\/strong> ist ein schneller, sicherer und effektiver Weg, Ihre Wirkung ohne Komplikationen zu steigern.<\/p>\n<p>Lassen Sie Ihre Videos nicht unbemerkt bleiben. Erh\u00f6hen Sie den Wert, die Autorit\u00e4t und die Sichtbarkeit mit einem einfachen Schritt. W\u00e4hlen Sie Ihr Paket und erzielen Sie noch heute erste Ergebnisse.<\/p>\n<\/div><\/div><\/div><\/div><\/div><\/div><\/div><\/section>","protected":false},"excerpt":{"rendered":"Du postest Videos auf YouTube und bekommst nicht die Interaktion, die du dir erhofft hast? Gute Inhalte brauchen Sichtbarkeit, aber sie brauchen auch soziale Signale, die sie unterst\u00fctzen. Wenn jemand ein Video mit vielen Likes sieht, nimmt er es als relevant, wertvoll und vertrauensw\u00fcrdig wahr. Deshalb kann der Kauf von YouTube-Likes der Schl\u00fcssel sein, um aufzufallen, mehr Zuschauer zu gewinnen und...","protected":false},"featured_media":243,"comment_status":"open","ping_status":"closed","template":"","meta":{"_acf_changed":false},"product_brand":[],"product_cat":[21],"product_tag":[],"class_list":{"0":"post-94","1":"product","2":"type-product","3":"status-publish","4":"has-post-thumbnail","6":"product_cat-youtube","7":"wcpa_has_options","9":"first","10":"instock","11":"sale","12":"featured","13":"shipping-taxable","14":"purchasable","15":"product-type-variable","16":"has-default-attributes"},"acf":[],"wcpa_form_fields":{"wcpaData":{"product":{"product_price":1.99,"price_html":"","original_product_price":1.99,"price_including_tax":1.99,"price_excluding_tax":1.99,"product_id":{"parent":94,"variation":false},"is_variable":true,"stock_status":"instock","stock_quantity":null,"parent_sku":"","product_attributes":{"cantidad":{"is_variation":true,"values":[]}},"custom_fields":[],"is_taxable":false,"product_name":"Comprar Likes Youtube","hasImage":false},"fields":{"sec_667faa076605fd":{"extra":{"key":"sec_667faa076605fd","section_id":"sec_667faa076605fd","name":"Por defecto","status":1,"toggle":true,"form_id":1056,"form_rules":{"exclude_from_discount":false,"fee_label":"Extra","disp_hide_options_price":false,"disp_show_section_price":false,"disp_show_field_price":false,"layout_option":"standard","pric_use_as_fee":false,"process_fee_as":"woo_fee"},"layout_option":"standard"},"fields":[[{"active":true,"col":5,"relations":false,"cl_rule":"show","enableCl":false,"price":"","enablePrice":false,"className":"","type":"text","subtype":"text","required":true,"elementId":"text_967faa0766061b","label":"Enlace al V\u00eddeo","name":"text_967faa0766061b","value":"","error":false,"placeholder":"Ejemplo: https:\/\/www.youtube.com\/watch?v=0e3GPea1Tyg","enableDesign":false,"LabelSize":"16px","gt_translate_keys":["label","placeholder","value"],"price_dependency":false,"cl_dependency":false}]]}},"config":{"price_override":"","enable_recaptcha":false,"bind_quantity":false,"quantity_bind_formula":false,"disp_summ_show_option_price":false,"disp_summ_show_product_price":false,"disp_summ_show_total_price":false,"disp_summ_show_fee":false,"disp_summ_show_discount":false,"summary_title":"","options_total_label":"Extra","total_label":"Totale","options_product_label":"Prodotto","fee_label":"Extra","discount_label":"Descuento","has_price":true,"has_quantity_formula":false},"mc_unit":1,"tax_rate":1,"tax_rate_real":1,"discount":{"percentage":0,"fixed":0},"design":{"conf":{"LabelPosition":"above","DescPosition":"above","UploadField":"custom_1","QuantityFieldStyle":"default"},"css":{"LeftLabelWidth":"120px"}},"formulas":[],"clones":false,"cartKey":false}},"_links":{"self":[{"href":"https:\/\/doymedia.com\/de\/wp-json\/wp\/v2\/product\/94","targetHints":{"allow":["GET"]}}],"collection":[{"href":"https:\/\/doymedia.com\/de\/wp-json\/wp\/v2\/product"}],"about":[{"href":"https:\/\/doymedia.com\/de\/wp-json\/wp\/v2\/types\/product"}],"replies":[{"embeddable":true,"href":"https:\/\/doymedia.com\/de\/wp-json\/wp\/v2\/comments?post=94"}],"wp:featuredmedia":[{"embeddable":true,"href":"https:\/\/doymedia.com\/de\/wp-json\/wp\/v2\/media\/243"}],"wp:attachment":[{"href":"https:\/\/doymedia.com\/de\/wp-json\/wp\/v2\/media?parent=94"}],"wp:term":[{"taxonomy":"product_brand","embeddable":true,"href":"https:\/\/doymedia.com\/de\/wp-json\/wp\/v2\/product_brand?post=94"},{"taxonomy":"product_cat","embeddable":true,"href":"https:\/\/doymedia.com\/de\/wp-json\/wp\/v2\/product_cat?post=94"},{"taxonomy":"product_tag","embeddable":true,"href":"https:\/\/doymedia.com\/de\/wp-json\/wp\/v2\/product_tag?post=94"}],"curies":[{"name":"wp","href":"https:\/\/api.w.org\/{rel}","templated":true}]}}