{"id":95,"date":"2025-03-27T01:32:40","date_gmt":"2025-03-27T00:32:40","guid":{"rendered":"https:\/\/v2.doymedia.com\/?post_type=product&#038;p=95"},"modified":"2025-07-16T21:42:09","modified_gmt":"2025-07-16T19:42:09","slug":"youtube-abonnenten-kaufen","status":"publish","type":"product","link":"https:\/\/doymedia.com\/de\/comprar-suscriptores-youtube\/","title":{"rendered":"Youtube-Abonnenten kaufen"},"content":{"rendered":"<section class=\"l-section wpb_row height_medium\"><div class=\"l-section-h i-cf\"><div class=\"g-cols vc_row via_flex valign_top type_default stacking_default\"><div class=\"vc_col-sm-12 wpb_column vc_column_container\"><div class=\"vc_column-inner\"><div class=\"wpb_wrapper\"><div class=\"wpb_text_column\"><div class=\"wpb_wrapper\"><p class=\"translation-block\">Um auf YouTube zu wachsen, reicht es nicht mehr aus, qualitativ hochwertige Inhalte zu haben. Wenn Sie wollen, dass Ihr Kanal heraussticht, brauchen Sie eine aktive Community, die ihn unterst\u00fctzt. Deshalb ist der <strong>Kauf von YouTube-Abonnenten<\/strong> zu einer effektiven Strategie geworden, um das Wachstum eines jeden Kanals zu beschleunigen, unabh\u00e4ngig von seiner Gr\u00f6\u00dfe oder seinem Thema.<\/p>\n<p class=\"translation-block\">Abonnenten sind ein wichtiges Zeichen f\u00fcr Beliebtheit und Relevanz. Wenn jemand Ihren Kanal betritt und sieht, dass Sie bereits eine solide Basis von Anh\u00e4ngern haben, erh\u00f6ht dies automatisch das Vertrauen und das Interesse an Ihren Inhalten. Au\u00dferdem verbessern Sie durch den <strong>Kauf von YouTube-Abonnenten,<\/strong> Ihr Ranking auf der Plattform, da der Algorithmus auch die Gr\u00f6\u00dfe Ihrer Community bewertet.<\/p>\n<h2>Warum Abonnenten auf YouTube kaufen?<\/h2>\n<p class=\"translation-block\">Weil es ein direkter Weg ist, Ihrem Kanal Sichtbarkeit zu verleihen, neue Zielgruppen anzuziehen und die T\u00fcr zu Monetarisierungsm\u00f6glichkeiten und Partnerschaften zu \u00f6ffnen. Viele Nutzer abonnieren kleine Kan\u00e4le nicht, weil sie annehmen, dass sie nicht relevant sind. Durch den <strong>Kauf von YouTube-Abonnenten<\/strong> vermitteln Sie ein st\u00e4rkeres, professionelleres und glaubw\u00fcrdigeres Bild.<\/p>\n<p>Au\u00dferdem verbessern Sie durch die Erh\u00f6hung Ihrer Abonnentenzahl auch Ihre Gesamtkennzahlen. Dies wirkt sich positiv auf den Algorithmus aus, was sich in mehr Reichweite, mehr Empfehlungen und mehr Aufrufe Ihrer Videos niederschl\u00e4gt.<\/p>\n<h3>Vorteile des Kaufs von YouTube-Abonnenten<\/h3>\n<ul>\n<li>\ud83d\udcc8 Schnelles und sichtbares Wachstum des Schlachtk\u00f6rpers<\/li>\n<li>\ud83e\udd1d Verbessern Sie Ihre Glaubw\u00fcrdigkeit und Autorit\u00e4t in der \u00d6ffentlichkeit<\/li>\n<li>\ud83d\ude80 Erh\u00f6hen Sie Ihre Monetarisierungsm\u00f6glichkeiten<\/li>\n<li>\ud83d\udd01 Steigerung von Engagement und organischem Verkehr<\/li>\n<li>\ud83d\udd12 Sicherer Dienst, ohne Abfrage von Passw\u00f6rtern oder Anmeldungen<\/li>\n<\/ul>\n<p class=\"translation-block\">Dieser Service ist f\u00fcr alle Arten von Kan\u00e4len gedacht: unabh\u00e4ngige Kreative, pers\u00f6nliche Marken, Unternehmen, Musiker, P\u00e4dagogen oder Influencer. Wenn Sie es auf die n\u00e4chste Stufe bringen wollen, kann <strong>YouTube-Abonnenten kaufen<\/strong> Ihnen helfen, diesen Prozess zu beschleunigen.<\/p>\n<h2>Ist es sicher, YouTube-Abonnenten zu kaufen?<\/h2>\n<p>Ja, absolut. Unsere Plattform arbeitet mit sicheren Systemen und fortschrittlichen Liefermethoden, die ein nat\u00fcrliches Wachstum garantieren. Wir fragen Sie nicht nach Ihrem Passwort oder dem Zugang zu Ihrem Kanal. Wir ben\u00f6tigen lediglich den Link des Kanals, an den Sie Abonnenten senden m\u00f6chten.<\/p>\n<p class=\"translation-block\">Dar\u00fcber hinaus wird jede Bestellung von unserem Team \u00fcberwacht, um sicherzustellen, dass sie korrekt und p\u00fcnktlich geliefert wird. Wir wissen, wie wichtig es ist, sich um Ihren digitalen Ruf zu k\u00fcmmern. Deshalb ist der <strong>Kauf von YouTube-Abonnenten<\/strong> mit uns eine sichere, effiziente und professionelle Erfahrung.<\/p>\n<h3>Wie funktioniert das?<\/h3>\n<p>Das Verfahren ist schnell und einfach. W\u00e4hlen Sie einfach das Abonnentenpaket aus, das Ihren Bed\u00fcrfnissen am besten entspricht, geben Sie Ihren Channel-Link ein und schlie\u00dfen Sie die Bestellung ab. Wir k\u00fcmmern uns um den Rest und liefern die Abonnenten nach und nach, um ein nat\u00fcrliches Wachstum zu gew\u00e4hrleisten.<\/p>\n<p class=\"translation-block\">Wenn Sie au\u00dferdem andere Kennzahlen Ihres Kanals verbessern m\u00f6chten, k\u00f6nnen Sie diesen Service mit <a href=\"https:\/\/doymedia.com\/de\/youtube-ansichten-kaufen\/\" target=\"_self\"><strong>YouTube Views kaufen<\/strong><\/a> oder <a href=\"https:\/\/doymedia.com\/de\/youtube-likes-kaufen\/\" target=\"_self\"><strong>YouTube Likes kaufen.<\/strong><\/a> kombinieren, damit Ihr Kanal auf ausgewogene Weise und mit gr\u00f6\u00dferer Wirkung w\u00e4chst.<\/p>\n<h2>Wer sollte YouTube-Abonnenten kaufen?<\/h2>\n<p class=\"translation-block\">Jeder, der sich auf YouTube profilieren m\u00f6chte, kann von diesem Service profitieren. Egal, ob Sie Ihren Kanal gerade erst starten oder bereits Erfahrung haben, der <strong>Kauf von YouTube-Abonnenten<\/strong> ist ein effektiver Weg, um Ihre Community zu st\u00e4rken und den Wachstumsprozess zu beschleunigen.<\/p>\n<ul>\n<li>Inhaltsersteller, die schneller wachsen wollen<\/li>\n<li>\ud83d\udcc8 Unternehmen und Marken, die sich positionieren wollen<\/li>\n<li>\ud83c\udfa4 Musiker, K\u00fcnstler und Produzenten, die mehr Sichtbarkeit w\u00fcnschen<\/li>\n<li>\ud83e\udde0 P\u00e4dagogen oder Informationskan\u00e4le mit Bedarf an mehr Autorit\u00e4t<\/li>\n<li>\ud83d\ude80 Influencer und angehende Influencer, die ihre Kan\u00e4le monetarisieren wollen<\/li>\n<\/ul>\n<h2>Beginnen Sie noch heute stark zu wachsen<\/h2>\n<p class=\"translation-block\">Tausende von Kreativen haben sich bereits auf diesen Service verlassen, um ihre Kan\u00e4le auf die n\u00e4chste Stufe zu bringen. Wenn auch Sie mehr Zuschauer anziehen, ein starkes Image vermitteln und bessere Ergebnisse erzielen m\u00f6chten, ist der <strong>Kauf von YouTube-Abonnenten<\/strong> die richtige Entscheidung.<\/p>\n<p>W\u00e4hlen Sie Ihr Paket, nennen Sie uns Ihren Kanal und lassen Sie uns Ihnen helfen, die Community aufzubauen, die Ihre Inhalte verdienen.<\/p>\n<\/div><\/div><\/div><\/div><\/div><\/div><\/div><\/section>","protected":false},"excerpt":{"rendered":"Qualitativ hochwertige Inhalte zu haben, reicht nicht mehr aus, um auf YouTube zu wachsen. Wenn du willst, dass dein Kanal heraussticht, brauchst du eine aktive Community, die ihn unterst\u00fctzt. Deshalb ist der Kauf von YouTube-Abonnenten eine effektive Strategie, um das Wachstum eines Kanals zu beschleunigen, unabh\u00e4ngig von seiner Gr\u00f6\u00dfe oder seinem Thema. Abonnenten sind ein Zeichen...","protected":false},"featured_media":243,"comment_status":"open","ping_status":"closed","template":"","meta":{"_acf_changed":false},"product_brand":[],"product_cat":[21],"product_tag":[],"class_list":{"0":"post-95","1":"product","2":"type-product","3":"status-publish","4":"has-post-thumbnail","6":"product_cat-youtube","7":"wcpa_has_options","9":"first","10":"instock","11":"sale","12":"featured","13":"shipping-taxable","14":"purchasable","15":"product-type-variable","16":"has-default-attributes"},"acf":[],"wcpa_form_fields":{"wcpaData":{"product":{"product_price":5.99,"price_html":"","original_product_price":5.99,"price_including_tax":5.99,"price_excluding_tax":5.99,"product_id":{"parent":95,"variation":false},"is_variable":true,"stock_status":"instock","stock_quantity":null,"parent_sku":"","product_attributes":{"cantidad":{"is_variation":true,"values":[]}},"custom_fields":[],"is_taxable":false,"product_name":"Comprar Suscriptores Youtube","hasImage":false},"fields":{"sec_867fa9f3c4bb91":{"extra":{"key":"sec_867fa9f3c4bb91","section_id":"sec_867fa9f3c4bb91","name":"Por defecto","status":1,"toggle":true,"form_id":1055,"form_rules":{"exclude_from_discount":false,"fee_label":"Extras","disp_hide_options_price":false,"disp_show_section_price":false,"disp_show_field_price":false,"layout_option":"standard","pric_use_as_fee":false,"process_fee_as":"woo_fee"},"layout_option":"standard"},"fields":[[{"active":true,"col":5,"relations":false,"cl_rule":"show","enableCl":false,"price":"","enablePrice":false,"className":"","type":"text","subtype":"text","required":true,"elementId":"text_767fa9f3c4bbb8","label":"Enlace al Canal","name":"text_767fa9f3c4bbb8","value":"","error":false,"placeholder":"Ejemplo: https:\/\/www.youtube.com\/@mrbeast","enableDesign":false,"LabelSize":"16px","gt_translate_keys":["label","placeholder","value"],"price_dependency":false,"cl_dependency":false}]]}},"config":{"price_override":"","enable_recaptcha":false,"bind_quantity":false,"quantity_bind_formula":false,"disp_summ_show_option_price":false,"disp_summ_show_product_price":false,"disp_summ_show_total_price":false,"disp_summ_show_fee":false,"disp_summ_show_discount":false,"summary_title":"","options_total_label":"Extras","total_label":"Gesamt","options_product_label":"Producto","fee_label":"Extras","discount_label":"Descuento","has_price":true,"has_quantity_formula":false},"mc_unit":1,"tax_rate":1,"tax_rate_real":1,"discount":{"percentage":0,"fixed":0},"design":{"conf":{"LabelPosition":"above","DescPosition":"above","UploadField":"custom_1","QuantityFieldStyle":"default"},"css":{"LeftLabelWidth":"120px"}},"formulas":[],"clones":false,"cartKey":false}},"_links":{"self":[{"href":"https:\/\/doymedia.com\/de\/wp-json\/wp\/v2\/product\/95","targetHints":{"allow":["GET"]}}],"collection":[{"href":"https:\/\/doymedia.com\/de\/wp-json\/wp\/v2\/product"}],"about":[{"href":"https:\/\/doymedia.com\/de\/wp-json\/wp\/v2\/types\/product"}],"replies":[{"embeddable":true,"href":"https:\/\/doymedia.com\/de\/wp-json\/wp\/v2\/comments?post=95"}],"wp:featuredmedia":[{"embeddable":true,"href":"https:\/\/doymedia.com\/de\/wp-json\/wp\/v2\/media\/243"}],"wp:attachment":[{"href":"https:\/\/doymedia.com\/de\/wp-json\/wp\/v2\/media?parent=95"}],"wp:term":[{"taxonomy":"product_brand","embeddable":true,"href":"https:\/\/doymedia.com\/de\/wp-json\/wp\/v2\/product_brand?post=95"},{"taxonomy":"product_cat","embeddable":true,"href":"https:\/\/doymedia.com\/de\/wp-json\/wp\/v2\/product_cat?post=95"},{"taxonomy":"product_tag","embeddable":true,"href":"https:\/\/doymedia.com\/de\/wp-json\/wp\/v2\/product_tag?post=95"}],"curies":[{"name":"wp","href":"https:\/\/api.w.org\/{rel}","templated":true}]}}