{"id":404,"date":"2025-03-27T19:19:49","date_gmt":"2025-03-27T18:19:49","guid":{"rendered":"https:\/\/v2.doymedia.com\/?page_id=404"},"modified":"2025-07-29T17:56:24","modified_gmt":"2025-07-29T15:56:24","slug":"termes-et-conditions","status":"publish","type":"page","link":"https:\/\/doymedia.com\/fr\/terminos-y-condiciones\/","title":{"rendered":"Conditions g\u00e9n\u00e9rales d'utilisation"},"content":{"rendered":"<section class=\"l-section wpb_row height_medium\"><div class=\"l-section-h i-cf\"><div class=\"g-cols vc_row via_flex valign_top type_default stacking_default\"><div class=\"vc_col-sm-12 wpb_column vc_column_container\"><div class=\"vc_column-inner\"><div class=\"wpb_wrapper\"><div class=\"wpb_text_column\"><div class=\"wpb_wrapper\"><h1>Conditions g\u00e9n\u00e9rales d'utilisation<\/h1>\n<p><b>DoyMedia <\/b>respecte les dispositions de la loi 34\/2002 sur les services de la soci\u00e9t\u00e9 de l'information et le commerce \u00e9lectronique (LSSI-CE), de la loi organique 3\/2018 sur la protection des donn\u00e9es personnelles et la garantie des droits num\u00e9riques (LOPDGDD), et du r\u00e8glement (UE) 2016\/679, le r\u00e8glement g\u00e9n\u00e9ral sur la protection des donn\u00e9es (RGPD).<\/p>\n<p>L'utilisation du portail attribue la condition d'utilisateur et implique l'acceptation totale et sans r\u00e9serve de toutes les dispositions incluses dans le pr\u00e9sent avis juridique, de sorte que si l'utilisateur n'est pas d'accord avec l'une des conditions \u00e9nonc\u00e9es dans le pr\u00e9sent avis, il ne doit pas utiliser\/acc\u00e9der \u00e0 ce portail.<\/p>\n<p>L'acc\u00e8s \u00e0 <strong>DoyMedia.com<\/strong> et l'utilisation de ses services est soumise aux conditions g\u00e9n\u00e9rales \u00e9nonc\u00e9es ci-dessous, ainsi qu'\u00e0 celles, de nature particuli\u00e8re, qui figurent dans ses annexes ou sur les panneaux d'affichage d'une page particuli\u00e8re (les \"conditions g\u00e9n\u00e9rales\").<\/p>\n<p>En continuant \u00e0 visiter ce site, vous (l'\"utilisateur\") acceptez d'\u00eatre li\u00e9 par les pr\u00e9sentes conditions g\u00e9n\u00e9rales.<\/p>\n<p><strong>Nous nous r\u00e9servons le droit de bloquer l'acc\u00e8s au site, de ne plus autoriser d'achats et de ne pas r\u00e9pondre aux messages re\u00e7us de toute personne enfreignant les pr\u00e9sentes conditions g\u00e9n\u00e9rales.<\/strong><\/p>\n<h3>SERVICE<\/h3>\n<p class=\"translation-block\">Il s'agit d'un moyen d'information, de publicit\u00e9 et de communication en ligne fourni par <strong>DoyMedia.com<\/strong>, qui constitue l'acceptation par l'utilisateur des pr\u00e9sentes conditions g\u00e9n\u00e9rales.<\/p>\n<p class=\"translation-block\">Les informations contenues dans <strong>DoyMedia.com<\/strong> ne peuvent \u00eatre consid\u00e9r\u00e9es comme exhaustives, compl\u00e8tes, ou qu'elles satisferont tous les besoins de l'utilisateur, et il est conseill\u00e9 \u00e0 l'utilisateur de lire les pr\u00e9sentes Conditions g\u00e9n\u00e9rales avec une attention particuli\u00e8re.<\/p>\n<h3>RESPONSABILIT\u00c9 DES LIENS<\/h3>\n<p class=\"translation-block\"><strong>DoyMedia.com<\/strong> peut fournir des liens, des sites web ou des services d'autres organisations et soci\u00e9t\u00e9s par le biais de son (ses) site(s) web, ainsi que fournir \u00e0 l'utilisateur de son site web, le t\u00e9l\u00e9chargement de logiciels de tiers. L'utilisateur comprend et accepte que <strong>DoyMedia.com<\/strong> ne contr\u00f4le pas et n'est pas responsable de ces services et produits.<\/p>\n<p class=\"translation-block\">L'utilisateur du site accepte et reconna\u00eet que <strong>DoyMedia.com<\/strong> ne contr\u00f4le pas, ne supervise pas et n'assume aucune responsabilit\u00e9 quant \u00e0 la qualit\u00e9, la s\u00e9curit\u00e9, les caract\u00e9ristiques et autres \u00e9l\u00e9ments des produits et\/ou services promus ou offerts par des tiers sur son site web.<\/p>\n<h3>REMBOURSEMENTS ET ANNULATIONS<\/h3>\n<p>En raison de la nature num\u00e9rique de nos services, une fois la commande trait\u00e9e et livr\u00e9e, aucun remboursement n'est accept\u00e9. Conform\u00e9ment \u00e0 l'article 103.m du d\u00e9cret l\u00e9gislatif royal 1\/2007, le droit de r\u00e9tractation ne s'applique pas aux contenus num\u00e9riques dont l'ex\u00e9cution a commenc\u00e9 avec le consentement expr\u00e8s du consommateur.<\/p>\n<p>En cas d'incident technique ou d'erreur dans la commande, l'utilisateur peut contacter notre \u00e9quipe \u00e0 l'adresse contacto@doymedia.com dans les 12 heures suivant l'achat.<\/p>\n<h3>MODES DE PAIEMENT<\/h3>\n<p class=\"translation-block\">Nous proposons actuellement un paiement enti\u00e8rement s\u00e9curis\u00e9 par carte de cr\u00e9dit ou de d\u00e9bit<\/strong> trait\u00e9 directement par notre banque. Nous ne conservons ni ne traitons JAMAIS les donn\u00e9es personnelles de votre carte.<\/p>\n<p>Nous proposons \u00e9galement le paiement par crypto-monnaie (Bitcoin, Ethereum, Litecoin, etc.), et par virement bancaire.<\/p>\n<p class=\"translation-block\">DoyMedia.com est une <strong>entreprise espagnole l\u00e9gale<\/strong> qui est prot\u00e9g\u00e9e par un cryptage SSL de 256 octets, et qui est \u00e9galement surveill\u00e9e 24 heures sur 24 par l'une des meilleures entreprises au monde dans le domaine de la s\u00e9curit\u00e9 des sites Web : Cloudflare.com, ce qui rend votre navigation et vos achats en ligne sur ce site totalement s\u00e9curis\u00e9s.<\/p>\n<h3>DIVERS<\/h3>\n<p class=\"translation-block\">&lt;L&#039;utilisateur accepte la politique d&#039;utilisation du service expos\u00e9e ici, telle qu&#039;amend\u00e9e de temps \u00e0 autre. &lt;DoyMedia.com<\/strong> se r\u00e9serve le droit de supprimer ou de modifier toute information, communication ou message qui, \u00e0 son avis, viole la politique d'utilisation.<\/p>\n<p class=\"translation-block\">&lt;Les informations contenues sur le site peuvent \u00eatre la propri\u00e9t\u00e9 intellectuelle de <strong>DoyMedia.com<\/strong>, ou d'un tiers. Les informations ne peuvent \u00eatre utilis\u00e9es qu'\u00e0 des fins non commerciales. La retransmission ou la publication de tout mat\u00e9riel est interdite sans l'accord \u00e9crit pr\u00e9alable de son auteur. En cas d'autorisation, l'utilisateur doit citer l'auteur et ne peut pas modifier ce mat\u00e9riel.<\/p>\n<p><strong>- Probl\u00e8mes li\u00e9s aux r\u00e9seaux sociaux :<\/strong> DoyMedia.com n'est pas responsable du blocage des comptes ou de tout autre probl\u00e8me que vous rencontrez avec les r\u00e9seaux sociaux aupr\u00e8s desquels vous avez achet\u00e9 des services. NOTE : Ce type de chose est tr\u00e8s peu probable car les r\u00e9seaux sociaux ne d\u00e9tectent pas nos services, mais dans le cas o\u00f9 cela se produit, c'est la responsabilit\u00e9 de la personne en charge du compte qui est engag\u00e9e.<\/p>\n<p><strong>- Traceurs de remplacement :<\/strong> La politique de r\u00e9approvisionnement de chaque service doit \u00eatre v\u00e9rifi\u00e9e. Les r\u00e9approvisionnements sont sp\u00e9cifi\u00e9s dans la description de chaque service.<\/p>\n<p><strong>- Les adeptes perdus avant d'acheter chez nous :<\/strong> Si vous avez achet\u00e9 des followers sur un autre site web et que vous les perdez, notre t\u00e2che sera beaucoup plus compliqu\u00e9e, car nous devrons corriger les erreurs sur tous les autres sites web o\u00f9 vous avez achet\u00e9 des followers auparavant. Nous pouvons d\u00e9tecter si les followers que vous perdez sont les n\u00f4tres ou s'ils nous sont ant\u00e9rieurs. C'est pourquoi nous n'accepterons aucune all\u00e9gation de followers perdus avant que vous n'ayez achet\u00e9 des followers chez nous, car ces followers ne sont pas les n\u00f4tres. Il convient \u00e9galement de noter que nous ne serons pas en mesure de r\u00e9clamer ou d'accuser les commandes qui perdent des followers plus anciens, car, comme indiqu\u00e9 ci-dessus dans les pr\u00e9sentes conditions g\u00e9n\u00e9rales : \"<em>l'achat de services similaires aupr\u00e8s d'autres fournisseurs pour les m\u00eames comptes annule la garantie de remplacement ou de remboursement des services achet\u00e9s aupr\u00e8s de DoyMedia.com.<\/em>\"<\/p>\n<p><strong>- Les profils Instagram et Twitter DOIVENT \u00eatre en MODE PUBLIC.<\/strong> afin que nous puissions ajouter les followers. Si votre compte est en mode priv\u00e9 et que nous vous conseillons de le mettre en mode public mais que vous ne le faites pas, cela peut \u00eatre une raison pour nous de marquer la commande comme termin\u00e9e sans pouvoir ajouter les followers.<\/p>\n<p><strong>- D\u00e9lai de livraison :<\/strong> Votre commande est trait\u00e9e automatiquement, mais en fonction du r\u00e9seau social et de la quantit\u00e9 contract\u00e9e, cela peut prendre un peu plus ou moins de temps. En moyenne, nous indiquons que les services peuvent arriver dans les 24-48 heures.<\/p>\n<p><strong>- Qualit\u00e9 des Followers, Likes, Membres, Abonn\u00e9s, etc.. :<\/strong> Les followers achet\u00e9s pour Instagram, Facebook, Twitter, Youtube, Telegram, Tik Tok ou tout autre r\u00e9seau social o\u00f9 nous vendons des followers ont une apparence r\u00e9elle, mais il n'est pas garanti qu'ils interagissent avec votre compte. Cela signifie que les comptes ont des images et ressemblent \u00e0 des comptes r\u00e9els, mais que ces followers n'interagiront pas en aimant vos posts.<\/p>\n<p class=\"translation-block\"><strong>- Contr\u00f4le du contenu.<\/strong> <strong>DoyMedia.com<\/strong> ne contr\u00f4le pas les communications et le mat\u00e9riel que les utilisateurs entrent sur le site. <strong>DoyMedia.com<\/strong> n'est pas responsable du contenu de ces communications et documents, mais se r\u00e9serve le droit de bloquer l'acc\u00e8s ou de supprimer toute communication ou document qu'il juge (a) abusif, diffamatoire, obsc\u00e8ne, faux ou trompeur, (b) violant les droits de propri\u00e9t\u00e9 intellectuelle d'une tierce partie, ou (c) violant les dispositions des conditions d'utilisation du service.<\/p>\n<p class=\"translation-block\"><strong>- Engagement d'indemnisation.<\/strong> L'Utilisateur s'engage \u00e0 indemniser <strong>DoyMedia.com<\/strong>, ses employ\u00e9s, conc\u00e9dants, fournisseurs et licenci\u00e9s contre les dommages (y compris les frais de d\u00e9fense) r\u00e9sultant de tout acte ou fait illicite imputable \u00e0 l'Utilisateur ou \u00e0 un tiers utilisant le compte de l'Utilisateur. <strong>DoyMedia.com<\/strong> peut modifier, supprimer et\/ou ajouter des termes et\/ou conditions dans n'importe quelle clause de ce contrat, sans l'accord pr\u00e9alable de l'utilisateur. L'utilisateur est seul responsable de la confidentialit\u00e9 et de l'utilisation de son mot de passe, ainsi que des instructions qui sont ex\u00e9cut\u00e9es en son nom \u00e0 partir de l'utilisation du syst\u00e8me.<\/p>\n<p><strong>- Nullit\u00e9 partielle.<\/strong> Si l'une des dispositions des pr\u00e9sentes conditions g\u00e9n\u00e9rales est d\u00e9clar\u00e9e invalide, cela n'affecte pas la validit\u00e9 des autres dispositions.<\/p>\n<\/div><\/div><\/div><\/div><\/div><\/div><\/div><\/section>","protected":false},"excerpt":{"rendered":"Conditions g\u00e9n\u00e9rales DoyMedia respecte les dispositions de la loi 34\/2002 sur les services de la soci\u00e9t\u00e9 de l'information et le commerce \u00e9lectronique (LSSI-CE), de la loi organique 3\/2018 sur la protection des donn\u00e9es personnelles et la garantie des droits num\u00e9riques (LOPDGDD), et du r\u00e8glement (UE) 2016\/679, r\u00e8glement g\u00e9n\u00e9ral sur la protection des donn\u00e9es (RGPD). Les...","protected":false},"author":1,"featured_media":0,"parent":0,"menu_order":0,"comment_status":"closed","ping_status":"closed","template":"","meta":{"_acf_changed":false,"footnotes":""},"class_list":["post-404","page","type-page","status-publish","hentry"],"acf":[],"_links":{"self":[{"href":"https:\/\/doymedia.com\/fr\/wp-json\/wp\/v2\/pages\/404","targetHints":{"allow":["GET"]}}],"collection":[{"href":"https:\/\/doymedia.com\/fr\/wp-json\/wp\/v2\/pages"}],"about":[{"href":"https:\/\/doymedia.com\/fr\/wp-json\/wp\/v2\/types\/page"}],"author":[{"embeddable":true,"href":"https:\/\/doymedia.com\/fr\/wp-json\/wp\/v2\/users\/1"}],"replies":[{"embeddable":true,"href":"https:\/\/doymedia.com\/fr\/wp-json\/wp\/v2\/comments?post=404"}],"version-history":[{"count":6,"href":"https:\/\/doymedia.com\/fr\/wp-json\/wp\/v2\/pages\/404\/revisions"}],"predecessor-version":[{"id":1361,"href":"https:\/\/doymedia.com\/fr\/wp-json\/wp\/v2\/pages\/404\/revisions\/1361"}],"wp:attachment":[{"href":"https:\/\/doymedia.com\/fr\/wp-json\/wp\/v2\/media?parent=404"}],"curies":[{"name":"wp","href":"https:\/\/api.w.org\/{rel}","templated":true}]}}