{"id":629,"date":"2025-03-29T16:18:36","date_gmt":"2025-03-29T15:18:36","guid":{"rendered":"https:\/\/v2.doymedia.com\/?page_id=629"},"modified":"2025-07-29T21:55:46","modified_gmt":"2025-07-29T19:55:46","slug":"politique-en-matiere-de-cookies","status":"publish","type":"page","link":"https:\/\/doymedia.com\/fr\/politica-de-cookies\/","title":{"rendered":"Politique en mati\u00e8re de cookies"},"content":{"rendered":"<p><span style=\"font-size: 2rem; letter-spacing: 0em;\">Politique en mati\u00e8re de cookies<\/span><\/p>\n<header><\/header>\n<div>\n<p class=\"translation-block\">Conform\u00e9ment \u00e0 <strong>l'article 22.2 de la loi 34\/2002<\/strong> sur les services de la soci\u00e9t\u00e9 de l'information et le commerce \u00e9lectronique (LSSI-CE), ainsi qu'au <strong>r\u00e8glement (UE) 2016\/679 (RGPD)<\/strong> et \u00e0 la <strong>loi organique 3\/2018 (LOPDGDD)<\/strong>, nous informons les utilisateurs de l'utilisation de cookies sur ce site web.<\/p>\n<h3>1) Qu'est-ce qu'un cookie ?<\/h3>\n<p>Les cookies sont de petits fichiers texte qui sont stock\u00e9s dans le navigateur de l'utilisateur lorsqu'il visite un site web. Ils sont utilis\u00e9s pour m\u00e9moriser des informations sur votre visite, telles que votre langue pr\u00e9f\u00e9r\u00e9e, les produits dans votre panier d'achat ou le fait que vous soyez connect\u00e9, et pour am\u00e9liorer votre exp\u00e9rience de navigation et vous fournir un contenu personnalis\u00e9.<\/p>\n<h3>2. quels types de cookies utilisons-nous ?<\/h3>\n<p class=\"translation-block\">Dans <strong>DoyMedia.com<\/strong>, nous utilisons des cookies propres et de tiers, qui sont regroup\u00e9s dans les cat\u00e9gories suivantes :<\/p>\n<h4>\u2705 <strong>Cookies n\u00e9cessaires ou techniques<\/strong><\/h4>\n<p>Indispensables au fonctionnement du site web. Ils permettent des fonctions de base telles que la navigation, l'acc\u00e8s \u00e0 des zones s\u00e9curis\u00e9es et la gestion des commandes.<\/p>\n<ul>\n<li>Exemple : cookies de session, contr\u00f4le du trafic, authentification.<\/li>\n<\/ul>\n<h4>\ud83d\udcca <strong>Cookies analytiques ou statistiques<\/strong><\/h4>\n<p>Ils recueillent des informations de mani\u00e8re anonyme sur la mani\u00e8re dont les utilisateurs interagissent avec le site web. Ils nous aident \u00e0 comprendre le comportement de navigation et \u00e0 am\u00e9liorer le site.<\/p>\n<ul>\n<li>Exemple : Google Analytics.<\/li>\n<\/ul>\n<h4>\ud83d\udce2 <strong>Cookies de marketing et de publicit\u00e9<\/strong><\/h4>\n<p>Ils sont utilis\u00e9s pour montrer des publicit\u00e9s pertinentes \u00e0 l'utilisateur et mesurer leur performance. Ils permettent \u00e9galement de limiter le nombre de fois qu'une publicit\u00e9 est affich\u00e9e.<\/p>\n<ul>\n<li>Exemple : Google Ads, Meta (Facebook\/Instagram), TikTok Ads.<\/li>\n<\/ul>\n<h4>\ud83d\udd17 <strong>Cookies de tiers<\/strong><\/h4>\n<p>Certains services externes tels que les lecteurs vid\u00e9o, les cartes ou les r\u00e9seaux sociaux peuvent installer leurs propres cookies lorsque l'utilisateur interagit avec eux.<\/p>\n<ul>\n<li>Exemple : YouTube, Google Maps, Facebook, Instagram, TikTok.<\/li>\n<\/ul>\n<h3>3. comment le consentement est-il obtenu ?<\/h3>\n<p>Lorsque vous visitez le site DoyMedia.com pour la premi\u00e8re fois, nous affichons une banni\u00e8re de consentement par l'interm\u00e9diaire du site DoyMedia.com. <strong>OuiCookies<\/strong>qui vous permet de :<\/p>\n<p>\u2705 Accepter tous les cookies<br \/>\n\u274c Rejeter ceux qui ne sont pas n\u00e9cessaires<br \/>\n\u2699\ufe0f Personnalisez votre s\u00e9lection<\/p>\n<p>Vous pouvez <strong>modifier vos pr\u00e9f\u00e9rences<\/strong> \u00e0 tout moment \u00e0 partir du lien \"Param\u00e8tres des cookies\" disponible dans le pied de page du site.<\/p>\n<h3>4. comment supprimer ou d\u00e9sactiver les cookies de votre navigateur ?<\/h3>\n<p>Vous pouvez autoriser, bloquer ou supprimer les cookies install\u00e9s sur votre appareil en configurant les options de votre navigateur. Nous vous indiquons ci-dessous comment proc\u00e9der avec les navigateurs les plus courants :<\/p>\n<ul>\n<li><strong>Google Chrome :<\/strong><br \/>\n<a href=\"https:\/\/support.google.com\/chrome\/answer\/95647\" target=\"_blank\" rel=\"noopener\">https:\/\/support.google.com\/chrome\/answer\/95647<\/a><\/li>\n<li><strong>Mozilla Firefox :<\/strong><br \/>\n<a href=\"https:\/\/support.mozilla.org\/es\/kb\/habilitar-y-deshabilitar-cookies\" target=\"_blank\" rel=\"noopener\">https:\/\/support.mozilla.org\/es\/kb\/habilitar-y-deshabilitar-cookies<\/a><\/li>\n<li><strong>Safari (Apple) :<\/strong><br \/>\n<a href=\"https:\/\/support.apple.com\/es-es\/HT201265\" target=\"_blank\" rel=\"noopener\">https:\/\/support.apple.com\/es-es\/HT201265<\/a><\/li>\n<li><strong>Microsoft Edge :<\/strong><br \/>\n<a href=\"https:\/\/support.microsoft.com\/es-es\/help\/4027947\" target=\"_blank\" rel=\"noopener\">https:\/\/support.microsoft.com\/es-es\/help\/4027947<\/a><\/li>\n<li><strong>Op\u00e9ra :<\/strong><br \/>\n<a href=\"https:\/\/help.opera.com\/en\/latest\/web-preferences\/#cookies\" target=\"_blank\" rel=\"noopener\">https:\/\/help.opera.com\/en\/latest\/web-preferences\/#cookies<\/a><\/li>\n<\/ul>\n<p class=\"translation-block\">Vous pouvez \u00e9galement supprimer des cookies sp\u00e9cifiques stock\u00e9s dans votre navigateur ou installer des extensions telles que <strong>\"Ghostery\"<\/strong> ou <strong>\"Cookie AutoDelete\"<\/strong> pour un meilleur contr\u00f4le.<\/p>\n<h3>5. Transfert international de donn\u00e9es<\/h3>\n<p class=\"translation-block\">Certains cookies de tiers peuvent impliquer des transferts internationaux de donn\u00e9es, en particulier s'ils sont g\u00e9r\u00e9s par des soci\u00e9t\u00e9s situ\u00e9es en dehors de l'Espace \u00e9conomique europ\u00e9en (EEE). Dans ce cas, nous veillons \u00e0 ce que des <strong>garanties appropri\u00e9es<\/strong> telles que les <strong>clauses contractuelles types<\/strong> approuv\u00e9es par la Commission europ\u00e9enne ou que le fournisseur adh\u00e8re au <strong>Data Privacy Framework (DPF)<\/strong>, le cas \u00e9ch\u00e9ant.<\/p>\n<h3>6. Mises \u00e0 jour de la pr\u00e9sente politique<\/h3>\n<p>La pr\u00e9sente politique en mati\u00e8re de cookies peut \u00eatre mise \u00e0 jour en fonction d'exigences l\u00e9gales ou techniques. Toute modification pertinente sera communiqu\u00e9e sur cette page et, si n\u00e9cessaire, via la banni\u00e8re de consentement.<\/p>\n<p>Nous vous encourageons \u00e0 revoir p\u00e9riodiquement cette politique.<\/p>\n<\/div>","protected":false},"excerpt":{"rendered":"<p>Politique en mati\u00e8re de cookies Conform\u00e9ment \u00e0 l'article 22.2 de la loi 34\/2002 sur les services de la soci\u00e9t\u00e9 de l'information et le commerce \u00e9lectronique (LSSI-CE), ainsi qu'au r\u00e8glement (UE) 2016\/679 (RGPD) et \u00e0 la loi organique 3\/2018 (LOPDGDD), nous informons les utilisateurs de l'utilisation de cookies sur ce site Web. 1. que sont les cookies ?<\/p>","protected":false},"author":1,"featured_media":0,"parent":0,"menu_order":0,"comment_status":"closed","ping_status":"closed","template":"","meta":{"_acf_changed":false,"footnotes":""},"class_list":["post-629","page","type-page","status-publish","hentry"],"acf":[],"_links":{"self":[{"href":"https:\/\/doymedia.com\/fr\/wp-json\/wp\/v2\/pages\/629","targetHints":{"allow":["GET"]}}],"collection":[{"href":"https:\/\/doymedia.com\/fr\/wp-json\/wp\/v2\/pages"}],"about":[{"href":"https:\/\/doymedia.com\/fr\/wp-json\/wp\/v2\/types\/page"}],"author":[{"embeddable":true,"href":"https:\/\/doymedia.com\/fr\/wp-json\/wp\/v2\/users\/1"}],"replies":[{"embeddable":true,"href":"https:\/\/doymedia.com\/fr\/wp-json\/wp\/v2\/comments?post=629"}],"version-history":[{"count":3,"href":"https:\/\/doymedia.com\/fr\/wp-json\/wp\/v2\/pages\/629\/revisions"}],"predecessor-version":[{"id":1366,"href":"https:\/\/doymedia.com\/fr\/wp-json\/wp\/v2\/pages\/629\/revisions\/1366"}],"wp:attachment":[{"href":"https:\/\/doymedia.com\/fr\/wp-json\/wp\/v2\/media?parent=629"}],"curies":[{"name":"wp","href":"https:\/\/api.w.org\/{rel}","templated":true}]}}