{"id":632,"date":"2025-03-29T16:19:32","date_gmt":"2025-03-29T15:19:32","guid":{"rendered":"https:\/\/v2.doymedia.com\/?page_id=632"},"modified":"2025-07-29T21:56:24","modified_gmt":"2025-07-29T19:56:24","slug":"avis-juridique","status":"publish","type":"page","link":"https:\/\/doymedia.com\/fr\/aviso-legal\/","title":{"rendered":"Avis juridique"},"content":{"rendered":"<h1>\ud83d\udd12 Mentions l\u00e9gales<\/h1>\n<p><strong>Derni\u00e8re mise \u00e0 jour : 29 mars 2025<\/strong><\/p>\n<p class=\"translation-block\">Conform\u00e9ment aux dispositions de l'article 10 de la <strong>Loi 34\/2002<\/strong>, du 11 juillet, des <strong>Services de la soci\u00e9t\u00e9 de l'information et du commerce \u00e9lectronique (LSSI-CE)<\/strong>, les utilisateurs sont inform\u00e9s des coordonn\u00e9es du propri\u00e9taire du site web :<\/p>\n<h3>1. DONN\u00c9ES D'IDENTIFICATION<\/h3>\n<p><img decoding=\"async\" class=\"alignnone wp-image-1362\" src=\"https:\/\/doymedia.com\/wp-content\/uploads\/2025\/07\/doymedia.png\" alt=\"DoyMedia\" width=\"700\" height=\"138\" title=\"\" srcset=\"https:\/\/doymedia.com\/wp-content\/uploads\/2025\/07\/doymedia.png 1568w, https:\/\/doymedia.com\/wp-content\/uploads\/2025\/07\/doymedia-300x59.png 300w, https:\/\/doymedia.com\/wp-content\/uploads\/2025\/07\/doymedia-1024x201.png 1024w, https:\/\/doymedia.com\/wp-content\/uploads\/2025\/07\/doymedia-18x4.png 18w, https:\/\/doymedia.com\/wp-content\/uploads\/2025\/07\/doymedia-600x118.png 600w\" sizes=\"(max-width: 700px) 100vw, 700px\" \/><\/p>\n<h3>2. OBJET<\/h3>\n<p class=\"translation-block\">Les pr\u00e9sentes mentions l\u00e9gales r\u00e9gissent l'utilisation du site web <strong>DoyMedia.com<\/strong>, y compris l'acc\u00e8s \u00e0 son contenu, ses services et ses conditions d'achat.<\/p>\n<p>En naviguant sur le site, l'utilisateur accepte pleinement et sans r\u00e9serve toutes les dispositions contenues dans le pr\u00e9sent document. Si l'utilisateur n'est pas d'accord, il doit s'abstenir d'utiliser le site.<\/p>\n<h3>3. CONDITIONS D'UTILISATION<\/h3>\n<p>L'acc\u00e8s au site est gratuit, mais certains services sont soumis \u00e0 un contrat. L'utilisateur s'engage \u00e0 :<\/p>\n<ul>\n<li>Utiliser le site de mani\u00e8re l\u00e9gale, \u00e9thique et de bonne foi.<\/li>\n<li>Ne pas utiliser le site pour r\u00e9aliser des activit\u00e9s contraires \u00e0 la loi, aux droits des tiers ou pouvant nuire \u00e0 l'image ou au fonctionnement de DoyMedia.com.<\/li>\n<li>Ne pas introduire de virus, de logiciels malveillants ou effectuer des actions qui alt\u00e8rent le contenu ou la structure du site web.<\/li>\n<\/ul>\n<h3>4. PROPRI\u00c9T\u00c9 INTELLECTUELLE ET INDUSTRIELLE<\/h3>\n<p class=\"translation-block\">Tous les contenus du site (textes, images, vid\u00e9os, logiciels, design, structure, code source, logos et marques) sont prot\u00e9g\u00e9s par des droits de propri\u00e9t\u00e9 intellectuelle et industrielle appartenant \u00e0 <strong>DoyMedia<\/strong> ou \u00e0 des tiers.<\/p>\n<p class=\"translation-block\">La reproduction, la distribution ou la modification sont <strong>interdites<\/strong> sans l'autorisation expresse du propri\u00e9taire.<\/p>\n<h3>5. LIENS AVEC DES TIERS<\/h3>\n<p class=\"translation-block\">Ce site peut inclure des liens vers des sites tiers. &lt;DoyMedia n&#039;est pas responsable du contenu, des politiques ou des pratiques de confidentialit\u00e9 de ces sites, ni de l&#039;utilisation de vos informations personnelles par ces sites.<\/p>\n<h3>6. EXCLUSION DE LA RESPONSABILIT\u00c9<\/h3>\n<p class=\"translation-block\">&lt;DoyMedia ne garantit pas la disponibilit\u00e9 continue du site web<\/strong>, et n'est pas responsable des erreurs techniques, des virus, des interruptions de service ou de tout autre dommage pouvant r\u00e9sulter de l'utilisation du site ou des services tiers int\u00e9gr\u00e9s.<\/p>\n<p>Nous ne garantissons pas que le contenu soit exact, \u00e0 jour ou exempt d'erreurs, bien que nous nous efforcions en permanence d'en pr\u00e9server la v\u00e9racit\u00e9 et l'exactitude.<\/p>\n<h3>7. POLITIQUE EN MATI\u00c8RE DE PROTECTION DE LA VIE PRIV\u00c9E ET DE COOKIES<\/h3>\n<p class=\"translation-block\">Le traitement des donn\u00e9es \u00e0 caract\u00e8re personnel est effectu\u00e9 conform\u00e9ment au <strong>R\u00e8glement g\u00e9n\u00e9ral sur la protection des donn\u00e9es (RGPD)<\/strong> et \u00e0 la <strong>LOPDGDD<\/strong>. Vous pouvez consulter notre <a href=\"#\" rel=\"noopener\" target=\"_self\">Politique de confidentialit\u00e9<\/a> et <a href=\"#\" rel=\"noopener\" target=\"_self\">Politique en mati\u00e8re de cookies<\/a> pour obtenir des informations d\u00e9taill\u00e9es.<\/p>\n<h3>8. DROIT APPLICABLE ET JURIDICTION<\/h3>\n<p class=\"translation-block\">Ce site est r\u00e9gi par la loi espagnole. Pour tout conflit ou r\u00e9clamation, les parties se soumettent express\u00e9ment aux <strong>Juridictions et Tribunaux de Santa Cruz de Tenerife<\/strong>, renon\u00e7ant \u00e0 toute autre juridiction qui pourrait leur correspondre.<\/p>","protected":false},"excerpt":{"rendered":"<p>\ud83d\udd12 Mentions l\u00e9gales Derni\u00e8re mise \u00e0 jour : 29 mars 2025 Conform\u00e9ment aux dispositions de l'article 10 de la loi 34\/2002, du 11 juillet, sur les services de la soci\u00e9t\u00e9 de l'information et le commerce \u00e9lectronique (LSSI-CE), les utilisateurs sont inform\u00e9s des coordonn\u00e9es du propri\u00e9taire du site web : 1.....<\/p>","protected":false},"author":1,"featured_media":0,"parent":0,"menu_order":0,"comment_status":"closed","ping_status":"closed","template":"","meta":{"_acf_changed":false,"footnotes":""},"class_list":["post-632","page","type-page","status-publish","hentry"],"acf":[],"_links":{"self":[{"href":"https:\/\/doymedia.com\/fr\/wp-json\/wp\/v2\/pages\/632","targetHints":{"allow":["GET"]}}],"collection":[{"href":"https:\/\/doymedia.com\/fr\/wp-json\/wp\/v2\/pages"}],"about":[{"href":"https:\/\/doymedia.com\/fr\/wp-json\/wp\/v2\/types\/page"}],"author":[{"embeddable":true,"href":"https:\/\/doymedia.com\/fr\/wp-json\/wp\/v2\/users\/1"}],"replies":[{"embeddable":true,"href":"https:\/\/doymedia.com\/fr\/wp-json\/wp\/v2\/comments?post=632"}],"version-history":[{"count":6,"href":"https:\/\/doymedia.com\/fr\/wp-json\/wp\/v2\/pages\/632\/revisions"}],"predecessor-version":[{"id":1367,"href":"https:\/\/doymedia.com\/fr\/wp-json\/wp\/v2\/pages\/632\/revisions\/1367"}],"wp:attachment":[{"href":"https:\/\/doymedia.com\/fr\/wp-json\/wp\/v2\/media?parent=632"}],"curies":[{"name":"wp","href":"https:\/\/api.w.org\/{rel}","templated":true}]}}