{"id":100,"date":"2025-03-27T01:32:41","date_gmt":"2025-03-27T00:32:41","guid":{"rendered":"https:\/\/v2.doymedia.com\/?post_type=product&#038;p=100"},"modified":"2025-07-16T21:41:37","modified_gmt":"2025-07-16T19:41:37","slug":"acheter-des-likes-tiktok","status":"publish","type":"product","link":"https:\/\/doymedia.com\/fr\/comprar-likes-tiktok\/","title":{"rendered":"Acheter des TikTok Likes"},"content":{"rendered":"<section class=\"l-section wpb_row height_medium\"><div class=\"l-section-h i-cf\"><div class=\"g-cols vc_row via_flex valign_top type_default stacking_default\"><div class=\"vc_col-sm-12 wpb_column vc_column_container\"><div class=\"vc_column-inner\"><div class=\"wpb_wrapper\"><div class=\"wpb_text_column\"><div class=\"wpb_wrapper\"><p class=\"translation-block\">Sur TikTok, chaque seconde compte. Vous pouvez avoir une excellente vid\u00e9o, mais si elle n'obtient pas d'engagement en peu de temps, l'algorithme ne la montrera pas \u00e0 plus de personnes. C'est pourquoi <strong>l'achat de likes TikTok<\/strong> est devenu une strat\u00e9gie efficace pour am\u00e9liorer la visibilit\u00e9 de vos vid\u00e9os, attirer de nouveaux followers et renforcer l'autorit\u00e9 de votre profil d\u00e8s le d\u00e9part.<\/p>\n<p class=\"translation-block\">Les likes sont un signal cl\u00e9 pour l'algorithme de TikTok. Plus une vid\u00e9o re\u00e7oit d'interactions, plus elle a de chances de devenir virale. Si vous cr\u00e9ez du contenu de qualit\u00e9, mais que vous n'obtenez pas la reconnaissance que vous m\u00e9ritez, <strong>l'achat de likes TikTok<\/strong> vous aide \u00e0 d\u00e9clencher cet effet d'entra\u00eenement pour une plus grande port\u00e9e, une plus grande visibilit\u00e9 et un plus grand impact.<\/p>\n<h2>Pourquoi acheter des likes sur TikTok ?<\/h2>\n<p class=\"translation-block\">Car sur ce r\u00e9seau social, les chiffres comptent. Lorsqu'une vid\u00e9o obtient un grand nombre de \"likes\", les utilisateurs la per\u00e7oivent comme pr\u00e9cieuse, divertissante ou digne de confiance. Cela les encourage \u00e0 la regarder en entier, \u00e0 la partager et \u00e0 suivre votre compte. En <strong>achetant des likes TikTok<\/strong>, vous augmentez la valeur per\u00e7ue de votre contenu et envoyez un signal positif \u00e0 l'algorithme.<\/p>\n<p>Ce genre de coup de pouce est particuli\u00e8rement utile si vous lancez une campagne, faites la promotion d'un produit ou souhaitez simplement que votre vid\u00e9o atteigne un plus grand nombre de personnes. Il ne s'agit pas seulement de gonfler les chiffres, mais aussi d'\u00e9tablir une pr\u00e9sence solide et d'augmenter vos chances r\u00e9elles de croissance.<\/p>\n<h3>Avantages de l'achat de likes sur TikTok<\/h3>\n<ul>\n<li>\ud83d\udcc8 Am\u00e9lioration imm\u00e9diate de la visibilit\u00e9 de vos vid\u00e9os<\/li>\n<li>Cr\u00e9dibilit\u00e9 accrue aupr\u00e8s des nouveaux utilisateurs<\/li>\n<li>\ud83c\udfaf Augmentation de la port\u00e9e gr\u00e2ce \u00e0 l'algorithme<\/li>\n<li>\ud83d\udcac Plus d'interaction qui g\u00e9n\u00e8re des adeptes organiques<\/li>\n<li>\ud83d\udd12 Livraison s\u00e9curis\u00e9e, sans risque pour votre compte<\/li>\n<\/ul>\n<p class=\"translation-block\">&lt;Acheter des likes TikTok<\/strong> est utile \u00e0 la fois pour les nouveaux comptes et pour les profils \u00e9tablis qui souhaitent renforcer leurs posts cl\u00e9s. Avec une bonne base d'interactions, chaque nouvelle vid\u00e9o que vous publiez aura plus de chances d'\u00eatre remarqu\u00e9e.<\/p>\n<p>En plus d'am\u00e9liorer la visibilit\u00e9, les likes influencent \u00e9galement la fa\u00e7on dont les utilisateurs interagissent avec votre profil. Lorsque quelqu'un voit que votre vid\u00e9o a un bon nombre de likes, il en d\u00e9duit automatiquement que le contenu a de la valeur. Cela se traduit par plus de temps de visionnage, plus de commentaires et, dans de nombreux cas, plus d'adeptes.<\/p>\n<p class=\"translation-block\"><strong>L'achat de likes TikTok<\/strong> est un moyen de renforcer tous les indicateurs que l'algorithme prend en compte pour faire cro\u00eetre un compte de mani\u00e8re organique.<\/p>\n<h2>Est-il s\u00fbr d'acheter des likes sur TikTok ?<\/h2>\n<p>Oui, totalement s\u00e9curis\u00e9. Nous ne demandons pas de mot de passe ni d'acc\u00e8s \u00e0 votre compte. Tout ce dont nous avons besoin, c'est du lien vers la vid\u00e9o que vous souhaitez promouvoir. Le processus est progressif, naturel et con\u00e7u pour prot\u00e9ger votre profil \u00e0 tout moment.<\/p>\n<p>Nous travaillons avec des m\u00e9thodes \u00e9prouv\u00e9es et des syst\u00e8mes optimis\u00e9s pour garantir des r\u00e9sultats efficaces et sans risque. <strong>Acheter des likes TikTok<\/strong> est un moyen fiable de stimuler votre contenu sans compromettre l'int\u00e9grit\u00e9 de votre compte.<\/p>\n<h3>Qui peut b\u00e9n\u00e9ficier de ce service ?<\/h3>\n<p class=\"translation-block\">Toute personne qui publie du contenu sur TikTok. Des cr\u00e9ateurs, influenceurs et entrepreneurs, aux marques qui veulent se positionner sur ce r\u00e9seau. Si vous cherchez \u00e0 accro\u00eetre votre autorit\u00e9, \u00e0 attirer plus de visiteurs ou \u00e0 renforcer votre strat\u00e9gie, <strong>achetez J'aime TikTok<\/strong> est fait pour vous.<\/p>\n<ul>\n<li>\ud83c\udfa5 Les cr\u00e9ateurs qui veulent rendre leurs vid\u00e9os virales<\/li>\n<li>\ud83d\udce2 Les marques lancent des campagnes de marketing<\/li>\n<li>\ud83c\udfaf Influenceurs \u00e0 la recherche de collaborations<\/li>\n<li>\ud83d\udecd\ufe0f Les entreprises qui vendent sur TikTok<\/li>\n<li>\ud83d\udcf2 Les utilisateurs qui veulent se d\u00e9marquer plus rapidement<\/li>\n<\/ul>\n<h2>Comment cela fonctionne-t-il ?<\/h2>\n<p>La proc\u00e9dure est tr\u00e8s simple. Il vous suffit de choisir le forfait likes qui correspond le mieux \u00e0 vos besoins, de nous fournir le lien vers la vid\u00e9o et de passer la commande. Nous nous occupons de tout. La livraison commence rapidement, progressivement et en toute s\u00e9curit\u00e9.<\/p>\n<p class=\"translation-block\">Et si vous souhaitez que votre profil se d\u00e9veloppe de mani\u00e8re encore plus \u00e9quilibr\u00e9e, vous pouvez combiner ce service avec l'<a href=\"https:\/\/doymedia.com\/fr\/acheter-des-followers-tiktok\/\" target=\"_self\"><strong>achat de followers TikTok<\/strong><\/a> ou l'<a href=\"https:\/\/doymedia.com\/fr\/acheter-des-vues-tiktok\/\" target=\"_self\"><strong>achat de vues TikTok<\/strong><\/a>. De cette mani\u00e8re, vous g\u00e9n\u00e9rez une strat\u00e9gie de croissance r\u00e9elle et durable.<\/p>\n<h2>Donnez \u00e0 vos vid\u00e9os la reconnaissance qu'elles m\u00e9ritent<\/h2>\n<p class=\"translation-block\">Ne laissez pas vos posts passer inaper\u00e7us. Avec <strong>achetez des likes TikTok<\/strong>, vous pouvez booster votre contenu, am\u00e9liorer votre classement et gagner en visibilit\u00e9 en quelques minutes. Commencez d\u00e8s aujourd'hui et faites en sorte que chaque vid\u00e9o compte.<\/p>\n<\/div><\/div><\/div><\/div><\/div><\/div><\/div><\/section>","protected":false},"excerpt":{"rendered":"Sur TikTok, chaque seconde compte. Tu peux avoir une vid\u00e9o g\u00e9niale, mais si elle n'obtient pas d'engagement en peu de temps, l'algorithme ne la montrera pas \u00e0 plus de personnes. C'est pourquoi l'achat de likes TikTok est devenu une strat\u00e9gie efficace pour am\u00e9liorer la visibilit\u00e9 de tes vid\u00e9os, attirer de nouveaux followers et renforcer l'autorit\u00e9 de ton profil....","protected":false},"featured_media":317,"comment_status":"open","ping_status":"closed","template":"","meta":{"_acf_changed":false},"product_brand":[],"product_cat":[18],"product_tag":[],"class_list":{"0":"post-100","1":"product","2":"type-product","3":"status-publish","4":"has-post-thumbnail","6":"product_cat-tiktok","7":"wcpa_has_options","9":"first","10":"instock","11":"sale","12":"featured","13":"shipping-taxable","14":"purchasable","15":"product-type-variable","16":"has-default-attributes"},"acf":[],"wcpa_form_fields":{"wcpaData":{"product":{"product_price":2.99,"price_html":"","original_product_price":2.99,"price_including_tax":2.99,"price_excluding_tax":2.99,"product_id":{"parent":100,"variation":false},"is_variable":true,"stock_status":"instock","stock_quantity":null,"parent_sku":"","product_attributes":{"cantidad":{"is_variation":true,"values":[]}},"custom_fields":[],"is_taxable":false,"product_name":"Comprar Likes TikTok","hasImage":false},"fields":{"sec_167fa907111f84":{"extra":{"key":"sec_167fa907111f84","section_id":"sec_167fa907111f84","name":"Por defecto","status":1,"toggle":true,"form_id":1048,"form_rules":{"exclude_from_discount":false,"fee_label":"Dodatki","disp_hide_options_price":false,"disp_show_section_price":false,"disp_show_field_price":false,"layout_option":"standard","pric_use_as_fee":false,"process_fee_as":"woo_fee"},"layout_option":"standard"},"fields":[[{"active":true,"col":5,"relations":false,"cl_rule":"show","enableCl":false,"price":"","enablePrice":false,"className":"","type":"text","subtype":"text","required":true,"elementId":"text_867fa907111f9e","label":"Enlace al V\u00eddeo","name":"text_867fa907111f9e","value":"","error":false,"placeholder":"Ejemplo: https:\/\/www.tiktok.com\/@mrbeast\/video\/7460191038293069102","enableDesign":false,"LabelSize":"16px","gt_translate_keys":["label","placeholder","value"],"price_dependency":false,"cl_dependency":false}],[{"active":true,"col":5,"relations":false,"cl_rule":"show","enableCl":false,"price":"","enablePrice":true,"className":"","label_position":"default","desc_position":"default","type":"select","required":false,"elementId":"select_667fa907111fac","label":"A\u00f1adir Seguidores con Descuento","name":"select_667fa907111fac","values":[{"label":"100 Seguidores","value":"100","selected":false,"tempId":"aco_46","price":"3,89","gt_translate_keys":["label"]},{"label":"500 Seguidores","value":"500","selected":false,"tempId":"aco_1337","price":"6,79","gt_translate_keys":["label"]},{"label":"1.000 Seguidores","value":"1000","selected":false,"tempId":"aco_910","price":"9,69","gt_translate_keys":["label"]},{"label":"2.000 Seguidores","value":"2000","selected":false,"tempId":"aco_911","price":"19,49","gt_translate_keys":["label"]},{"label":"5.000 Seguidores","value":"5000","selected":false,"tempId":"aco_912","price":"58,39","gt_translate_keys":["label"]}],"dropdown_type":"basic","error":false,"placeholder":"Ninguno","priceOptions":"different_for_all","pricingType":"fixed","use_as_fee":false,"enableDesign":false,"LabelSize":"16px","tooltip":"Los seguidores ser\u00e1n entregados al mismo perfil del v\u00eddeo.","gt_translate_keys":["label","placeholder","tooltip"],"price_dependency":false,"cl_dependency":false,"value":""}],[{"label":"A\u00f1adir Views con Descuento","active":true,"required":false,"elementId":"select_867fa907111fb6","dropdown_type":"basic","placeholder":"Ninguno","name":"select_867fa907111fb6","label_position":"default","desc_position":"default","enablePrice":true,"className":"","enableCl":false,"relations":false,"enableDesign":false,"LabelSize":"16px","values":[{"label":"100 Views","value":"100","selected":false,"tempId":"aco_46","price":"1,89","gt_translate_keys":["label"]},{"label":"500 Views","value":"500","selected":false,"tempId":"aco_1337","price":"2,79","gt_translate_keys":["label"]},{"label":"1.000 Views","value":"1000","selected":false,"tempId":"aco_910","price":"3,69","gt_translate_keys":["label"]},{"label":"2.000 Views","value":"2000","selected":false,"tempId":"aco_911","price":"4,59","gt_translate_keys":["label"]},{"label":"5.000 Views","value":"5000","selected":false,"tempId":"aco_912","price":"6,49","gt_translate_keys":["label"]},{"label":"10.000 Views","value":"10000","selected":false,"tempId":"aco_1219","price":"8,79","gt_translate_keys":["label"]},{"label":"50.000 Views","value":"50k","selected":false,"tempId":"aco_977","price":"42,69","gt_translate_keys":["label"]}],"priceOptions":"different_for_all","pricingType":"fixed","price":"","use_as_fee":false,"cl_rule":"show","col":5,"type":"select","error":false,"tooltip":"Los views ser\u00e1n entregados a la misma publicaci\u00f3n.","gt_translate_keys":["label","placeholder","tooltip"],"price_dependency":false,"cl_dependency":false,"value":""}]]}},"config":{"price_override":"","enable_recaptcha":false,"bind_quantity":false,"quantity_bind_formula":false,"disp_summ_show_option_price":false,"disp_summ_show_product_price":false,"disp_summ_show_total_price":false,"disp_summ_show_fee":false,"disp_summ_show_discount":false,"summary_title":"","options_total_label":"Dodatki","total_label":"\u0141\u0105cznie","options_product_label":"Producto","fee_label":"Dodatki","discount_label":"Descuento","has_price":true,"has_quantity_formula":false},"mc_unit":1,"tax_rate":1,"tax_rate_real":1,"discount":{"percentage":0,"fixed":0},"design":{"conf":{"LabelPosition":"above","DescPosition":"above","UploadField":"custom_1","QuantityFieldStyle":"default"},"css":{"LeftLabelWidth":"120px"}},"formulas":[],"clones":false,"cartKey":false}},"_links":{"self":[{"href":"https:\/\/doymedia.com\/fr\/wp-json\/wp\/v2\/product\/100","targetHints":{"allow":["GET"]}}],"collection":[{"href":"https:\/\/doymedia.com\/fr\/wp-json\/wp\/v2\/product"}],"about":[{"href":"https:\/\/doymedia.com\/fr\/wp-json\/wp\/v2\/types\/product"}],"replies":[{"embeddable":true,"href":"https:\/\/doymedia.com\/fr\/wp-json\/wp\/v2\/comments?post=100"}],"wp:featuredmedia":[{"embeddable":true,"href":"https:\/\/doymedia.com\/fr\/wp-json\/wp\/v2\/media\/317"}],"wp:attachment":[{"href":"https:\/\/doymedia.com\/fr\/wp-json\/wp\/v2\/media?parent=100"}],"wp:term":[{"taxonomy":"product_brand","embeddable":true,"href":"https:\/\/doymedia.com\/fr\/wp-json\/wp\/v2\/product_brand?post=100"},{"taxonomy":"product_cat","embeddable":true,"href":"https:\/\/doymedia.com\/fr\/wp-json\/wp\/v2\/product_cat?post=100"},{"taxonomy":"product_tag","embeddable":true,"href":"https:\/\/doymedia.com\/fr\/wp-json\/wp\/v2\/product_tag?post=100"}],"curies":[{"name":"wp","href":"https:\/\/api.w.org\/{rel}","templated":true}]}}