{"id":188,"date":"2025-03-27T01:32:48","date_gmt":"2025-03-27T00:32:48","guid":{"rendered":"https:\/\/v2.doymedia.com\/?post_type=product&#038;p=188"},"modified":"2025-07-28T20:32:10","modified_gmt":"2025-07-28T18:32:10","slug":"acheter-des-heures-de-lecture-de-youtube","status":"publish","type":"product","link":"https:\/\/doymedia.com\/fr\/comprar-horas-de-reproduccion-youtube\/","title":{"rendered":"Acheter des heures de lecture de Youtube"},"content":{"rendered":"<section class=\"l-section wpb_row height_medium\"><div class=\"l-section-h i-cf\"><div class=\"g-cols vc_row via_flex valign_top type_default stacking_default\"><div class=\"vc_col-sm-12 wpb_column vc_column_container\"><div class=\"vc_column-inner\"><div class=\"wpb_wrapper\"><div class=\"wpb_text_column\"><div class=\"wpb_wrapper\"><p class=\"translation-block\">Si vous souhaitez mon\u00e9tiser votre cha\u00eene YouTube, vous devez remplir deux conditions essentielles : au moins 1 000 abonn\u00e9s et 4 000 heures de lecture au cours des 12 derniers mois. S'il est possible de gagner des abonn\u00e9s en faisant preuve de constance et en proposant un contenu attrayant, accumuler ces heures peut s'av\u00e9rer un processus long et frustrant. C'est pourquoi <strong>l'achat d'heures de lecture YouTube<\/strong> est une option strat\u00e9gique et efficace pour atteindre cet objectif plus rapidement.<\/p>\n<p class=\"translation-block\">Notre service vous aide \u00e0 augmenter la dur\u00e9e de visionnage de votre cha\u00eene de mani\u00e8re s\u00fbre, naturelle et dans le respect des param\u00e8tres autoris\u00e9s par YouTube. Si vous \u00eates pr\u00eat \u00e0 mon\u00e9tiser votre cha\u00eene et \u00e0 commencer \u00e0 g\u00e9n\u00e9rer des revenus \u00e0 partir de vos vid\u00e9os, <strong>Achetez des heures de visionnage YouTube<\/strong> peut \u00eatre le coup de pouce dont vous avez besoin pour r\u00e9pondre aux normes du programme de partenariat de YouTube.<\/p>\n<h2>Pourquoi acheter des heures de lecture sur YouTube ?<\/h2>\n<p class=\"translation-block\">Car atteindre 4 000 heures et voir ses statistiques augmenter petit \u00e0 petit peut prendre des mois, voire des ann\u00e9es. Et si votre cha\u00eene stagne ou ne b\u00e9n\u00e9ficie pas encore d'une visibilit\u00e9 suffisante, ce processus devient encore plus lent. En <strong>achetant des heures de lecture YouTube<\/strong>, vous acc\u00e9l\u00e9rez ce chemin et augmentez vos chances de mon\u00e9tiser sans d\u00e9pendre de l'algorithme.<\/p>\n<p>Ce service est con\u00e7u pour vous aider \u00e0 construire une base solide de veille en temps r\u00e9el, avec des vues de diff\u00e9rents endroits, dans de longues vid\u00e9os, et avec une livraison progressive qui simule la croissance naturelle. Id\u00e9al si vous \u00eates proche de votre objectif et que vous avez besoin d'un dernier coup de pouce, ou si vous commencez tout juste et que vous voulez d\u00e9marrer sur les chapeaux de roue.<\/p>\n<h3>Avantages de l'achat de temps de veille sur YouTube<\/h3>\n<ul>\n<li>\ud83d\udcca Acc\u00e9l\u00e8re la mise en conformit\u00e9 avec les exigences de mon\u00e9tisation<\/li>\n<li>\ud83d\ude80 Am\u00e9liorer le positionnement de votre cha\u00eene et de vos vid\u00e9os<\/li>\n<li>\u2705 Un service s\u00e9curis\u00e9, sans risque pour votre compte<\/li>\n<li>\u23f1\ufe0f Livraison progressive conforme \u00e0 l'activit\u00e9 r\u00e9elle<\/li>\n<li>\ud83c\udf0d Lecture internationale \u00e0 partir d'une vari\u00e9t\u00e9 de lieux<\/li>\n<\/ul>\n<p class=\"translation-block\">En outre, une cha\u00eene disposant d'un bon temps de visionnage a plus de chances d'appara\u00eetre dans les recommandations et les recherches. &lt;Acheter du temps de lecture sur YouTube<\/strong> vous permet non seulement de mon\u00e9tiser votre cha\u00eene, mais aussi de mieux vous positionner sur la plateforme.<\/p>\n<h2>Est-il s\u00fbr d'acheter des heures de lecture ?<\/h2>\n<p>Oui, notre service est 100% s\u00e9curis\u00e9 et con\u00e7u pour r\u00e9pondre aux normes de YouTube. Nous ne demandons pas de mot de passe ni d'acc\u00e8s \u00e0 votre compte. Il vous suffit de nous envoyer le lien vers les vid\u00e9os que vous souhaitez booster ou le lien vers votre cha\u00eene, et nous nous chargeons du reste.<\/p>\n<p class=\"translation-block\">Les heures de lecture sont d\u00e9livr\u00e9es progressivement, en maintenant un rythme naturel et durable. Cela permet d'\u00e9viter tout comportement suspect et de prot\u00e9ger votre cha\u00eene contre d'\u00e9ventuelles p\u00e9nalit\u00e9s. &lt;Acheter des heures de lecture Youtube<\/strong> avec nous est un investissement s\u00fbr et strat\u00e9gique.<\/p>\n<h3>Qui peut b\u00e9n\u00e9ficier de ce service ?<\/h3>\n<p>Ce service est id\u00e9al pour les cr\u00e9ateurs qui souhaitent mon\u00e9tiser leur cha\u00eene plus rapidement ou accro\u00eetre leur autorit\u00e9 sur la plateforme. Il est \u00e9galement utile pour les agences, les musiciens, les marques personnelles ou les entreprises qui utilisent YouTube comme outil de marketing.<\/p>\n<ul>\n<li>\ud83c\udfa5 Les cr\u00e9ateurs qui souhaitent activer la mon\u00e9tisation d\u00e8s que possible.<\/li>\n<li>\ud83d\udcc8 Nouveaux canaux qui ont besoin d'une impulsion initiale<\/li>\n<li>\ud83d\udce2 Les marques qui publient du contenu \u00e9ducatif ou promotionnel<\/li>\n<li>\ud83c\udfa4 Les artistes qui utilisent YouTube pour lancer leurs projets<\/li>\n<li>\ud83e\udde0 Les \u00e9ducateurs ou les experts qui veulent se d\u00e9marquer avec des vid\u00e9os de longue dur\u00e9e.<\/li>\n<\/ul>\n<h2>Comment cela fonctionne-t-il ?<\/h2>\n<p>Le processus est simple : vous choisissez le nombre d'heures de lecture dont vous avez besoin, vous nous indiquez la cha\u00eene ou les vid\u00e9os que vous souhaitez promouvoir et nous commen\u00e7ons la livraison. Tout se fait de mani\u00e8re progressive, s\u00e9curis\u00e9e et optimis\u00e9e afin que vous atteigniez votre objectif sans encombre.<\/p>\n<p class=\"translation-block\">Et si vous souhaitez compl\u00e9ter votre strat\u00e9gie, vous pouvez combiner ce service avec le service <a href=\"https:\/\/doymedia.com\/fr\/acheter-des-abonnes-youtube\/\" target=\"_self\"><strong>acheter des abonn\u00e9s YouTube<\/strong><\/a> ou le service <a href=\"https:\/\/doymedia.com\/fr\/acheter-des-vues-sur-youtube\/\" target=\"_self\"><strong>acheter des vues YouTube<\/strong><\/a> pour une croissance compl\u00e8te et coh\u00e9rente.<\/p>\n<h2>Activer la mon\u00e9tisation plus rapidement<\/h2>\n<p class=\"translation-block\">N'attendez plus pour mon\u00e9tiser votre contenu. Avec <strong>Buy YouTube Playtime<\/strong>, vous pouvez avancer en toute s\u00e9curit\u00e9, r\u00e9pondre aux exigences et commencer \u00e0 g\u00e9n\u00e9rer des revenus r\u00e9els \u00e0 partir de votre cha\u00eene. Prenez le contr\u00f4le de votre croissance et transformez votre passion en source de revenus.<\/p>\n<\/div><\/div><\/div><\/div><\/div><\/div><\/div><\/section>","protected":false},"excerpt":{"rendered":"Si tu veux mon\u00e9tiser ta cha\u00eene YouTube, tu dois remplir deux conditions essentielles : au moins 1 000 abonn\u00e9s et 4 000 heures de lecture au cours des 12 derniers mois. Et si les abonn\u00e9s peuvent \u00eatre obtenus avec de la constance et un contenu engageant, accumuler ces heures peut \u00eatre un processus long et frustrant. C'est pourquoi l'achat d'heures de lecture...","protected":false},"featured_media":243,"comment_status":"open","ping_status":"closed","template":"","meta":{"_acf_changed":false},"product_brand":[],"product_cat":[21],"product_tag":[],"class_list":{"0":"post-188","1":"product","2":"type-product","3":"status-publish","4":"has-post-thumbnail","6":"product_cat-youtube","7":"wcpa_has_options","9":"first","10":"instock","11":"sale","12":"shipping-taxable","13":"purchasable","14":"product-type-variable","15":"has-default-attributes"},"acf":[],"wcpa_form_fields":{"wcpaData":{"product":{"product_price":14.99,"price_html":"","original_product_price":14.99,"price_including_tax":14.99,"price_excluding_tax":14.99,"product_id":{"parent":188,"variation":false},"is_variable":true,"stock_status":"instock","stock_quantity":null,"parent_sku":"","product_attributes":{"cantidad":{"is_variation":true,"values":[]}},"custom_fields":[],"is_taxable":false,"product_name":"Comprar Horas de Reproducci\u00f3n Youtube","hasImage":false},"fields":{"sec_767faa0c54dde7":{"extra":{"key":"sec_767faa0c54dde7","section_id":"sec_767faa0c54dde7","name":"Por defecto","status":1,"toggle":true,"form_id":1057,"form_rules":{"exclude_from_discount":false,"fee_label":"Extras","disp_hide_options_price":false,"disp_show_section_price":false,"disp_show_field_price":false,"layout_option":"standard","pric_use_as_fee":false,"process_fee_as":"woo_fee"},"layout_option":"standard"},"fields":[[{"active":true,"col":5,"relations":false,"cl_rule":"show","enableCl":false,"price":"","enablePrice":false,"className":"","type":"text","subtype":"text","required":true,"elementId":"text_567faa0c54de0c","label":"Enlace al V\u00eddeo","name":"text_567faa0c54de0c","value":"","error":false,"placeholder":"Ejemplo: https:\/\/www.youtube.com\/watch?v=0e3GPea1Tyg","enableDesign":false,"LabelSize":"16px","gt_translate_keys":["label","placeholder","value"],"price_dependency":false,"cl_dependency":false}],[{"active":true,"col":5,"relations":false,"cl_rule":"show","enableCl":false,"price":"","enablePrice":false,"className":"mensaje-informacion","label_position":"default","desc_position":"default","type":"content","required":false,"elementId":"content_8420301710","label":"","name":"content_8420301710","contentType":"rich","value":"<p>Imprescindible que el v\u00eddeo tenga al menos 60 minutos de duraci\u00f3n.<\/p>","error":false,"scrollBar":false,"enableDesign":false,"LabelColor":"","DescColor":"#c30003","DescSize":"16px","gt_translate_keys":["label","value"],"price_dependency":false,"cl_dependency":false}]]}},"config":{"price_override":"","enable_recaptcha":false,"bind_quantity":false,"quantity_bind_formula":false,"disp_summ_show_option_price":false,"disp_summ_show_product_price":false,"disp_summ_show_total_price":false,"disp_summ_show_fee":false,"disp_summ_show_discount":false,"summary_title":"","options_total_label":"Extras","total_label":"Total","options_product_label":"Producto","fee_label":"Extras","discount_label":"Descuento","has_price":true,"has_quantity_formula":false},"mc_unit":1,"tax_rate":1,"tax_rate_real":1,"discount":{"percentage":0,"fixed":0},"design":{"conf":{"LabelPosition":"above","DescPosition":"above","UploadField":"custom_1","QuantityFieldStyle":"default"},"css":{"LeftLabelWidth":"120px"}},"formulas":[],"clones":false,"cartKey":false}},"_links":{"self":[{"href":"https:\/\/doymedia.com\/fr\/wp-json\/wp\/v2\/product\/188","targetHints":{"allow":["GET"]}}],"collection":[{"href":"https:\/\/doymedia.com\/fr\/wp-json\/wp\/v2\/product"}],"about":[{"href":"https:\/\/doymedia.com\/fr\/wp-json\/wp\/v2\/types\/product"}],"replies":[{"embeddable":true,"href":"https:\/\/doymedia.com\/fr\/wp-json\/wp\/v2\/comments?post=188"}],"wp:featuredmedia":[{"embeddable":true,"href":"https:\/\/doymedia.com\/fr\/wp-json\/wp\/v2\/media\/243"}],"wp:attachment":[{"href":"https:\/\/doymedia.com\/fr\/wp-json\/wp\/v2\/media?parent=188"}],"wp:term":[{"taxonomy":"product_brand","embeddable":true,"href":"https:\/\/doymedia.com\/fr\/wp-json\/wp\/v2\/product_brand?post=188"},{"taxonomy":"product_cat","embeddable":true,"href":"https:\/\/doymedia.com\/fr\/wp-json\/wp\/v2\/product_cat?post=188"},{"taxonomy":"product_tag","embeddable":true,"href":"https:\/\/doymedia.com\/fr\/wp-json\/wp\/v2\/product_tag?post=188"}],"curies":[{"name":"wp","href":"https:\/\/api.w.org\/{rel}","templated":true}]}}