{"id":827,"date":"2025-04-10T17:34:41","date_gmt":"2025-04-10T15:34:41","guid":{"rendered":"https:\/\/v2.doymedia.com\/?post_type=product&#038;p=827"},"modified":"2025-07-16T21:41:26","modified_gmt":"2025-07-16T19:41:26","slug":"acheter-des-followers-twitter","status":"publish","type":"product","link":"https:\/\/doymedia.com\/fr\/comprar-seguidores-twitter\/","title":{"rendered":"Acheter des followers Twitter"},"content":{"rendered":"<section class=\"l-section wpb_row height_medium\"><div class=\"l-section-h i-cf\"><div class=\"g-cols vc_row via_flex valign_top type_default stacking_default\"><div class=\"vc_col-sm-12 wpb_column vc_column_container\"><div class=\"vc_column-inner\"><div class=\"wpb_wrapper\"><div class=\"wpb_text_column\"><div class=\"wpb_wrapper\"><p class=\"translation-block\">Sur Twitter, le nombre de followers est une lettre de pr\u00e9sentation. Un compte avec de nombreux followers est un gage d'autorit\u00e9, de confiance et de pertinence dans votre secteur. Par cons\u00e9quent, <strong>acheter des followers Twitter<\/strong> est une strat\u00e9gie intelligente pour vous d\u00e9marquer d\u00e8s le premier coup d'\u0153il, accro\u00eetre votre cr\u00e9dibilit\u00e9 et renforcer votre compte.<\/p>\n<p class=\"translation-block\">Que vous utilisiez Twitter pour votre marque personnelle, votre entreprise, votre projet professionnel ou votre contenu cr\u00e9atif, avoir une communaut\u00e9 forte ouvre la porte \u00e0 plus d'engagement, plus de visibilit\u00e9 et plus d'opportunit\u00e9s. Si vous en avez assez de vous d\u00e9velopper lentement ou de ne pas obtenir la reconnaissance que votre contenu m\u00e9rite, <strong>l'achat de followers Twitter<\/strong> peut vous donner le coup de pouce dont vous avez besoin.<\/p>\n<h2>Pourquoi acheter des followers sur Twitter ?<\/h2>\n<p class=\"translation-block\">Car sur cette plateforme, la perception est primordiale. Un compte avec peu de followers, m\u00eame s'il a un contenu int\u00e9ressant, peut passer inaper\u00e7u. En revanche, lorsqu'un compte dispose d'une base solide de followers, il suscite la curiosit\u00e9 et la confiance. En <strong>achetant des followers Twitter<\/strong>, vous projetez une image forte d\u00e8s le d\u00e9part.<\/p>\n<p>En outre, le nombre de followers influence la fa\u00e7on dont les autres interagissent avec votre compte. Plus de followers attirent plus d'engagement, plus de retweets, plus de mentions et souvent des followers organiques. Il s'agit de g\u00e9n\u00e9rer de la traction et de tirer parti de l'effet d'entra\u00eenement.<\/p>\n<h3>Avantages de l'achat de followers Twitter<\/h3>\n<ul>\n<li>\ud83d\udcc8 Augmenter l'autorit\u00e9 et la cr\u00e9dibilit\u00e9 de votre profil<\/li>\n<li>\ud83d\ude80 Donner une image professionnelle et fiable<\/li>\n<li>\ud83c\udfaf Am\u00e9liorez votre positionnement face aux nouveaux utilisateurs<\/li>\n<li>\ud83d\udcac Favorise l'interaction organique et la croissance naturelle<\/li>\n<li>\ud83d\udd12 Service s\u00e9curis\u00e9, sans acc\u00e8s \u00e0 votre compte<\/li>\n<\/ul>\n<p class=\"translation-block\">&lt;Acheter des followers Twitter<\/strong> est utile pour tous les types de comptes : personnels, commerciaux, institutionnels ou cr\u00e9atifs. Que vous souhaitiez impressionner vos clients, conclure des partenariats ou simplement avoir plus d'impact dans la conversation num\u00e9rique, ce service peut vous aider \u00e0 y parvenir plus rapidement.<\/p>\n<h2>Est-il prudent d'acheter des followers sur Twitter ?<\/h2>\n<p>Oui, totalement s\u00e9curis\u00e9. Nous ne vous demandons jamais votre mot de passe ni aucune donn\u00e9e priv\u00e9e. Nous avons seulement besoin de votre nom d'utilisateur Twitter public. Notre syst\u00e8me se charge d'une livraison progressive et naturelle, en \u00e9vitant tout signe de comportement artificiel.<\/p>\n<p>Nous travaillons avec des processus rationalis\u00e9s pour prot\u00e9ger votre compte et am\u00e9liorer votre profil de mani\u00e8re efficace et discr\u00e8te. Des milliers d'utilisateurs ont d\u00e9j\u00e0 eu recours \u00e0 ce service avec des r\u00e9sultats positifs et sans complications.<\/p>\n<h3>Qui peut b\u00e9n\u00e9ficier de ce service ?<\/h3>\n<p>Ce service est destin\u00e9 \u00e0 toute personne ou projet qui souhaite se d\u00e9marquer davantage sur Twitter. Qu'il s'agisse d'entrepreneurs, de freelances, d'artistes, de marques ou d'entreprises qui souhaitent se positionner avec plus d'autorit\u00e9.<\/p>\n<ul>\n<li>\ud83d\udce2 Les professionnels utilisent Twitter comme canal de communication<\/li>\n<li>\ud83c\udfa4 Artistes et cr\u00e9ateurs faisant la promotion de leurs \u0153uvres ou de leurs id\u00e9es<\/li>\n<li>\ud83d\udcc8 Les entreprises qui veulent avoir un plus grand impact social<\/li>\n<li>\ud83d\udcf2 Les entrepreneurs du num\u00e9rique \u00e0 la recherche d'un positionnement<\/li>\n<li>\ud83d\udcac Les nouveaux comptes qui veulent prendre un bon d\u00e9part<\/li>\n<\/ul>\n<p>En outre, il est essentiel de disposer d'une base solide d'adeptes si vous cherchez \u00e0 conclure des collaborations, des campagnes de marketing ou simplement \u00e0 donner une meilleure image publique.<\/p>\n<p class=\"translation-block\">De nombreuses marques et utilisateurs d\u00e9cident de vous suivre ou de vous contacter en fonction de votre impact social visible. Par cons\u00e9quent, <strong>acheter des followers Twitter<\/strong> n'est pas seulement une question de chiffres, mais un investissement dans votre r\u00e9putation num\u00e9rique et les opportunit\u00e9s qui peuvent en d\u00e9couler.<\/p>\n<h2>Comment cela fonctionne-t-il ?<\/h2>\n<p>Acheter des followers Twitter est tr\u00e8s simple. Il vous suffit de choisir la formule qui correspond le mieux \u00e0 vos objectifs, de saisir votre @utilisateur et de passer votre commande. Nous nous chargeons de la livraison, qui se fait naturellement et en toute s\u00e9curit\u00e9.<\/p>\n<p class=\"translation-block\">Pour une strat\u00e9gie plus compl\u00e8te, vous pouvez combiner ce service avec l'<a href=\"https:\/\/doymedia.com\/fr\/acheter-des-likes-sur-twitter\/\" target=\"_self\"><strong>achat de likes Twitter<\/strong><\/a> ou encore avec l'<a href=\"https:\/\/doymedia.com\/fr\/achat-de-votes-sur-twitter\/\" target=\"_self\"><strong>achat de votes dans les sondages Twitter<\/strong><\/a>, et ainsi augmenter non seulement vos followers, mais aussi votre visibilit\u00e9 et votre participation sur la plateforme.<\/p>\n<h2>Faites fructifier votre compte d\u00e8s aujourd'hui<\/h2>\n<p class=\"translation-block\">Si vous souhaitez vous positionner fortement, g\u00e9n\u00e9rer de l'impact et avoir un compte qui inspire confiance d\u00e8s le premier coup d'\u0153il, <strong>acheter des followers Twitter<\/strong> est la premi\u00e8re \u00e9tape. Franchissez le pas d\u00e8s aujourd'hui et commencez \u00e0 construire une communaut\u00e9 solide qui vous aidera \u00e0 atteindre vos objectifs.<\/p>\n<\/div><\/div><\/div><\/div><\/div><\/div><\/div><\/section>","protected":false},"excerpt":{"rendered":"Sur Twitter, le nombre de followers est une lettre de pr\u00e9sentation. Un compte avec de nombreux followers transmet de l'autorit\u00e9, de la confiance et de la pertinence dans ton secteur. C'est pourquoi acheter des followers Twitter est une strat\u00e9gie intelligente pour te d\u00e9marquer d\u00e8s le premier coup d'\u0153il, augmenter ta cr\u00e9dibilit\u00e9 et rendre ton compte plus fort. Que tu utilises...","protected":false},"featured_media":318,"comment_status":"open","ping_status":"closed","template":"","meta":{"_acf_changed":false},"product_brand":[],"product_cat":[19],"product_tag":[],"class_list":{"0":"post-827","1":"product","2":"type-product","3":"status-publish","4":"has-post-thumbnail","6":"product_cat-twitter","7":"wcpa_has_options","9":"first","10":"instock","11":"sale","12":"shipping-taxable","13":"purchasable","14":"product-type-variable","15":"has-default-attributes"},"acf":[],"wcpa_form_fields":{"wcpaData":{"product":{"product_price":4.99,"price_html":"","original_product_price":4.99,"price_including_tax":4.99,"price_excluding_tax":4.99,"product_id":{"parent":827,"variation":false},"is_variable":true,"stock_status":"instock","stock_quantity":null,"parent_sku":"","product_attributes":{"cantidad":{"is_variation":true,"values":[]}},"custom_fields":[],"is_taxable":false,"product_name":"Comprar Seguidores Twitter","hasImage":false},"fields":{"sec_667faa718b57fe":{"extra":{"key":"sec_667faa718b57fe","section_id":"sec_667faa718b57fe","name":"Por defecto","status":1,"toggle":true,"form_id":1068,"form_rules":{"exclude_from_discount":false,"fee_label":"Extras","disp_hide_options_price":false,"disp_show_section_price":false,"disp_show_field_price":false,"layout_option":"standard","pric_use_as_fee":false,"process_fee_as":"woo_fee"},"layout_option":"standard"},"fields":[[{"active":true,"col":5,"relations":false,"cl_rule":"show","enableCl":false,"price":"","enablePrice":false,"className":"","type":"text","subtype":"text","required":true,"elementId":"text_767faa718b581b","label":"Nombre de Usuario","name":"text_767faa718b581b","value":"","error":false,"placeholder":"Ejemplo: @mrbeast","enableDesign":false,"LabelSize":"16px","gt_translate_keys":["label","placeholder","value"],"price_dependency":false,"cl_dependency":false}],[{"active":true,"col":5,"relations":false,"cl_rule":"show","enableCl":false,"price":"","enablePrice":false,"className":"mensaje-informacion","label_position":"default","desc_position":"default","type":"content","required":false,"elementId":"content_0612173150","label":"","name":"content_0612173150","contentType":"plain","value":"La cuenta tiene que estar en modo p\u00fablico para que lleguen los seguidores.","error":false,"gt_translate_keys":["label","value"],"price_dependency":false,"cl_dependency":false}]]}},"config":{"price_override":"","enable_recaptcha":false,"bind_quantity":false,"quantity_bind_formula":false,"disp_summ_show_option_price":false,"disp_summ_show_product_price":false,"disp_summ_show_total_price":false,"disp_summ_show_fee":false,"disp_summ_show_discount":false,"summary_title":"","options_total_label":"Extras","total_label":"Total","options_product_label":"Producto","fee_label":"Extras","discount_label":"Descuento","has_price":true,"has_quantity_formula":false},"mc_unit":1,"tax_rate":1,"tax_rate_real":1,"discount":{"percentage":0,"fixed":0},"design":{"conf":{"LabelPosition":"above","DescPosition":"above","UploadField":"custom_1","QuantityFieldStyle":"default"},"css":{"LeftLabelWidth":"120px"}},"formulas":[],"clones":false,"cartKey":false}},"_links":{"self":[{"href":"https:\/\/doymedia.com\/fr\/wp-json\/wp\/v2\/product\/827","targetHints":{"allow":["GET"]}}],"collection":[{"href":"https:\/\/doymedia.com\/fr\/wp-json\/wp\/v2\/product"}],"about":[{"href":"https:\/\/doymedia.com\/fr\/wp-json\/wp\/v2\/types\/product"}],"replies":[{"embeddable":true,"href":"https:\/\/doymedia.com\/fr\/wp-json\/wp\/v2\/comments?post=827"}],"wp:featuredmedia":[{"embeddable":true,"href":"https:\/\/doymedia.com\/fr\/wp-json\/wp\/v2\/media\/318"}],"wp:attachment":[{"href":"https:\/\/doymedia.com\/fr\/wp-json\/wp\/v2\/media?parent=827"}],"wp:term":[{"taxonomy":"product_brand","embeddable":true,"href":"https:\/\/doymedia.com\/fr\/wp-json\/wp\/v2\/product_brand?post=827"},{"taxonomy":"product_cat","embeddable":true,"href":"https:\/\/doymedia.com\/fr\/wp-json\/wp\/v2\/product_cat?post=827"},{"taxonomy":"product_tag","embeddable":true,"href":"https:\/\/doymedia.com\/fr\/wp-json\/wp\/v2\/product_tag?post=827"}],"curies":[{"name":"wp","href":"https:\/\/api.w.org\/{rel}","templated":true}]}}