{"id":838,"date":"2025-04-10T17:35:14","date_gmt":"2025-04-10T15:35:14","guid":{"rendered":"https:\/\/v2.doymedia.com\/?post_type=product&#038;p=838"},"modified":"2025-05-12T16:19:10","modified_gmt":"2025-05-12T14:19:10","slug":"acheter-des-likes-sur-twitter","status":"publish","type":"product","link":"https:\/\/doymedia.com\/fr\/comprar-likes-twitter\/","title":{"rendered":"Acheter des Likes Twitter"},"content":{"rendered":"<section class=\"l-section wpb_row height_medium\"><div class=\"l-section-h i-cf\"><div class=\"g-cols vc_row via_flex valign_top type_default stacking_default\"><div class=\"vc_col-sm-12 wpb_column vc_column_container\"><div class=\"vc_column-inner\"><div class=\"wpb_wrapper\"><div class=\"wpb_text_column\"><div class=\"wpb_wrapper\"><p class=\"translation-block\">Sur Twitter, les likes sont bien plus qu'une r\u00e9action. Ils repr\u00e9sentent un soutien, une validation et une pertinence. Lorsqu'un tweet accumule de nombreux <em><strong>likes,<\/strong><\/em> il gagne en visibilit\u00e9, en cr\u00e9dibilit\u00e9 et a plus de chances de se propager rapidement. Par cons\u00e9quent, <strong>l'achat de likes Twitter<\/strong> est une strat\u00e9gie efficace pour am\u00e9liorer la performance de vos publications et accro\u00eetre votre pr\u00e9sence sur ce r\u00e9seau social.<\/p>\n<p class=\"translation-block\">Si vous partagez un contenu int\u00e9ressant mais que vous n'obtenez pas l'engagement que vous esp\u00e9rez, <strong>l'achat de likes Twitter<\/strong> peut vous aider \u00e0 d\u00e9clencher l'algorithme, \u00e0 obtenir plus d'attention et \u00e0 g\u00e9n\u00e9rer un effet d'entra\u00eenement qui attire des retweets, des adeptes et de nouveaux commentaires.<\/p>\n<h2>Pourquoi acheter des likes sur Twitter ?<\/h2>\n<p class=\"translation-block\">Parce que l'algorithme et les utilisateurs r\u00e9agissent au mouvement. Un tweet qui re\u00e7oit beaucoup de likes en peu de temps prend de l'ampleur et est montr\u00e9 \u00e0 un plus grand nombre de personnes. En <strong>achetant des likes Twitter<\/strong>, vous augmentez les chances que votre contenu soit vu, partag\u00e9 et appr\u00e9ci\u00e9 par un plus grand nombre d'utilisateurs.<\/p>\n<p class=\"translation-block\">En outre, les <em><strong>likes<\/strong><\/strong><\/em> renforcent votre profil. Que vous soyez d\u00e9butant ou que vous ayez d\u00e9j\u00e0 une audience, le fait de montrer de l'activit\u00e9 dans vos posts vous positionne comme un compte actif, attractif et influent. C'est un moyen simple et efficace de renforcer votre image num\u00e9rique.<\/p>\n<h3>Avantages de l'achat de likes sur Twitter<\/h3>\n<ul>\n<li>\ud83d\udcc8 Augmentation imm\u00e9diate de l'interaction<\/li>\n<li>\ud83d\ude80 Plus de visibilit\u00e9 pour vos tweets importants<\/li>\n<li>\ud83d\udcac Am\u00e9liorer la perception de votre contenu aux yeux des autres utilisateurs.<\/li>\n<li>\ud83c\udfaf Renforcez votre autorit\u00e9 sur la plateforme<\/li>\n<li>\ud83d\udd12 Livraison s\u00e9curis\u00e9e, sans compromettre votre compte<\/li>\n<\/ul>\n<p class=\"translation-block\">Ce service est utile aussi bien pour les utilisateurs individuels que pour les marques, les cr\u00e9ateurs de contenu, les influenceurs ou les entreprises. Si vous lancez un message important, faites la promotion de quelque chose ou souhaitez simplement am\u00e9liorer l'activit\u00e9 de votre compte, <strong>achetez des likes Twitter<\/strong> est un outil direct et efficace.<\/p>\n<p>En outre, lorsque vos publications accumulent r\u00e9guli\u00e8rement des likes, les nouveaux utilisateurs sont plus enclins \u00e0 faire confiance \u00e0 votre contenu. Cela augmente le temps qu'ils passent sur votre profil, la probabilit\u00e9 d'\u00eatre suivis et l'engagement global.<\/p>\n<p class=\"translation-block\"><strong>L'achat de likes sur Twitter<\/strong> n'am\u00e9liore pas seulement vos statistiques : il am\u00e9liore la perception globale que les autres ont de vous ou de votre marque.<\/p>\n<h2>Est-il prudent d'acheter des \"likes\" sur Twitter ?<\/h2>\n<p>Oui, tout \u00e0 fait. Nous ne vous demandons pas de mot de passe ni d'acc\u00e8s \u00e0 votre compte. Nous avons juste besoin du lien vers le tweet que vous voulez booster.<\/p>\n<p class=\"translation-block\">Notre service est optimis\u00e9 pour \u00eatre s\u00fbr, discret et efficace. Des milliers d'utilisateurs ont am\u00e9lior\u00e9 la visibilit\u00e9 de leurs tweets avec nous sans aucun risque. &lt;Acheter des likes sur Twitter<\/strong> est une d\u00e9cision strat\u00e9gique, et ici vous pouvez le faire en toute confiance.<\/p>\n<h3>Qui peut b\u00e9n\u00e9ficier de ce service ?<\/h3>\n<p>Tout compte qui souhaite am\u00e9liorer sa pr\u00e9sence sur Twitter. Qu'il s'agisse d'entrepreneurs, d'artistes, de marques ou d'utilisateurs individuels. Si vous voulez que vos messages aient plus de port\u00e9e et paraissent plus forts, ce service est fait pour vous.<\/p>\n<ul>\n<li>\ud83d\udce2 Les comptes qui veulent renforcer un message cl\u00e9<\/li>\n<li>\ud83d\udcc8 Les marques recherchent l'interaction lors des lancements<\/li>\n<li>\ud83c\udfa4 Cr\u00e9ateurs partageant du contenu viral<\/li>\n<li>\ud83e\udde0 Experts ou coachs qui publient du contenu \u00e9ducatif<\/li>\n<li>\ud83d\udcf2 Les utilisateurs personnels qui veulent se d\u00e9marquer<\/li>\n<\/ul>\n<h2>Comment cela fonctionne-t-il ?<\/h2>\n<p>Il vous suffit de choisir le paquet de likes qui correspond le mieux \u00e0 vos objectifs, de nous fournir le lien vers le tweet et d'effectuer le paiement. Nous nous occupons du reste. Vous verrez que votre publication commencera \u00e0 recevoir des interactions en un rien de temps.<\/p>\n<p class=\"translation-block\">Si vous souhaitez une strat\u00e9gie plus compl\u00e8te, vous pouvez combiner ce service avec l'<a href=\"https:\/\/doymedia.com\/fr\/acheter-des-followers-twitter\/\" target=\"_self\"><strong>achat de followers Twitter<\/strong><\/a> ou avec l'<a href=\"https:\/\/doymedia.com\/fr\/achat-de-votes-sur-twitter\/\" target=\"_self\"><strong>achat de votes Twitter<\/strong><\/a> pour am\u00e9liorer votre profil de mani\u00e8re globale et coh\u00e9rente.<\/p>\n<p class=\"translation-block\">N'oubliez pas que dans les r\u00e9seaux sociaux, la perception visuelle est essentielle. Un message avec des dizaines ou des centaines de likes se d\u00e9marque des autres et devient plus attrayant avant m\u00eame d'\u00eatre lu. Cette premi\u00e8re impression fait toute la diff\u00e9rence. C'est pourquoi <strong>acheter des likes Twitter<\/strong> est \u00e9galement un outil de positionnement \u00e9motionnel et de branding.<\/p>\n<h2>Faites ressortir vos tweets<\/h2>\n<p class=\"translation-block\">Ne laissez pas vos messages se perdre parmi des milliers de tweets. Avec <strong>achetez des likes Twitter<\/strong>, vous pouvez augmenter votre visibilit\u00e9, g\u00e9n\u00e9rer des interactions et am\u00e9liorer votre positionnement sur le r\u00e9seau. Profitez du pouvoir de l'engagement et faites en sorte que vos messages aient une plus grande port\u00e9e.<\/p>\n<\/div><\/div><\/div><\/div><\/div><\/div><\/div><\/section>","protected":false},"excerpt":{"rendered":"Sur Twitter, les likes sont bien plus qu'une r\u00e9action. Ils repr\u00e9sentent le soutien, la validation et la pertinence. Lorsqu'un tweet accumule de nombreux likes, il gagne en visibilit\u00e9, en cr\u00e9dibilit\u00e9 et a plus de chances de se propager rapidement. C'est pourquoi l'achat de likes sur Twitter est une strat\u00e9gie efficace pour am\u00e9liorer la performance de tes publications et accro\u00eetre ta pr\u00e9sence sur ce r\u00e9seau social......","protected":false},"featured_media":318,"comment_status":"open","ping_status":"closed","template":"","meta":{"_acf_changed":false},"product_brand":[],"product_cat":[19],"product_tag":[],"class_list":{"0":"post-838","1":"product","2":"type-product","3":"status-publish","4":"has-post-thumbnail","6":"product_cat-twitter","7":"wcpa_has_options","9":"first","10":"instock","11":"sale","12":"shipping-taxable","13":"purchasable","14":"product-type-variable","15":"has-default-attributes"},"acf":[],"wcpa_form_fields":{"wcpaData":{"product":{"product_price":3.99,"price_html":"","original_product_price":3.99,"price_including_tax":3.99,"price_excluding_tax":3.99,"product_id":{"parent":838,"variation":false},"is_variable":true,"stock_status":"instock","stock_quantity":null,"parent_sku":"","product_attributes":{"cantidad":{"is_variation":true,"values":[]}},"custom_fields":[],"is_taxable":false,"product_name":"Comprar Likes Twitter","hasImage":false},"fields":{"sec_467faa76f019fe":{"extra":{"key":"sec_467faa76f019fe","section_id":"sec_467faa76f019fe","name":"Por defecto","status":1,"toggle":true,"form_id":1069,"form_rules":{"exclude_from_discount":false,"fee_label":"Extras","disp_hide_options_price":false,"disp_show_section_price":false,"disp_show_field_price":false,"layout_option":"standard","pric_use_as_fee":false,"process_fee_as":"woo_fee"},"layout_option":"standard"},"fields":[[{"active":true,"col":5,"relations":false,"cl_rule":"show","enableCl":false,"price":"","enablePrice":false,"className":"","type":"text","subtype":"text","required":true,"elementId":"text_767faa76f01a1a","label":"Enlace de la Publicaci\u00f3n de Twitter","name":"text_767faa76f01a1a","value":"","error":false,"placeholder":"Ejemplo: https:\/\/x.com\/NASA\/status\/1911109060553847169","enableDesign":false,"LabelSize":"16px","gt_translate_keys":["label","placeholder","value"],"price_dependency":false,"cl_dependency":false}]]}},"config":{"price_override":"","enable_recaptcha":false,"bind_quantity":false,"quantity_bind_formula":false,"disp_summ_show_option_price":false,"disp_summ_show_product_price":false,"disp_summ_show_total_price":false,"disp_summ_show_fee":false,"disp_summ_show_discount":false,"summary_title":"","options_total_label":"Extras","total_label":"Total","options_product_label":"Producto","fee_label":"Extras","discount_label":"Descuento","has_price":true,"has_quantity_formula":false},"mc_unit":1,"tax_rate":1,"tax_rate_real":1,"discount":{"percentage":0,"fixed":0},"design":{"conf":{"LabelPosition":"above","DescPosition":"above","UploadField":"custom_1","QuantityFieldStyle":"default"},"css":{"LeftLabelWidth":"120px"}},"formulas":[],"clones":false,"cartKey":false}},"_links":{"self":[{"href":"https:\/\/doymedia.com\/fr\/wp-json\/wp\/v2\/product\/838","targetHints":{"allow":["GET"]}}],"collection":[{"href":"https:\/\/doymedia.com\/fr\/wp-json\/wp\/v2\/product"}],"about":[{"href":"https:\/\/doymedia.com\/fr\/wp-json\/wp\/v2\/types\/product"}],"replies":[{"embeddable":true,"href":"https:\/\/doymedia.com\/fr\/wp-json\/wp\/v2\/comments?post=838"}],"wp:featuredmedia":[{"embeddable":true,"href":"https:\/\/doymedia.com\/fr\/wp-json\/wp\/v2\/media\/318"}],"wp:attachment":[{"href":"https:\/\/doymedia.com\/fr\/wp-json\/wp\/v2\/media?parent=838"}],"wp:term":[{"taxonomy":"product_brand","embeddable":true,"href":"https:\/\/doymedia.com\/fr\/wp-json\/wp\/v2\/product_brand?post=838"},{"taxonomy":"product_cat","embeddable":true,"href":"https:\/\/doymedia.com\/fr\/wp-json\/wp\/v2\/product_cat?post=838"},{"taxonomy":"product_tag","embeddable":true,"href":"https:\/\/doymedia.com\/fr\/wp-json\/wp\/v2\/product_tag?post=838"}],"curies":[{"name":"wp","href":"https:\/\/api.w.org\/{rel}","templated":true}]}}