{"id":87,"date":"2025-03-27T01:32:40","date_gmt":"2025-03-27T00:32:40","guid":{"rendered":"https:\/\/v2.doymedia.com\/?post_type=product&#038;p=87"},"modified":"2025-07-16T21:42:55","modified_gmt":"2025-07-16T19:42:55","slug":"acheter-des-fans-facebook","status":"publish","type":"product","link":"https:\/\/doymedia.com\/fr\/comprar-fans-facebook\/","title":{"rendered":"Acheter des fans Facebook"},"content":{"rendered":"<section class=\"l-section wpb_row height_medium\"><div class=\"l-section-h i-cf\"><div class=\"g-cols vc_row via_flex valign_top type_default stacking_default\"><div class=\"vc_col-sm-12 wpb_column vc_column_container\"><div class=\"vc_column-inner\"><div class=\"wpb_wrapper\"><div class=\"wpb_text_column\"><div class=\"wpb_wrapper\"><p class=\"translation-block\">Si vous cherchez un moyen r\u00e9el et efficace de d\u00e9velopper votre pr\u00e9sence num\u00e9rique, <strong>acheter des fans Facebook<\/strong> et <strong>acheter des followers Facebook<\/strong> peuvent faire toute la diff\u00e9rence d\u00e8s le d\u00e9part. Que vous g\u00e9riez une page personnelle, une marque, une entreprise ou un projet artistique, les followers sont un \u00e9l\u00e9ment fondamental de votre <a href=\"https:\/\/www.comprar-seguidores.info\/backlinks\/\" target=\"_blank\" rel=\"noopener\">positionnement sur les m\u00e9dias sociaux<\/a>.<\/p>\n<p class=\"translation-block\">Facebook reste l'une des plateformes les plus influentes au monde. Avoir une page active avec une forte communaut\u00e9 est essentiel pour \u00e9tablir la confiance, am\u00e9liorer la visibilit\u00e9 et attirer de nouvelles opportunit\u00e9s. Et si vous d\u00e9butez ou souhaitez acc\u00e9l\u00e9rer votre croissance, vous pouvez <strong>acheter des followers Facebook<\/strong> ou <strong>acheter des fans Facebook<\/strong> en toute s\u00e9curit\u00e9, transparence et sans risque pour votre compte.<\/p>\n<h2>Pourquoi l'achat de followers Facebook est-il une strat\u00e9gie intelligente ?<\/h2>\n<p class=\"translation-block\">De nos jours, le nombre de followers sur les m\u00e9dias sociaux influence directement la fa\u00e7on dont vous \u00eates per\u00e7u par les autres. Une page avec peu de fans peut sembler inactive ou sans int\u00e9r\u00eat, tandis qu'une page avec une grande communaut\u00e9 est synonyme d'autorit\u00e9, de popularit\u00e9 et de professionnalisme. En <strong>achetant des fans Facebook,<\/strong> vous faites une forte impression d\u00e8s le premier coup d'\u0153il.<\/p>\n<p class=\"translation-block\">De plus, lorsque vous d\u00e9cidez d'acheter des followers Facebook, vous augmentez vos chances que d'autres utilisateurs vous suivent organiquement. Les gens ont tendance \u00e0 suivre les pages qui ont d\u00e9j\u00e0 un certain niveau de popularit\u00e9, ce qui cr\u00e9e un effet d'entra\u00eenement positif pour votre croissance. C'est une fa\u00e7on intelligente de se d\u00e9marquer dans un environnement de plus en plus concurrentiel.<\/p>\n<h3>Que peut-on attendre de l'achat de fans Facebook ?<\/h3>\n<ul>\n<li>\ud83d\ude80 <strong>Croissance imm\u00e9diate :<\/strong>\u00a0Les commandes sont activ\u00e9es peu apr\u00e8s l'achat et livr\u00e9es progressivement pour maintenir le naturel et la s\u00e9curit\u00e9.<\/li>\n<li>\ud83d\udd10 <strong>Processus 100% s\u00e9curis\u00e9 :<\/strong>\u00a0Nous ne vous demandons jamais votre mot de passe ou des donn\u00e9es sensibles. Nous avons seulement besoin du lien vers votre site web pour traiter la commande.<\/li>\n<li>\ud83d\udcc8 <strong>Am\u00e9lioration de l'image et de la r\u00e9putation :<\/strong>\u00a0Une base solide de followers augmente la cr\u00e9dibilit\u00e9 de votre marque ou de votre profil personnel.<\/li>\n<li>\ud83d\udcac <strong>Support d\u00e9di\u00e9 :<\/strong>\u00a0si vous avez des questions ou si vous avez besoin d'aide, notre \u00e9quipe est disponible pour vous aider \u00e0 tout moment.<\/li>\n<li>\ud83d\udca1 <strong>Flexibilit\u00e9 totale :<\/strong>\u00a0choisissez le nombre de fans ou de suiveurs qui correspond le mieux \u00e0 votre objectif et \u00e0 votre budget.<\/li>\n<\/ul>\n<h3>Qu'est-ce qui distingue notre service ?<\/h3>\n<p class=\"translation-block\">Dans un march\u00e9 plein de promesses vides, nous nous concentrons sur la transparence, la conformit\u00e9 et l'exp\u00e9rience client. En <strong>achetant des followers Facebook<\/strong> ou <strong>achetant des fans Facebook<\/strong> avec nous, vous obtenez ce qui vous est promis, sans risques cach\u00e9s ni pratiques douteuses.<\/p>\n<p>Toutes les commandes sont contr\u00f4l\u00e9es par notre \u00e9quipe et livr\u00e9es \u00e0 l'aide de m\u00e9thodes s\u00e9curis\u00e9es et test\u00e9es. Nous n'utilisons pas de robots ou de syst\u00e8mes susceptibles d'affecter n\u00e9gativement votre compte. En outre, nous proposons diff\u00e9rents types de forfaits qui conviennent \u00e0 la fois aux nouveaux comptes et aux comptes \u00e9tablis.<\/p>\n<h3>Qui peut b\u00e9n\u00e9ficier de l'achat de fans Facebook ?<\/h3>\n<p>Ce service est destin\u00e9 \u00e0 <strong>tous les types de profils :<\/strong><\/p>\n<ul>\n<li>\ud83d\udce3 Les entreprises locales veulent plus de visibilit\u00e9<\/li>\n<li>\ud83c\udfa4 Artistes et musiciens cherchant \u00e0 promouvoir leur travail<\/li>\n<li>\ud83d\udcf8 Les cr\u00e9ateurs de contenu qui veulent acc\u00e9l\u00e9rer leur croissance<\/li>\n<li>\ud83d\udcbc Professionnels ou marques personnelles souhaitant gagner en autorit\u00e9<\/li>\n<li>\ud83d\udecd\ufe0f Les boutiques en ligne qui souhaitent renforcer leur pr\u00e9sence sociale<\/li>\n<\/ul>\n<h3>D\u00e9veloppez votre site web d\u00e8s aujourd'hui<\/h3>\n<p class=\"translation-block\">Des milliers d'utilisateurs nous ont d\u00e9j\u00e0 fait confiance pour <strong>acheter des fans Facebook<\/strong> et <strong>acheter des followers Facebook<\/strong>.<\/strong> Si vous voulez des r\u00e9sultats visibles, sans complications, vous \u00eates au bon endroit. Choisissez votre formule, commandez en quelques \u00e9tapes simples et commencez d\u00e8s aujourd'hui \u00e0 voir grandir votre communaut\u00e9 <a href=\"https:\/\/doymedia.com\/fr\/facebook\/\" target=\"_self\">Facebook<\/a>.<\/p>\n<p>Peu importe que vous d\u00e9butiez ou que vous ayez d\u00e9j\u00e0 une base solide. L'achat de followers Facebook vous permet d'aller plus vite, plus loin et de vous positionner l\u00e0 o\u00f9 vous voulez vraiment \u00eatre.<\/p>\n<p>Faites confiance \u00e0 une plateforme s\u00e9curis\u00e9e, dot\u00e9e d'une exp\u00e9rience et d'une assistance r\u00e9elles. Choisissez votre formule d\u00e8s maintenant et boostez votre croissance sur Facebook de mani\u00e8re simple, s\u00fbre et efficace.<\/p>\n<\/div><\/div><\/div><\/div><\/div><\/div><\/div><\/section>","protected":false},"excerpt":{"rendered":"Si tu cherches un moyen r\u00e9el et efficace de d\u00e9velopper ta pr\u00e9sence num\u00e9rique, l'achat de fans Facebook et l'achat de followers Facebook peuvent faire toute la diff\u00e9rence d\u00e8s le d\u00e9part. Que tu g\u00e8res une page personnelle, une marque, une entreprise ou un projet artistique, les followers sont un \u00e9l\u00e9ment fondamental de ton positionnement sur les m\u00e9dias sociaux.....","protected":false},"featured_media":316,"comment_status":"open","ping_status":"closed","template":"","meta":{"_acf_changed":false},"product_brand":[],"product_cat":[20],"product_tag":[],"class_list":{"0":"post-87","1":"product","2":"type-product","3":"status-publish","4":"has-post-thumbnail","6":"product_cat-facebook","7":"wcpa_has_options","9":"first","10":"instock","11":"sale","12":"shipping-taxable","13":"purchasable","14":"product-type-variable","15":"has-default-attributes"},"acf":[],"wcpa_form_fields":{"wcpaData":{"product":{"product_price":3.99,"price_html":"","original_product_price":3.99,"price_including_tax":3.99,"price_excluding_tax":3.99,"product_id":{"parent":87,"variation":false},"is_variable":true,"stock_status":"instock","stock_quantity":null,"parent_sku":"259","product_attributes":{"cantidad":{"is_variation":true,"values":[]}},"custom_fields":[],"is_taxable":false,"product_name":"Comprar Fans Facebook","hasImage":false},"fields":{"sec_567faa539f234b":{"extra":{"key":"sec_567faa539f234b","section_id":"sec_567faa539f234b","name":"Por defecto","status":1,"toggle":true,"form_id":1064,"form_rules":{"exclude_from_discount":false,"fee_label":"Extras","disp_hide_options_price":false,"disp_show_section_price":false,"disp_show_field_price":false,"layout_option":"standard","pric_use_as_fee":false,"process_fee_as":"woo_fee"},"layout_option":"standard"},"fields":[[{"active":true,"col":5,"relations":false,"cl_rule":"show","enableCl":false,"price":"","enablePrice":false,"className":"","type":"text","subtype":"text","required":true,"elementId":"text_967faa539f2365","label":"Enlace a la Fanpage","name":"text_967faa539f2365","value":"","error":false,"placeholder":"Ejemplo: https:\/\/www.facebook.com\/mrbeast","enableDesign":false,"LabelSize":"16px","gt_translate_keys":["label","placeholder","value"],"price_dependency":false,"cl_dependency":false}]]}},"config":{"price_override":"","enable_recaptcha":false,"bind_quantity":false,"quantity_bind_formula":false,"disp_summ_show_option_price":false,"disp_summ_show_product_price":false,"disp_summ_show_total_price":false,"disp_summ_show_fee":false,"disp_summ_show_discount":false,"summary_title":"","options_total_label":"Extras","total_label":"Total","options_product_label":"Produs","fee_label":"Extras","discount_label":"Descuento","has_price":true,"has_quantity_formula":false},"mc_unit":1,"tax_rate":1,"tax_rate_real":1,"discount":{"percentage":0,"fixed":0},"design":{"conf":{"LabelPosition":"above","DescPosition":"above","UploadField":"custom_1","QuantityFieldStyle":"default"},"css":{"LeftLabelWidth":"120px"}},"formulas":[],"clones":false,"cartKey":false}},"_links":{"self":[{"href":"https:\/\/doymedia.com\/fr\/wp-json\/wp\/v2\/product\/87","targetHints":{"allow":["GET"]}}],"collection":[{"href":"https:\/\/doymedia.com\/fr\/wp-json\/wp\/v2\/product"}],"about":[{"href":"https:\/\/doymedia.com\/fr\/wp-json\/wp\/v2\/types\/product"}],"replies":[{"embeddable":true,"href":"https:\/\/doymedia.com\/fr\/wp-json\/wp\/v2\/comments?post=87"}],"wp:featuredmedia":[{"embeddable":true,"href":"https:\/\/doymedia.com\/fr\/wp-json\/wp\/v2\/media\/316"}],"wp:attachment":[{"href":"https:\/\/doymedia.com\/fr\/wp-json\/wp\/v2\/media?parent=87"}],"wp:term":[{"taxonomy":"product_brand","embeddable":true,"href":"https:\/\/doymedia.com\/fr\/wp-json\/wp\/v2\/product_brand?post=87"},{"taxonomy":"product_cat","embeddable":true,"href":"https:\/\/doymedia.com\/fr\/wp-json\/wp\/v2\/product_cat?post=87"},{"taxonomy":"product_tag","embeddable":true,"href":"https:\/\/doymedia.com\/fr\/wp-json\/wp\/v2\/product_tag?post=87"}],"curies":[{"name":"wp","href":"https:\/\/api.w.org\/{rel}","templated":true}]}}