{"id":88,"date":"2025-03-27T01:32:40","date_gmt":"2025-03-27T00:32:40","guid":{"rendered":"https:\/\/v2.doymedia.com\/?post_type=product&#038;p=88"},"modified":"2025-07-16T21:42:45","modified_gmt":"2025-07-16T19:42:45","slug":"acheter-des-likes-facebook","status":"publish","type":"product","link":"https:\/\/doymedia.com\/fr\/comprar-likes-facebook\/","title":{"rendered":"Acheter des \"J'aime\" sur Facebook"},"content":{"rendered":"<section class=\"l-section wpb_row height_medium\"><div class=\"l-section-h i-cf\"><div class=\"g-cols vc_row via_flex valign_top type_default stacking_default\"><div class=\"vc_col-sm-12 wpb_column vc_column_container\"><div class=\"vc_column-inner\"><div class=\"wpb_wrapper\"><div class=\"wpb_text_column\"><div class=\"wpb_wrapper\"><p class=\"translation-block\">Dans un environnement o\u00f9 chaque message est en concurrence pour attirer l'attention, se d\u00e9marquer sur <a href=\"https:\/\/doymedia.com\/fr\/facebook\/\" target=\"_blank\" rel=\"noopener\">Facebook<\/a> n'est pas seulement une question de chance. Si vous avez cr\u00e9\u00e9 un contenu de valeur, mais que vous n'obtenez pas la reconnaissance qu'il m\u00e9rite, il est temps de passer \u00e0 l'action. &lt;L&#039;achat de likes Facebook<\/strong> est une solution efficace, s\u00fbre et rapide pour augmenter la visibilit\u00e9 de vos publications et renforcer l'image de votre page.<\/p>\n<p class=\"translation-block\">Les mentions \"J'aime\" sont un indicateur cl\u00e9 dans les m\u00e9dias sociaux. Ils sont synonymes de pertinence et de popularit\u00e9 et g\u00e9n\u00e8rent une perception positive qui influence la fa\u00e7on dont les autres per\u00e7oivent votre contenu. Lorsqu'une publication a un bon nombre de likes, elle devient plus attrayante, est davantage partag\u00e9e et, dans de nombreux cas, gagne en port\u00e9e organique gr\u00e2ce \u00e0 l'algorithme de la plateforme. C'est pourquoi <strong>acheter des likes Facebook<\/strong> est devenu une strat\u00e9gie efficace pour se d\u00e9marquer sans complications.<\/p>\n<h2>Pourquoi choisir d'acheter des likes sur Facebook ?<\/h2>\n<p class=\"translation-block\">Opter pour <strong>l'achat de likes Facebook<\/strong> vous permet d'acc\u00e9l\u00e9rer votre croissance sans avoir \u00e0 vous appuyer exclusivement sur des campagnes payantes ou \u00e0 attendre des semaines avant de voir des r\u00e9sultats. C'est un moyen de soutenir votre contenu et de projeter une image forte d\u00e8s le d\u00e9part.<\/p>\n<p class=\"translation-block\">Facebook accorde une grande importance \u00e0 l'interaction. Une publication qui re\u00e7oit beaucoup de likes est consid\u00e9r\u00e9e comme plus pertinente, ce qui augmente ses chances d'appara\u00eetre sur plus de murs, d'atteindre de nouveaux utilisateurs et de rester active plus longtemps. Si vous souhaitez que vos posts aient plus d'impact, <strong>l'achat de likes Facebook<\/strong> est un outil strat\u00e9gique efficace.<\/p>\n<h3>Avantages de l'achat de likes sur Facebook<\/h3>\n<ul>\n<li>\ud83d\udcc8 Augmenter la visibilit\u00e9 de vos publications<\/li>\n<li>\ud83d\udc4d Am\u00e9liorer la perception de votre contenu et de votre marque par le public<\/li>\n<li>\ud83d\udd01 Probabilit\u00e9 accrue de partage et de viralit\u00e9<\/li>\n<li>\ud83d\udcbc Renforcer votre autorit\u00e9 si vous vendez des produits ou des services<\/li>\n<li>\ud83d\udd12 Livraison s\u00e9curis\u00e9e, sans risque pour votre compte<\/li>\n<\/ul>\n<p class=\"translation-block\">De plus, en <strong>achetant des likes Facebook<\/strong> aupr\u00e8s d'une plateforme professionnelle, vous pouvez choisir le montant exact que vous souhaitez, l'ajuster \u00e0 votre budget et contr\u00f4ler le taux de croissance de vos posts sans d\u00e9pendre de facteurs externes.<\/p>\n<h3>Est-il prudent d'acheter des likes sur Facebook ?<\/h3>\n<p>Absolument. Sur notre plateforme, nous ne vous demandons jamais votre mot de passe ou l'acc\u00e8s \u00e0 votre compte. Il vous suffit de partager le lien de l'article pour lequel vous souhaitez recevoir des likes. Toutes nos m\u00e9thodes sont optimis\u00e9es pour r\u00e9pondre aux normes de s\u00e9curit\u00e9 et d\u00e9livrer des likes progressivement pour que le processus reste naturel.<\/p>\n<p class=\"translation-block\">Nous mettons l'accent sur l'exp\u00e9rience client, la protection de votre compte et la garantie de r\u00e9sultats. &lt;L&#039;achat de likes Facebook<\/strong> se fait de mani\u00e8re discr\u00e8te et fiable, sans affecter la r\u00e9putation de votre profil ni mettre en p\u00e9ril votre contenu.<\/p>\n<h3>Qui peut b\u00e9n\u00e9ficier de ce service ?<\/h3>\n<p class=\"translation-block\">Ce service est destin\u00e9 \u00e0 toute personne ou projet qui souhaite am\u00e9liorer sa pr\u00e9sence sur Facebook. Il n'est pas n\u00e9cessaire d'avoir des milliers de followers ou d'\u00eatre une personnalit\u00e9 publique. Si vous avez un message \u00e0 partager, un produit \u00e0 vendre ou une marque \u00e0 d\u00e9velopper, <strong>achetez des likes Facebook<\/strong> peut vous aider \u00e0 atteindre vos objectifs plus rapidement.<\/p>\n<ul>\n<li>\u2714\ufe0f Entrepreneurs et marques qui veulent plus de visibilit\u00e9<\/li>\n<li>\u2714\ufe0f Artistes, musiciens et cr\u00e9ateurs \u00e0 la recherche d'un impact<\/li>\n<li>\u2714\ufe0f Entreprises locales qui souhaitent attirer plus de clients<\/li>\n<li>\u2714\ufe0f Les influenceurs qui ont besoin de renforcer leur pr\u00e9sence<\/li>\n<li>\u2714\ufe0f Toute personne souhaitant se d\u00e9marquer au sein de sa communaut\u00e9<\/li>\n<\/ul>\n<h3>Comment cela fonctionne-t-il ?<\/h3>\n<p>Le processus est simple. Il vous suffit de choisir le nombre de likes que vous souhaitez pour votre publication et de nous fournir le lien. Une fois le paiement effectu\u00e9, nous activons votre commande et commen\u00e7ons la livraison progressivement. Vous pourrez voir les r\u00e9sultats en peu de temps et sans aucune autre \u00e9tape.<\/p>\n<p>Nous veillons \u00e0 ce que chaque commande soit trait\u00e9e avec le souci du d\u00e9tail, afin que vous ayez une exp\u00e9rience satisfaisante d\u00e8s le premier instant. De plus, si vous avez des questions, notre \u00e9quipe d'assistance est disponible pour vous aider avant, pendant et apr\u00e8s votre achat.<\/p>\n<h2>D\u00e9veloppez votre pr\u00e9sence d\u00e8s aujourd'hui<\/h2>\n<p class=\"translation-block\">Des milliers de personnes utilisent d\u00e9j\u00e0 ce service pour booster leurs publications. Si vous souhaitez \u00e9galement que votre contenu ait la port\u00e9e qu'il m\u00e9rite, <strong>acheter des likes Facebook<\/strong> est le moyen le plus efficace d'y parvenir.<\/p>\n<p class=\"translation-block\">Ne laissez pas vos publications passer inaper\u00e7ues. Faites en sorte qu'elles aient plus d'impact, plus de port\u00e9e et qu'elles g\u00e9n\u00e8rent plus d'engagement. Commencez d\u00e8s aujourd'hui avec <strong>achetez des likes Facebook<\/strong> et faites passer votre profil au niveau sup\u00e9rieur.<\/p>\n<p class=\"translation-block\">Et si vous cherchez \u00e0 construire une communaut\u00e9 forte sur votre page, vous pouvez \u00e9galement <strong><a href=\"https:\/\/doymedia.com\/fr\/boutique\/acheter-des-fans-facebook\/\" target=\"_self\">acheter des fans Facebook<\/a><\/strong> pour augmenter le nombre de followers visibles et renforcer votre pr\u00e9sence sur la plateforme. Les Likes et les fans sont le compl\u00e9ment parfait pour se d\u00e9velopper fortement sur Facebook.<\/p>\n<\/div><\/div><\/div><\/div><\/div><\/div><\/div><\/section>","protected":false},"excerpt":{"rendered":"Dans un environnement o\u00f9 chaque message est en concurrence pour attirer l'attention, se d\u00e9marquer sur Facebook n'est pas seulement une question de chance. Si tu as cr\u00e9\u00e9 un contenu de valeur, mais que tu n'obtiens pas la reconnaissance que tu m\u00e9rites, il est temps de passer \u00e0 l'action. L'achat de likes sur Facebook est une solution efficace, s\u00fbre et rapide pour augmenter la visibilit\u00e9 de tes posts et renforcer ton...","protected":false},"featured_media":316,"comment_status":"open","ping_status":"closed","template":"","meta":{"_acf_changed":false},"product_brand":[],"product_cat":[20],"product_tag":[],"class_list":{"0":"post-88","1":"product","2":"type-product","3":"status-publish","4":"has-post-thumbnail","6":"product_cat-facebook","7":"wcpa_has_options","9":"first","10":"instock","11":"sale","12":"shipping-taxable","13":"purchasable","14":"product-type-variable","15":"has-default-attributes"},"acf":[],"wcpa_form_fields":{"wcpaData":{"product":{"product_price":2.99,"price_html":"","original_product_price":2.99,"price_including_tax":2.99,"price_excluding_tax":2.99,"product_id":{"parent":88,"variation":false},"is_variable":true,"stock_status":"instock","stock_quantity":null,"parent_sku":"","product_attributes":{"cantidad":{"is_variation":true,"values":[]}},"custom_fields":[],"is_taxable":false,"product_name":"Comprar Likes Facebook","hasImage":false},"fields":{"sec_467faa5a29e6c6":{"extra":{"key":"sec_467faa5a29e6c6","section_id":"sec_467faa5a29e6c6","name":"Por defecto","status":1,"toggle":true,"form_id":1065,"form_rules":{"exclude_from_discount":false,"fee_label":"Extras","disp_hide_options_price":false,"disp_show_section_price":false,"disp_show_field_price":false,"layout_option":"standard","pric_use_as_fee":false,"process_fee_as":"woo_fee"},"layout_option":"standard"},"fields":[[{"active":true,"col":5,"relations":false,"cl_rule":"show","enableCl":false,"price":"","enablePrice":false,"className":"","type":"text","subtype":"text","required":true,"elementId":"text_067faa5a29e6e5","label":"Enlace a la Publicaci\u00f3n de Facebook","name":"text_067faa5a29e6e5","value":"","error":false,"placeholder":"Ejemplo: https:\/\/www.facebook.com\/mrbeast\/posts\/pfbid02K3tHdPxVroUK9U3Go5TmGD4ePUADcpQMG2xbi4KWLibRcR1rVvjvMFPy78H5emGxl","enableDesign":false,"LabelSize":"16px","gt_translate_keys":["label","placeholder","value"],"price_dependency":false,"cl_dependency":false}]]}},"config":{"price_override":"","enable_recaptcha":false,"bind_quantity":false,"quantity_bind_formula":false,"disp_summ_show_option_price":false,"disp_summ_show_product_price":false,"disp_summ_show_total_price":false,"disp_summ_show_fee":false,"disp_summ_show_discount":false,"summary_title":"","options_total_label":"Extras","total_label":"Total","options_product_label":"Producto","fee_label":"Extras","discount_label":"Descuento","has_price":true,"has_quantity_formula":false},"mc_unit":1,"tax_rate":1,"tax_rate_real":1,"discount":{"percentage":0,"fixed":0},"design":{"conf":{"LabelPosition":"above","DescPosition":"above","UploadField":"custom_1","QuantityFieldStyle":"default"},"css":{"LeftLabelWidth":"120px"}},"formulas":[],"clones":false,"cartKey":false}},"_links":{"self":[{"href":"https:\/\/doymedia.com\/fr\/wp-json\/wp\/v2\/product\/88","targetHints":{"allow":["GET"]}}],"collection":[{"href":"https:\/\/doymedia.com\/fr\/wp-json\/wp\/v2\/product"}],"about":[{"href":"https:\/\/doymedia.com\/fr\/wp-json\/wp\/v2\/types\/product"}],"replies":[{"embeddable":true,"href":"https:\/\/doymedia.com\/fr\/wp-json\/wp\/v2\/comments?post=88"}],"wp:featuredmedia":[{"embeddable":true,"href":"https:\/\/doymedia.com\/fr\/wp-json\/wp\/v2\/media\/316"}],"wp:attachment":[{"href":"https:\/\/doymedia.com\/fr\/wp-json\/wp\/v2\/media?parent=88"}],"wp:term":[{"taxonomy":"product_brand","embeddable":true,"href":"https:\/\/doymedia.com\/fr\/wp-json\/wp\/v2\/product_brand?post=88"},{"taxonomy":"product_cat","embeddable":true,"href":"https:\/\/doymedia.com\/fr\/wp-json\/wp\/v2\/product_cat?post=88"},{"taxonomy":"product_tag","embeddable":true,"href":"https:\/\/doymedia.com\/fr\/wp-json\/wp\/v2\/product_tag?post=88"}],"curies":[{"name":"wp","href":"https:\/\/api.w.org\/{rel}","templated":true}]}}