{"id":89,"date":"2025-03-27T01:32:40","date_gmt":"2025-03-27T00:32:40","guid":{"rendered":"https:\/\/v2.doymedia.com\/?post_type=product&#038;p=89"},"modified":"2025-07-16T21:42:35","modified_gmt":"2025-07-16T19:42:35","slug":"acheter-des-vues-sur-facebook","status":"publish","type":"product","link":"https:\/\/doymedia.com\/fr\/comprar-views-facebook\/","title":{"rendered":"Acheter des vues sur Facebook"},"content":{"rendered":"<section class=\"l-section wpb_row height_medium\"><div class=\"l-section-h i-cf\"><div class=\"g-cols vc_row via_flex valign_top type_default stacking_default\"><div class=\"vc_col-sm-12 wpb_column vc_column_container\"><div class=\"vc_column-inner\"><div class=\"wpb_wrapper\"><div class=\"wpb_text_column\"><div class=\"wpb_wrapper\"><p class=\"translation-block\">Vous publiez du contenu sur Facebook mais n'obtenez pas la port\u00e9e que vous esp\u00e9riez ? Dans un environnement o\u00f9 chaque seconde compte, <strong>l'achat de vues Facebook<\/strong> peut faire la diff\u00e9rence entre passer inaper\u00e7u ou se d\u00e9marquer. En augmentant le nombre de vues de vos vid\u00e9os, vous am\u00e9liorez non seulement votre image, mais vous augmentez \u00e9galement votre port\u00e9e organique et vous vous positionnez face \u00e0 de nouveaux utilisateurs.<\/p>\n<p class=\"translation-block\">Que vous soyez un cr\u00e9ateur de contenu, une marque personnelle, une entreprise ou simplement quelqu'un qui souhaite donner plus de visibilit\u00e9 \u00e0 ses vid\u00e9os, vous pouvez <strong>acheter des vues Facebook<\/strong> rapidement, en toute s\u00e9curit\u00e9 et efficacement. Ce service est l'outil id\u00e9al pour booster votre pr\u00e9sence num\u00e9rique sur l'une des plateformes les plus actives au monde.<\/p>\n<h2>Pourquoi acheter des vues sur Facebook ?<\/h2>\n<p class=\"translation-block\">Facebook privil\u00e9gie les contenus qui suscitent l'engagement et retiennent l'attention. En <strong>achetant des vues Facebook,<\/strong> vous augmentez la pertinence de vos vid\u00e9os aux yeux de l'algorithme, ce qui augmente vos chances d'appara\u00eetre sur plus de murs, de gagner en visibilit\u00e9 et d'attirer plus de personnes int\u00e9ress\u00e9es par votre contenu.<\/p>\n<p>En outre, les vues constituent une forme de preuve sociale. Lorsqu'une personne voit une vid\u00e9o avec un grand nombre de vues, elle est plus susceptible de la regarder et de la partager \u00e0 son tour. Cela cr\u00e9e un effet d'entra\u00eenement qui renforce votre profil sans qu'il soit n\u00e9cessaire de payer des campagnes publicitaires co\u00fbteuses.<\/p>\n<h3>Avantages de l'achat de vues sur Facebook<\/h3>\n<ul>\n<li>\ud83d\udcc8 Augmentation rapide et r\u00e9elle du nombre de vues de vos vid\u00e9os<\/li>\n<li>\ud83d\ude80 Am\u00e9lioration du classement dans l'algorithme de Facebook<\/li>\n<li>\ud83d\udcac Probabilit\u00e9 accrue d'attirer de nouveaux adeptes<\/li>\n<li>\ud83d\udcf9 Renforcer l'autorit\u00e9 de votre contenu<\/li>\n<li>\ud83d\udd12 Livraison progressive et s\u00e9curis\u00e9e, sans compromettre votre compte<\/li>\n<\/ul>\n<p class=\"translation-block\">L'achat de vues sur Facebook vous permet de concentrer vos efforts sur la cr\u00e9ation d'un contenu de qualit\u00e9, tandis que nous vous aidons \u00e0 obtenir les vues dont vous avez besoin pour aller plus loin.<\/p>\n<h2>Est-il prudent d'acheter des vues sur Facebook ?<\/h2>\n<p class=\"translation-block\">Oui, toutes les commandes sont trait\u00e9es de mani\u00e8re s\u00e9curis\u00e9e et confidentielle. Nous ne demandons pas de mot de passe ni d'acc\u00e8s \u00e0 votre compte. Tout ce que vous avez \u00e0 faire, c'est de partager le lien vers la vid\u00e9o que vous voulez booster, et le syst\u00e8me fera le reste. &lt;Acheter des vues sur Facebook<\/strong> est discret, rapide et enti\u00e8rement conforme \u00e0 la politique d'utilisation de votre profil.<\/p>\n<p>Nous effectuons les visites progressivement afin de maintenir une croissance naturelle, sans \u00e9veiller les soup\u00e7ons ni mettre en p\u00e9ril votre compte. Notre objectif est de vous permettre d'obtenir des r\u00e9sultats en toute tranquillit\u00e9.<\/p>\n<h3>Qui peut en b\u00e9n\u00e9ficier ?<\/h3>\n<p class=\"translation-block\">Tous les utilisateurs qui publient des vid\u00e9os sur Facebook peuvent profiter de ce service. Peu importe que vous soyez un influenceur, une entreprise, un artiste ou un utilisateur qui souhaite mettre en avant un post sp\u00e9cifique. <strong>Achetez des vues Facebook<\/strong> vous aidera \u00e0 obtenir plus de visibilit\u00e9 en moins de temps.<\/p>\n<ul>\n<li>\ud83c\udfa4 Les cr\u00e9ateurs de contenu qui veulent que leurs vid\u00e9os deviennent virales<\/li>\n<li>\ud83d\udcbc Marques ou entreprises faisant la promotion de produits ou de services<\/li>\n<li>\ud83c\udfa5 Artistes, musiciens et entrepreneurs menant des campagnes actives<\/li>\n<li>\ud83d\udce2 Les comptes personnels qui souhaitent augmenter la port\u00e9e de leurs posts.<\/li>\n<\/ul>\n<h2>Boostez votre contenu d\u00e8s aujourd'hui<\/h2>\n<p class=\"translation-block\">Ne laissez pas votre vid\u00e9o passer inaper\u00e7ue. Si vous avez travaill\u00e9 sur un bon message, une campagne cr\u00e9ative ou si vous voulez simplement vous d\u00e9marquer, <strong>acheter des vues Facebook<\/strong> est la premi\u00e8re \u00e9tape pour faire en sorte que plus de gens la voient.<\/p>\n<p>Des milliers d'utilisateurs ont d\u00e9j\u00e0 test\u00e9 l'efficacit\u00e9 de ce service et ont vu leur nombre de vues augmenter en quelques heures. Vous pouvez faire de m\u00eame. Choisissez votre formule, entrez le lien de votre vid\u00e9o et laissez-nous nous occuper du reste.<\/p>\n<p class=\"translation-block\">Et si vous souhaitez \u00e9galement renforcer votre contenu par une plus grande interaction, vous pouvez <strong><a href=\"https:\/\/doymedia.com\/fr\/boutique\/acheter-des-likes-facebook\/\" target=\"_self\">acheter des likes Facebook<\/a><\/strong> pour augmenter l'engagement sur vos posts ou <strong><a href=\"https:\/\/doymedia.com\/fr\/boutique\/acheter-des-fans-facebook\/\" target=\"_self\">acheter des fans Facebook<\/a><\/strong> pour d\u00e9velopper votre communaut\u00e9 et am\u00e9liorer l'autorit\u00e9 de votre page.<\/p>\n<p class=\"translation-block\">Peu importe que vous d\u00e9butiez ou que vous ayez d\u00e9j\u00e0 une communaut\u00e9 active. &lt;Acheter des Facebook Plays<\/strong> vous donnera le coup de pouce dont vous avez besoin pour vous d\u00e9marquer sur une plateforme pleine de concurrence. Simplifiez les choses et obtenez des r\u00e9sultats.<\/p>\n<\/div><\/div><\/div><\/div><\/div><\/div><\/div><\/section>","protected":false},"excerpt":{"rendered":"Tu publies du contenu sur Facebook mais tu n'obtiens pas la port\u00e9e que tu esp\u00e9rais ? Dans un environnement o\u00f9 chaque seconde compte, l'achat de vues sur Facebook peut faire la diff\u00e9rence entre passer inaper\u00e7u ou se d\u00e9marquer r\u00e9ellement. Augmenter le nombre de vues de tes vid\u00e9os permet non seulement d'am\u00e9liorer ton image, mais aussi de booster ta port\u00e9e organique et de te positionner face \u00e0 de nouveaux publics.....","protected":false},"featured_media":316,"comment_status":"open","ping_status":"closed","template":"","meta":{"_acf_changed":false},"product_brand":[],"product_cat":[20],"product_tag":[],"class_list":{"0":"post-89","1":"product","2":"type-product","3":"status-publish","4":"has-post-thumbnail","6":"product_cat-facebook","7":"wcpa_has_options","9":"first","10":"instock","11":"sale","12":"shipping-taxable","13":"purchasable","14":"product-type-variable","15":"has-default-attributes"},"acf":[],"wcpa_form_fields":{"wcpaData":{"product":{"product_price":2.99,"price_html":"","original_product_price":2.99,"price_including_tax":2.99,"price_excluding_tax":2.99,"product_id":{"parent":89,"variation":false},"is_variable":true,"stock_status":"instock","stock_quantity":null,"parent_sku":"","product_attributes":{"cantidad":{"is_variation":true,"values":[]}},"custom_fields":[],"is_taxable":false,"product_name":"Comprar Views Facebook","hasImage":false},"fields":{"sec_067faa5f71f0b4":{"extra":{"key":"sec_067faa5f71f0b4","section_id":"sec_067faa5f71f0b4","name":"Por defecto","status":1,"toggle":true,"form_id":1066,"form_rules":{"exclude_from_discount":false,"fee_label":"Extras","disp_hide_options_price":false,"disp_show_section_price":false,"disp_show_field_price":false,"layout_option":"standard","pric_use_as_fee":false,"process_fee_as":"woo_fee"},"layout_option":"standard"},"fields":[[{"active":true,"col":5,"relations":false,"cl_rule":"show","enableCl":false,"price":"","enablePrice":false,"className":"","type":"text","subtype":"text","required":true,"elementId":"text_767faa5f71f0d0","label":"Enlace al v\u00eddeo de Facebook","name":"text_767faa5f71f0d0","value":"","error":false,"placeholder":"Ejemplo: https:\/\/www.facebook.com\/mrbeast\/videos\/1870671880420034","enableDesign":false,"LabelSize":"16px","gt_translate_keys":["label","placeholder","value"],"price_dependency":false,"cl_dependency":false}]]}},"config":{"price_override":"","enable_recaptcha":false,"bind_quantity":false,"quantity_bind_formula":false,"disp_summ_show_option_price":false,"disp_summ_show_product_price":false,"disp_summ_show_total_price":false,"disp_summ_show_fee":false,"disp_summ_show_discount":false,"summary_title":"","options_total_label":"Extras","total_label":"Total","options_product_label":"Producto","fee_label":"Extras","discount_label":"Descuento","has_price":true,"has_quantity_formula":false},"mc_unit":1,"tax_rate":1,"tax_rate_real":1,"discount":{"percentage":0,"fixed":0},"design":{"conf":{"LabelPosition":"above","DescPosition":"above","UploadField":"custom_1","QuantityFieldStyle":"default"},"css":{"LeftLabelWidth":"120px"}},"formulas":[],"clones":false,"cartKey":false}},"_links":{"self":[{"href":"https:\/\/doymedia.com\/fr\/wp-json\/wp\/v2\/product\/89","targetHints":{"allow":["GET"]}}],"collection":[{"href":"https:\/\/doymedia.com\/fr\/wp-json\/wp\/v2\/product"}],"about":[{"href":"https:\/\/doymedia.com\/fr\/wp-json\/wp\/v2\/types\/product"}],"replies":[{"embeddable":true,"href":"https:\/\/doymedia.com\/fr\/wp-json\/wp\/v2\/comments?post=89"}],"wp:featuredmedia":[{"embeddable":true,"href":"https:\/\/doymedia.com\/fr\/wp-json\/wp\/v2\/media\/316"}],"wp:attachment":[{"href":"https:\/\/doymedia.com\/fr\/wp-json\/wp\/v2\/media?parent=89"}],"wp:term":[{"taxonomy":"product_brand","embeddable":true,"href":"https:\/\/doymedia.com\/fr\/wp-json\/wp\/v2\/product_brand?post=89"},{"taxonomy":"product_cat","embeddable":true,"href":"https:\/\/doymedia.com\/fr\/wp-json\/wp\/v2\/product_cat?post=89"},{"taxonomy":"product_tag","embeddable":true,"href":"https:\/\/doymedia.com\/fr\/wp-json\/wp\/v2\/product_tag?post=89"}],"curies":[{"name":"wp","href":"https:\/\/api.w.org\/{rel}","templated":true}]}}