{"id":91,"date":"2025-03-27T01:32:40","date_gmt":"2025-03-27T00:32:40","guid":{"rendered":"https:\/\/v2.doymedia.com\/?post_type=product&#038;p=91"},"modified":"2025-07-28T20:32:09","modified_gmt":"2025-07-28T18:32:09","slug":"acheter-des-likes-instagram","status":"publish","type":"product","link":"https:\/\/doymedia.com\/fr\/comprar-likes-instagram\/","title":{"rendered":"Acheter des Likes sur Instagram"},"content":{"rendered":"<section class=\"l-section wpb_row height_medium\"><div class=\"l-section-h i-cf\"><div class=\"g-cols vc_row via_flex valign_top type_default stacking_default\"><div class=\"vc_col-sm-12 wpb_column vc_column_container\"><div class=\"vc_column-inner\"><div class=\"wpb_wrapper\"><div class=\"wpb_text_column\"><div class=\"wpb_wrapper\"><p class=\"translation-block\">Sur Instagram, la premi\u00e8re impression est primordiale. Vous publiez une photo ou une vid\u00e9o et, en quelques secondes, les utilisateurs jugent d\u00e9j\u00e0 si votre contenu est digne d'int\u00e9r\u00eat. S'il ne suscite aucune interaction, il risque de passer inaper\u00e7u. C'est pourquoi <strong>achetez des likes Instagram<\/strong> est devenu un outil essentiel pour ceux qui veulent se d\u00e9marquer, augmenter leur port\u00e9e et projeter une image forte d\u00e8s le premier coup d'\u0153il.<\/p>\n<p class=\"translation-block\">Les likes ne sont pas qu'un simple nombre. Ils repr\u00e9sentent la visibilit\u00e9, la confiance et la validation sociale. Lorsqu'un post re\u00e7oit beaucoup de <strong>likes,<\/strong> l'algorithme d'Instagram l'interpr\u00e8te comme un contenu pertinent, et le montre \u00e0 plus de personnes. Cela vous aide \u00e0 gagner en port\u00e9e organique, <a href=\"https:\/\/doymedia.com\/fr\/acheter-des-followers-instagram\/\" target=\"_self\">\u00e0 attirer de nouveaux followers<\/a> et \u00e0 am\u00e9liorer votre positionnement sur la plateforme.<\/p>\n<h2>Pourquoi acheter des likes Instagram ?<\/h2>\n<p class=\"translation-block\">Instagram est un r\u00e9seau visuel, comp\u00e9titif et rapide. Les posts ne durent que quelques secondes dans le flux d'un utilisateur. C'est pourquoi il est essentiel de capter l'attention imm\u00e9diatement. En <strong>achetant des likes Instagram<\/strong>, vous boostez vos posts pour qu'ils aient une plus grande port\u00e9e et g\u00e9n\u00e8rent plus d'impact.<\/p>\n<p>Que vous soyez une marque, une entreprise locale, un influenceur en plein essor ou un compte personnel qui souhaite gagner en visibilit\u00e9, <strong>Acheter des likes sur Instagram<\/strong> est une strat\u00e9gie qui peut vous aider \u00e0 acc\u00e9l\u00e9rer votre croissance sans complications.<\/p>\n<h3>Avantages de l'achat de likes sur Instagram<\/h3>\n<ul>\n<li>\ud83d\udcc8 Une visibilit\u00e9 accrue pour vos publications<\/li>\n<li>\ud83d\ude80 Un coup de pouce instantan\u00e9 pour am\u00e9liorer votre positionnement<\/li>\n<li>\ud83d\udd01 Augmentation de l'interaction et de la port\u00e9e organique<\/li>\n<li>\ud83d\udcac Am\u00e9liorer la perception de votre profil par le public<\/li>\n<li>\ud83d\udd12 Livraison s\u00e9curis\u00e9e, discr\u00e8te et sans compromis sur votre compte<\/li>\n<\/ul>\n<p>En outre, <strong>Acheter des likes sur Instagram<\/strong> vous aide \u00e0 vous d\u00e9marquer de la concurrence. Les utilisateurs ont tendance \u00e0 interagir davantage avec les contenus d\u00e9j\u00e0 actifs. Cela g\u00e9n\u00e8re un effet domino qui multiplie les interactions, attirant naturellement plus d'adeptes.<\/p>\n<h2>Est-il prudent d'acheter des likes sur Instagram ?<\/h2>\n<p>Oui, absolument. Nous ne demandons pas de mot de passe ni d'acc\u00e8s \u00e0 votre compte. Il vous suffit de fournir le lien vers le post que vous souhaitez booster. Notre syst\u00e8me s'occupe du reste, assurant une diffusion progressive, naturelle et conforme aux politiques d'utilisation d'Instagram.<\/p>\n<p>La s\u00e9curit\u00e9 de votre compte est notre priorit\u00e9. Tous nos processus sont con\u00e7us pour prot\u00e9ger votre profil et vous permettre d'obtenir les r\u00e9sultats que vous attendez, sans mettre en p\u00e9ril votre r\u00e9putation ou vos donn\u00e9es personnelles.<\/p>\n<h3>Qui peut b\u00e9n\u00e9ficier de ce service ?<\/h3>\n<p class=\"translation-block\">Ce service s'adresse \u00e0 tout utilisateur qui souhaite am\u00e9liorer les performances de son contenu. Peu importe que vous d\u00e9butiez ou que vous ayez d\u00e9j\u00e0 une communaut\u00e9 : <strong>achetez des likes Instagram<\/strong> peut vous aider \u00e0 avancer avec plus de force et de coh\u00e9rence.<\/p>\n<ul>\n<li>\ud83c\udfaf Les influenceurs qui veulent plus d'engagement<\/li>\n<li>\ud83d\udecd\ufe0f Entreprises faisant la promotion de produits ou de services<\/li>\n<li>\ud83d\udcf8 Les cr\u00e9ateurs de contenu \u00e0 la recherche de viralit\u00e9<\/li>\n<li>\ud83d\udcc8 Les marques personnelles qui veulent accro\u00eetre leur autorit\u00e9<\/li>\n<li>\ud83d\udce2 Les nouveaux comptes qui ont besoin d'un coup de pouce<\/li>\n<\/ul>\n<h2>Choisissez l'origine de vos likes<\/h2>\n<p class=\"translation-block\">L'un des grands avantages d'<strong>acheter des likes Instagram<\/strong> avec nous est que vous pouvez personnaliser l'origine des \"likes\" que vous recevez. Nous savons que la segmentation est essentielle, c'est pourquoi nous offrons la possibilit\u00e9 de s\u00e9lectionner des likes provenant de diff\u00e9rentes r\u00e9gions en fonction de votre audience ou de vos objectifs.<\/p>\n<p>Vous avez le choix entre :<\/p>\n<ul>\n<li>\ud83c\uddea\ud83c\uddfa acheter des likes mondiaux\/europ\u00e9ens<\/li>\n<li>\ud83c\uddea\ud83c\uddf8 acheter des likes espagnols<\/li>\n<li>\ud83c\uddee\ud83c\uddf9 acheter des likes italiens<\/li>\n<li>\ud83c\uddeb\ud83c\uddf7 acheter des likes fran\u00e7ais<\/li>\n<li>\ud83c\uddec\ud83c\udde7 acheter des likes anglophones<\/li>\n<li>\ud83c\udde7\ud83c\uddf7 acheter des likes br\u00e9siliens<\/li>\n<\/ul>\n<p class=\"translation-block\">Cette option est id\u00e9ale pour am\u00e9liorer la coh\u00e9rence de vos statistiques, accro\u00eetre la cr\u00e9dibilit\u00e9 locale de vos posts ou concentrer vos efforts sur un march\u00e9 sp\u00e9cifique. Que vous ayez une entreprise en Espagne ou que vous travailliez sur votre marque personnelle en Italie ou au Br\u00e9sil, vous pouvez <strong>acheter des likes Instagram<\/strong> enti\u00e8rement adapt\u00e9s \u00e0 votre public.<\/p>\n<h2>Comment fonctionne le processus ?<\/h2>\n<p>C'est tr\u00e8s simple. Il vous suffit de choisir le nombre de likes que vous souhaitez et de nous fournir le lien de l'article. Une fois la commande confirm\u00e9e, nous activons la livraison progressivement pour assurer une croissance naturelle. Vous verrez les r\u00e9sultats en un rien de temps.<\/p>\n<p>Si vous avez besoin d'aide ou si vous avez des questions, notre \u00e9quipe d'assistance est disponible pour vous aider avant, pendant et apr\u00e8s votre achat. Nous voulons que vous viviez une exp\u00e9rience agr\u00e9able et satisfaisante d\u00e8s le premier clic.<\/p>\n<h2>Commencez \u00e0 vous d\u00e9marquer sur Instagram d\u00e8s aujourd'hui<\/h2>\n<p>Des milliers d'utilisateurs font d\u00e9j\u00e0 confiance \u00e0 ce service pour am\u00e9liorer leur pr\u00e9sence sur Instagram. Si vous souhaitez \u00e9galement que vos posts aient plus d'impact, <strong>Acheter des likes sur Instagram<\/strong> est votre meilleur alli\u00e9.<\/p>\n<p>Ne laissez pas votre contenu se perdre dans le flux. Augmentez d\u00e8s maintenant la visibilit\u00e9, l'engagement et la reconnaissance de votre profil. Choisissez votre formule, passez votre commande et commencez \u00e0 voir vos posts se d\u00e9marquer plus que jamais.<\/p>\n<\/div><\/div><\/div><\/div><\/div><\/div><\/div><\/section>","protected":false},"excerpt":{"rendered":"Sur Instagram, la premi\u00e8re impression est primordiale. Tu postes une photo ou une vid\u00e9o et, en quelques secondes, les utilisateurs jugent d\u00e9j\u00e0 si ton contenu est digne d'int\u00e9r\u00eat. S'il ne suscite pas d'interaction, il risque de passer inaper\u00e7u. C'est pourquoi l'achat de likes Instagram est devenu un outil essentiel pour ceux qui veulent se d\u00e9marquer, augmenter leur engagement,....","protected":false},"featured_media":227,"comment_status":"open","ping_status":"closed","template":"","meta":{"_acf_changed":false},"product_brand":[],"product_cat":[17],"product_tag":[],"class_list":{"0":"post-91","1":"product","2":"type-product","3":"status-publish","4":"has-post-thumbnail","6":"product_cat-instagram","7":"wcpa_has_options","9":"first","10":"instock","11":"sale","12":"featured","13":"shipping-taxable","14":"purchasable","15":"product-type-variable","16":"has-default-attributes"},"acf":[],"wcpa_form_fields":{"wcpaData":{"product":{"product_price":1.99,"price_html":"","original_product_price":1.99,"price_including_tax":1.99,"price_excluding_tax":1.99,"product_id":{"parent":91,"variation":false},"is_variable":true,"stock_status":"instock","stock_quantity":null,"parent_sku":"","product_attributes":{"cantidad":{"is_variation":true,"values":[]}},"custom_fields":[],"is_taxable":false,"product_name":"Comprar Likes Instagram","hasImage":false},"fields":{"sec_367f6f7cee7714":{"extra":{"key":"sec_367f6f7cee7714","section_id":"sec_367f6f7cee7714","name":"Por defecto","status":1,"toggle":true,"form_id":817,"form_rules":{"exclude_from_discount":false,"fee_label":"Extra's","disp_hide_options_price":false,"disp_show_section_price":false,"disp_show_field_price":false,"layout_option":"standard","pric_use_as_fee":false,"process_fee_as":"woo_fee"},"layout_option":"standard"},"fields":[[{"active":true,"col":5,"relations":false,"cl_rule":"show","enableCl":false,"price":"","enablePrice":true,"className":"","label_position":"default","desc_position":"default","type":"select","required":false,"elementId":"select_867f6f7cee773a","label":"Origen de los Likes","name":"select_867f6f7cee773a","values":[{"label":"\ud83c\uddea\ud83c\uddf8 Espa\u00f1a y Latam","value":"espa\u00f1a-latam","selected":false,"tempId":"aco_394","price":"50","gt_translate_keys":["label"]},{"label":"\ud83c\uddee\ud83c\uddf9 Italia","value":"italia","selected":false,"tempId":"aco_395","price":"50","gt_translate_keys":["label"]},{"label":"\ud83c\uddeb\ud83c\uddf7 Francia","value":"francia","selected":false,"tempId":"aco_396","price":"50","gt_translate_keys":["label"]},{"label":"\ud83c\uddfa\ud83c\uddf8 Habla Inglesa","value":"ingles","selected":false,"tempId":"aco_3069","price":"100","gt_translate_keys":["label"]},{"label":"\ud83c\udde7\ud83c\uddf7 Brasil","value":"brasil","selected":false,"tempId":"aco_1135","price":"50","gt_translate_keys":["label"]}],"dropdown_type":"basic","error":false,"placeholder":"\ud83c\udf0d Origen Europeo\/Mundial de Alta Calidad","priceOptions":"different_for_all","pricingType":"percentage","fee_label":"","option_price_format":"(+{price})","gt_translate_keys":["label","placeholder"],"price_dependency":false,"cl_dependency":false,"value":""}],[{"active":true,"col":5,"relations":false,"cl_rule":"show","enableCl":false,"price":"","enablePrice":false,"className":"","type":"text","subtype":"text","required":true,"elementId":"text_867f6f7cee7749","label":"Enlace de la Publicaci\u00f3n","name":"text_867f6f7cee7749","value":"","error":false,"placeholder":"Ejemplo: https:\/\/www.instagram.com\/p\/DGxqbv9oVTD\/","gt_translate_keys":["label","placeholder","value"],"price_dependency":false,"cl_dependency":false}],[{"active":true,"col":5,"relations":false,"cl_rule":"show","enableCl":false,"price":"","enablePrice":true,"className":"","label_position":"default","desc_position":"default","type":"select","required":false,"elementId":"select_767f6f7cee7756","label":"A\u00f1adir Views con Descuento","name":"select_767f6f7cee7756","values":[{"label":"100 Views","value":"100","selected":false,"tempId":"aco_910","price":"1,89","gt_translate_keys":["label"]},{"label":"500 Views","value":"500","selected":false,"tempId":"aco_911","price":"3,79","gt_translate_keys":["label"]},{"label":"1.000 Views","value":"1000","selected":false,"tempId":"aco_912","price":"4,69","gt_translate_keys":["label"]},{"label":"5.000 Views","value":"5000","selected":false,"tempId":"aco_1337","price":"17,99","gt_translate_keys":["label"]},{"label":"10.000 Views","value":"10000","selected":false,"tempId":"aco_1059","price":"26,99","gt_translate_keys":["label"]},{"label":"50.000 Views","value":"50000","selected":false,"tempId":"aco_5222","price":"99,99","gt_translate_keys":["label"]}],"dropdown_type":"basic","error":false,"placeholder":"Ninguno","priceOptions":"different_for_all","pricingType":"fixed","use_as_fee":false,"option_price_format":"","tooltip":"Los views se pondr\u00e1n a la misma publicaci\u00f3n si es un v\u00eddeo.","gt_translate_keys":["label","placeholder","tooltip"],"price_dependency":false,"cl_dependency":false,"value":""}],[{"label":"A\u00f1adir Seguidores con Descuento","active":true,"required":false,"elementId":"select-9377214537","dropdown_type":"basic","placeholder":"Ninguno","tooltip":"Los seguidores se pondr\u00e1n al mismo perfil de la publicaci\u00f3n.","name":"select-9377214537","label_position":"default","desc_position":"default","enablePrice":true,"className":"","enableCl":false,"relations":false,"option_price_format":"","values":[{"label":"100 Seguidores","value":"100","selected":false,"tempId":"aco_910","price":"2,45","gt_translate_keys":["label"]},{"label":"500 Seguidores","value":"500","selected":false,"tempId":"aco_911","price":"6,50","gt_translate_keys":["label"]},{"label":"1.000 Seguidores","value":"1000","selected":false,"tempId":"aco_912","price":"9,50","gt_translate_keys":["label"]},{"label":"5.000 Seguidores","value":"5000","selected":false,"tempId":"aco_1337","price":"39,50","gt_translate_keys":["label"]},{"label":"10.000 Seguidores","value":"10000","selected":false,"tempId":"aco_1059","price":"79,50","gt_translate_keys":["label"]}],"priceOptions":"different_for_all","pricingType":"fixed","price":"","use_as_fee":false,"cl_rule":"show","col":5,"type":"select","error":false,"gt_translate_keys":["label","placeholder","tooltip"],"price_dependency":false,"cl_dependency":false,"value":""}]]}},"config":{"price_override":"","enable_recaptcha":false,"bind_quantity":false,"quantity_bind_formula":false,"disp_summ_show_option_price":false,"disp_summ_show_product_price":false,"disp_summ_show_total_price":false,"disp_summ_show_fee":false,"disp_summ_show_discount":false,"summary_title":"","options_total_label":"Extra's","total_label":"Totaal","options_product_label":"Product","fee_label":"Extra's","discount_label":"Korting","has_price":true,"has_quantity_formula":false},"mc_unit":1,"tax_rate":1,"tax_rate_real":1,"discount":{"percentage":0,"fixed":0},"design":{"conf":{"LabelPosition":"above","DescPosition":"above","UploadField":"custom_1","QuantityFieldStyle":"default"},"css":{"LeftLabelWidth":"120px"}},"formulas":[],"clones":false,"cartKey":false}},"_links":{"self":[{"href":"https:\/\/doymedia.com\/fr\/wp-json\/wp\/v2\/product\/91","targetHints":{"allow":["GET"]}}],"collection":[{"href":"https:\/\/doymedia.com\/fr\/wp-json\/wp\/v2\/product"}],"about":[{"href":"https:\/\/doymedia.com\/fr\/wp-json\/wp\/v2\/types\/product"}],"replies":[{"embeddable":true,"href":"https:\/\/doymedia.com\/fr\/wp-json\/wp\/v2\/comments?post=91"}],"wp:featuredmedia":[{"embeddable":true,"href":"https:\/\/doymedia.com\/fr\/wp-json\/wp\/v2\/media\/227"}],"wp:attachment":[{"href":"https:\/\/doymedia.com\/fr\/wp-json\/wp\/v2\/media?parent=91"}],"wp:term":[{"taxonomy":"product_brand","embeddable":true,"href":"https:\/\/doymedia.com\/fr\/wp-json\/wp\/v2\/product_brand?post=91"},{"taxonomy":"product_cat","embeddable":true,"href":"https:\/\/doymedia.com\/fr\/wp-json\/wp\/v2\/product_cat?post=91"},{"taxonomy":"product_tag","embeddable":true,"href":"https:\/\/doymedia.com\/fr\/wp-json\/wp\/v2\/product_tag?post=91"}],"curies":[{"name":"wp","href":"https:\/\/api.w.org\/{rel}","templated":true}]}}