{"id":92,"date":"2025-03-27T01:32:40","date_gmt":"2025-03-27T00:32:40","guid":{"rendered":"https:\/\/v2.doymedia.com\/?post_type=product&#038;p=92"},"modified":"2025-04-10T17:35:37","modified_gmt":"2025-04-10T15:35:37","slug":"achat-de-votes-sur-twitter","status":"publish","type":"product","link":"https:\/\/doymedia.com\/fr\/comprar-votos-twitter\/","title":{"rendered":"Acheter des votes sur Twitter"},"content":{"rendered":"<section class=\"l-section wpb_row height_medium\"><div class=\"l-section-h i-cf\"><div class=\"g-cols vc_row via_flex valign_top type_default stacking_default\"><div class=\"vc_col-sm-12 wpb_column vc_column_container\"><div class=\"vc_column-inner\"><div class=\"wpb_wrapper\"><div class=\"wpb_text_column\"><div class=\"wpb_wrapper\"><p class=\"translation-block\">Les sondages sur Twitter sont devenus un outil puissant pour attirer l'attention, susciter l'engagement et prendre des d\u00e9cisions visibles pour votre communaut\u00e9. Mais si vous n'obtenez pas suffisamment de votes, votre sondage perd de son impact. C'est pourquoi <strong>l'achat de votes Twitter<\/strong> est une solution rapide et s\u00fbre pour se d\u00e9marquer dans les sondages et projeter son autorit\u00e9 sur la plateforme.<\/p>\n<p class=\"translation-block\">Que vous utilisiez un sondage \u00e0 des fins de marketing, de strat\u00e9gie, de divertissement ou simplement pour influencer une d\u00e9cision publique, l'augmentation des votes peut vous aider \u00e0 contr\u00f4ler le r\u00e9sultat, \u00e0 g\u00e9n\u00e9rer des conversations et \u00e0 impliquer davantage de personnes. Avec notre service, vous pouvez <strong>acheter des votes Twitter<\/strong> facilement, en choisissant l'option que vous pr\u00e9f\u00e9rez pour que vos r\u00e9sultats refl\u00e8tent ce dont vous avez besoin.<\/p>\n<h2>Pourquoi acheter des votes sur Twitter ?<\/h2>\n<p class=\"translation-block\">Les sondages avec beaucoup de votes attirent davantage l'attention. Lorsque les utilisateurs voient un vote actif, avec des centaines ou des milliers de participations, ils ont tendance \u00e0 s'y joindre. Cela g\u00e9n\u00e8re un effet boule de neige qui donne de la visibilit\u00e9 et de la cr\u00e9dibilit\u00e9 \u00e0 votre publication. Si vous souhaitez \u00e9galement renforcer un r\u00e9sultat sp\u00e9cifique, <strong>l'achat de votes Twitter<\/strong> vous permet d'avoir une influence directe et imm\u00e9diate.<\/p>\n<p>Ce service est id\u00e9al pour les cr\u00e9ateurs de contenu, les influenceurs, les entreprises, les comptes personnels ou les marques qui utilisent les sondages dans le cadre de leur strat\u00e9gie. Vous pouvez l'utiliser pour renforcer une id\u00e9e, lancer une campagne virale, g\u00e9n\u00e9rer de l'engagement ou simplement remporter un vote.<\/p>\n<h3>Avantages de l'achat de votes sur Twitter<\/h3>\n<ul>\n<li>\ud83d\udcca Renforcer les r\u00e9sultats de l'enqu\u00eate<\/li>\n<li>\ud83d\udd25 Augmente la visibilit\u00e9 et la participation<\/li>\n<li>\ud83d\ude80 Am\u00e9liorer la port\u00e9e organique de votre tweet<\/li>\n<li>\u2705 Influence la perception du public<\/li>\n<li>\ud83d\udd12 Livraison s\u00e9curis\u00e9e, sans incidence sur votre compte<\/li>\n<\/ul>\n<p class=\"translation-block\">Acheter des <strong>votes Twitter<\/strong> est utile, que vous souhaitiez remporter un sondage public ou am\u00e9liorer les performances de vos posts. Plus votre sondage obtient de votes, plus il sera pertinent pour l'algorithme et aux yeux de votre public.<\/p>\n<h2>Est-il prudent d'acheter des votes sur Twitter ?<\/h2>\n<p>Oui, absolument. Nous ne demandons pas de mot de passe ni d'acc\u00e8s \u00e0 votre compte. Nous avons juste besoin du lien vers votre tweet avec le sondage actif et le nombre de votes que vous souhaitez pour l'option choisie. Le processus est rapide, discret et s\u00e9curis\u00e9. Nous livrons les votes naturellement et dans les d\u00e9lais convenus.<\/p>\n<p>Notre syst\u00e8me est optimis\u00e9 pour prot\u00e9ger votre vie priv\u00e9e et fournir des r\u00e9sultats sans risque. Nous savons \u00e0 quel point il est important de prot\u00e9ger votre compte, c'est pourquoi nous utilisons des m\u00e9thodes \u00e9prouv\u00e9es qui r\u00e9pondent aux normes les plus strictes du secteur.<\/p>\n<h3>Qui peut b\u00e9n\u00e9ficier de ce service ?<\/h3>\n<p>Ce service est parfait pour tous les types d'utilisateurs qui souhaitent exercer une autorit\u00e9 ou un contr\u00f4le sur les r\u00e9sultats d'une enqu\u00eate. Vous pouvez <strong>acheter des votes Twitter<\/strong> pour des campagnes personnelles, des tirages au sort, des concours ou des messages viraux. Il n'est pas n\u00e9cessaire d'avoir des milliers d'adeptes pour que votre enqu\u00eate ait un impact.<\/p>\n<ul>\n<li>\ud83c\udfaf Les influenceurs qui veulent stimuler le contenu<\/li>\n<li>\ud83d\uddf3\ufe0f Comptes participant \u00e0 des enqu\u00eates concurrentielles<\/li>\n<li>\ud83d\udcc8 Les marques qui posent des questions strat\u00e9giques \u00e0 leur public<\/li>\n<li>\ud83d\udce2 Les utilisateurs qui souhaitent orienter le vote vers une option sp\u00e9cifique<\/li>\n<li>\ud83d\udcac Cr\u00e9ateurs \u00e0 la recherche de viralit\u00e9 ou de conversation<\/li>\n<\/ul>\n<h2>Comment fonctionne le processus d'achat ?<\/h2>\n<p class=\"translation-block\">&lt;Acheter des votes Twitter<\/strong> avec nous est tr\u00e8s simple. Il vous suffit de choisir le nombre de votes que vous souhaitez, de copier le lien direct de votre tweet avec le sondage actif et de s\u00e9lectionner l'option que vous souhaitez promouvoir. Nous nous occupons du reste.<\/p>\n<p>Une fois la commande pass\u00e9e, nous commen\u00e7ons la livraison des votes.<\/p>\n<p class=\"translation-block\">&lt;Acheter des votes Twitter<\/strong> est le moyen le plus direct et le plus efficace de faire la diff\u00e9rence dans un sondage. Que vous soyez \u00e0 la recherche d'un petit coup de pouce pour g\u00e9n\u00e9rer plus d'interaction ou que vous vouliez vous assurer qu'une option gagne haut la main, ce service est fait pour vous.<\/p>\n<h2>Commencez \u00e0 gagner vos enqu\u00eates d\u00e8s aujourd'hui<\/h2>\n<p>Si, en plus de gagner des enqu\u00eates, vous souhaitez \u00e9tablir un profil plus complet et plus visible, nous vous recommandons de <a href=\"https:\/\/doymedia.com\/fr\/acheter-des-followers-twitter\/\"><strong>acheter des followers Twitter<\/strong><\/a> pour d\u00e9velopper votre communaut\u00e9 et <a href=\"https:\/\/doymedia.com\/fr\/acheter-des-likes-sur-twitter\/\"><strong>Acheter des likes sur Twitter<\/strong><\/a> pour renforcer l'engagement de vos publications. Il s'agit de services compl\u00e9mentaires qui vous aideront \u00e0 projeter une image plus forte et plus professionnelle sur la plateforme.<br \/>\nDes milliers d'utilisateurs ont d\u00e9j\u00e0 eu recours \u00e0 ce service pour obtenir plus de votes dans leurs sondages et am\u00e9liorer leur pr\u00e9sence sur Twitter. Si vous aussi vous voulez que votre vote soit remarqu\u00e9, <strong>acheter des votes Twitter<\/strong> est le moyen le plus rapide et le plus efficace d'y parvenir.<\/p>\n<p>Choisissez le nombre de votes que vous souhaitez, donnez-nous le lien vers votre sondage et nous nous occupons du reste. Vous pouvez commencer par un petit coup de pouce ou faire en sorte que votre choix l'emporte largement. \u00c0 vous de choisir.<\/p>\n<p class=\"translation-block\">Ne laissez pas le r\u00e9sultat au hasard. Influencez, mettez en valeur et contr\u00f4lez vos sondages en toute s\u00e9curit\u00e9 et avec des r\u00e9sultats garantis. &lt;Acheter des votes Twitter<\/strong> vous donne le contr\u00f4le. Facilitez les choses, faites-les bien.<\/p>\n<\/div><\/div><\/div><\/div><\/div><\/div><\/div><\/section>","protected":false},"excerpt":{"rendered":"Les sondages sur Twitter sont devenus un outil puissant pour attirer l'attention, susciter l'engagement et prendre des d\u00e9cisions visibles pour ta communaut\u00e9. Mais si tu n'obtiens pas suffisamment de votes, ton sondage perd de son impact. C'est pourquoi l'achat de votes Twitter est une solution rapide et s\u00fbre pour se d\u00e9marquer dans les sondages et projeter une autorit\u00e9 sur la plateforme......","protected":false},"featured_media":318,"comment_status":"open","ping_status":"closed","template":"","meta":{"_acf_changed":false},"product_brand":[],"product_cat":[19],"product_tag":[],"class_list":{"0":"post-92","1":"product","2":"type-product","3":"status-publish","4":"has-post-thumbnail","6":"product_cat-twitter","7":"wcpa_has_options","9":"first","10":"instock","11":"shipping-taxable","12":"purchasable","13":"product-type-variable","14":"has-default-attributes"},"acf":[],"wcpa_form_fields":{"wcpaData":{"product":{"product_price":1.99,"price_html":"","original_product_price":1.99,"price_including_tax":1.99,"price_excluding_tax":1.99,"product_id":{"parent":92,"variation":false},"is_variable":true,"stock_status":"instock","stock_quantity":null,"parent_sku":"","product_attributes":{"cantidad":{"is_variation":true,"values":[]}},"custom_fields":[],"is_taxable":false,"product_name":"Comprar Votos Twitter","hasImage":false},"fields":{"sec_167faa7c614353":{"extra":{"key":"sec_167faa7c614353","section_id":"sec_167faa7c614353","name":"Por defecto","status":1,"toggle":true,"form_id":1071,"form_rules":{"exclude_from_discount":false,"fee_label":"Extras","disp_hide_options_price":false,"disp_show_section_price":false,"disp_show_field_price":false,"layout_option":"standard","pric_use_as_fee":false,"process_fee_as":"woo_fee"},"layout_option":"standard"},"fields":[[{"active":true,"col":5,"relations":false,"cl_rule":"show","enableCl":false,"price":"","enablePrice":false,"className":"","type":"text","subtype":"text","required":true,"elementId":"text_667faa7c61436c","label":"Enlace de la Publicaci\u00f3n de Twitter","name":"text_667faa7c61436c","value":"","error":false,"placeholder":"Ejemplo: https:\/\/x.com\/NASA\/status\/1911109060553847169","enableDesign":false,"LabelSize":"16px","gt_translate_keys":["label","placeholder","value"],"price_dependency":false,"cl_dependency":false}],[{"label":"Opci\u00f3n a Votar","active":true,"required":true,"elementId":"text-2562894642","value":"","placeholder":"Escribe la opci\u00f3n a votar, por ejemplo: OPCI\u00d3N 1 Barack Obama","name":"text-2562894642","enablePrice":false,"className":"","enableCl":false,"relations":false,"enableDesign":false,"LabelSize":"16px","subtype":"text","price":"","cl_rule":"show","col":5,"type":"text","error":false,"gt_translate_keys":["label","placeholder","value"],"price_dependency":false,"cl_dependency":false}]]}},"config":{"price_override":"","enable_recaptcha":false,"bind_quantity":false,"quantity_bind_formula":false,"disp_summ_show_option_price":false,"disp_summ_show_product_price":false,"disp_summ_show_total_price":false,"disp_summ_show_fee":false,"disp_summ_show_discount":false,"summary_title":"","options_total_label":"Extras","total_label":"Total","options_product_label":"Produs","fee_label":"Extras","discount_label":"Descuento","has_price":true,"has_quantity_formula":false},"mc_unit":1,"tax_rate":1,"tax_rate_real":1,"discount":{"percentage":0,"fixed":0},"design":{"conf":{"LabelPosition":"above","DescPosition":"above","UploadField":"custom_1","QuantityFieldStyle":"default"},"css":{"LeftLabelWidth":"120px"}},"formulas":[],"clones":false,"cartKey":false}},"_links":{"self":[{"href":"https:\/\/doymedia.com\/fr\/wp-json\/wp\/v2\/product\/92","targetHints":{"allow":["GET"]}}],"collection":[{"href":"https:\/\/doymedia.com\/fr\/wp-json\/wp\/v2\/product"}],"about":[{"href":"https:\/\/doymedia.com\/fr\/wp-json\/wp\/v2\/types\/product"}],"replies":[{"embeddable":true,"href":"https:\/\/doymedia.com\/fr\/wp-json\/wp\/v2\/comments?post=92"}],"wp:featuredmedia":[{"embeddable":true,"href":"https:\/\/doymedia.com\/fr\/wp-json\/wp\/v2\/media\/318"}],"wp:attachment":[{"href":"https:\/\/doymedia.com\/fr\/wp-json\/wp\/v2\/media?parent=92"}],"wp:term":[{"taxonomy":"product_brand","embeddable":true,"href":"https:\/\/doymedia.com\/fr\/wp-json\/wp\/v2\/product_brand?post=92"},{"taxonomy":"product_cat","embeddable":true,"href":"https:\/\/doymedia.com\/fr\/wp-json\/wp\/v2\/product_cat?post=92"},{"taxonomy":"product_tag","embeddable":true,"href":"https:\/\/doymedia.com\/fr\/wp-json\/wp\/v2\/product_tag?post=92"}],"curies":[{"name":"wp","href":"https:\/\/api.w.org\/{rel}","templated":true}]}}