{"id":922,"date":"2025-04-11T18:03:53","date_gmt":"2025-04-11T16:03:53","guid":{"rendered":"https:\/\/v2.doymedia.com\/?post_type=product&#038;p=922"},"modified":"2025-05-12T16:19:12","modified_gmt":"2025-05-12T14:19:12","slug":"acheter-des-retweets-sur-twitter","status":"publish","type":"product","link":"https:\/\/doymedia.com\/fr\/comprar-retweets-twitter\/","title":{"rendered":"Acheter des Retweets sur Twitter"},"content":{"rendered":"<section class=\"l-section wpb_row height_medium\"><div class=\"l-section-h i-cf\"><div class=\"g-cols vc_row via_flex valign_top type_default stacking_default\"><div class=\"vc_col-sm-12 wpb_column vc_column_container\"><div class=\"vc_column-inner\"><div class=\"wpb_wrapper\"><div class=\"wpb_text_column\"><div class=\"wpb_wrapper\"><p class=\"translation-block\">Sur Twitter, chaque retweet compte. C'est l'un des moyens les plus efficaces d'amplifier votre message, de gagner en visibilit\u00e9 et d'atteindre de nouveaux publics. Si votre contenu est de qualit\u00e9, mais qu'il ne re\u00e7oit pas l'exposition qu'il m\u00e9rite, <strong>l'achat de retweets Twitter<\/strong> peut vous aider \u00e0 sortir de l'anonymat num\u00e9rique et \u00e0 vous positionner plus fortement dans la conversation.<\/p>\n<p class=\"translation-block\">Un retweet n'est pas seulement une action sociale : c'est une recommandation publique. Chaque fois qu'une personne retweete votre message, l'ensemble de son r\u00e9seau le voit. Et lorsque plusieurs utilisateurs le font, l'algorithme l'interpr\u00e8te comme un contenu pertinent. C'est pourquoi <strong>acheter des retweets<\/strong> sur Twitter est une strat\u00e9gie utile pour viraliser des messages, renforcer des campagnes et dynamiser des comptes personnels, professionnels ou de marque.<\/p>\n<h2>Pourquoi acheter des retweets sur Twitter ?<\/h2>\n<p class=\"translation-block\">Car sur Twitter, la port\u00e9e est la cl\u00e9 du succ\u00e8s. Vous pouvez avoir un contenu de grande valeur, mais s'il n'est pas partag\u00e9, il n'arrive pas \u00e0 destination. &lt;L&#039;achat de retweets sur Twitter vous permet d&#039;obtenir la premi\u00e8re impulsion, de cr\u00e9er un buzz initial et d&#039;encourager l&#039;interaction naturelle. Un tweet qui re\u00e7oit des retweets en peu de temps a tendance \u00e0 gagner rapidement en popularit\u00e9.<\/p>\n<p>Les retweets g\u00e9n\u00e8rent \u00e9galement une conscience sociale. Lorsqu'un message est largement partag\u00e9, il suscite la curiosit\u00e9, attire des visiteurs et am\u00e9liore votre classement dans les r\u00e9sultats de recherche interne. Ce type d'activit\u00e9 renforce \u00e9galement votre profil et l'autorit\u00e9 que vous projetez sur la plateforme.<\/p>\n<h3>Avantages de l'achat de retweets sur Twitter<\/h3>\n<ul>\n<li>\ud83d\udce2 Augmentation de la diffusion et de la port\u00e9e de vos tweets<\/li>\n<li>\ud83d\ude80 Coup de pouce initial pour augmenter votre visibilit\u00e9<\/li>\n<li>\ud83c\udfaf Attirer de nouveaux adeptes et clients potentiels<\/li>\n<li>\ud83d\udcac G\u00e9n\u00e9rer des conversations autour de votre contenu<\/li>\n<li>\ud83d\udd12 Livraison s\u00e9curis\u00e9e sans compromettre votre compte<\/li>\n<\/ul>\n<p class=\"translation-block\">Ce service est id\u00e9al si vous souhaitez viraliser une campagne, mettre en avant une opinion, promouvoir un produit ou simplement g\u00e9n\u00e9rer plus de buzz positif autour de votre compte. Que vous soyez un influenceur, un entrepreneur, un artiste ou une entreprise, <strong>achetez des retweets Twitter<\/strong> peut vous aider \u00e0 toucher plus loin avec moins d'efforts.<\/p>\n<h2>Est-il prudent d'acheter des retweets sur Twitter ?<\/h2>\n<p>Absolument. Nous n'avons pas besoin de mot de passe ou d'acc\u00e8s \u00e0 votre compte. Il vous suffit de nous indiquer le lien vers le tweet que vous souhaitez renforcer. Notre prestation est progressive, naturelle et con\u00e7ue pour s'adapter aux mod\u00e8les d'utilisation r\u00e9els, prot\u00e9geant ainsi la r\u00e9putation et l'int\u00e9grit\u00e9 de votre profil.<\/p>\n<p class=\"translation-block\">Nous utilisons des syst\u00e8mes optimis\u00e9s pour que votre contenu soit retweet\u00e9 sans aucun risque. Des milliers de comptes ont am\u00e9lior\u00e9 leur visibilit\u00e9 gr\u00e2ce \u00e0 ce service et ont obtenu des r\u00e9sultats visibles en quelques minutes ou quelques heures. &lt;Acheter des retweets sur Twitter<\/strong> est un moyen fiable et efficace de se d\u00e9marquer.<\/p>\n<h3>Qui devrait utiliser ce service ?<\/h3>\n<p>Tout utilisateur de Twitter qui souhaite amplifier son message, donner de la visibilit\u00e9 \u00e0 un tweet cl\u00e9 ou se positionner avec plus d'autorit\u00e9. Peu importe que votre compte soit nouveau ou d\u00e9j\u00e0 \u00e9tabli : les retweets s'additionnent toujours. Ce service est parfait pour :<\/p>\n<ul>\n<li>\ud83d\udcc8 Entrepreneurs promouvant des produits ou des services<\/li>\n<li>\ud83c\udfa4 Artistes et cr\u00e9ateurs diffusant leur contenu<\/li>\n<li>\ud83d\udcf2 Les influenceurs \u00e0 la recherche d'engagement et de viralit\u00e9<\/li>\n<li>\ud83c\udfe2 Les marques lancent des campagnes ou des actions sociales<\/li>\n<li>\ud83e\udde0 Professionnels partageant des id\u00e9es ou des connaissances<\/li>\n<\/ul>\n<h2>Comment cela fonctionne-t-il ?<\/h2>\n<p>La proc\u00e9dure est tr\u00e8s simple. Il vous suffit de s\u00e9lectionner le nombre de retweets que vous souhaitez, de nous fournir le lien vers le tweet et de confirmer votre commande. Nous nous chargeons de livrer les retweets de mani\u00e8re progressive, naturelle et s\u00fbre. Vous n'avez plus qu'\u00e0 vous concentrer sur la cr\u00e9ation d'un contenu de qualit\u00e9.<\/p>\n<p class=\"translation-block\">Et si vous recherchez une croissance plus compl\u00e8te, vous pouvez combiner ce service avec l'<a href=\"https:\/\/doymedia.com\/fr\/acheter-des-likes-sur-twitter\/\" target=\"_self\"><strong>achat de likes Twitter<\/strong><\/a> ou l'<a href=\"https:\/\/doymedia.com\/fr\/acheter-des-followers-twitter\/\" target=\"_self\"><strong>achat de followers Twitter<\/strong><\/a>. De cette mani\u00e8re, vous am\u00e9liorez \u00e0 la fois l'engagement et l'autorit\u00e9 visible de votre compte.<\/p>\n<h2>Faites entendre votre voix<\/h2>\n<p class=\"translation-block\">Ne laissez pas vos messages se perdre dans le bruit du web. &lt;Acheter des retweets sur Twitter<\/strong> vous permet d'amplifier votre message, d'entrer en contact avec un plus grand nombre de personnes et de g\u00e9n\u00e9rer une v\u00e9ritable conversation autour de votre contenu. Donnez \u00e0 vos id\u00e9es la port\u00e9e qu'elles m\u00e9ritent. Commencez d\u00e8s aujourd'hui.<\/p>\n<\/div><\/div><\/div><\/div><\/div><\/div><\/div><\/section>","protected":false},"excerpt":{"rendered":"Sur Twitter, chaque retweet compte. C'est l'un des moyens les plus efficaces d'amplifier ton message, de gagner en visibilit\u00e9 et d'atteindre de nouveaux publics. Si ton contenu est bon, mais qu'il ne re\u00e7oit pas l'exposition qu'il m\u00e9rite, acheter des retweets sur Twitter peut t'aider \u00e0 sortir de l'anonymat num\u00e9rique et \u00e0 te positionner plus fortement dans la conversation. A...","protected":false},"featured_media":318,"comment_status":"open","ping_status":"closed","template":"","meta":{"_acf_changed":false},"product_brand":[],"product_cat":[19],"product_tag":[],"class_list":{"0":"post-922","1":"product","2":"type-product","3":"status-publish","4":"has-post-thumbnail","6":"product_cat-twitter","7":"wcpa_has_options","9":"first","10":"instock","11":"sale","12":"shipping-taxable","13":"purchasable","14":"product-type-variable","15":"has-default-attributes"},"acf":[],"wcpa_form_fields":{"wcpaData":{"product":{"product_price":3.99,"price_html":"","original_product_price":3.99,"price_including_tax":3.99,"price_excluding_tax":3.99,"product_id":{"parent":922,"variation":false},"is_variable":true,"stock_status":"instock","stock_quantity":null,"parent_sku":"","product_attributes":{"cantidad":{"is_variation":true,"values":[]}},"custom_fields":[],"is_taxable":false,"product_name":"Comprar Retweets Twitter","hasImage":false},"fields":{"sec_767faa7afa4149":{"extra":{"key":"sec_767faa7afa4149","section_id":"sec_767faa7afa4149","name":"Por defecto","status":1,"toggle":true,"form_id":1070,"form_rules":{"exclude_from_discount":false,"fee_label":"Extras","disp_hide_options_price":false,"disp_show_section_price":false,"disp_show_field_price":false,"layout_option":"standard","pric_use_as_fee":false,"process_fee_as":"woo_fee"},"layout_option":"standard"},"fields":[[{"active":true,"col":5,"relations":false,"cl_rule":"show","enableCl":false,"price":"","enablePrice":false,"className":"","type":"text","subtype":"text","required":true,"elementId":"text_367faa7afa4162","label":"Enlace de la Publicaci\u00f3n de Twitter","name":"text_367faa7afa4162","value":"","error":false,"placeholder":"Ejemplo: https:\/\/x.com\/NASA\/status\/1911109060553847169","enableDesign":false,"LabelSize":"16px","gt_translate_keys":["label","placeholder","value"],"price_dependency":false,"cl_dependency":false}]]}},"config":{"price_override":"","enable_recaptcha":false,"bind_quantity":false,"quantity_bind_formula":false,"disp_summ_show_option_price":false,"disp_summ_show_product_price":false,"disp_summ_show_total_price":false,"disp_summ_show_fee":false,"disp_summ_show_discount":false,"summary_title":"","options_total_label":"Extras","total_label":"Total","options_product_label":"Producto","fee_label":"Extras","discount_label":"Descuento","has_price":true,"has_quantity_formula":false},"mc_unit":1,"tax_rate":1,"tax_rate_real":1,"discount":{"percentage":0,"fixed":0},"design":{"conf":{"LabelPosition":"above","DescPosition":"above","UploadField":"custom_1","QuantityFieldStyle":"default"},"css":{"LeftLabelWidth":"120px"}},"formulas":[],"clones":false,"cartKey":false}},"_links":{"self":[{"href":"https:\/\/doymedia.com\/fr\/wp-json\/wp\/v2\/product\/922","targetHints":{"allow":["GET"]}}],"collection":[{"href":"https:\/\/doymedia.com\/fr\/wp-json\/wp\/v2\/product"}],"about":[{"href":"https:\/\/doymedia.com\/fr\/wp-json\/wp\/v2\/types\/product"}],"replies":[{"embeddable":true,"href":"https:\/\/doymedia.com\/fr\/wp-json\/wp\/v2\/comments?post=922"}],"wp:featuredmedia":[{"embeddable":true,"href":"https:\/\/doymedia.com\/fr\/wp-json\/wp\/v2\/media\/318"}],"wp:attachment":[{"href":"https:\/\/doymedia.com\/fr\/wp-json\/wp\/v2\/media?parent=922"}],"wp:term":[{"taxonomy":"product_brand","embeddable":true,"href":"https:\/\/doymedia.com\/fr\/wp-json\/wp\/v2\/product_brand?post=922"},{"taxonomy":"product_cat","embeddable":true,"href":"https:\/\/doymedia.com\/fr\/wp-json\/wp\/v2\/product_cat?post=922"},{"taxonomy":"product_tag","embeddable":true,"href":"https:\/\/doymedia.com\/fr\/wp-json\/wp\/v2\/product_tag?post=922"}],"curies":[{"name":"wp","href":"https:\/\/api.w.org\/{rel}","templated":true}]}}