{"id":93,"date":"2025-03-27T01:32:40","date_gmt":"2025-03-27T00:32:40","guid":{"rendered":"https:\/\/v2.doymedia.com\/?post_type=product&#038;p=93"},"modified":"2025-07-16T21:42:25","modified_gmt":"2025-07-16T19:42:25","slug":"acheter-des-vues-sur-youtube","status":"publish","type":"product","link":"https:\/\/doymedia.com\/fr\/comprar-views-youtube\/","title":{"rendered":"Acheter des vues Youtube"},"content":{"rendered":"<section class=\"l-section wpb_row height_medium\"><div class=\"l-section-h i-cf\"><div class=\"g-cols vc_row via_flex valign_top type_default stacking_default\"><div class=\"vc_col-sm-12 wpb_column vc_column_container\"><div class=\"vc_column-inner\"><div class=\"wpb_wrapper\"><div class=\"wpb_text_column\"><div class=\"wpb_wrapper\"><p class=\"translation-block\">Sur YouTube, la premi\u00e8re impression compte. Une vid\u00e9o affichant des milliers de vues attire l'attention, suscite la confiance et attire davantage de clics. Si vous cr\u00e9ez du contenu de qualit\u00e9 mais que vous n'obtenez pas la port\u00e9e que vous attendez, <strong>l'achat de vues YouTube<\/strong> peut vous aider \u00e0 am\u00e9liorer votre classement, \u00e0 accro\u00eetre votre visibilit\u00e9 et \u00e0 gagner en pertinence sur la plus grande plateforme de vid\u00e9os en ligne.<\/p>\n<p class=\"translation-block\">En <strong>achetant des vues YouTube,<\/strong> vous faites le premier pas pour booster strat\u00e9giquement votre cha\u00eene. Les vid\u00e9os ayant un grand nombre de vues ont tendance \u00e0 appara\u00eetre dans les recommandations de l'algorithme, \u00e0 gagner en autorit\u00e9 et \u00e0 mieux retenir les spectateurs. Ce coup de pouce initial peut faire la diff\u00e9rence entre une vid\u00e9o qui stagne et une vid\u00e9o qui devient virale.<\/p>\n<h2>Pourquoi acheter des vues sur YouTube ?<\/h2>\n<p class=\"translation-block\">Il ne suffit plus de publier du contenu de qualit\u00e9. L'algorithme de YouTube favorise les vid\u00e9os qui sont actives d\u00e8s le d\u00e9part. En <strong>achetant des vues sur YouTube,<\/strong> vous augmentez les chances que votre vid\u00e9o apparaisse dans le fil d'actualit\u00e9 des nouveaux utilisateurs, dans la section \"trending\" ou m\u00eame dans les recherches connexes.<\/p>\n<p>En outre, lorsque les utilisateurs voient une vid\u00e9o avec de nombreuses vues, ils la per\u00e7oivent automatiquement comme plus utile ou plus pertinente. Cette preuve sociale influence directement la d\u00e9cision de lire le contenu, de s'abonner \u00e0 la cha\u00eene ou de le partager. Plus de vues = plus de cr\u00e9dibilit\u00e9.<\/p>\n<h3>Avantages de l'achat de vues sur YouTube<\/h3>\n<ul>\n<li>\ud83d\udcc8 Une visibilit\u00e9 accrue d\u00e8s les premi\u00e8res minutes<\/li>\n<li>\ud83c\udfaf Am\u00e9lioration du classement et des recommandations dans les moteurs de recherche<\/li>\n<li>\ud83e\udd1d Gagnez en autorit\u00e9 aupr\u00e8s de votre public<\/li>\n<li>\ud83d\udcca Augmente le taux de clics et la fid\u00e9lisation des internautes<\/li>\n<li>\ud83d\udd12 Livraison progressive et s\u00e9curis\u00e9e de votre compte<\/li>\n<\/ul>\n<p>Le <strong>acheter des vues sur YouTube<\/strong> est un outil cl\u00e9 pour la croissance dans un environnement de plus en plus comp\u00e9titif. Il est id\u00e9al pour les nouveaux cr\u00e9ateurs, les cha\u00eenes d'entreprise, les marques personnelles ou tout utilisateur qui souhaite donner une r\u00e9elle visibilit\u00e9 \u00e0 son contenu.<\/p>\n<h2>Est-il prudent d'acheter des vues sur YouTube ?<\/h2>\n<p>Oui, vous n'avez pas besoin de partager votre mot de passe ou de donner acc\u00e8s \u00e0 votre cha\u00eene. Nous vous demandons uniquement le lien vers la vid\u00e9o que vous souhaitez promouvoir. Notre plateforme utilise des syst\u00e8mes fiables pour assurer une croissance naturelle, avec une diffusion progressive qui simule un comportement organique.<\/p>\n<p class=\"translation-block\">En outre, nous travaillons dans le cadre de politiques s\u00e9curis\u00e9es et avec des serveurs stables qui nous permettent de livrer les vues sans affecter la r\u00e9putation de votre cha\u00eene. &lt;Acheter des vues YouTube<\/strong> avec nous est synonyme de confidentialit\u00e9, de rapidit\u00e9 et de r\u00e9sultats visibles.<\/p>\n<h3>Comment cela fonctionne-t-il ?<\/h3>\n<p>La proc\u00e9dure est tr\u00e8s simple : s\u00e9lectionnez le forfait de vues qui correspond le mieux \u00e0 votre objectif, fournissez le lien vers la vid\u00e9o et compl\u00e9tez la commande. Notre syst\u00e8me se chargera de distribuer les vues progressivement, afin de maintenir un mod\u00e8le de croissance naturel et s\u00fbr.<\/p>\n<p>Vous verrez que votre vid\u00e9o commencera \u00e0 \u00eatre visionn\u00e9e en un rien de temps, et vous pourrez concentrer vos efforts sur la cr\u00e9ation d'autres contenus pendant que nous vous aiderons \u00e0 augmenter votre port\u00e9e. De plus, si vous avez des questions, notre \u00e9quipe d'assistance est toujours disponible pour vous aider.<\/p>\n<h2>Qui devrait acheter des vues sur YouTube ?<\/h2>\n<p class=\"translation-block\">Ce service est con\u00e7u pour tous les types de cr\u00e9ateurs et de profils. Que vous soyez un influenceur, une marque, une entreprise ou un cr\u00e9ateur ind\u00e9pendant, <strong>achetez des vues YouTube<\/strong> peut \u00eatre le coup de pouce dont vous avez besoin pour r\u00e9ellement commencer \u00e0 vous d\u00e9velopper.<\/p>\n<ul>\n<li>\ud83c\udfa5 Les cr\u00e9ateurs qui veulent pousser \u00e0 la cr\u00e9ation d'une nouvelle vid\u00e9o<\/li>\n<li>\ud83d\udce2 Les marques qui lancent des campagnes ou des produits<\/li>\n<li>\ud83d\udcbc Entreprises publiant du contenu informatif ou commercial<\/li>\n<li>\ud83d\udcc8 Nouveaux canaux n\u00e9cessitant une traction initiale<\/li>\n<li>\ud83e\udde0 Experts cherchant \u00e0 se positionner dans leur niche<\/li>\n<\/ul>\n<h2>D\u00e9veloppez votre cha\u00eene d\u00e8s aujourd'hui<\/h2>\n<p class=\"translation-block\">Des milliers d'utilisateurs ont d\u00e9j\u00e0 fait confiance \u00e0 ce service pour am\u00e9liorer les performances de leurs vid\u00e9os. Si vous souhaitez \u00e9galement gagner en visibilit\u00e9, augmenter l'interaction et faire en sorte que votre contenu ait une plus grande port\u00e9e, <strong>buy YouTube plays<\/strong> est votre meilleure option.<\/p>\n<p class=\"translation-block\">Si vous souhaitez am\u00e9liorer encore les performances de votre cha\u00eene, vous pouvez \u00e9galement <strong><a href=\"https:\/\/doymedia.com\/fr\/acheter-des-abonnes-youtube\/\" target=\"_self\">acheter des abonn\u00e9s YouTube<\/a><\/strong> pour augmenter votre communaut\u00e9 ou <strong><a href=\"https:\/\/doymedia.com\/fr\/acheter-des-likes-youtube\/\" target=\"_self\">acheter des likes YouTube<\/a><\/strong> et renforcer l'interaction sur vos vid\u00e9os. Combiner les vues avec les likes et les abonn\u00e9s vous aidera \u00e0 mieux vous classer dans l'algorithme et \u00e0 projeter une image plus forte \u00e0 votre public.<\/p>\n<p>Ne laissez pas votre contenu passer inaper\u00e7u. Commencez d\u00e8s aujourd'hui, choisissez votre formule et faites passer vos vid\u00e9os au niveau sup\u00e9rieur gr\u00e2ce \u00e0 une strat\u00e9gie efficace.<\/p>\n<\/div><\/div><\/div><\/div><\/div><\/div><\/div><\/section>","protected":false},"excerpt":{"rendered":"Sur YouTube, la premi\u00e8re impression compte. Une vid\u00e9o avec des milliers de vues attire l'attention, cr\u00e9e la confiance et attire plus de clics. Si tu cr\u00e9es du contenu de valeur mais que tu n'obtiens pas la port\u00e9e que tu esp\u00e8res, l'achat de vues sur YouTube peut t'aider \u00e0 am\u00e9liorer ton classement, \u00e0 augmenter ta visibilit\u00e9 et \u00e0 gagner en pertinence sur la plus grande plateforme....","protected":false},"featured_media":243,"comment_status":"open","ping_status":"closed","template":"","meta":{"_acf_changed":false},"product_brand":[],"product_cat":[21],"product_tag":[],"class_list":{"0":"post-93","1":"product","2":"type-product","3":"status-publish","4":"has-post-thumbnail","6":"product_cat-youtube","7":"wcpa_has_options","9":"first","10":"instock","11":"sale","12":"featured","13":"shipping-taxable","14":"purchasable","15":"product-type-variable","16":"has-default-attributes"},"acf":[],"wcpa_form_fields":{"wcpaData":{"product":{"product_price":4.99,"price_html":"","original_product_price":4.99,"price_including_tax":4.99,"price_excluding_tax":4.99,"product_id":{"parent":93,"variation":false},"is_variable":true,"stock_status":"instock","stock_quantity":null,"parent_sku":"","product_attributes":{"cantidad":{"is_variation":true,"values":[]}},"custom_fields":[],"is_taxable":false,"product_name":"Comprar Views Youtube","hasImage":false},"fields":{"sec_867fa91c83b955":{"extra":{"key":"sec_867fa91c83b955","section_id":"sec_867fa91c83b955","name":"Por defecto","status":1,"toggle":true,"form_id":1050,"form_rules":{"exclude_from_discount":false,"fee_label":"Extra's","disp_hide_options_price":false,"disp_show_section_price":false,"disp_show_field_price":false,"layout_option":"standard","pric_use_as_fee":false,"process_fee_as":"woo_fee"},"layout_option":"standard"},"fields":[[{"active":true,"col":4,"relations":false,"cl_rule":"show","enableCl":false,"price":"","enablePrice":true,"className":"","label_position":"default","desc_position":"default","type":"select","required":true,"elementId":"select_6182222893","label":"Origen de los Views","name":"select_6182222893","values":[{"label":"\ud83c\udf0d Views Mundiales","value":"visitas mundiales","selected":false,"tempId":"aco_3935","price":"0","gt_translate_keys":["label"]},{"label":"\ud83c\udf0d Views Mundiales de Alta Retenci\u00f3n","value":"visitas mundiales alta retenci\u00f3n","selected":false,"tempId":"aco_5036","price":"100","gt_translate_keys":["label"]},{"label":"\ud83d\udde3\ufe0f Hispano-Hablantes","value":"hispano-hablantes","selected":false,"tempId":"aco_4090","price":"100","gt_translate_keys":["label"]},{"label":"\ud83c\uddea\ud83c\uddf8 Espa\u00f1a","value":"espa\u00f1a","selected":false,"tempId":"aco_3934","price":"100","gt_translate_keys":["label"]},{"label":"\ud83c\uddee\ud83c\uddf9 Italia","value":"italia","selected":false,"tempId":"aco_10568","price":"100","gt_translate_keys":["label"]},{"label":"\ud83c\uddeb\ud83c\uddf7 Francia","value":"francia","selected":false,"tempId":"aco_10803","price":"100","gt_translate_keys":["label"]},{"label":"\ud83c\udde6\ud83c\uddea Emiratos \u00c1rabes","value":"Emiratos-Arabes","selected":false,"tempId":"aco_959","price":"100","gt_translate_keys":["label"]},{"label":"\ud83c\uddfa\ud83c\uddf8 USA desde Ads","value":"USA-ads","selected":false,"tempId":"aco_11128","price":"200","gt_translate_keys":["label"]},{"label":"\ud83c\uddec\ud83c\udde7 UK desde Ads","value":"reino unido","selected":false,"tempId":"aco_1527","price":"200","gt_translate_keys":["label"]},{"label":"\ud83c\uddf5\ud83c\uddf9 Portugal","value":"portugal","selected":false,"tempId":"aco_12385","price":"100","gt_translate_keys":["label"]},{"label":"\ud83c\udde9\ud83c\uddea Alemania","value":"Alemania","selected":false,"tempId":"aco_172","price":"100","gt_translate_keys":["label"]},{"label":"\ud83c\uddf3\ud83c\uddf1 Holanda","value":"holanda","selected":false,"tempId":"aco_11480","price":"100","gt_translate_keys":["label"]},{"label":"\ud83c\uddf8\ud83c\uddea Suecia","value":"Suecia","selected":false,"tempId":"aco_480","price":"100","gt_translate_keys":["label"]},{"label":"\ud83c\uddf7\ud83c\uddf4 Ruman\u00eda","value":"rumania","selected":false,"tempId":"aco_11733","price":"100","gt_translate_keys":["label"]},{"label":"\ud83c\uddf7\ud83c\uddf8 Serbia","value":"Serbia","selected":false,"tempId":"aco_715","price":"100","gt_translate_keys":["label"]},{"label":"\ud83c\udde6\ud83c\uddf7 Argentina","value":"argentina","selected":false,"tempId":"aco_3936","price":"100","gt_translate_keys":["label"]},{"label":"\ud83c\udde8\ud83c\uddf4 Colombia","value":"colombia","selected":false,"tempId":"aco_5730","price":"100","gt_translate_keys":["label"]},{"label":"\ud83c\udde8\ud83c\uddf1 Chile","value":"chile","selected":false,"tempId":"aco_6082","price":"100","gt_translate_keys":["label"]},{"label":"\ud83c\udde8\ud83c\uddf7 Costa Rica","value":"costa rica","selected":false,"tempId":"aco_6218","price":"100","gt_translate_keys":["label"]},{"label":"\ud83c\uddf8\ud83c\uddfb El Salvador","value":"el salvador","selected":false,"tempId":"aco_6579","price":"100","gt_translate_keys":["label"]},{"label":"\ud83c\uddea\ud83c\udde8 Ecuador","value":"ecuador","selected":false,"tempId":"aco_6922","price":"100","gt_translate_keys":["label"]},{"label":"\ud83c\uddfb\ud83c\uddea Venezuela","value":"venezuela","selected":false,"tempId":"aco_7283","price":"100","gt_translate_keys":["label"]},{"label":"\ud83c\uddec\ud83c\uddf9 Gautemala","value":"guatemala","selected":false,"tempId":"aco_7590","price":"100","gt_translate_keys":["label"]},{"label":"\ud83c\udde9\ud83c\uddf4 Rep\u00fablica Dominicana","value":"Rep\u00fablica Dominicana","selected":false,"tempId":"aco_7879","price":"100","gt_translate_keys":["label"]},{"label":"\ud83c\uddf5\ud83c\udde6 Panam\u00e1","value":"Panama","selected":false,"tempId":"aco_8636","price":"100","gt_translate_keys":["label"]},{"label":"\ud83c\uddf5\ud83c\uddfe Paraguay","value":"Paraguay","selected":false,"tempId":"aco_8934","price":"100","gt_translate_keys":["label"]},{"label":"\ud83c\uddf5\ud83c\uddea Per\u00fa","value":"Peru","selected":false,"tempId":"aco_9223","price":"100","gt_translate_keys":["label"]},{"label":"\ud83c\uddf5\ud83c\uddf7 Puerto Rico","value":"puerto rico","selected":false,"tempId":"aco_9575","price":"100","gt_translate_keys":["label"]},{"label":"\ud83c\uddf3\ud83c\uddee Nicaragua","value":"nicaragua","selected":false,"tempId":"aco_9954","price":"100","gt_translate_keys":["label"]},{"label":"\ud83c\uddfa\ud83c\uddfe Uruguay","value":"uruguay","selected":false,"tempId":"aco_10243","price":"100","gt_translate_keys":["label"]}],"dropdown_type":"basic","error":false,"placeholder":"Seleccionar Origen de los Views","priceOptions":"different_for_all","pricingType":"percentage","option_price_format":"(+{price})","gt_translate_keys":["label","placeholder"],"price_dependency":false,"cl_dependency":false,"value":""}],[{"active":true,"col":4,"relations":false,"cl_rule":"show","enableCl":false,"price":"","enablePrice":false,"className":"","type":"text","subtype":"text","required":true,"elementId":"text_867fa91c83b970","label":"Enlace al V\u00eddeo","name":"text_867fa91c83b970","value":"","error":false,"placeholder":"Ejemplo: https:\/\/www.youtube.com\/watch?v=aDF_ESN80r8","enableDesign":false,"LabelSize":"16px","gt_translate_keys":["label","placeholder","value"],"price_dependency":false,"cl_dependency":false}],[{"active":true,"col":4,"relations":false,"cl_rule":"show","enableCl":false,"price":"","enablePrice":true,"className":"","label_position":"default","desc_position":"default","type":"select","required":false,"elementId":"select_867fa91c83b97d","label":"A\u00f1adir Seguidores con Descuento","name":"select_867fa91c83b97d","values":[{"label":"100 Seguidores","value":"100","selected":false,"tempId":"aco_46","price":"5,89","gt_translate_keys":["label"]},{"label":"500 Seguidores","value":"500","selected":false,"tempId":"aco_1337","price":"19,49","gt_translate_keys":["label"]},{"label":"1.000 Seguidores","value":"1000","selected":false,"tempId":"aco_910","price":"38,29","gt_translate_keys":["label"]},{"label":"2.000 Seguidores","value":"2000","selected":false,"tempId":"aco_911","price":"76,49","gt_translate_keys":["label"]},{"label":"5.000 Seguidores","value":"5000","selected":false,"tempId":"aco_912","price":"174,29","gt_translate_keys":["label"]}],"dropdown_type":"basic","error":false,"placeholder":"Ninguno","priceOptions":"different_for_all","pricingType":"fixed","use_as_fee":false,"enableDesign":false,"LabelSize":"16px","tooltip":"Los seguidores ser\u00e1n entregados al mismo perfil del v\u00eddeo.","gt_translate_keys":["label","placeholder","tooltip"],"price_dependency":false,"cl_dependency":false,"value":""}],[{"label":"A\u00f1adir Likes con Descuento","active":true,"required":false,"elementId":"select_367fa91c83b987","dropdown_type":"basic","placeholder":"Ninguno","name":"select_367fa91c83b987","label_position":"default","desc_position":"default","enablePrice":true,"className":"","enableCl":false,"relations":false,"enableDesign":false,"LabelSize":"16px","values":[{"label":"100 Likes","value":"100","selected":false,"tempId":"aco_46","price":"2,89","gt_translate_keys":["label"]},{"label":"500 Likes","value":"500","selected":false,"tempId":"aco_1337","price":"5,79","gt_translate_keys":["label"]},{"label":"1.000 Likes","value":"1000","selected":false,"tempId":"aco_910","price":"8,69","gt_translate_keys":["label"]},{"label":"2.000 Likes","value":"2000","selected":false,"tempId":"aco_911","price":"16,49","gt_translate_keys":["label"]},{"label":"5.000 Likes","value":"5000","selected":false,"tempId":"aco_912","price":"28,29","gt_translate_keys":["label"]}],"priceOptions":"different_for_all","pricingType":"fixed","price":"","use_as_fee":false,"cl_rule":"show","col":4,"type":"select","error":false,"tooltip":"Los likes ser\u00e1n entregados a la misma publicaci\u00f3n.","gt_translate_keys":["label","placeholder","tooltip"],"price_dependency":false,"cl_dependency":false,"value":""}]]}},"config":{"price_override":"","enable_recaptcha":false,"bind_quantity":false,"quantity_bind_formula":false,"disp_summ_show_option_price":false,"disp_summ_show_product_price":false,"disp_summ_show_total_price":false,"disp_summ_show_fee":false,"disp_summ_show_discount":false,"summary_title":"","options_total_label":"Extra's","total_label":"Totaal","options_product_label":"Product","fee_label":"Extra's","discount_label":"Korting","has_price":true,"has_quantity_formula":false},"mc_unit":1,"tax_rate":1,"tax_rate_real":1,"discount":{"percentage":0,"fixed":0},"design":{"conf":{"LabelPosition":"above","DescPosition":"above","UploadField":"custom_1","QuantityFieldStyle":"default"},"css":{"LeftLabelWidth":"120px"}},"formulas":[],"clones":false,"cartKey":false}},"_links":{"self":[{"href":"https:\/\/doymedia.com\/fr\/wp-json\/wp\/v2\/product\/93","targetHints":{"allow":["GET"]}}],"collection":[{"href":"https:\/\/doymedia.com\/fr\/wp-json\/wp\/v2\/product"}],"about":[{"href":"https:\/\/doymedia.com\/fr\/wp-json\/wp\/v2\/types\/product"}],"replies":[{"embeddable":true,"href":"https:\/\/doymedia.com\/fr\/wp-json\/wp\/v2\/comments?post=93"}],"wp:featuredmedia":[{"embeddable":true,"href":"https:\/\/doymedia.com\/fr\/wp-json\/wp\/v2\/media\/243"}],"wp:attachment":[{"href":"https:\/\/doymedia.com\/fr\/wp-json\/wp\/v2\/media?parent=93"}],"wp:term":[{"taxonomy":"product_brand","embeddable":true,"href":"https:\/\/doymedia.com\/fr\/wp-json\/wp\/v2\/product_brand?post=93"},{"taxonomy":"product_cat","embeddable":true,"href":"https:\/\/doymedia.com\/fr\/wp-json\/wp\/v2\/product_cat?post=93"},{"taxonomy":"product_tag","embeddable":true,"href":"https:\/\/doymedia.com\/fr\/wp-json\/wp\/v2\/product_tag?post=93"}],"curies":[{"name":"wp","href":"https:\/\/api.w.org\/{rel}","templated":true}]}}