{"id":94,"date":"2025-03-27T01:32:40","date_gmt":"2025-03-27T00:32:40","guid":{"rendered":"https:\/\/v2.doymedia.com\/?post_type=product&#038;p=94"},"modified":"2025-05-12T16:25:55","modified_gmt":"2025-05-12T14:25:55","slug":"acheter-des-likes-youtube","status":"publish","type":"product","link":"https:\/\/doymedia.com\/fr\/comprar-likes-youtube\/","title":{"rendered":"Acheter des Youtube Likes"},"content":{"rendered":"<section class=\"l-section wpb_row height_medium\"><div class=\"l-section-h i-cf\"><div class=\"g-cols vc_row via_flex valign_top type_default stacking_default\"><div class=\"vc_col-sm-12 wpb_column vc_column_container\"><div class=\"vc_column-inner\"><div class=\"wpb_wrapper\"><div class=\"wpb_text_column\"><div class=\"wpb_wrapper\"><p><strong>Vous publiez des vid\u00e9os sur YouTube et vous n'obtenez pas l'interaction que vous esp\u00e9riez ? <\/strong><\/p>\n<p>Un bon contenu a besoin de visibilit\u00e9, mais aussi de signaux sociaux pour le soutenir.<\/p>\n<p class=\"translation-block\">Lorsqu'une personne voit une vid\u00e9o avec beaucoup de \"likes\", elle la per\u00e7oit comme pertinente, pr\u00e9cieuse et digne de confiance. C'est pourquoi <strong>acheter des likes YouTube<\/strong> peut \u00eatre la cl\u00e9 pour se d\u00e9marquer, attirer plus de spectateurs et am\u00e9liorer votre pr\u00e9sence sur la plateforme.<\/p>\n<p>L'algorithme de YouTube prend \u00e9galement en compte le nombre de likes pour d\u00e9terminer les vid\u00e9os \u00e0 afficher dans les sections de recommandation, de recherche ou de pr\u00e9sentation.<\/p>\n<p class=\"translation-block\">Si vous souhaitez augmenter vos chances de viraliser votre contenu, <strong>acheter des likes YouTube<\/strong> est une strat\u00e9gie intelligente, s\u00fbre et efficace.<\/p>\n<h2>Pourquoi acheter des likes sur YouTube ?<\/h2>\n<p class=\"translation-block\">Les likes ne servent pas uniquement \u00e0 satisfaire l'ego. Ils sont l'un des indicateurs les plus importants de la qualit\u00e9 per\u00e7ue par le public. Plus une vid\u00e9o a de likes, plus sa cr\u00e9dibilit\u00e9, son attrait visuel et ses chances d'attirer de nouveaux spectateurs sont \u00e9lev\u00e9s. En <strong>achetant des likes YouTube<\/strong>, vous envoyez un signal clair \u00e0 l'algorithme et \u00e0 l'utilisateur : ce contenu en vaut la peine.<\/p>\n<p class=\"translation-block\">En outre, l'\"effet domino\" est r\u00e9el. Une vid\u00e9o avec beaucoup de likes tend \u00e0 recevoir plus de commentaires, plus de partages et, surtout, plus de vues organiques. C'est un moyen efficace de compl\u00e9ter d'autres strat\u00e9gies telles que <a href=\"https:\/\/doymedia.com\/fr\/acheter-des-vues-sur-youtube\/\" target=\"_self\"><strong>acheter des vues YouTube<\/strong><\/a> ou <a href=\"https:\/\/doymedia.com\/fr\/acheter-des-abonnes-youtube\/\" target=\"_self\"><strong>acheter des abonn\u00e9s YouTube,<\/strong><\/a> pour construire une pr\u00e9sence solide et coh\u00e9rente sur la plateforme.<\/p>\n<h3>Avantages de l'achat de likes sur YouTube<\/h3>\n<ul>\n<li>\ud83d\udcc8 Am\u00e9liorer l'image publique de vos vid\u00e9os<\/li>\n<li>\ud83d\ude80 Augmente la probabilit\u00e9 d'appara\u00eetre dans les recommandations<\/li>\n<li>\ud83d\udc4d Cr\u00e9dibilit\u00e9 et confiance pour les nouveaux t\u00e9l\u00e9spectateurs<\/li>\n<li>\ud83d\udd01 Augmentez l'engagement de votre cha\u00eene<\/li>\n<li>\ud83d\udd12 Livraison s\u00e9curis\u00e9e, sans risque pour votre compte<\/li>\n<\/ul>\n<p class=\"translation-block\">Que vous ayez une nouvelle cha\u00eene, que vous lanciez une vid\u00e9o importante ou que vous souhaitiez renforcer le contenu de votre marque, <strong>l'achat de likes YouTube<\/strong> est une d\u00e9cision strat\u00e9gique qui peut vous aider \u00e0 vous d\u00e9marquer dans un environnement de plus en plus concurrentiel.<\/p>\n<h2>Est-il prudent d'acheter des likes sur YouTube ?<\/h2>\n<p>Oui, absolument. Sur notre plateforme, nous ne vous demanderons jamais de mot de passe ni d'acc\u00e8s \u00e0 votre cha\u00eene. Il vous suffit de fournir le lien vers la vid\u00e9o pour laquelle vous souhaitez recevoir des likes. Le processus est discret, progressif et con\u00e7u pour que la croissance reste naturelle.<\/p>\n<p class=\"translation-block\">Notre syst\u00e8me fonctionne en toute confidentialit\u00e9 et utilise des m\u00e9thodes \u00e9prouv\u00e9es pour que votre cha\u00eene ne soit pas en danger. Nous savons \u00e0 quel point il est important de prendre soin de votre r\u00e9putation num\u00e9rique, c'est pourquoi <strong>acheter des likes YouTube<\/strong> avec nous est synonyme de confiance et de s\u00e9curit\u00e9.<\/p>\n<h3>Qui peut b\u00e9n\u00e9ficier de ce service ?<\/h3>\n<p class=\"translation-block\">Tous ceux qui publient des vid\u00e9os sur YouTube peuvent en b\u00e9n\u00e9ficier. Ce service est con\u00e7u pour les cr\u00e9ateurs, les marques, les influenceurs, les entreprises ou les nouvelles cha\u00eenes qui souhaitent augmenter l'interaction sur leur contenu. <strong>Achetez des likes YouTube<\/strong> est utile \u00e0 la fois pour promouvoir et consolider votre pr\u00e9sence.<\/p>\n<ul>\n<li>\ud83c\udfa5 Les cr\u00e9ateurs qui veulent plus d'engagement sur leurs vid\u00e9os<\/li>\n<li>\ud83d\udcc8 Nouveaux canaux n\u00e9cessitant une traction initiale<\/li>\n<li>\ud83d\udcbc Les entreprises renforcent leurs campagnes ou leurs lancements<\/li>\n<li>\ud83c\udf99\ufe0f Artistes et musiciens \u00e0 la recherche d'une validation sociale<\/li>\n<li>\ud83e\udde0 Les \u00e9ducateurs ou les experts qui veulent gagner en autorit\u00e9<\/li>\n<\/ul>\n<h2>Comment fonctionne le processus ?<\/h2>\n<p>L'achat de likes YouTube est simple et rapide. Il vous suffit de s\u00e9lectionner le forfait qui vous convient, de nous fournir le lien de la vid\u00e9o et d'effectuer le paiement. Une fois le paiement confirm\u00e9, nous commencerons \u00e0 livrer les likes progressivement et en toute s\u00e9curit\u00e9.<\/p>\n<p>Si vous avez besoin d'aide \u00e0 n'importe quel stade du processus, notre \u00e9quipe d'assistance se tient \u00e0 votre disposition pour r\u00e9pondre \u00e0 vos questions et veiller \u00e0 ce que votre exp\u00e9rience soit satisfaisante d\u00e8s le d\u00e9part.<\/p>\n<h2>D\u00e9veloppez votre cha\u00eene d\u00e8s aujourd'hui<\/h2>\n<p class=\"translation-block\">Des milliers d'utilisateurs ont d\u00e9j\u00e0 eu recours \u00e0 ce service pour booster leurs vid\u00e9os et am\u00e9liorer leur classement sur YouTube. Vous pouvez en faire autant. &lt;Acheter des likes YouTube<\/strong> est un moyen rapide, s\u00fbr et efficace d'augmenter votre impact sans complications.<\/p>\n<p>Ne laissez pas vos vid\u00e9os passer inaper\u00e7ues. Ajoutez de la valeur, de l'autorit\u00e9 et de la visibilit\u00e9 en une seule \u00e9tape. Choisissez votre formule et commencez \u00e0 voir des r\u00e9sultats d\u00e8s aujourd'hui.<\/p>\n<\/div><\/div><\/div><\/div><\/div><\/div><\/div><\/section>","protected":false},"excerpt":{"rendered":"Tu publies des vid\u00e9os sur YouTube et tu ne vois pas l'interaction que tu esp\u00e9rais ? Un bon contenu a besoin de visibilit\u00e9, mais il a aussi besoin de signaux sociaux pour le soutenir. Lorsque quelqu'un voit une vid\u00e9o avec beaucoup de likes, il la per\u00e7oit comme pertinente, pr\u00e9cieuse et digne de confiance. C'est pourquoi l'achat de likes sur YouTube peut \u00eatre la cl\u00e9 pour se d\u00e9marquer, attirer plus de spectateurs et...","protected":false},"featured_media":243,"comment_status":"open","ping_status":"closed","template":"","meta":{"_acf_changed":false},"product_brand":[],"product_cat":[21],"product_tag":[],"class_list":{"0":"post-94","1":"product","2":"type-product","3":"status-publish","4":"has-post-thumbnail","6":"product_cat-youtube","7":"wcpa_has_options","9":"first","10":"instock","11":"sale","12":"featured","13":"shipping-taxable","14":"purchasable","15":"product-type-variable","16":"has-default-attributes"},"acf":[],"wcpa_form_fields":{"wcpaData":{"product":{"product_price":1.99,"price_html":"","original_product_price":1.99,"price_including_tax":1.99,"price_excluding_tax":1.99,"product_id":{"parent":94,"variation":false},"is_variable":true,"stock_status":"instock","stock_quantity":null,"parent_sku":"","product_attributes":{"cantidad":{"is_variation":true,"values":[]}},"custom_fields":[],"is_taxable":false,"product_name":"Comprar Likes Youtube","hasImage":false},"fields":{"sec_667faa076605fd":{"extra":{"key":"sec_667faa076605fd","section_id":"sec_667faa076605fd","name":"Por defecto","status":1,"toggle":true,"form_id":1056,"form_rules":{"exclude_from_discount":false,"fee_label":"Extra","disp_hide_options_price":false,"disp_show_section_price":false,"disp_show_field_price":false,"layout_option":"standard","pric_use_as_fee":false,"process_fee_as":"woo_fee"},"layout_option":"standard"},"fields":[[{"active":true,"col":5,"relations":false,"cl_rule":"show","enableCl":false,"price":"","enablePrice":false,"className":"","type":"text","subtype":"text","required":true,"elementId":"text_967faa0766061b","label":"Enlace al V\u00eddeo","name":"text_967faa0766061b","value":"","error":false,"placeholder":"Ejemplo: https:\/\/www.youtube.com\/watch?v=0e3GPea1Tyg","enableDesign":false,"LabelSize":"16px","gt_translate_keys":["label","placeholder","value"],"price_dependency":false,"cl_dependency":false}]]}},"config":{"price_override":"","enable_recaptcha":false,"bind_quantity":false,"quantity_bind_formula":false,"disp_summ_show_option_price":false,"disp_summ_show_product_price":false,"disp_summ_show_total_price":false,"disp_summ_show_fee":false,"disp_summ_show_discount":false,"summary_title":"","options_total_label":"Extra","total_label":"Totale","options_product_label":"Prodotto","fee_label":"Extra","discount_label":"Descuento","has_price":true,"has_quantity_formula":false},"mc_unit":1,"tax_rate":1,"tax_rate_real":1,"discount":{"percentage":0,"fixed":0},"design":{"conf":{"LabelPosition":"above","DescPosition":"above","UploadField":"custom_1","QuantityFieldStyle":"default"},"css":{"LeftLabelWidth":"120px"}},"formulas":[],"clones":false,"cartKey":false}},"_links":{"self":[{"href":"https:\/\/doymedia.com\/fr\/wp-json\/wp\/v2\/product\/94","targetHints":{"allow":["GET"]}}],"collection":[{"href":"https:\/\/doymedia.com\/fr\/wp-json\/wp\/v2\/product"}],"about":[{"href":"https:\/\/doymedia.com\/fr\/wp-json\/wp\/v2\/types\/product"}],"replies":[{"embeddable":true,"href":"https:\/\/doymedia.com\/fr\/wp-json\/wp\/v2\/comments?post=94"}],"wp:featuredmedia":[{"embeddable":true,"href":"https:\/\/doymedia.com\/fr\/wp-json\/wp\/v2\/media\/243"}],"wp:attachment":[{"href":"https:\/\/doymedia.com\/fr\/wp-json\/wp\/v2\/media?parent=94"}],"wp:term":[{"taxonomy":"product_brand","embeddable":true,"href":"https:\/\/doymedia.com\/fr\/wp-json\/wp\/v2\/product_brand?post=94"},{"taxonomy":"product_cat","embeddable":true,"href":"https:\/\/doymedia.com\/fr\/wp-json\/wp\/v2\/product_cat?post=94"},{"taxonomy":"product_tag","embeddable":true,"href":"https:\/\/doymedia.com\/fr\/wp-json\/wp\/v2\/product_tag?post=94"}],"curies":[{"name":"wp","href":"https:\/\/api.w.org\/{rel}","templated":true}]}}