{"id":96,"date":"2025-03-27T01:32:40","date_gmt":"2025-03-27T00:32:40","guid":{"rendered":"https:\/\/v2.doymedia.com\/?post_type=product&#038;p=96"},"modified":"2025-07-16T21:41:59","modified_gmt":"2025-07-16T19:41:59","slug":"acheter-de-laudience-sur-facebook","status":"publish","type":"product","link":"https:\/\/doymedia.com\/fr\/comprar-valoraciones-facebook\/","title":{"rendered":"Acheter les notes de Facebook"},"content":{"rendered":"<section class=\"l-section wpb_row height_medium\"><div class=\"l-section-h i-cf\"><div class=\"g-cols vc_row via_flex valign_top type_default stacking_default\"><div class=\"vc_col-sm-12 wpb_column vc_column_container\"><div class=\"vc_column-inner\"><div class=\"wpb_wrapper\"><div class=\"wpb_text_column\"><div class=\"wpb_wrapper\"><p class=\"translation-block\">Dans le monde num\u00e9rique, la premi\u00e8re impression est essentielle. Et sur Facebook, cette impression provient des avis que votre page re\u00e7oit. Une entreprise avec de bons avis et des \u00e9valuations positives transmet la confiance, le professionnalisme et la qualit\u00e9. Par cons\u00e9quent, <strong>l'achat d'avis Facebook<\/strong> est une strat\u00e9gie efficace pour am\u00e9liorer l'image publique de votre page, attirer de nouveaux clients et accro\u00eetre directement votre cr\u00e9dibilit\u00e9.<\/p>\n<p class=\"translation-block\">Les avis n'influencent pas seulement ce que les utilisateurs pensent de vous. Ils ont \u00e9galement un impact sur l'algorithme de la plateforme, augmentant votre visibilit\u00e9 et aidant plus de personnes \u00e0 d\u00e9couvrir votre entreprise ou votre projet. Si vous n'avez pas encore suffisamment d'avis, ou si vous avez besoin de contrer les avis n\u00e9gatifs, <strong>l'achat d'avis Facebook<\/strong> peut faire la diff\u00e9rence.<\/p>\n<p class=\"translation-block\">En outre, si vous souhaitez renforcer votre pr\u00e9sence et construire une communaut\u00e9 solide, vous pouvez <a href=\"https:\/\/doymedia.com\/fr\/acheter-des-fans-facebook\/\" target=\"_self\"><strong>acheter des fans Facebook<\/strong><\/a> et augmenter le nombre de followers visibles sur votre page, g\u00e9n\u00e9rant ainsi plus de cr\u00e9dibilit\u00e9 d\u00e8s le premier coup d'\u0153il.<\/p>\n<h2>Pourquoi acheter des \u00e9valuations sur Facebook ?<\/h2>\n<p class=\"translation-block\">Parce que les d\u00e9cisions d'achat commencent par la confiance. La plupart des utilisateurs consultent les avis avant de contacter une marque, de faire une r\u00e9servation ou d'acheter un produit. En <strong>achetant des avis Facebook,<\/strong> vous construisez une r\u00e9putation solide et g\u00e9n\u00e9rez une perception positive d\u00e8s le d\u00e9part.<\/p>\n<p>En outre, les avis font office de preuve sociale. Une page comportant de nombreux avis positifs donne l'impression d'\u00eatre active, digne de confiance et bien not\u00e9e par les autres. Cela encourage les nouveaux utilisateurs \u00e0 vous suivre, \u00e0 \u00e9crire des commentaires, \u00e0 interagir avec vos messages ou \u00e0 devenir des clients.<\/p>\n<h3>Avantages de l'achat d'\u00e9valuations d'audience sur Facebook<\/h3>\n<ul>\n<li>\u2b50 Renforcer l'image professionnelle de votre site web<\/li>\n<li>\ud83d\udcc8 Am\u00e9liorer votre r\u00e9putation aux yeux des nouveaux utilisateurs<\/li>\n<li>\ud83d\udd0e Augmenter votre visibilit\u00e9 dans les r\u00e9sultats locaux<\/li>\n<li>\ud83e\udd1d G\u00e9n\u00e8re plus de confiance et de conversions<\/li>\n<li>\ud83d\udd12 Livraison s\u00e9curis\u00e9e, sans risque pour votre compte<\/li>\n<\/ul>\n<p class=\"translation-block\">Que vous dirigiez une entreprise locale, une boutique en ligne, une marque personnelle ou une start-up, <strong>l'achat d'avis Facebook<\/strong> vous permet de mieux vous positionner par rapport \u00e0 vos concurrents et d'entrer plus facilement en contact avec votre public cible.<\/p>\n<h2>Est-il prudent d'acheter des \u00e9valuations de Facebook ?<\/h2>\n<p>Oui, absolument. Notre service est con\u00e7u pour vous fournir des avis authentiques, coh\u00e9rents avec votre niche et sans mettre en p\u00e9ril votre profil ou votre r\u00e9putation. Nous ne demandons pas de mot de passe ni d'acc\u00e8s \u00e0 votre compte. Nous avons simplement besoin du lien vers votre page pour lancer le processus de mani\u00e8re totalement s\u00e9curis\u00e9e.<\/p>\n<p>En outre, vous pouvez choisir entre des \u00e9valuations par \u00e9toiles ou des commentaires \u00e9crits. Nous nous adaptons \u00e0 vos besoins pour que votre site projette exactement l'image que vous souhaitez donner.<\/p>\n<h3>Qui peut b\u00e9n\u00e9ficier de ce service ?<\/h3>\n<p class=\"translation-block\">Ce service est utile pour toute entreprise, professionnel ou site web qui a besoin d'am\u00e9liorer sa r\u00e9putation num\u00e9rique. Si vous avez re\u00e7u des avis n\u00e9gatifs injustifi\u00e9s ou si vous souhaitez simplement renforcer votre image de marque, <strong>acheter des avis Facebook<\/strong> est une solution pratique et efficace.<\/p>\n<ul>\n<li>\ud83c\udfea Les entreprises locales qui veulent se d\u00e9marquer de la concurrence<\/li>\n<li>\ud83d\udecd\ufe0f Les boutiques en ligne cherchent \u00e0 renforcer la confiance<\/li>\n<li>\ud83d\udcf2 Les entrepreneurs num\u00e9riques travaillant sur leur personal branding.<\/li>\n<li>\ud83d\udcac Agences et professionnels offrant des services<\/li>\n<li>\ud83d\udcc8 Les entreprises qui ont besoin d'am\u00e9liorer leur r\u00e9putation en ligne<\/li>\n<\/ul>\n<h2>Comment cela fonctionne-t-il ?<\/h2>\n<p>Il vous suffit de s\u00e9lectionner le nombre d'avis que vous souhaitez obtenir et de nous fournir le lien vers votre page Facebook. Vous pouvez pr\u00e9ciser si vous pr\u00e9f\u00e9rez des commentaires \u00e9crits ou simplement des \u00e9valuations. Nous nous chargeons du reste, en livrant les avis de mani\u00e8re progressive et naturelle.<\/p>\n<p>Si vous le souhaitez, nous pouvons \u00e9galement adapter les textes des revues \u00e0 votre secteur, afin qu'ils soient coh\u00e9rents et cr\u00e9dibles. Notre \u00e9quipe vous conseillera pour que le r\u00e9sultat soit professionnel et b\u00e9n\u00e9fique pour votre image publique.<\/p>\n<h2>Faites en sorte que votre site web soit digne de confiance d\u00e8s aujourd'hui<\/h2>\n<p class=\"translation-block\">Ne sous-estimez pas le pouvoir d'une bonne r\u00e9putation. <strong>L'achat d'avis Facebook<\/strong> vous permet de franchir le pas n\u00e9cessaire pour convertir les visiteurs en clients, renforcer votre autorit\u00e9 et vous d\u00e9marquer sur votre march\u00e9.<\/p>\n<p>Choisissez votre formule id\u00e9ale, faites-nous part de vos pr\u00e9f\u00e9rences et commencez d\u00e8s aujourd'hui \u00e0 transformer l'image de votre site web. Votre r\u00e9putation vaut beaucoup. Prenez-en soin et d\u00e9veloppez-la gr\u00e2ce \u00e0 des avis r\u00e9els, efficaces et s\u00fbrs.<\/p>\n<\/div><\/div><\/div><\/div><\/div><\/div><\/div><\/section>","protected":false},"excerpt":{"rendered":"Dans le monde num\u00e9rique, la premi\u00e8re impression est essentielle. Et sur Facebook, cette impression vient des avis que ta page re\u00e7oit. Une entreprise avec de bons avis et des \u00e9valuations positives v\u00e9hicule la confiance, le professionnalisme et la qualit\u00e9. C'est pourquoi l'achat d'avis Facebook est une strat\u00e9gie efficace pour am\u00e9liorer l'image publique de ta page, attirer de nouveaux clients....","protected":false},"featured_media":316,"comment_status":"open","ping_status":"closed","template":"","meta":{"_acf_changed":false},"product_brand":[],"product_cat":[20],"product_tag":[],"class_list":{"0":"post-96","1":"product","2":"type-product","3":"status-publish","4":"has-post-thumbnail","6":"product_cat-facebook","7":"wcpa_has_options","9":"first","10":"instock","11":"sale","12":"shipping-taxable","13":"purchasable","14":"product-type-variable","15":"has-default-attributes"},"acf":[],"wcpa_form_fields":{"wcpaData":{"product":{"product_price":3.99,"price_html":"","original_product_price":3.99,"price_including_tax":3.99,"price_excluding_tax":3.99,"product_id":{"parent":96,"variation":false},"is_variable":true,"stock_status":"instock","stock_quantity":null,"parent_sku":"","product_attributes":{"cantidad":{"is_variation":true,"values":[]}},"custom_fields":[],"is_taxable":false,"product_name":"Comprar Valoraciones Facebook","hasImage":false},"fields":{"sec_767faa69e11ac7":{"extra":{"key":"sec_767faa69e11ac7","section_id":"sec_767faa69e11ac7","name":"Por defecto","status":1,"toggle":true,"form_id":1067,"form_rules":{"exclude_from_discount":false,"fee_label":"Extra","disp_hide_options_price":false,"disp_show_section_price":false,"disp_show_field_price":false,"layout_option":"standard","pric_use_as_fee":false,"process_fee_as":"woo_fee"},"layout_option":"standard"},"fields":[[{"active":true,"col":5,"relations":false,"cl_rule":"show","enableCl":false,"price":"","enablePrice":false,"className":"","type":"text","subtype":"text","required":true,"elementId":"text_367faa69e11ae8","label":"Enlace a la Fanpage de Facebook","name":"text_367faa69e11ae8","value":"","error":false,"placeholder":"Ejemplo: https:\/\/www.facebook.com\/mrbeast","enableDesign":false,"LabelSize":"16px","gt_translate_keys":["label","placeholder","value"],"price_dependency":false,"cl_dependency":false}],[{"active":true,"col":5,"relations":false,"cl_rule":"show","enableCl":false,"price":"","enablePrice":false,"className":"","label_position":"default","desc_position":"default","type":"textarea","required":true,"elementId":"textarea_9930819785","label":"Comentarios a Publicar","name":"textarea_9930819785","value":"","rows":2,"error":false,"description":"","placeholder":"Escribe los comentarios a publicar, o env\u00edanos informaci\u00f3n sobre tu negocio para saber nosotros sobre qu\u00e9 escribir las valoraciones.","gt_translate_keys":["label","placeholder","description","value"],"price_dependency":false,"cl_dependency":false}]]}},"config":{"price_override":"","enable_recaptcha":false,"bind_quantity":false,"quantity_bind_formula":false,"disp_summ_show_option_price":false,"disp_summ_show_product_price":false,"disp_summ_show_total_price":false,"disp_summ_show_fee":false,"disp_summ_show_discount":false,"summary_title":"","options_total_label":"Extra","total_label":"Totale","options_product_label":"Prodotto","fee_label":"Extra","discount_label":"Descuento","has_price":true,"has_quantity_formula":false},"mc_unit":1,"tax_rate":1,"tax_rate_real":1,"discount":{"percentage":0,"fixed":0},"design":{"conf":{"LabelPosition":"above","DescPosition":"above","UploadField":"custom_1","QuantityFieldStyle":"default"},"css":{"LeftLabelWidth":"120px"}},"formulas":[],"clones":false,"cartKey":false}},"_links":{"self":[{"href":"https:\/\/doymedia.com\/fr\/wp-json\/wp\/v2\/product\/96","targetHints":{"allow":["GET"]}}],"collection":[{"href":"https:\/\/doymedia.com\/fr\/wp-json\/wp\/v2\/product"}],"about":[{"href":"https:\/\/doymedia.com\/fr\/wp-json\/wp\/v2\/types\/product"}],"replies":[{"embeddable":true,"href":"https:\/\/doymedia.com\/fr\/wp-json\/wp\/v2\/comments?post=96"}],"wp:featuredmedia":[{"embeddable":true,"href":"https:\/\/doymedia.com\/fr\/wp-json\/wp\/v2\/media\/316"}],"wp:attachment":[{"href":"https:\/\/doymedia.com\/fr\/wp-json\/wp\/v2\/media?parent=96"}],"wp:term":[{"taxonomy":"product_brand","embeddable":true,"href":"https:\/\/doymedia.com\/fr\/wp-json\/wp\/v2\/product_brand?post=96"},{"taxonomy":"product_cat","embeddable":true,"href":"https:\/\/doymedia.com\/fr\/wp-json\/wp\/v2\/product_cat?post=96"},{"taxonomy":"product_tag","embeddable":true,"href":"https:\/\/doymedia.com\/fr\/wp-json\/wp\/v2\/product_tag?post=96"}],"curies":[{"name":"wp","href":"https:\/\/api.w.org\/{rel}","templated":true}]}}