{"id":97,"date":"2025-03-27T01:32:40","date_gmt":"2025-03-27T00:32:40","guid":{"rendered":"https:\/\/v2.doymedia.com\/?post_type=product&#038;p=97"},"modified":"2025-06-16T19:17:04","modified_gmt":"2025-06-16T17:17:04","slug":"acheter-des-vues-sur-instagram","status":"publish","type":"product","link":"https:\/\/doymedia.com\/fr\/comprar-views-instagram\/","title":{"rendered":"Acheter des vues Instagram"},"content":{"rendered":"<section class=\"l-section wpb_row height_medium\"><div class=\"l-section-h i-cf\"><div class=\"g-cols vc_row via_flex valign_top type_default stacking_default\"><div class=\"vc_col-sm-12 wpb_column vc_column_container\"><div class=\"vc_column-inner\"><div class=\"wpb_wrapper\"><div class=\"wpb_text_column\"><div class=\"wpb_wrapper\"><p class=\"translation-block\">Sur Instagram, ce que vous ne voyez pas n'existe pas. Vous publiez une bobine, une vid\u00e9o ou une story, mais si elle n'obtient pas rapidement des vues, elle passe inaper\u00e7ue. C'est pourquoi <strong>l'achat de vues Instagram<\/strong> est une strat\u00e9gie efficace pour augmenter la visibilit\u00e9 de votre contenu, attirer plus d'interactions et mieux vous positionner sur la plateforme.<\/p>\n<p class=\"translation-block\">Le nombre de vues est un indicateur cl\u00e9 pour l'algorithme. Plus votre publication a de vues, plus vous avez de chances d'appara\u00eetre dans la section \"explorer\" et de gagner de nouveaux followers. Si vous cr\u00e9ez du bon contenu mais manquez de port\u00e9e, <strong>l'achat de vues Instagram<\/strong> pourrait \u00eatre le coup de pouce dont vous avez besoin pour vous d\u00e9marquer.<\/p>\n<h2>Pourquoi acheter des vues Instagram ?<\/h2>\n<p class=\"translation-block\">Parce que l'algorithme valorise l'activit\u00e9 imm\u00e9diate. Lorsqu'une bobine ou une vid\u00e9o re\u00e7oit beaucoup de vues en peu de temps, Instagram la d\u00e9tecte comme un contenu pertinent et la pousse vers de nouvelles audiences. <strong>L'achat de vues Instagram<\/strong> vous permet de g\u00e9n\u00e9rer cet impact initial rapidement et en toute s\u00e9curit\u00e9, en augmentant votre port\u00e9e sans d\u00e9pendre du hasard.<\/p>\n<p>En outre, le nombre de vues influence \u00e9galement la perception des autres utilisateurs. Un contenu consult\u00e9 \u00e0 de nombreuses reprises suscite plus de curiosit\u00e9, plus de confiance et plus d'interactions. Il s'agit d'un effet domino qui s'active d\u00e8s le premier clic.<\/p>\n<h3>Avantages de l'achat de vues sur Instagram<\/h3>\n<ul>\n<li>\ud83d\udcc8 Visibilit\u00e9 accrue dans les bobines, les vid\u00e9os et les r\u00e9cits<\/li>\n<li>\ud83d\ude80 Impulsion initiale qui favorise le positionnement<\/li>\n<li>\ud83c\udfaf Plus de chances d'\u00eatre pr\u00e9sent\u00e9 dans l'exploration<\/li>\n<li>\ud83d\udcac Am\u00e9liorer la perception de votre contenu pour les nouveaux utilisateurs<\/li>\n<li>\ud83d\udd12 Livraison s\u00e9curis\u00e9e, naturelle et sans compromis sur votre compte<\/li>\n<\/ul>\n<p><strong>Acheter des vues sur Instagram<\/strong> est particuli\u00e8rement utile si vous faites la promotion d'un produit, si vous lancez une campagne ou si vous souhaitez simplement que votre contenu ait plus d'impact. C'est un moyen rapide et efficace de multiplier votre port\u00e9e sans vous compliquer la vie.<\/p>\n<h2>Est-il prudent d'acheter des vues sur Instagram ?<\/h2>\n<p>Oui, totalement s\u00e9curis\u00e9. Nous ne demandons pas de mots de passe ou de donn\u00e9es sensibles. Nous avons simplement besoin du lien vers la vid\u00e9o, la bobine ou l'histoire que vous souhaitez promouvoir. La diffusion se fait progressivement pour maintenir un rythme naturel et \u00e9viter tout signal artificiel.<\/p>\n<p>Notre syst\u00e8me vous assure d'obtenir des vues sans mettre votre compte en danger. Nous travaillons avec des m\u00e9thodes \u00e9prouv\u00e9es qui sont compatibles avec les politiques d'Instagram, de sorte que vous pouvez vous concentrer sur la cr\u00e9ation de contenu pendant que nous vous aidons \u00e0 le rendre visible.<\/p>\n<h3>Qui peut b\u00e9n\u00e9ficier de ce service ?<\/h3>\n<p class=\"translation-block\">Ce service est con\u00e7u pour les cr\u00e9ateurs, les marques, les entrepreneurs, les artistes ou tout utilisateur qui souhaite se d\u00e9marquer sur Instagram. Que vous d\u00e9butiez ou que vous ayez d\u00e9j\u00e0 une audience \u00e9tablie : <strong>l'achat de vues Instagram<\/strong> peut vous aider \u00e0 aller plus loin.<\/p>\n<ul>\n<li>\ud83c\udfa5 Les cr\u00e9ateurs de contenu \u00e0 la recherche de viralit\u00e9<\/li>\n<li>\ud83d\udcc8 Les entreprises qui souhaitent donner de la visibilit\u00e9 \u00e0 leurs produits<\/li>\n<li>\ud83d\udce2 Les marques personnelles qui souhaitent renforcer leur pr\u00e9sence<\/li>\n<li>\ud83c\udfa4 Les artistes publient de nouvelles bobines ou de nouveaux clips vid\u00e9o<\/li>\n<li>\ud83d\udecd\ufe0f Les boutiques qui utilisent Instagram pour promouvoir leurs offres<\/li>\n<\/ul>\n<p>Si votre objectif est d'\u00e9tablir une forte pr\u00e9sence sur Instagram, les vues jouent un r\u00f4le essentiel. Non seulement elles am\u00e9liorent la perception de vos posts, mais elles influencent \u00e9galement la performance globale de votre profil. Un bon nombre de vues ouvre la porte \u00e0 des collaborations, \u00e0 de nouvelles audiences et \u00e0 une croissance plus rapide et plus soutenue.<\/p>\n<p class=\"translation-block\"><strong>L'achat de vues Instagram<\/strong> vous permet d'atteindre ce niveau de visibilit\u00e9 sans avoir \u00e0 attendre des semaines ou \u00e0 d\u00e9pendre d'algorithmes impr\u00e9visibles.<\/p>\n<h2>Comment fonctionne le processus ?<\/h2>\n<p>Il vous suffit de choisir la formule qui vous convient le mieux, de nous envoyer le lien vers la publication et d'effectuer le paiement. Nous nous chargeons du reste. La livraison commencera rapidement, progressivement et sans affecter votre profil.<\/p>\n<p class=\"translation-block\">Et si vous souhaitez booster encore plus votre pr\u00e9sence, vous pouvez compl\u00e9ter ce service avec le <a href=\"https:\/\/doymedia.com\/fr\/acheter-des-likes-instagram\/\" target=\"_self\"><strong>acheter des likes Instagram<\/strong><\/a> ou le <a href=\"https:\/\/doymedia.com\/fr\/acheter-des-followers-instagram\/\" target=\"_self\"><strong>acheter des followers Instagram<\/strong><\/a>. Vous obtiendrez ainsi un profil plus complet et coh\u00e9rent, pr\u00eat \u00e0 se d\u00e9velopper de mani\u00e8re organique.<\/p>\n<h2>Donnez de l'ampleur \u00e0 votre contenu<\/h2>\n<p class=\"translation-block\">Ne laissez pas vos vid\u00e9os passer inaper\u00e7ues. Avec <strong>achetez des vues Instagram<\/strong>, vous pouvez augmenter votre visibilit\u00e9, am\u00e9liorer votre positionnement et obtenir plus d'attention en quelques minutes. Faites en sorte que chaque post compte et commencez \u00e0 vous d\u00e9marquer d\u00e8s aujourd'hui.<\/p>\n<\/div><\/div><\/div><\/div><\/div><\/div><\/div><\/section>","protected":false},"excerpt":{"rendered":"Sur Instagram, ce que tu ne vois pas n'existe pas. Tu publies une bobine, une vid\u00e9o ou une story, mais si elle n'obtient pas rapidement des vues, elle passe inaper\u00e7ue. C'est pourquoi l'achat de vues Instagram est une strat\u00e9gie efficace pour augmenter la visibilit\u00e9 de ton contenu, attirer plus d'interactions et mieux te positionner sur la plateforme. Les vues sont une mesure cl\u00e9...","protected":false},"featured_media":227,"comment_status":"open","ping_status":"closed","template":"","meta":{"_acf_changed":false},"product_brand":[],"product_cat":[17],"product_tag":[],"class_list":{"0":"post-97","1":"product","2":"type-product","3":"status-publish","4":"has-post-thumbnail","6":"product_cat-instagram","7":"wcpa_has_options","9":"first","10":"instock","11":"sale","12":"featured","13":"shipping-taxable","14":"purchasable","15":"product-type-variable","16":"has-default-attributes"},"acf":[],"wcpa_form_fields":{"wcpaData":{"product":{"product_price":1.99,"price_html":"","original_product_price":1.99,"price_including_tax":1.99,"price_excluding_tax":1.99,"product_id":{"parent":97,"variation":false},"is_variable":true,"stock_status":"instock","stock_quantity":null,"parent_sku":"","product_attributes":{"cantidad":{"is_variation":true,"values":[]}},"custom_fields":[],"is_taxable":false,"product_name":"Comprar Views Instagram","hasImage":false},"fields":{"sec_1067fa76ecc2b86":{"extra":{"key":"sec_1067fa76ecc2b86","section_id":"sec_1067fa76ecc2b86","name":"Por defecto","status":1,"toggle":true,"form_id":1025,"form_rules":{"exclude_from_discount":false,"fee_label":"Extras","disp_hide_options_price":false,"disp_show_section_price":false,"disp_show_field_price":false,"layout_option":"standard","pric_use_as_fee":false,"process_fee_as":"woo_fee"},"layout_option":"standard"},"fields":[[{"active":true,"col":5,"relations":false,"cl_rule":"show","enableCl":false,"price":"","enablePrice":false,"className":"","type":"text","subtype":"text","required":true,"elementId":"text_567fa76ecc2bad","label":"Enlace de la Publicaci\u00f3n","name":"text_567fa76ecc2bad","value":"","error":false,"placeholder":"Ejemplo: https:\/\/www.instagram.com\/p\/DGxqbv9oVTD\/","gt_translate_keys":["label","placeholder","value"],"price_dependency":false,"cl_dependency":false}],[{"active":true,"col":5,"relations":false,"cl_rule":"show","enableCl":false,"price":"","enablePrice":true,"className":"","label_position":"default","desc_position":"default","type":"select","required":false,"elementId":"select_167fa76ecc2bb7","label":"A\u00f1adir Likes con Descuento","name":"select_167fa76ecc2bb7","values":[{"label":"100 Likes","value":"100","selected":false,"tempId":"aco_910","price":"2,79","gt_translate_keys":["label"]},{"label":"500 Likes","value":"500","selected":false,"tempId":"aco_911","price":"4,69","gt_translate_keys":["label"]},{"label":"1.000 Likes","value":"1000","selected":false,"tempId":"aco_912","price":"7,59","gt_translate_keys":["label"]},{"label":"5.000 Likes","value":"5000","selected":false,"tempId":"aco_1337","price":"29,49","gt_translate_keys":["label"]},{"label":"10.000 Likes","value":"10000","selected":false,"tempId":"aco_1059","price":"48,29","gt_translate_keys":["label"]}],"dropdown_type":"basic","error":false,"placeholder":"Ninguno","priceOptions":"different_for_all","pricingType":"fixed","use_as_fee":false,"option_price_format":"","tooltip":"Los likes se pondr\u00e1n a la misma publicaci\u00f3n.","gt_translate_keys":["label","placeholder","tooltip"],"price_dependency":false,"cl_dependency":false,"value":""}],[{"label":"A\u00f1adir Seguidores con Descuento","active":true,"required":false,"elementId":"select-8208233690","dropdown_type":"basic","placeholder":"Ninguno","tooltip":"Los seguidores se pondr\u00e1n al mismo perfil de la publicaci\u00f3n.","name":"select-8208233690","label_position":"default","desc_position":"default","enablePrice":true,"className":"","enableCl":false,"relations":false,"option_price_format":"","values":[{"label":"100 Seguidores","value":"100","selected":false,"tempId":"aco_910","price":"2,45","gt_translate_keys":["label"]},{"label":"500 Seguidores","value":"500","selected":false,"tempId":"aco_911","price":"6,50","gt_translate_keys":["label"]},{"label":"1.000 Seguidores","value":"1000","selected":false,"tempId":"aco_912","price":"9,50","gt_translate_keys":["label"]},{"label":"5.000 Seguidores","value":"5000","selected":false,"tempId":"aco_1337","price":"39,50","gt_translate_keys":["label"]},{"label":"10.000 Seguidores","value":"10000","selected":false,"tempId":"aco_1059","price":"79,50","gt_translate_keys":["label"]}],"priceOptions":"different_for_all","pricingType":"fixed","price":"","use_as_fee":false,"cl_rule":"show","col":5,"type":"select","error":false,"gt_translate_keys":["label","placeholder","tooltip"],"price_dependency":false,"cl_dependency":false,"value":""}]]}},"config":{"price_override":"","enable_recaptcha":false,"bind_quantity":false,"quantity_bind_formula":false,"disp_summ_show_option_price":false,"disp_summ_show_product_price":false,"disp_summ_show_total_price":false,"disp_summ_show_fee":false,"disp_summ_show_discount":false,"summary_title":"","options_total_label":"Extras","total_label":"Total","options_product_label":"Producto","fee_label":"Extras","discount_label":"Descuento","has_price":true,"has_quantity_formula":false},"mc_unit":1,"tax_rate":1,"tax_rate_real":1,"discount":{"percentage":0,"fixed":0},"design":{"conf":{"LabelPosition":"above","DescPosition":"above","UploadField":"custom_1","QuantityFieldStyle":"default"},"css":{"LeftLabelWidth":"120px"}},"formulas":[],"clones":false,"cartKey":false}},"_links":{"self":[{"href":"https:\/\/doymedia.com\/fr\/wp-json\/wp\/v2\/product\/97","targetHints":{"allow":["GET"]}}],"collection":[{"href":"https:\/\/doymedia.com\/fr\/wp-json\/wp\/v2\/product"}],"about":[{"href":"https:\/\/doymedia.com\/fr\/wp-json\/wp\/v2\/types\/product"}],"replies":[{"embeddable":true,"href":"https:\/\/doymedia.com\/fr\/wp-json\/wp\/v2\/comments?post=97"}],"wp:featuredmedia":[{"embeddable":true,"href":"https:\/\/doymedia.com\/fr\/wp-json\/wp\/v2\/media\/227"}],"wp:attachment":[{"href":"https:\/\/doymedia.com\/fr\/wp-json\/wp\/v2\/media?parent=97"}],"wp:term":[{"taxonomy":"product_brand","embeddable":true,"href":"https:\/\/doymedia.com\/fr\/wp-json\/wp\/v2\/product_brand?post=97"},{"taxonomy":"product_cat","embeddable":true,"href":"https:\/\/doymedia.com\/fr\/wp-json\/wp\/v2\/product_cat?post=97"},{"taxonomy":"product_tag","embeddable":true,"href":"https:\/\/doymedia.com\/fr\/wp-json\/wp\/v2\/product_tag?post=97"}],"curies":[{"name":"wp","href":"https:\/\/api.w.org\/{rel}","templated":true}]}}