{"id":99,"date":"2025-03-27T01:32:40","date_gmt":"2025-03-27T00:32:40","guid":{"rendered":"https:\/\/v2.doymedia.com\/?post_type=product&#038;p=99"},"modified":"2025-06-17T19:05:09","modified_gmt":"2025-06-17T17:05:09","slug":"acheter-des-followers-tiktok","status":"publish","type":"product","link":"https:\/\/doymedia.com\/fr\/comprar-seguidores-tiktok\/","title":{"rendered":"Acheter des followers TikTok"},"content":{"rendered":"<section class=\"l-section wpb_row height_medium\"><div class=\"l-section-h i-cf\"><div class=\"g-cols vc_row via_flex valign_top type_default stacking_default\"><div class=\"vc_col-sm-12 wpb_column vc_column_container\"><div class=\"vc_column-inner\"><div class=\"wpb_wrapper\"><div class=\"wpb_text_column\"><div class=\"wpb_wrapper\"><p class=\"translation-block\">TikTok est devenue l'une des plateformes les plus puissantes pour gagner en visibilit\u00e9, entrer en contact avec un jeune public et cr\u00e9er du contenu viral. Mais si votre profil n'a pas de followers, vos vid\u00e9os, aussi bonnes soient-elles, peuvent passer inaper\u00e7ues. C'est pourquoi <strong>l'achat de followers TikTok<\/strong> est une strat\u00e9gie efficace pour se d\u00e9marquer plus rapidement et donner de la cr\u00e9dibilit\u00e9 \u00e0 votre compte d\u00e8s le d\u00e9part.<\/p>\n<p class=\"translation-block\">Le nombre de followers est un indicateur cl\u00e9 sur TikTok. Plus votre communaut\u00e9 est importante, plus vous faites autorit\u00e9 et plus vous avez de chances d'appara\u00eetre dans la section \"Pour vous\". En outre, lorsque les utilisateurs visitent votre profil et constatent que vous avez un grand nombre de followers, ils sont plus susceptibles de rester dans les parages, de consulter votre contenu et de d\u00e9cider de vous suivre \u00e0 leur tour. &lt;L&#039;achat de followers TikTok<\/strong> vous aide \u00e0 g\u00e9n\u00e9rer cette premi\u00e8re impression positive qui stimule la croissance.<\/p>\n<h2>Pourquoi acheter des followers TikTok ?<\/h2>\n<p class=\"translation-block\">Car sur une plateforme aussi visuelle et comp\u00e9titive que TikTok, il ne suffit pas d'avoir un bon contenu : il faut de la visibilit\u00e9. Et pour avoir de la visibilit\u00e9, il faut avoir une communaut\u00e9 qui soutient ce que vous faites. <strong>Acheter des followers TikTok<\/strong> vous permet d'acc\u00e9l\u00e9rer ce processus, sans avoir \u00e0 attendre des semaines ou des mois pour que l'algorithme commence \u00e0 vous r\u00e9compenser.<\/p>\n<p>En outre, en augmentant votre nombre de followers, vous am\u00e9liorez \u00e9galement votre profil aux yeux de l'algorithme, qui a tendance \u00e0 favoriser les comptes actifs ayant de l'attrait. Cela se traduit par plus de vues, plus de likes et plus d'opportunit\u00e9s d'appara\u00eetre dans les recommandations.<\/p>\n<h3>Avantages de l'achat de followers sur TikTok<\/h3>\n<ul>\n<li>\ud83d\udcc8 Croissance imm\u00e9diate de votre communaut\u00e9<\/li>\n<li>\ud83d\ude80 Renforcer la cr\u00e9dibilit\u00e9 et l'autorit\u00e9 de votre profil<\/li>\n<li>\ud83c\udfaf Plus de visibilit\u00e9 et de positionnement dans l'application<\/li>\n<li>\ud83e\udd1d Attirer des adeptes organiques gr\u00e2ce \u00e0 l'effet social<\/li>\n<li>\ud83d\udd12 Livraison s\u00e9curis\u00e9e, sans compromettre votre compte<\/li>\n<\/ul>\n<p class=\"translation-block\">Ce service est id\u00e9al pour les cr\u00e9ateurs, les influenceurs, les marques, les entreprises locales, les artistes ou toute personne qui souhaite tirer parti de TikTok comme canal de croissance. Que vous d\u00e9butiez ou que vous souhaitiez faire passer votre compte au niveau sup\u00e9rieur, <strong>achez des followers TikTok<\/strong> vous aide \u00e0 construire une base solide sur laquelle vous pourrez continuer \u00e0 vous d\u00e9velopper.<\/p>\n<h2>Est-il s\u00fbr d'acheter des followers sur TikTok ?<\/h2>\n<p>Oui, absolument. Nous ne vous demandons jamais de mot de passe ni d'acc\u00e8s \u00e0 votre compte. Il vous suffit de nous fournir le nom d'utilisateur de votre compte public. La croissance est progressive et naturelle, con\u00e7ue pour garder votre profil s\u00e9curis\u00e9 \u00e0 tout moment.<\/p>\n<p class=\"translation-block\">En outre, nos syst\u00e8mes sont optimis\u00e9s pour se conformer aux meilleures pratiques du secteur. Nous ne risquons ni votre compte ni votre r\u00e9putation. Nous travaillons uniquement avec des m\u00e9thodes s\u00e9curis\u00e9es, efficaces et discr\u00e8tes. <strong>Acheter des followers TikTok<\/strong> est une d\u00e9cision strat\u00e9gique et sans risque.<\/p>\n<h3>Qui peut b\u00e9n\u00e9ficier de ce service ?<\/h3>\n<p class=\"translation-block\">Ce service est destin\u00e9 \u00e0 tous les utilisateurs qui souhaitent se d\u00e9marquer plus rapidement sur TikTok. Des nouveaux profils \u00e0 la recherche de leurs premiers followers aux marques \u00e9tablies qui ont besoin de renforcer leur pr\u00e9sence sociale. <strong>Achetez des followers TikTok<\/strong> est un outil utile \u00e0 n'importe quel stade de croissance.<\/p>\n<ul>\n<li>\ud83c\udfa4 Musiciens et artistes diffusant du contenu original<\/li>\n<li>\ud83d\udce2 Les influenceurs qui veulent attirer des partenariats<\/li>\n<li>\ud83d\udecd\ufe0f Les boutiques en ligne ou les marques qui veulent gagner en notori\u00e9t\u00e9<\/li>\n<li>\ud83d\udcf2 Les entrepreneurs num\u00e9riques qui veulent instaurer un climat de confiance<\/li>\n<li>\ud83c\udfaf Comptes personnels cherchant \u00e0 se d\u00e9velopper \u00e0 partir de z\u00e9ro<\/li>\n<\/ul>\n<h2>Comment fonctionne le processus ?<\/h2>\n<p>L'achat de followers TikTok est simple et rapide. Il vous suffit de choisir la formule qui vous convient le mieux, de saisir votre nom d'utilisateur et de passer votre commande. Nous nous occupons du reste. La livraison commencera rapidement et sera progressive afin de maintenir une croissance naturelle.<\/p>\n<p class=\"translation-block\">Et si vous souhaitez un coup de pouce encore plus complet, vous pouvez combiner ce service avec l'<a href=\"https:\/\/doymedia.com\/fr\/acheter-des-vues-tiktok\/\" target=\"_self\"><strong>achat de vues TikTok<\/strong><\/a> ou l'<a href=\"https:\/\/doymedia.com\/fr\/acheter-des-likes-tiktok\/\" target=\"_self\"><strong>achat de likes TikTok,<\/strong><\/a> cr\u00e9ant ainsi une strat\u00e9gie de croissance \u00e9quilibr\u00e9e et efficace.<\/p>\n<h2>Faites fructifier votre compte d\u00e8s aujourd'hui<\/h2>\n<p class=\"translation-block\">N'attendez pas que l'algorithme d\u00e9cide de vous donner de la visibilit\u00e9. Prenez le contr\u00f4le de votre croissance. Avec <strong>achetez des followers TikTok<\/strong>, vous pouvez commencer \u00e0 mieux vous positionner, \u00e0 attirer plus d'opportunit\u00e9s et \u00e0 construire une communaut\u00e9 qui vous soutient. Votre profil m\u00e9rite de se d\u00e9marquer, et c'est la premi\u00e8re \u00e9tape.<\/p>\n<\/div><\/div><\/div><\/div><\/div><\/div><\/div><\/section>","protected":false},"excerpt":{"rendered":"TikTok est devenue l'une des plateformes les plus puissantes pour gagner en visibilit\u00e9, entrer en contact avec un jeune public et cr\u00e9er du contenu viral. Mais si ton profil n'a pas de followers, tes vid\u00e9os, aussi bonnes soient-elles, peuvent passer inaper\u00e7ues. C'est pourquoi l'achat de followers TikTok est une strat\u00e9gie efficace pour se d\u00e9marquer plus rapidement et donner de la cr\u00e9dibilit\u00e9 \u00e0 tes...","protected":false},"featured_media":317,"comment_status":"open","ping_status":"closed","template":"","meta":{"_acf_changed":false},"product_brand":[],"product_cat":[18],"product_tag":[],"class_list":{"0":"post-99","1":"product","2":"type-product","3":"status-publish","4":"has-post-thumbnail","6":"product_cat-tiktok","7":"wcpa_has_options","9":"first","10":"instock","11":"sale","12":"featured","13":"shipping-taxable","14":"purchasable","15":"product-type-variable","16":"has-default-attributes"},"acf":[],"wcpa_form_fields":{"wcpaData":{"product":{"product_price":3.99,"price_html":"","original_product_price":3.99,"price_including_tax":3.99,"price_excluding_tax":3.99,"product_id":{"parent":99,"variation":false},"is_variable":true,"stock_status":"instock","stock_quantity":null,"parent_sku":"","product_attributes":{"cantidad":{"is_variation":true,"values":[]}},"custom_fields":[],"is_taxable":false,"product_name":"Comprar Seguidores TikTok","hasImage":false},"fields":{"sec_1067fa7982ea860":{"extra":{"key":"sec_1067fa7982ea860","section_id":"sec_1067fa7982ea860","name":"Por defecto","status":1,"toggle":true,"form_id":1028,"form_rules":{"exclude_from_discount":false,"fee_label":"Extras","disp_hide_options_price":false,"disp_show_section_price":false,"disp_show_field_price":false,"layout_option":"standard","pric_use_as_fee":false,"process_fee_as":"woo_fee"},"layout_option":"standard"},"fields":[[{"active":true,"col":5,"relations":false,"cl_rule":"show","enableCl":false,"price":"","enablePrice":false,"className":"","type":"text","subtype":"text","required":true,"elementId":"text_967fa7982ea88a","label":"Nombre de Usuario","name":"text_967fa7982ea88a","value":"","error":false,"placeholder":"Ejemplo: @mrbeast","enableDesign":false,"LabelSize":"16px","gt_translate_keys":["label","placeholder","value"],"price_dependency":false,"cl_dependency":false}],[{"active":true,"col":5,"relations":false,"cl_rule":"show","enableCl":false,"price":"","enablePrice":true,"className":"","label_position":"default","desc_position":"default","type":"select","required":false,"elementId":"select_867fa7982ea894","label":"A\u00f1adir Likes con Descuento","name":"select_867fa7982ea894","values":[{"label":"100 Likes","value":"100","selected":false,"tempId":"aco_46","price":"2,89","gt_translate_keys":["label"]},{"label":"500 Likes","value":"500","selected":false,"tempId":"aco_1337","price":"5,79","gt_translate_keys":["label"]},{"label":"1.000 Likes","value":"1000","selected":false,"tempId":"aco_910","price":"8,69","gt_translate_keys":["label"]},{"label":"2.000 Likes","value":"2000","selected":false,"tempId":"aco_911","price":"16,59","gt_translate_keys":["label"]},{"label":"5.000 Likes","value":"5000","selected":false,"tempId":"aco_912","price":"28,89","gt_translate_keys":["label"]},{"label":"10.000 Likes","value":"10000","selected":false,"tempId":"aco_1219","price":"48,29","gt_translate_keys":["label"]}],"dropdown_type":"basic","error":false,"placeholder":"Ninguno","priceOptions":"different_for_all","pricingType":"fixed","use_as_fee":false,"enableDesign":false,"LabelSize":"16px","gt_translate_keys":["label","placeholder"],"price_dependency":false,"cl_dependency":["textarea_167fa7982ea8b0"],"value":""}],[{"label":"A\u00f1adir Views con Descuento","active":true,"required":false,"elementId":"select-8531597607","dropdown_type":"basic","placeholder":"Ninguno","name":"select-8531597607","label_position":"default","desc_position":"default","enablePrice":true,"className":"","enableCl":false,"relations":false,"enableDesign":false,"LabelSize":"16px","values":[{"label":"100 Views","value":"100","selected":false,"tempId":"aco_46","price":"1,89","gt_translate_keys":["label"]},{"label":"500 Views","value":"500","selected":false,"tempId":"aco_1337","price":"2,79","gt_translate_keys":["label"]},{"label":"1.000 Views","value":"1000","selected":false,"tempId":"aco_910","price":"3,69","gt_translate_keys":["label"]},{"label":"2.000 Views","value":"2000","selected":false,"tempId":"aco_911","price":"4,59","gt_translate_keys":["label"]},{"label":"5.000 Views","value":"5000","selected":false,"tempId":"aco_912","price":"6,49","gt_translate_keys":["label"]},{"label":"10.000 Views","value":"10000","selected":false,"tempId":"aco_1219","price":"8,79","gt_translate_keys":["label"]},{"label":"50.000 Views","value":"50k","selected":false,"tempId":"aco_977","price":"42,69","gt_translate_keys":["label"]}],"priceOptions":"different_for_all","pricingType":"fixed","price":"","use_as_fee":false,"cl_rule":"show","col":5,"type":"select","error":false,"gt_translate_keys":["label","placeholder"],"price_dependency":false,"cl_dependency":false,"value":""}],[{"active":true,"col":5,"relations":[{"operator":false,"rules":[{"operator":"AND","rules":{"cl_field":"select_867fa7982ea894","cl_relation":"is_not_empty","cl_val":"likes"}}]}],"cl_rule":"show","enableCl":true,"price":"","enablePrice":false,"className":"","label_position":"default","desc_position":"default","type":"textarea","required":true,"elementId":"textarea_167fa7982ea8b0","label":"Enlaces a las Publicaciones","name":"textarea_167fa7982ea8b0","value":"","rows":2,"error":false,"placeholder":"Introducir Enlaces de esta Forma:\nhttps:\/\/www.tiktok.com\/@mrbeast\/video\/7487001177385635103\nhttps:\/\/www.tiktok.com\/@mrbeast\/video\/7460191038293069102","gt_translate_keys":["label","placeholder","value"],"price_dependency":false,"cl_dependency":false}]]}},"config":{"price_override":"","enable_recaptcha":false,"bind_quantity":false,"quantity_bind_formula":false,"disp_summ_show_option_price":false,"disp_summ_show_product_price":false,"disp_summ_show_total_price":false,"disp_summ_show_fee":false,"disp_summ_show_discount":false,"summary_title":"","options_total_label":"Extras","total_label":"Total","options_product_label":"Producto","fee_label":"Extras","discount_label":"Descuento","has_price":true,"has_quantity_formula":false},"mc_unit":1,"tax_rate":1,"tax_rate_real":1,"discount":{"percentage":0,"fixed":0},"design":{"conf":{"LabelPosition":"above","DescPosition":"above","UploadField":"custom_1","QuantityFieldStyle":"default"},"css":{"LeftLabelWidth":"120px"}},"formulas":[],"clones":false,"cartKey":false}},"_links":{"self":[{"href":"https:\/\/doymedia.com\/fr\/wp-json\/wp\/v2\/product\/99","targetHints":{"allow":["GET"]}}],"collection":[{"href":"https:\/\/doymedia.com\/fr\/wp-json\/wp\/v2\/product"}],"about":[{"href":"https:\/\/doymedia.com\/fr\/wp-json\/wp\/v2\/types\/product"}],"replies":[{"embeddable":true,"href":"https:\/\/doymedia.com\/fr\/wp-json\/wp\/v2\/comments?post=99"}],"wp:featuredmedia":[{"embeddable":true,"href":"https:\/\/doymedia.com\/fr\/wp-json\/wp\/v2\/media\/317"}],"wp:attachment":[{"href":"https:\/\/doymedia.com\/fr\/wp-json\/wp\/v2\/media?parent=99"}],"wp:term":[{"taxonomy":"product_brand","embeddable":true,"href":"https:\/\/doymedia.com\/fr\/wp-json\/wp\/v2\/product_brand?post=99"},{"taxonomy":"product_cat","embeddable":true,"href":"https:\/\/doymedia.com\/fr\/wp-json\/wp\/v2\/product_cat?post=99"},{"taxonomy":"product_tag","embeddable":true,"href":"https:\/\/doymedia.com\/fr\/wp-json\/wp\/v2\/product_tag?post=99"}],"curies":[{"name":"wp","href":"https:\/\/api.w.org\/{rel}","templated":true}]}}