{"id":404,"date":"2025-03-27T19:19:49","date_gmt":"2025-03-27T18:19:49","guid":{"rendered":"https:\/\/v2.doymedia.com\/?page_id=404"},"modified":"2025-07-29T17:56:24","modified_gmt":"2025-07-29T15:56:24","slug":"feltetelek-es-kikotesek","status":"publish","type":"page","link":"https:\/\/doymedia.com\/hu\/terminos-y-condiciones\/","title":{"rendered":"Felt\u00e9telek \u00e9s felt\u00e9telek"},"content":{"rendered":"<section class=\"l-section wpb_row height_medium\"><div class=\"l-section-h i-cf\"><div class=\"g-cols vc_row via_flex valign_top type_default stacking_default\"><div class=\"vc_col-sm-12 wpb_column vc_column_container\"><div class=\"vc_column-inner\"><div class=\"wpb_wrapper\"><div class=\"wpb_text_column\"><div class=\"wpb_wrapper\"><h1>Felt\u00e9telek \u00e9s felt\u00e9telek<\/h1>\n<p><b>DoyMedia <\/b>megfelel az inform\u00e1ci\u00f3s t\u00e1rsadalommal \u00f6sszef\u00fcgg\u0151 szolg\u00e1ltat\u00e1sokr\u00f3l \u00e9s az elektronikus kereskedelemr\u0151l sz\u00f3l\u00f3 34\/2002. sz. t\u00f6rv\u00e9ny (LSSI-CE), a szem\u00e9lyes adatok v\u00e9delm\u00e9r\u0151l \u00e9s a digit\u00e1lis jogok garant\u00e1l\u00e1s\u00e1r\u00f3l sz\u00f3l\u00f3 3\/2018. sz. organikus t\u00f6rv\u00e9ny (LOPDGDD) \u00e9s az (EU) 2016\/679 rendelet, az \u00e1ltal\u00e1nos adatv\u00e9delmi rendelet (GDPR) rendelkez\u00e9seinek.<\/p>\n<p>A port\u00e1l haszn\u00e1lata a Felhaszn\u00e1l\u00f3 felt\u00e9tel\u00e9nek min\u0151s\u00fcl, \u00e9s a jelen jogi k\u00f6zlem\u00e9nyben foglalt valamennyi rendelkez\u00e9s teljes \u00e9s fenntart\u00e1s n\u00e9lk\u00fcli elfogad\u00e1s\u00e1t jelenti, \u00edgy amennyiben a Felhaszn\u00e1l\u00f3 nem \u00e9rt egyet az itt meghat\u00e1rozott felt\u00e9telek b\u00e1rmelyik\u00e9vel, nem haszn\u00e1lhatja\/el\u00e9rheti a port\u00e1lt.<\/p>\n<p>Hozz\u00e1f\u00e9r\u00e9s a <strong>DoyMedia.com<\/strong> \u00e9s szolg\u00e1ltat\u00e1sainak ig\u00e9nybev\u00e9tel\u00e9re az al\u00e1bbiakban meghat\u00e1rozott \u00e1ltal\u00e1nos Szerz\u0151d\u00e9si Felt\u00e9telek, valamint a mell\u00e9kletekben vagy a hirdet\u0151t\u00e1bl\u00e1kon az adott oldalon felt\u00fcntetett k\u00fcl\u00f6n\u00f6s jelleg\u0171 felt\u00e9telek (\"\u00c1ltal\u00e1nos Szerz\u0151d\u00e9si Felt\u00e9telek\") vonatkoznak.<\/p>\n<p>Az oldal tov\u00e1bbi l\u00e1togat\u00e1s\u00e1val \u00d6n (a \"Felhaszn\u00e1l\u00f3\") \u00fagy tekintend\u0151, hogy elfogadta az \u00c1ltal\u00e1nos Szerz\u0151d\u00e9si Felt\u00e9teleket.<\/p>\n<p><strong>Fenntartjuk a jogot, hogy blokkoljuk az oldalra val\u00f3 bel\u00e9p\u00e9st, nem enged\u00e9lyezz\u00fck a v\u00e1s\u00e1rl\u00e1st, \u00e9s nem v\u00e1laszolunk a jelen felt\u00e9teleket megs\u00e9rt\u0151 szem\u00e9lyekt\u0151l kapott \u00fczenetekre.<\/strong><\/p>\n<h3>SZOLG\u00c1LTAT\u00c1S<\/h3>\n<p class=\"translation-block\">Ez az <strong>DoyMedia.com<\/strong> \u00e1ltal ny\u00fajtott online t\u00e1j\u00e9koztat\u00e1s, rekl\u00e1m \u00e9s kommunik\u00e1ci\u00f3 eszk\u00f6ze, \u00e9s a felhaszn\u00e1l\u00f3 elfogadja a jelen \u00c1ltal\u00e1nos Szerz\u0151d\u00e9si Felt\u00e9teleket.<\/p>\n<p class=\"translation-block\">A <strong>DoyMedia.com<\/strong> weboldalon tal\u00e1lhat\u00f3 inform\u00e1ci\u00f3k nem tekinthet\u0151k kimer\u00edt\u0151nek, teljesnek, illetve a felhaszn\u00e1l\u00f3 minden ig\u00e9ny\u00e9t kiel\u00e9g\u00edt\u0151nek, ez\u00e9rt a felhaszn\u00e1l\u00f3nak aj\u00e1nlott a jelen \u00c1ltal\u00e1nos Szerz\u0151d\u00e9si Felt\u00e9teleket k\u00fcl\u00f6n\u00f6s gondoss\u00e1ggal elolvasni.<\/p>\n<h3>FELEL\u0150SS\u00c9G A LINKEK\u00c9RT<\/h3>\n<p class=\"translation-block\"><strong>DoyMedia.com<\/strong> weboldalain kereszt\u00fcl m\u00e1s szervezetek \u00e9s c\u00e9gek linkjeit, weboldalait vagy szolg\u00e1ltat\u00e1sait biztos\u00edthatja, valamint weboldal\u00e1nak felhaszn\u00e1l\u00f3ja sz\u00e1m\u00e1ra harmadik f\u00e9lt\u0151l sz\u00e1rmaz\u00f3 szoftverek let\u00f6lt\u00e9s\u00e9t biztos\u00edthatja. A felhaszn\u00e1l\u00f3 tudom\u00e1sul veszi \u00e9s elfogadja, hogy az <strong>DoyMedia.com<\/strong> nem ellen\u0151rzi ezeket a szolg\u00e1ltat\u00e1sokat \u00e9s term\u00e9keket, \u00e9s nem felel\u0151s azok\u00e9rt.<\/p>\n<p class=\"translation-block\">Az oldal felhaszn\u00e1l\u00f3ja elfogadja \u00e9s tudom\u00e1sul veszi, hogy az <strong>DoyMedia.com<\/strong> nem ellen\u0151rzi, fel\u00fcgyeli \u00e9s nem v\u00e1llal felel\u0151ss\u00e9get a weboldal\u00e1n harmadik felek \u00e1ltal rekl\u00e1mozott vagy k\u00edn\u00e1lt term\u00e9kek \u00e9s\/vagy szolg\u00e1ltat\u00e1sok min\u0151s\u00e9g\u00e9\u00e9rt, biztons\u00e1g\u00e1\u00e9rt, jellemz\u0151i\u00e9rt \u00e9s egy\u00e9b elemei\u00e9rt.<\/p>\n<h3>VISSZAT\u00c9R\u00cdT\u00c9S \u00c9S LEMOND\u00c1S<\/h3>\n<p>Szolg\u00e1ltat\u00e1saink digit\u00e1lis jelleg\u00e9b\u0151l ad\u00f3d\u00f3an a megrendel\u00e9s feldolgoz\u00e1sa \u00e9s k\u00e9zbes\u00edt\u00e9se ut\u00e1n nem fogadunk el visszat\u00e9r\u00edt\u00e9st. Az 1\/2007. \u00e9vi kir\u00e1lyi t\u00f6rv\u00e9nyerej\u0171 rendelet 103.m cikke \u00e9rtelm\u00e9ben az el\u00e1ll\u00e1si jog nem vonatkozik az olyan digit\u00e1lis tartalomra, amelynek teljes\u00edt\u00e9se a fogyaszt\u00f3 kifejezett beleegyez\u00e9s\u00e9vel kezd\u0151d\u00f6tt.<\/p>\n<p>A megrendel\u00e9ssel kapcsolatos technikai incidens vagy hiba eset\u00e9n a felhaszn\u00e1l\u00f3 a v\u00e1s\u00e1rl\u00e1st\u00f3l sz\u00e1m\u00edtott 12 \u00f3r\u00e1n bel\u00fcl kapcsolatba l\u00e9phet csapatunkkal a contacto@doymedia.com c\u00edmen.<\/p>\n<h3>FIZET\u00c9SI M\u00d3DOK<\/h3>\n<p class=\"translation-block\">Jelenleg a bankunk \u00e1ltal k\u00f6zvetlen\u00fcl feldolgozott <strong>teljesen biztons\u00e1gos hitel- vagy bankk\u00e1rty\u00e1s fizet\u00e9st<\/strong> k\u00edn\u00e1lunk. Soha nem t\u00e1roljuk vagy dolgozzuk fel az \u00d6n szem\u00e9lyes k\u00e1rtyaadatait.<\/p>\n<p>Kriptop\u00e9nzzel (Bitcoin, Ethereum, Litecoin stb.) \u00e9s banki \u00e1tutal\u00e1ssal is fizethet.<\/p>\n<p class=\"translation-block\">Az DoyMedia.com egy <strong>leg\u00e1lis spanyol c\u00e9g<\/strong>, amelyet 256 b\u00e1jtos SSL-titkos\u00edt\u00e1s v\u00e9d, \u00e9s amelyet a vil\u00e1g egyik legjobb weboldal-biztons\u00e1gi v\u00e1llalata a nap 24 \u00f3r\u00e1j\u00e1ban fel\u00fcgyel: Cloudflare.com, ami teljesen biztons\u00e1goss\u00e1 teszi a b\u00f6ng\u00e9sz\u00e9st \u00e9s az online v\u00e1s\u00e1rl\u00e1st ezen a weboldalon.<\/p>\n<h3>V\u00c1LTOZATOS<\/h3>\n<p class=\"translation-block\"><strong>- Szolg\u00e1ltat\u00e1shaszn\u00e1lati szab\u00e1lyzat.<\/strong> A Felhaszn\u00e1l\u00f3 elfogadja az itt meghat\u00e1rozott, id\u0151r\u0151l id\u0151re m\u00f3dos\u00edtott Szolg\u00e1ltat\u00e1shaszn\u00e1lati szab\u00e1lyzatot. <strong>DoyMedia.com<\/strong> fenntartja a jogot, hogy elt\u00e1vol\u00edtson vagy m\u00f3dos\u00edtson minden olyan inform\u00e1ci\u00f3t, k\u00f6zlem\u00e9nyt vagy \u00fczenetet, amely v\u00e9lem\u00e9nye szerint s\u00e9rti a Felhaszn\u00e1l\u00e1si szab\u00e1lyzatot.<\/p>\n<p class=\"translation-block\"><strong>- Szerz\u0151i jog.<\/strong> A Webhelyen tal\u00e1lhat\u00f3 inform\u00e1ci\u00f3k a <strong>DoyMedia.com<\/strong> vagy egy harmadik f\u00e9l szellemi tulajdon\u00e1t k\u00e9pezhetik. Az inform\u00e1ci\u00f3k kiz\u00e1r\u00f3lag nem kereskedelmi c\u00e9lokra haszn\u00e1lhat\u00f3k fel. B\u00e1rmely anyag tov\u00e1bbk\u00f6zl\u00e9se vagy k\u00f6zz\u00e9t\u00e9tele tilos a szerz\u0151 el\u0151zetes \u00edr\u00e1sbeli hozz\u00e1j\u00e1rul\u00e1sa n\u00e9lk\u00fcl. Amennyiben az enged\u00e9lyt megadj\u00e1k, a felhaszn\u00e1l\u00f3nak meg kell neveznie a szerz\u0151t, \u00e9s nem m\u00f3dos\u00edthatja az anyagot.<\/p>\n<p><strong>- A k\u00f6z\u00f6ss\u00e9gi h\u00e1l\u00f3zatokkal kapcsolatos probl\u00e9m\u00e1k:<\/strong> Az DoyMedia.com nem felel\u0151s a fi\u00f3kok blokkol\u00e1s\u00e1\u00e9rt vagy b\u00e1rmilyen m\u00e1s probl\u00e9m\u00e1\u00e9rt, amely a k\u00f6z\u00f6ss\u00e9gi h\u00e1l\u00f3zatokkal kapcsolatban mer\u00fcl fel, amelyekt\u0151l \u00d6n szolg\u00e1ltat\u00e1sokat v\u00e1s\u00e1rolt. MEGJEGYZ\u00c9S: Az ilyen t\u00edpus\u00fa dolog nagyon val\u00f3sz\u00edn\u0171tlen, mivel a k\u00f6z\u00f6ss\u00e9gi h\u00e1l\u00f3zatok nem \u00e9szlelik a szolg\u00e1ltat\u00e1sainkat, de abban az esetben, ha ez m\u00e9gis megt\u00f6rt\u00e9nik, a fi\u00f3k\u00e9rt felel\u0151s szem\u00e9ly felel\u0151ss\u00e9ge.<\/p>\n<p><strong>- Csere nyomk\u00f6vet\u0151:<\/strong> Minden egyes szolg\u00e1ltat\u00e1s eset\u00e9ben ellen\u0151rizni kell a felt\u00f6lt\u00e9si szab\u00e1lyzatot. A felt\u00f6lt\u00e9sek az egyes szolg\u00e1ltat\u00e1sok le\u00edr\u00e1s\u00e1ban vannak megadva.<\/p>\n<p><strong>- Elveszett k\u00f6vet\u0151k, miel\u0151tt n\u00e1lunk v\u00e1s\u00e1rolna:<\/strong> Ha m\u00e1s weboldalr\u00f3l v\u00e1s\u00e1rolt k\u00f6vet\u0151ket, \u00e9s elvesz\u00edti \u0151ket, a mi munk\u00e1nk sokkal bonyolultabb lesz, mivel nek\u00fcnk kell kijav\u00edtanunk a hib\u00e1kat minden m\u00e1s weboldalon, ahol kor\u00e1bban k\u00f6vet\u0151ket v\u00e1s\u00e1rolt. Mi fel tudjuk ismerni, hogy az \u00d6n \u00e1ltal elvesz\u00edtett k\u00f6vet\u0151k a mi k\u00f6vet\u0151ink, vagy a mi\u00e9nk el\u0151ttiek, ez\u00e9rt nem fogadunk el olyan \u00e1ll\u00edt\u00e1sokat, amelyek szerint a k\u00f6vet\u0151k elvesznek, miel\u0151tt \u00d6n t\u0151l\u00fcnk v\u00e1s\u00e1rolt volna, mivel ezek a k\u00f6vet\u0151k nem a mi k\u00f6vet\u0151ink. \u00c9rdemes megjegyezni azt is, hogy nem fogunk tudni ig\u00e9nyt tartani vagy v\u00e1dolni minket olyan megrendel\u00e9sekkel kapcsolatban, amelyek r\u00e9gebbi k\u00f6vet\u0151ket vesz\u00edtenek, mert ahogyan fentebb a jelen felt\u00e9telekben szerepel: \"<em>ha m\u00e1s szolg\u00e1ltat\u00f3t\u00f3l v\u00e1s\u00e1rol hasonl\u00f3 szolg\u00e1ltat\u00e1sokat ugyanazon sz\u00e1ml\u00e1khoz, akkor az DoyMedia.com-t\u00f3l v\u00e1s\u00e1rolt szolg\u00e1ltat\u00e1sokra vonatkoz\u00f3 csere- vagy visszat\u00e9r\u00edt\u00e9si garancia \u00e9rv\u00e9ny\u00e9t veszti.<\/em>\"<\/p>\n<p><strong>- Az Instagram- \u00e9s Twitter-profiloknak K\u00d6ZZ\u00c9T\u00c9TELES MODE-ban kell lenni\u00fck.<\/strong> hogy hozz\u00e1adhassuk a k\u00f6vet\u0151ket. Ha a fi\u00f3kja priv\u00e1t m\u00f3dban van, \u00e9s azt tan\u00e1csoljuk, hogy \u00e1ll\u00edtsa \u00e1t nyilv\u00e1nos m\u00f3dba, de \u00d6n ezt nem teszi meg, ez okot adhat arra, hogy a megrendel\u00e9st befejezettnek jel\u00f6lj\u00fck an\u00e9lk\u00fcl, hogy a k\u00f6vet\u0151ket hozz\u00e1 tudn\u00e1nk adni.<\/p>\n<p><strong>- Sz\u00e1ll\u00edt\u00e1si id\u0151:<\/strong> A megrendel\u00e9sed automatikusan feldolgoz\u00e1sra ker\u00fcl, de a k\u00f6z\u00f6ss\u00e9gi h\u00e1l\u00f3zatt\u00f3l \u00e9s a szerz\u0151d\u00f6tt mennyis\u00e9gt\u0151l f\u00fcgg\u0151en ez egy kicsit hosszabb vagy r\u00f6videbb ideig is eltarthat. \u00c1tlagosan megadjuk, hogy a szolg\u00e1ltat\u00e1sok 24-48 \u00f3r\u00e1n bel\u00fcl meg\u00e9rkezhetnek.<\/p>\n<p><strong>- A k\u00f6vet\u0151k, kedvel\u0151k, tagok, feliratkoz\u00f3k stb. min\u0151s\u00e9ge..:<\/strong> A megv\u00e1s\u00e1rolt k\u00f6vet\u0151k az Instagram, Facebook, Twitter, Youtube, Telegram, Tik Tok vagy b\u00e1rmely m\u00e1s k\u00f6z\u00f6ss\u00e9gi h\u00e1l\u00f3zathoz, ahol k\u00f6vet\u0151ket \u00e1rulunk, val\u00f3diak, de nem garant\u00e1lt, hogy interakci\u00f3ba l\u00e9pnek a fi\u00f3koddal. Ez azt jelenti, hogy a fi\u00f3kok k\u00e9pekkel rendelkeznek \u00e9s \u00fagy n\u00e9znek ki, mint a val\u00f3di fi\u00f3kok, de ezek a k\u00f6vet\u0151k nem fognak interakci\u00f3ba l\u00e9pni az \u00d6n posztjainak l\u00e1jkol\u00e1s\u00e1val.<\/p>\n<p class=\"translation-block\"><strong>- Tartalomellen\u0151rz\u00e9s.<\/strong> <strong>Az <strong>DoyMedia.com<\/strong> nem ellen\u0151rzi a Felhaszn\u00e1l\u00f3k \u00e1ltal az oldalra bel\u00e9p\u0151 kommunik\u00e1ci\u00f3t \u00e9s anyagokat. <strong>DoyMedia.com<\/strong> nem felel\u0151s ezen k\u00f6zl\u00e9sek \u00e9s anyagok tartalm\u00e1\u00e9rt, de fenntartja a jogot, hogy blokkolja a hozz\u00e1f\u00e9r\u00e9st vagy elt\u00e1vol\u00edtson minden olyan k\u00f6zl\u00e9st vagy anyagot, amelyet (a) s\u00e9rt\u0151nek, r\u00e1galmaz\u00f3nak, obszc\u00e9nnek, hamisnak vagy f\u00e9lrevezet\u0151nek tart, (b) s\u00e9rti b\u00e1rmely harmadik f\u00e9l szellemi tulajdonjog\u00e1t, vagy (c) s\u00e9rti a szolg\u00e1ltat\u00e1s haszn\u00e1lati felt\u00e9teleinek rendelkez\u00e9seit.<\/p>\n<p class=\"translation-block\"><strong>- K\u00e1rtalan\u00edt\u00e1si k\u00f6telezetts\u00e9gv\u00e1llal\u00e1s.<\/strong> A Felhaszn\u00e1l\u00f3 v\u00e1llalja, hogy k\u00e1rtalan\u00edtja a <strong>DoyMedia.com<\/strong>-t, annak alkalmazottait, licencad\u00f3it, besz\u00e1ll\u00edt\u00f3it \u00e9s licenctulajdonosait a Felhaszn\u00e1l\u00f3nak vagy a Felhaszn\u00e1l\u00f3 fi\u00f3kj\u00e1t haszn\u00e1l\u00f3 harmadik f\u00e9lnek tulajdon\u00edthat\u00f3 jogellenes cselekm\u00e9nyb\u0151l vagy t\u00e9nyb\u0151l ered\u0151 k\u00e1rokkal (bele\u00e9rtve a v\u00e9delmi k\u00f6lts\u00e9geket) szemben. <strong>DoyMedia.com<\/strong> a Felhaszn\u00e1l\u00f3 el\u0151zetes beleegyez\u00e9se n\u00e9lk\u00fcl m\u00f3dos\u00edthatja, t\u00f6r\u00f6lheti \u00e9s\/vagy kieg\u00e9sz\u00edtheti a jelen szerz\u0151d\u00e9s b\u00e1rmelyik z\u00e1rad\u00e9k\u00e1t \u00e9s\/vagy felt\u00e9tel\u00e9t. A Felhaszn\u00e1l\u00f3 kiz\u00e1r\u00f3lagosan felel\u0151s jelszav\u00e1nak titkoss\u00e1g\u00e1\u00e9rt \u00e9s haszn\u00e1lat\u00e1\u00e9rt, valamint a nev\u00e9ben a rendszer haszn\u00e1lat\u00e1b\u00f3l sz\u00e1rmaz\u00f3 utas\u00edt\u00e1sok v\u00e9grehajt\u00e1s\u00e1\u00e9rt.<\/p>\n<p><strong>- R\u00e9szleges semmiss\u00e9g.<\/strong> Amennyiben a jelen \u00c1ltal\u00e1nos Szerz\u0151d\u00e9si Felt\u00e9telek b\u00e1rmely rendelkez\u00e9se \u00e9rv\u00e9nytelennek min\u0151s\u00fcl, az nem \u00e9rinti a t\u00f6bbi rendelkez\u00e9s \u00e9rv\u00e9nyess\u00e9g\u00e9t.<\/p>\n<\/div><\/div><\/div><\/div><\/div><\/div><\/div><\/section>","protected":false},"excerpt":{"rendered":"\u00c1ltal\u00e1nos Szerz\u0151d\u00e9si Felt\u00e9telek Az DoyMedia betartja az inform\u00e1ci\u00f3s t\u00e1rsadalom szolg\u00e1ltat\u00e1sair\u00f3l \u00e9s az elektronikus kereskedelemr\u0151l sz\u00f3l\u00f3 34\/2002 t\u00f6rv\u00e9ny (LSSI-CE), a szem\u00e9lyes adatok v\u00e9delm\u00e9r\u0151l \u00e9s a digit\u00e1lis jogok garant\u00e1l\u00e1s\u00e1r\u00f3l sz\u00f3l\u00f3 3\/2018. sz. organikus t\u00f6rv\u00e9ny (LOPDGDD) \u00e9s az (EU) 2016\/679 rendelet, az \u00e1ltal\u00e1nos adatv\u00e9delmi rendelet (GDPR) rendelkez\u00e9seit. A...","protected":false},"author":1,"featured_media":0,"parent":0,"menu_order":0,"comment_status":"closed","ping_status":"closed","template":"","meta":{"_acf_changed":false,"footnotes":""},"class_list":["post-404","page","type-page","status-publish","hentry"],"acf":[],"_links":{"self":[{"href":"https:\/\/doymedia.com\/hu\/wp-json\/wp\/v2\/pages\/404","targetHints":{"allow":["GET"]}}],"collection":[{"href":"https:\/\/doymedia.com\/hu\/wp-json\/wp\/v2\/pages"}],"about":[{"href":"https:\/\/doymedia.com\/hu\/wp-json\/wp\/v2\/types\/page"}],"author":[{"embeddable":true,"href":"https:\/\/doymedia.com\/hu\/wp-json\/wp\/v2\/users\/1"}],"replies":[{"embeddable":true,"href":"https:\/\/doymedia.com\/hu\/wp-json\/wp\/v2\/comments?post=404"}],"version-history":[{"count":6,"href":"https:\/\/doymedia.com\/hu\/wp-json\/wp\/v2\/pages\/404\/revisions"}],"predecessor-version":[{"id":1361,"href":"https:\/\/doymedia.com\/hu\/wp-json\/wp\/v2\/pages\/404\/revisions\/1361"}],"wp:attachment":[{"href":"https:\/\/doymedia.com\/hu\/wp-json\/wp\/v2\/media?parent=404"}],"curies":[{"name":"wp","href":"https:\/\/api.w.org\/{rel}","templated":true}]}}