{"id":629,"date":"2025-03-29T16:18:36","date_gmt":"2025-03-29T15:18:36","guid":{"rendered":"https:\/\/v2.doymedia.com\/?page_id=629"},"modified":"2025-07-29T21:55:46","modified_gmt":"2025-07-29T19:55:46","slug":"cookie-szabalyzat","status":"publish","type":"page","link":"https:\/\/doymedia.com\/hu\/politica-de-cookies\/","title":{"rendered":"Cookie szab\u00e1lyzat"},"content":{"rendered":"<p><span style=\"font-size: 2rem; letter-spacing: 0em;\">Cookie szab\u00e1lyzat<\/span><\/p>\n<header><\/header>\n<div>\n<p class=\"translation-block\">Az inform\u00e1ci\u00f3s t\u00e1rsadalommal \u00f6sszef\u00fcgg\u0151 szolg\u00e1ltat\u00e1sokr\u00f3l \u00e9s az elektronikus kereskedelemr\u0151l sz\u00f3l\u00f3 34\/2002 t\u00f6rv\u00e9ny (LSSI-CE) 22. cikk\u00e9nek (2) bekezd\u00e9se, valamint az <strong>(EU) 2016\/679 rendelet (RGPD)<\/strong> \u00e9s a <strong>3\/2018. sz. organikus t\u00f6rv\u00e9ny (LOPDGDD)<\/strong> \u00e9rtelm\u00e9ben t\u00e1j\u00e9koztatjuk a felhaszn\u00e1l\u00f3kat a s\u00fctik haszn\u00e1lat\u00e1r\u00f3l ezen a weboldalon.<\/p>\n<h3>1. Mik azok a s\u00fctik?<\/h3>\n<p>A s\u00fctik olyan kis sz\u00f6veges f\u00e1jlok, amelyeket a felhaszn\u00e1l\u00f3 b\u00f6ng\u00e9sz\u0151je t\u00e1rol, amikor megl\u00e1togat egy weboldalt. Arra szolg\u00e1lnak, hogy megjegyezz\u00e9k az \u00d6n l\u00e1togat\u00e1s\u00e1val kapcsolatos inform\u00e1ci\u00f3kat, p\u00e9ld\u00e1ul az \u00d6n \u00e1ltal prefer\u00e1lt nyelvet, a kos\u00e1rban l\u00e9v\u0151 term\u00e9keket vagy azt, hogy be van-e jelentkezve, valamint hogy jav\u00edts\u00e1k a b\u00f6ng\u00e9sz\u00e9si \u00e9lm\u00e9nyt \u00e9s szem\u00e9lyre szabott tartalmat ny\u00fajtsanak.<\/p>\n<h3>2. Milyen t\u00edpus\u00fa s\u00fctiket haszn\u00e1lunk?<\/h3>\n<p class=\"translation-block\">Az <strong>DoyMedia.com<\/strong> oldalon saj\u00e1t \u00e9s harmadik f\u00e9lt\u0151l sz\u00e1rmaz\u00f3 s\u00fctiket haszn\u00e1lunk, amelyek a k\u00f6vetkez\u0151 kateg\u00f3ri\u00e1kba sorolhat\u00f3k:<\/p>\n<h4>\u2705 <strong>Sz\u00fcks\u00e9ges vagy technikai s\u00fctik<\/strong><\/h4>\n<p>A weboldal m\u0171k\u00f6d\u00e9s\u00e9hez elengedhetetlen. Olyan alapvet\u0151 funkci\u00f3kat tesznek lehet\u0151v\u00e9, mint a b\u00f6ng\u00e9sz\u00e9s, a biztons\u00e1gos ter\u00fcletekhez val\u00f3 hozz\u00e1f\u00e9r\u00e9s \u00e9s a rendel\u00e9sek kezel\u00e9se.<\/p>\n<ul>\n<li>P\u00e9lda: munkamenet-s\u00fctik, forgalomir\u00e1ny\u00edt\u00e1s, hiteles\u00edt\u00e9s.<\/li>\n<\/ul>\n<h4>\ud83d\udcca <strong>Analitikai vagy statisztikai s\u00fctik<\/strong><\/h4>\n<p>N\u00e9vtelen\u00fcl gy\u0171jtenek inform\u00e1ci\u00f3kat arr\u00f3l, hogy a felhaszn\u00e1l\u00f3k hogyan l\u00e9pnek kapcsolatba a weboldallal. Seg\u00edtenek meg\u00e9rteni a b\u00f6ng\u00e9sz\u00e9si szok\u00e1sokat \u00e9s jav\u00edtani a webhelyet.<\/p>\n<ul>\n<li>P\u00e9lda: Google Analytics.<\/li>\n<\/ul>\n<h4>\ud83d\udce2 <strong>Marketing \u00e9s rekl\u00e1m s\u00fctik<\/strong><\/h4>\n<p>Ezeket arra haszn\u00e1lj\u00e1k, hogy relev\u00e1ns hirdet\u00e9seket jelen\u00edtsenek meg a felhaszn\u00e1l\u00f3nak, \u00e9s m\u00e9rj\u00e9k a teljes\u00edtm\u00e9ny\u00fcket. Azt is lehet\u0151v\u00e9 teszik, hogy korl\u00e1tozza a hirdet\u00e9sek megjelen\u00edt\u00e9s\u00e9nek sz\u00e1m\u00e1t.<\/p>\n<ul>\n<li>P\u00e9lda: Google hirdet\u00e9sek, Meta (Facebook\/Instagram), TikTok hirdet\u00e9sek.<\/li>\n<\/ul>\n<h4>\ud83d\udd17 <strong>Harmadik f\u00e9lt\u0151l sz\u00e1rmaz\u00f3 s\u00fctik<\/strong><\/h4>\n<p>Egyes k\u00fcls\u0151 szolg\u00e1ltat\u00e1sok, p\u00e9ld\u00e1ul a vide\u00f3lej\u00e1tsz\u00f3k, t\u00e9rk\u00e9pek vagy k\u00f6z\u00f6ss\u00e9gi h\u00e1l\u00f3zatok saj\u00e1t s\u00fctiket telep\u00edthetnek, amikor a felhaszn\u00e1l\u00f3 kapcsolatba l\u00e9p vel\u00fck.<\/p>\n<ul>\n<li>P\u00e9lda: YouTube, Google Maps, Facebook, Instagram, TikTok.<\/li>\n<\/ul>\n<h3>3. Hogyan t\u00f6rt\u00e9nik a hozz\u00e1j\u00e1rul\u00e1s megszerz\u00e9se?<\/h3>\n<p>Amikor el\u0151sz\u00f6r l\u00e1togat el az DoyMedia.com oldalra, egy beleegyez\u0151 bannert jelen\u00edt\u00fcnk meg az al\u00e1bbi m\u00f3don. <strong>YesCookies<\/strong>amely lehet\u0151v\u00e9 teszi, hogy:<\/p>\n<p>\u2705 Minden cookie elfogad\u00e1sa<br \/>\n\u274c A nem sz\u00fcks\u00e9gesek elutas\u00edt\u00e1sa<br \/>\n\u2699\ufe0f Testre szabhatja a v\u00e1laszt\u00e9kot<\/p>\n<p>Megteheti <strong>megv\u00e1ltoztathatja a preferenci\u00e1it<\/strong> b\u00e1rmikor m\u00f3dos\u00edthatja az oldal l\u00e1bl\u00e9c\u00e9ben tal\u00e1lhat\u00f3 \"Cookie be\u00e1ll\u00edt\u00e1sok\" linkr\u0151l.<\/p>\n<h3>4. Hogyan lehet t\u00f6r\u00f6lni vagy letiltani a s\u00fctiket a b\u00f6ng\u00e9sz\u0151b\u0151l?<\/h3>\n<p>Az eszk\u00f6z\u00e9re telep\u00edtett cookie-kat enged\u00e9lyezheti, letilthatja vagy t\u00f6r\u00f6lheti a b\u00f6ng\u00e9sz\u0151 be\u00e1ll\u00edt\u00e1sainak konfigur\u00e1l\u00e1s\u00e1val. Az al\u00e1bbiakban bemutatjuk, hogyan teheti ezt meg a leggyakoribb b\u00f6ng\u00e9sz\u0151kben:<\/p>\n<ul>\n<li><strong>Google Chrome:<\/strong><br \/>\n<a href=\"https:\/\/support.google.com\/chrome\/answer\/95647\" target=\"_blank\" rel=\"noopener\">https:\/\/support.google.com\/chrome\/answer\/95647<\/a><\/li>\n<li><strong>Mozilla Firefox:<\/strong><br \/>\n<a href=\"https:\/\/support.mozilla.org\/es\/kb\/habilitar-y-deshabilitar-cookies\" target=\"_blank\" rel=\"noopener\">https:\/\/support.mozilla.org\/es\/kb\/habilitar-y-deshabilitar-cookies<\/a><\/li>\n<li><strong>Safari (Apple):<\/strong><br \/>\n<a href=\"https:\/\/support.apple.com\/es-es\/HT201265\" target=\"_blank\" rel=\"noopener\">https:\/\/support.apple.com\/es-es\/HT201265<\/a><\/li>\n<li><strong>Microsoft Edge:<\/strong><br \/>\n<a href=\"https:\/\/support.microsoft.com\/es-es\/help\/4027947\" target=\"_blank\" rel=\"noopener\">https:\/\/support.microsoft.com\/es-es\/help\/4027947<\/a><\/li>\n<li><strong>Opera:<\/strong><br \/>\n<a href=\"https:\/\/help.opera.com\/en\/latest\/web-preferences\/#cookies\" target=\"_blank\" rel=\"noopener\">https:\/\/help.opera.com\/en\/latest\/web-preferences\/#cookies<\/a><\/li>\n<\/ul>\n<p class=\"translation-block\">A nagyobb ellen\u0151rz\u00e9s \u00e9rdek\u00e9ben t\u00f6r\u00f6lheti a b\u00f6ng\u00e9sz\u0151j\u00e9ben t\u00e1rolt egyes cookie-kat, vagy telep\u00edthet olyan b\u0151v\u00edtm\u00e9nyeket, mint a <strong>\"Ghostery\"<\/strong> vagy a <strong>\"Cookie AutoDelete\"<\/strong>.<\/p>\n<h3>5. Nemzetk\u00f6zi adattov\u00e1bb\u00edt\u00e1s<\/h3>\n<p class=\"translation-block\">Egyes harmadik f\u00e9lt\u0151l sz\u00e1rmaz\u00f3 s\u00fctik nemzetk\u00f6zi adattov\u00e1bb\u00edt\u00e1ssal j\u00e1rhatnak, k\u00fcl\u00f6n\u00f6sen, ha azokat az Eur\u00f3pai Gazdas\u00e1gi T\u00e9rs\u00e9gen (EGT) k\u00edv\u00fcl tal\u00e1lhat\u00f3 v\u00e1llalatok kezelik. Ilyen esetekben biztos\u00edtjuk, hogy <strong>megfelel\u0151 biztos\u00edt\u00e9kok<\/strong>, p\u00e9ld\u00e1ul az Eur\u00f3pai Bizotts\u00e1g \u00e1ltal j\u00f3v\u00e1hagyott <strong>Szabv\u00e1nyos szerz\u0151d\u00e9si felt\u00e9telek<\/strong>, vagy adott esetben a szolg\u00e1ltat\u00f3 betartja az <strong>Adatv\u00e9delmi keretszab\u00e1lyzatot (DPF)<\/strong>.<\/p>\n<h3>6. A jelen politika friss\u00edt\u00e9sei<\/h3>\n<p>Ez a Cookie-szab\u00e1lyzat a jogi vagy technikai k\u00f6vetelm\u00e9nyeknek megfelel\u0151en friss\u00edthet\u0151. Minden vonatkoz\u00f3 m\u00f3dos\u00edt\u00e1sr\u00f3l ezen az oldalon \u00e9s sz\u00fcks\u00e9g eset\u00e9n a hozz\u00e1j\u00e1rul\u00e1si banneren kereszt\u00fcl t\u00e1j\u00e9koztatjuk.<\/p>\n<p>Javasoljuk, hogy rendszeresen tekintse \u00e1t ezt a szab\u00e1lyzatot.<\/p>\n<\/div>","protected":false},"excerpt":{"rendered":"<p>S\u00fctikre vonatkoz\u00f3 szab\u00e1lyzat Az inform\u00e1ci\u00f3s t\u00e1rsadalommal \u00f6sszef\u00fcgg\u0151 szolg\u00e1ltat\u00e1sokr\u00f3l \u00e9s az elektronikus kereskedelemr\u0151l sz\u00f3l\u00f3 34\/2002 t\u00f6rv\u00e9ny (LSSI-CE) 22. cikk\u00e9nek (2) bekezd\u00e9s\u00e9vel, valamint az (EU) 2016\/679 rendelettel (RGPD) \u00e9s a 3\/2018. sz. szervezeti t\u00f6rv\u00e9nnyel (LOPDGDD) \u00f6sszhangban t\u00e1j\u00e9koztatjuk a felhaszn\u00e1l\u00f3kat a s\u00fctik haszn\u00e1lat\u00e1r\u00f3l ezen a weboldalon. 1. Mik azok a s\u00fctik?<\/p>","protected":false},"author":1,"featured_media":0,"parent":0,"menu_order":0,"comment_status":"closed","ping_status":"closed","template":"","meta":{"_acf_changed":false,"footnotes":""},"class_list":["post-629","page","type-page","status-publish","hentry"],"acf":[],"_links":{"self":[{"href":"https:\/\/doymedia.com\/hu\/wp-json\/wp\/v2\/pages\/629","targetHints":{"allow":["GET"]}}],"collection":[{"href":"https:\/\/doymedia.com\/hu\/wp-json\/wp\/v2\/pages"}],"about":[{"href":"https:\/\/doymedia.com\/hu\/wp-json\/wp\/v2\/types\/page"}],"author":[{"embeddable":true,"href":"https:\/\/doymedia.com\/hu\/wp-json\/wp\/v2\/users\/1"}],"replies":[{"embeddable":true,"href":"https:\/\/doymedia.com\/hu\/wp-json\/wp\/v2\/comments?post=629"}],"version-history":[{"count":3,"href":"https:\/\/doymedia.com\/hu\/wp-json\/wp\/v2\/pages\/629\/revisions"}],"predecessor-version":[{"id":1366,"href":"https:\/\/doymedia.com\/hu\/wp-json\/wp\/v2\/pages\/629\/revisions\/1366"}],"wp:attachment":[{"href":"https:\/\/doymedia.com\/hu\/wp-json\/wp\/v2\/media?parent=629"}],"curies":[{"name":"wp","href":"https:\/\/api.w.org\/{rel}","templated":true}]}}