{"id":100,"date":"2025-03-27T01:32:41","date_gmt":"2025-03-27T00:32:41","guid":{"rendered":"https:\/\/v2.doymedia.com\/?post_type=product&#038;p=100"},"modified":"2025-07-16T21:41:37","modified_gmt":"2025-07-16T19:41:37","slug":"vasarolni-tetszik-tiktok","status":"publish","type":"product","link":"https:\/\/doymedia.com\/hu\/comprar-likes-tiktok\/","title":{"rendered":"TikTok Likes v\u00e1s\u00e1rl\u00e1sa"},"content":{"rendered":"<section class=\"l-section wpb_row height_medium\"><div class=\"l-section-h i-cf\"><div class=\"g-cols vc_row via_flex valign_top type_default stacking_default\"><div class=\"vc_col-sm-12 wpb_column vc_column_container\"><div class=\"vc_column-inner\"><div class=\"wpb_wrapper\"><div class=\"wpb_text_column\"><div class=\"wpb_wrapper\"><p class=\"translation-block\">A TikTok-on minden m\u00e1sodperc sz\u00e1m\u00edt. Lehet egy remek vide\u00f3d, de ha r\u00f6vid id\u0151n bel\u00fcl nem kap elk\u00f6telez\u0151d\u00e9st, az algoritmus nem fogja t\u00f6bb embernek megmutatni. Ez\u00e9rt v\u00e1lt a <strong>TikTok like-ok v\u00e1s\u00e1rl\u00e1sa<\/strong> hat\u00e9kony strat\u00e9gi\u00e1v\u00e1, amellyel m\u00e1r a kezdetekt\u0151l fogva jav\u00edthatod a vide\u00f3id l\u00e1that\u00f3s\u00e1g\u00e1t, \u00faj k\u00f6vet\u0151ket vonzhatsz \u00e9s meger\u0151s\u00edtheted a profilod tekint\u00e9ly\u00e9t.<\/p>\n<p class=\"translation-block\">A like-ok kulcsfontoss\u00e1g\u00fa jelz\u00e9st jelentenek a TikTok algoritmusa sz\u00e1m\u00e1ra. Min\u00e9l t\u00f6bb interakci\u00f3t kap egy vide\u00f3, ann\u00e1l val\u00f3sz\u00edn\u0171bb, hogy v\u00edrusos lesz. Ha j\u00f3 tartalmat k\u00e9sz\u00edtesz, de nem kapod meg a meg\u00e9rdemelt elismer\u00e9st, <strong>a TikTok like-ok v\u00e1s\u00e1rl\u00e1sa<\/strong> seg\u00edt elind\u00edtani a nagyobb el\u00e9r\u00e9s, nagyobb l\u00e1that\u00f3s\u00e1g \u00e9s nagyobb hat\u00e1s hull\u00e1mhat\u00e1s\u00e1t.<\/p>\n<h2>Mi\u00e9rt \u00e9rdemes like-okat v\u00e1s\u00e1rolni a TikTok-on?<\/h2>\n<p class=\"translation-block\">Mert ezen a k\u00f6z\u00f6ss\u00e9gi h\u00e1l\u00f3zaton a sz\u00e1mok sz\u00e1m\u00edtanak. Ha egy vide\u00f3 sok \"kedvel\u00e9st\" kap, a felhaszn\u00e1l\u00f3k \u00e9rt\u00e9kesnek, sz\u00f3rakoztat\u00f3nak vagy megb\u00edzhat\u00f3nak tartj\u00e1k. Ez arra \u00f6szt\u00f6nzi \u0151ket, hogy teljes eg\u00e9sz\u00e9ben megn\u00e9zz\u00e9k, megossz\u00e1k \u00e9s k\u00f6vess\u00e9k a fi\u00f3kj\u00e1t. Azzal, hogy <strong>TikTok like-okat v\u00e1s\u00e1rol<\/strong>, n\u00f6veli a tartalma \u00e9rz\u00e9kelt \u00e9rt\u00e9k\u00e9t, \u00e9s pozit\u00edv jelz\u00e9st k\u00fcld az algoritmusnak.<\/p>\n<p>Ez a fajta lend\u00fclet k\u00fcl\u00f6n\u00f6sen akkor hasznos, ha kamp\u00e1nyt ind\u00edt, term\u00e9ket n\u00e9pszer\u0171s\u00edt, vagy egyszer\u0171en csak azt szeretn\u00e9, hogy a vide\u00f3ja t\u00f6bb emberhez eljusson. Ez nem csak a sz\u00e1mok felf\u00faj\u00e1s\u00e1r\u00f3l sz\u00f3l - hanem arr\u00f3l, hogy szil\u00e1rd jelenl\u00e9tet \u00e9p\u00edtsen ki, \u00e9s n\u00f6velje val\u00f3s n\u00f6veked\u00e9si es\u00e9lyeit.<\/p>\n<h3>A TikTok-on val\u00f3 v\u00e1s\u00e1rl\u00e1s el\u0151nyei<\/h3>\n<ul>\n<li>\ud83d\udcc8 Vide\u00f3id l\u00e1that\u00f3s\u00e1g\u00e1nak azonnali jav\u00edt\u00e1sa<\/li>\n<li>\ud83d\ude80 Nagyobb hiteless\u00e9g az \u00faj felhaszn\u00e1l\u00f3k k\u00f6r\u00e9ben<\/li>\n<li>\ud83c\udfaf Az algoritmusnak k\u00f6sz\u00f6nhet\u0151en megn\u00f6vekedett el\u00e9r\u00e9s<\/li>\n<li>\ud83d\udcac T\u00f6bb interakci\u00f3, amely szerves k\u00f6vet\u0151ket gener\u00e1l<\/li>\n<li>\ud83d\udd12 Biztons\u00e1gos sz\u00e1ll\u00edt\u00e1s, an\u00e9lk\u00fcl, hogy vesz\u00e9lyeztetn\u00e9 a sz\u00e1ml\u00e1j\u00e1t<\/li>\n<\/ul>\n<p class=\"translation-block\"><strong>A TikTok like-ok v\u00e1s\u00e1rl\u00e1sa<\/strong> hasznos mind az \u00faj fi\u00f3kok, mind a m\u00e1r megl\u00e9v\u0151 profilok sz\u00e1m\u00e1ra, amelyek a legfontosabb posztokat szeretn\u00e9k n\u00f6velni. A j\u00f3 interakci\u00f3s b\u00e1zissal minden egyes \u00faj vide\u00f3t, amit posztolsz, nagyobb es\u00e9llyel veszik \u00e9szre.<\/p>\n<p>A l\u00e1that\u00f3s\u00e1g jav\u00edt\u00e1sa mellett a kedvel\u00e9sek azt is befoly\u00e1solj\u00e1k, hogy a felhaszn\u00e1l\u00f3k hogyan l\u00e9pnek kapcsolatba a profiloddal. Ha valaki azt l\u00e1tja, hogy a vide\u00f3j\u00e1t sokan kedvelik, automatikusan azt felt\u00e9telezi, hogy a tartalom \u00e9rt\u00e9ket k\u00e9pvisel. Ez t\u00f6bb megtekint\u00e9si id\u0151t, t\u00f6bb kommentet \u00e9s sok esetben t\u00f6bb k\u00f6vet\u0151t eredm\u00e9nyez.<\/p>\n<p class=\"translation-block\"><strong>A TikTok like-ok megv\u00e1s\u00e1rl\u00e1sa<\/strong> egy m\u00f3dja annak, hogy meger\u0151s\u00edtsd azokat a mutat\u00f3kat, amelyeket az algoritmus figyelembe vesz egy fi\u00f3k organikus n\u00f6veked\u00e9s\u00e9hez.<\/p>\n<h2>Biztons\u00e1gos like-okat v\u00e1s\u00e1rolni a TikTok-on?<\/h2>\n<p>Igen, teljesen biztons\u00e1gos. Nem k\u00e9r\u00fcnk jelszavakat vagy hozz\u00e1f\u00e9r\u00e9st a fi\u00f3kj\u00e1hoz. Mind\u00f6ssze a felt\u00f6lteni k\u00edv\u00e1nt vide\u00f3 linkj\u00e9re van sz\u00fcks\u00e9g\u00fcnk. A folyamat fokozatos, term\u00e9szetes \u00e9s \u00fagy van kialak\u00edtva, hogy a profilod mindig v\u00e9dve legyen.<\/p>\n<p>Tesztelt m\u00f3dszerekkel \u00e9s optimaliz\u00e1lt rendszerekkel dolgozunk, hogy hat\u00e9kony \u00e9s kock\u00e1zatmentes eredm\u00e9nyeket garant\u00e1ljunk. <strong>V\u00e1s\u00e1rl\u00e1s tetszik TikTok<\/strong> megb\u00edzhat\u00f3 m\u00f3dja annak, hogy n\u00f6velje tartalmait an\u00e9lk\u00fcl, hogy vesz\u00e9lyeztetn\u00e9 fi\u00f3kja integrit\u00e1s\u00e1t.<\/p>\n<h3>Kik vehetik ig\u00e9nybe ezt a szolg\u00e1ltat\u00e1st?<\/h3>\n<p class=\"translation-block\">B\u00e1rki, aki tartalmat tesz k\u00f6zz\u00e9 a TikTok-on. Az alkot\u00f3kt\u00f3l, influencerekt\u0151l \u00e9s v\u00e1llalkoz\u00f3kt\u00f3l kezdve a m\u00e1rk\u00e1kig, akik ezen a h\u00e1l\u00f3zaton szeretn\u00e9k poz\u00edcion\u00e1lni magukat. Ha n\u00f6velni szeretn\u00e9 tekint\u00e9ly\u00e9t, t\u00f6bb l\u00e1togat\u00f3t szeretne vonzani vagy meger\u0151s\u00edteni strat\u00e9gi\u00e1j\u00e1t, a <strong>v\u00e1s\u00e1rolj I like TikTok<\/strong> az \u00d6n sz\u00e1m\u00e1ra k\u00e9sz\u00fclt.<\/p>\n<ul>\n<li>\ud83c\udfa5 Alkot\u00f3k, akik szeretn\u00e9k, hogy vide\u00f3ik v\u00edrusszer\u0171en terjedjenek<\/li>\n<li>\ud83d\udce2 Marketingkamp\u00e1nyokat ind\u00edt\u00f3 m\u00e1rk\u00e1k<\/li>\n<li>\ud83c\udfaf Influencerek keresnek egy\u00fcttm\u0171k\u00f6d\u00e9seket<\/li>\n<li>\ud83d\udecd\ufe0f A TikTok-on kereszt\u00fcl \u00e9rt\u00e9kes\u00edt\u0151 v\u00e1llalkoz\u00e1sok<\/li>\n<li>\ud83d\udcf2 Felhaszn\u00e1l\u00f3k, akik gyorsabban szeretn\u00e9nek kit\u0171nni a t\u00f6megb\u0151l<\/li>\n<\/ul>\n<h2>Hogyan m\u0171k\u00f6dik?<\/h2>\n<p>A folyamat nagyon egyszer\u0171. Mind\u00f6ssze annyit kell tennie, hogy kiv\u00e1lasztja az ig\u00e9nyeinek legink\u00e1bb megfelel\u0151 tetsz\u0151 csomagot, megadja nek\u00fcnk a vide\u00f3 linkj\u00e9t, \u00e9s leadja a megrendel\u00e9st. Mi mindenr\u0151l gondoskodunk. A sz\u00e1ll\u00edt\u00e1s r\u00f6vid id\u0151n bel\u00fcl megkezd\u0151dik, fokozatosan \u00e9s biztons\u00e1gosan.<\/p>\n<p class=\"translation-block\">Ha pedig m\u00e9g kiegyens\u00falyozottabban szeretn\u00e9 n\u00f6velni a profilj\u00e1t, akkor ezt a szolg\u00e1ltat\u00e1st kombin\u00e1lhatja a <a href=\"https:\/\/doymedia.com\/hu\/vasarolni-tiktok-kovetok\/\" target=\"_self\"><strong>TikTok k\u00f6vet\u0151k v\u00e1s\u00e1rl\u00e1sa<\/strong><\/a> vagy a <a href=\"https:\/\/doymedia.com\/hu\/vasarolni-nezetek-tiktok\/\" target=\"_self\"><strong>TikTok megtekint\u00e9sek v\u00e1s\u00e1rl\u00e1sa<\/strong><\/a> szolg\u00e1ltat\u00e1ssal. \u00cdgy val\u00f3di \u00e9s fenntarthat\u00f3 n\u00f6veked\u00e9si strat\u00e9gi\u00e1t gener\u00e1lsz.<\/p>\n<h2>Kapja meg vide\u00f3inak a meg\u00e9rdemelt elismer\u00e9st<\/h2>\n<p class=\"translation-block\">Ne hagyja, hogy a hozz\u00e1sz\u00f3l\u00e1sai \u00e9szrev\u00e9tlen\u00fcl maradjanak. A <strong>TikTok like-ok v\u00e1s\u00e1rl\u00e1sa<\/strong> seg\u00edts\u00e9g\u00e9vel percek alatt feldobhatod a tartalmaidat, jav\u00edthatod a rangsorol\u00e1sodat \u00e9s n\u00f6velheted a l\u00e1that\u00f3s\u00e1godat. Kezdd el m\u00e9g ma, \u00e9s tegy\u00e9l minden vide\u00f3t sz\u00e1mottev\u0151v\u00e9.<\/p>\n<\/div><\/div><\/div><\/div><\/div><\/div><\/div><\/section>","protected":false},"excerpt":{"rendered":"A TikTok-on minden m\u00e1sodperc sz\u00e1m\u00edt. Lehet egy remek vide\u00f3d, de ha r\u00f6vid id\u0151n bel\u00fcl nem kap elk\u00f6telez\u0151d\u00e9st, az algoritmus nem fogja t\u00f6bb embernek megmutatni. Ez\u00e9rt v\u00e1lt a TikTok like-ok v\u00e1s\u00e1rl\u00e1sa hat\u00e9kony strat\u00e9gi\u00e1v\u00e1, amellyel jav\u00edthatod a vide\u00f3id l\u00e1that\u00f3s\u00e1g\u00e1t, \u00faj k\u00f6vet\u0151ket vonzhatsz \u00e9s meger\u0151s\u00edtheted a profilod tekint\u00e9ly\u00e9t...","protected":false},"featured_media":317,"comment_status":"open","ping_status":"closed","template":"","meta":{"_acf_changed":false},"product_brand":[],"product_cat":[18],"product_tag":[],"class_list":{"0":"post-100","1":"product","2":"type-product","3":"status-publish","4":"has-post-thumbnail","6":"product_cat-tiktok","7":"wcpa_has_options","9":"first","10":"instock","11":"sale","12":"featured","13":"shipping-taxable","14":"purchasable","15":"product-type-variable","16":"has-default-attributes"},"acf":[],"wcpa_form_fields":{"wcpaData":{"product":{"product_price":2.99,"price_html":"","original_product_price":2.99,"price_including_tax":2.99,"price_excluding_tax":2.99,"product_id":{"parent":100,"variation":false},"is_variable":true,"stock_status":"instock","stock_quantity":null,"parent_sku":"","product_attributes":{"cantidad":{"is_variation":true,"values":[]}},"custom_fields":[],"is_taxable":false,"product_name":"Comprar Likes TikTok","hasImage":false},"fields":{"sec_167fa907111f84":{"extra":{"key":"sec_167fa907111f84","section_id":"sec_167fa907111f84","name":"Por defecto","status":1,"toggle":true,"form_id":1048,"form_rules":{"exclude_from_discount":false,"fee_label":"Extras","disp_hide_options_price":false,"disp_show_section_price":false,"disp_show_field_price":false,"layout_option":"standard","pric_use_as_fee":false,"process_fee_as":"woo_fee"},"layout_option":"standard"},"fields":[[{"active":true,"col":5,"relations":false,"cl_rule":"show","enableCl":false,"price":"","enablePrice":false,"className":"","type":"text","subtype":"text","required":true,"elementId":"text_867fa907111f9e","label":"Enlace al V\u00eddeo","name":"text_867fa907111f9e","value":"","error":false,"placeholder":"Ejemplo: https:\/\/www.tiktok.com\/@mrbeast\/video\/7460191038293069102","enableDesign":false,"LabelSize":"16px","gt_translate_keys":["label","placeholder","value"],"price_dependency":false,"cl_dependency":false}],[{"active":true,"col":5,"relations":false,"cl_rule":"show","enableCl":false,"price":"","enablePrice":true,"className":"","label_position":"default","desc_position":"default","type":"select","required":false,"elementId":"select_667fa907111fac","label":"A\u00f1adir Seguidores con Descuento","name":"select_667fa907111fac","values":[{"label":"100 Seguidores","value":"100","selected":false,"tempId":"aco_46","price":"3,89","gt_translate_keys":["label"]},{"label":"500 Seguidores","value":"500","selected":false,"tempId":"aco_1337","price":"6,79","gt_translate_keys":["label"]},{"label":"1.000 Seguidores","value":"1000","selected":false,"tempId":"aco_910","price":"9,69","gt_translate_keys":["label"]},{"label":"2.000 Seguidores","value":"2000","selected":false,"tempId":"aco_911","price":"19,49","gt_translate_keys":["label"]},{"label":"5.000 Seguidores","value":"5000","selected":false,"tempId":"aco_912","price":"58,39","gt_translate_keys":["label"]}],"dropdown_type":"basic","error":false,"placeholder":"Ninguno","priceOptions":"different_for_all","pricingType":"fixed","use_as_fee":false,"enableDesign":false,"LabelSize":"16px","tooltip":"Los seguidores ser\u00e1n entregados al mismo perfil del v\u00eddeo.","gt_translate_keys":["label","placeholder","tooltip"],"price_dependency":false,"cl_dependency":false,"value":""}],[{"label":"A\u00f1adir Views con Descuento","active":true,"required":false,"elementId":"select_867fa907111fb6","dropdown_type":"basic","placeholder":"Ninguno","name":"select_867fa907111fb6","label_position":"default","desc_position":"default","enablePrice":true,"className":"","enableCl":false,"relations":false,"enableDesign":false,"LabelSize":"16px","values":[{"label":"100 Views","value":"100","selected":false,"tempId":"aco_46","price":"1,89","gt_translate_keys":["label"]},{"label":"500 Views","value":"500","selected":false,"tempId":"aco_1337","price":"2,79","gt_translate_keys":["label"]},{"label":"1.000 Views","value":"1000","selected":false,"tempId":"aco_910","price":"3,69","gt_translate_keys":["label"]},{"label":"2.000 Views","value":"2000","selected":false,"tempId":"aco_911","price":"4,59","gt_translate_keys":["label"]},{"label":"5.000 Views","value":"5000","selected":false,"tempId":"aco_912","price":"6,49","gt_translate_keys":["label"]},{"label":"10.000 Views","value":"10000","selected":false,"tempId":"aco_1219","price":"8,79","gt_translate_keys":["label"]},{"label":"50.000 Views","value":"50k","selected":false,"tempId":"aco_977","price":"42,69","gt_translate_keys":["label"]}],"priceOptions":"different_for_all","pricingType":"fixed","price":"","use_as_fee":false,"cl_rule":"show","col":5,"type":"select","error":false,"tooltip":"Los views ser\u00e1n entregados a la misma publicaci\u00f3n.","gt_translate_keys":["label","placeholder","tooltip"],"price_dependency":false,"cl_dependency":false,"value":""}]]}},"config":{"price_override":"","enable_recaptcha":false,"bind_quantity":false,"quantity_bind_formula":false,"disp_summ_show_option_price":false,"disp_summ_show_product_price":false,"disp_summ_show_total_price":false,"disp_summ_show_fee":false,"disp_summ_show_discount":false,"summary_title":"","options_total_label":"Extras","total_label":"Total","options_product_label":"Produs","fee_label":"Extras","discount_label":"Descuento","has_price":true,"has_quantity_formula":false},"mc_unit":1,"tax_rate":1,"tax_rate_real":1,"discount":{"percentage":0,"fixed":0},"design":{"conf":{"LabelPosition":"above","DescPosition":"above","UploadField":"custom_1","QuantityFieldStyle":"default"},"css":{"LeftLabelWidth":"120px"}},"formulas":[],"clones":false,"cartKey":false}},"_links":{"self":[{"href":"https:\/\/doymedia.com\/hu\/wp-json\/wp\/v2\/product\/100","targetHints":{"allow":["GET"]}}],"collection":[{"href":"https:\/\/doymedia.com\/hu\/wp-json\/wp\/v2\/product"}],"about":[{"href":"https:\/\/doymedia.com\/hu\/wp-json\/wp\/v2\/types\/product"}],"replies":[{"embeddable":true,"href":"https:\/\/doymedia.com\/hu\/wp-json\/wp\/v2\/comments?post=100"}],"wp:featuredmedia":[{"embeddable":true,"href":"https:\/\/doymedia.com\/hu\/wp-json\/wp\/v2\/media\/317"}],"wp:attachment":[{"href":"https:\/\/doymedia.com\/hu\/wp-json\/wp\/v2\/media?parent=100"}],"wp:term":[{"taxonomy":"product_brand","embeddable":true,"href":"https:\/\/doymedia.com\/hu\/wp-json\/wp\/v2\/product_brand?post=100"},{"taxonomy":"product_cat","embeddable":true,"href":"https:\/\/doymedia.com\/hu\/wp-json\/wp\/v2\/product_cat?post=100"},{"taxonomy":"product_tag","embeddable":true,"href":"https:\/\/doymedia.com\/hu\/wp-json\/wp\/v2\/product_tag?post=100"}],"curies":[{"name":"wp","href":"https:\/\/api.w.org\/{rel}","templated":true}]}}