{"id":827,"date":"2025-04-10T17:34:41","date_gmt":"2025-04-10T15:34:41","guid":{"rendered":"https:\/\/v2.doymedia.com\/?post_type=product&#038;p=827"},"modified":"2025-07-16T21:41:26","modified_gmt":"2025-07-16T19:41:26","slug":"vasarolni-twitter-kovetok","status":"publish","type":"product","link":"https:\/\/doymedia.com\/hu\/comprar-seguidores-twitter\/","title":{"rendered":"V\u00e1s\u00e1rl\u00e1s Twitter k\u00f6vet\u0151k"},"content":{"rendered":"<section class=\"l-section wpb_row height_medium\"><div class=\"l-section-h i-cf\"><div class=\"g-cols vc_row via_flex valign_top type_default stacking_default\"><div class=\"vc_col-sm-12 wpb_column vc_column_container\"><div class=\"vc_column-inner\"><div class=\"wpb_wrapper\"><div class=\"wpb_text_column\"><div class=\"wpb_wrapper\"><p class=\"translation-block\">A Twitteren a k\u00f6vet\u0151k sz\u00e1ma egy bemutatkoz\u00f3 lev\u00e9l. Egy sok k\u00f6vet\u0151vel rendelkez\u0151 fi\u00f3k tekint\u00e9lyt, bizalmat \u00e9s relevanci\u00e1t sugall az \u00d6n \u00e1gazat\u00e1n bel\u00fcl. Ez\u00e9rt a <strong>Twitter k\u00f6vet\u0151k v\u00e1s\u00e1rl\u00e1sa<\/strong> okos strat\u00e9gia, amellyel m\u00e1r els\u0151 pillant\u00e1sra kit\u0171nhet, n\u00f6velheti hiteless\u00e9g\u00e9t \u00e9s er\u0151s\u00edtheti fi\u00f3kj\u00e1t.<\/p>\n<p class=\"translation-block\">Ak\u00e1r szem\u00e9lyes m\u00e1rk\u00e1j\u00e1hoz, ak\u00e1r v\u00e1llalkoz\u00e1s\u00e1hoz, szakmai projektj\u00e9hez vagy kreat\u00edv tartalmaihoz haszn\u00e1lja a Twittert, egy er\u0151s k\u00f6z\u00f6ss\u00e9g megnyitja az ajt\u00f3t a nagyobb elk\u00f6telezetts\u00e9g, a nagyobb l\u00e1that\u00f3s\u00e1g \u00e9s a t\u00f6bb lehet\u0151s\u00e9g el\u0151tt. Ha belef\u00e1radt\u00e1l abba, hogy lassan n\u00f6vekszik, vagy nem kapod meg a tartalmaidnak j\u00e1r\u00f3 elismer\u00e9st, a <strong>Twitter k\u00f6vet\u0151k v\u00e1s\u00e1rl\u00e1sa<\/strong> megadhatja a sz\u00fcks\u00e9ges l\u00f6k\u00e9st.<\/p>\n<h2>Mi\u00e9rt \u00e9rdemes k\u00f6vet\u0151ket v\u00e1s\u00e1rolni a Twitteren?<\/h2>\n<p class=\"translation-block\">Mert ezen a platformon az \u00e9szlel\u00e9s a minden. Egy kev\u00e9s k\u00f6vet\u0151vel rendelkez\u0151 fi\u00f3k, m\u00e9g ha \u00e9rdekes tartalommal is rendelkezik, \u00e9szrev\u00e9tlen maradhat. M\u00e1sr\u00e9szt, ha egy fi\u00f3knak szil\u00e1rd k\u00f6vet\u0151i b\u00e1zisa van, az k\u00edv\u00e1ncsis\u00e1got \u00e9s bizalmat kelt. Azzal, hogy <strong>Twitter-k\u00f6vet\u0151ket v\u00e1s\u00e1rol<\/strong>, m\u00e1r a kezdetekt\u0151l fogva er\u0151s k\u00e9pet vet\u00edt.<\/p>\n<p>Ezenk\u00edv\u00fcl a k\u00f6vet\u0151k sz\u00e1ma befoly\u00e1solja azt is, hogy m\u00e1sok hogyan l\u00e9pnek kapcsolatba a fi\u00f3kj\u00e1val. A t\u00f6bb k\u00f6vet\u0151 t\u00f6bb elk\u00f6telezetts\u00e9get, t\u00f6bb retweetet, t\u00f6bb eml\u00edt\u00e9st \u00e9s gyakran szerves k\u00f6vet\u0151ket vonz. Az eg\u00e9sz a vonzer\u0151 gener\u00e1l\u00e1s\u00e1r\u00f3l \u00e9s a hull\u00e1mhat\u00e1s kihaszn\u00e1l\u00e1s\u00e1r\u00f3l sz\u00f3l.<\/p>\n<h3>A Twitter k\u00f6vet\u0151k v\u00e1s\u00e1rl\u00e1s\u00e1nak el\u0151nyei<\/h3>\n<ul>\n<li>\ud83d\udcc8 N\u00f6veli profilja tekint\u00e9ly\u00e9t \u00e9s hiteless\u00e9g\u00e9t<\/li>\n<li>\ud83d\ude80 Professzion\u00e1lis \u00e9s megb\u00edzhat\u00f3 k\u00e9pet ad<\/li>\n<li>\ud83c\udfaf Jav\u00edtsa a poz\u00edcion\u00e1l\u00e1s\u00e1t az \u00faj felhaszn\u00e1l\u00f3k el\u0151tt<\/li>\n<li>\ud83d\udcac T\u00e1mogatja a szerves k\u00f6lcs\u00f6nhat\u00e1st \u00e9s a term\u00e9szetes n\u00f6veked\u00e9st<\/li>\n<li>\ud83d\udd12 Biztons\u00e1gos szolg\u00e1ltat\u00e1s, a fi\u00f3kj\u00e1hoz val\u00f3 hozz\u00e1f\u00e9r\u00e9s n\u00e9lk\u00fcl<\/li>\n<\/ul>\n<p class=\"translation-block\"><strong>A Twitter k\u00f6vet\u0151k v\u00e1s\u00e1rl\u00e1sa<\/strong> minden t\u00edpus\u00fa fi\u00f3k eset\u00e9ben hasznos: szem\u00e9lyes, kereskedelmi, int\u00e9zm\u00e9nyi vagy kreat\u00edv fi\u00f3kok eset\u00e9ben. Ak\u00e1r le akarja ny\u0171g\u00f6zni az \u00fcgyfeleit, ak\u00e1r partneri kapcsolatokat szeretne k\u00f6tni, vagy egyszer\u0171en csak nagyobb hat\u00e1st akar gyakorolni a digit\u00e1lis besz\u00e9lget\u00e9sekben, ez a szolg\u00e1ltat\u00e1s seg\u00edthet abban, hogy gyorsabban el\u00e9rje ezt a c\u00e9lt.<\/p>\n<h2>Biztons\u00e1gos Twitter k\u00f6vet\u0151ket v\u00e1s\u00e1rolni?<\/h2>\n<p>Igen, teljesen biztons\u00e1gos. Soha nem k\u00e9rj\u00fck el a jelszav\u00e1t vagy b\u00e1rmilyen szem\u00e9lyes adat\u00e1t. Csak a nyilv\u00e1nos Twitter felhaszn\u00e1l\u00f3nev\u00e9re van sz\u00fcks\u00e9g\u00fcnk. Rendszer\u00fcnk gondoskodik a fokozatos \u00e9s term\u00e9szetes \u00e1tad\u00e1sr\u00f3l, elker\u00fclve a mesters\u00e9ges viselked\u00e9s minden jel\u00e9t.<\/p>\n<p>Optimaliz\u00e1lt folyamatokkal dolgozunk, hogy hat\u00e9konyan \u00e9s diszkr\u00e9ten megv\u00e9dj\u00fck a fi\u00f3kj\u00e1t \u00e9s jav\u00edtsuk a profilj\u00e1t. T\u00f6bb ezer felhaszn\u00e1l\u00f3 vette m\u00e1r ig\u00e9nybe ezt a szolg\u00e1ltat\u00e1st pozit\u00edv eredm\u00e9nyekkel \u00e9s komplik\u00e1ci\u00f3k n\u00e9lk\u00fcl.<\/p>\n<h3>Kik vehetik ig\u00e9nybe ezt a szolg\u00e1ltat\u00e1st?<\/h3>\n<p>Ez a szolg\u00e1ltat\u00e1s minden olyan szem\u00e9ly vagy projekt sz\u00e1m\u00e1ra k\u00e9sz\u00fclt, aki jobban ki akar t\u0171nni a Twitteren. A v\u00e1llalkoz\u00f3kt\u00f3l \u00e9s szabad\u00fasz\u00f3kon \u00e1t a m\u0171v\u00e9szekig, m\u00e1rk\u00e1kig vagy v\u00e1llalkoz\u00e1sokig, akik nagyobb tekint\u00e9llyel akarj\u00e1k magukat poz\u00edcion\u00e1lni.<\/p>\n<ul>\n<li>\ud83d\udce2 A Twittert kommunik\u00e1ci\u00f3s csatornak\u00e9nt haszn\u00e1l\u00f3 szakemberek<\/li>\n<li>\ud83c\udfa4 M\u0171v\u00e9szek \u00e9s alkot\u00f3k m\u0171veik vagy \u00f6tleteik n\u00e9pszer\u0171s\u00edt\u00e9se<\/li>\n<li>\ud83d\udcc8 V\u00e1llalkoz\u00e1sok, amelyek nagyobb t\u00e1rsadalmi hat\u00e1st akarnak el\u00e9rni<\/li>\n<li>\ud83d\udcf2 Digit\u00e1lis v\u00e1llalkoz\u00f3k keresik a poz\u00edcion\u00e1l\u00e1st<\/li>\n<li>\ud83d\udcac \u00daj fi\u00f3kok, amelyek er\u0151s kezd\u00e9sre v\u00e1gynak<\/li>\n<\/ul>\n<p>Ezen t\u00falmen\u0151en, ha szil\u00e1rd k\u00f6vet\u0151i b\u00e1zissal rendelkezik, kulcsfontoss\u00e1g\u00fa, ha partners\u00e9geket, marketingkamp\u00e1nyokat szeretne lez\u00e1rni, vagy egyszer\u0171en csak jobb k\u00e9pet szeretne adni a nyilv\u00e1noss\u00e1gnak.<\/p>\n<p class=\"translation-block\">Sok m\u00e1rka \u00e9s felhaszn\u00e1l\u00f3 az \u00d6n l\u00e1that\u00f3 t\u00e1rsadalmi hat\u00e1sa alapj\u00e1n d\u00f6nt \u00fagy, hogy k\u00f6veti \u00d6nt vagy felveszi \u00d6nnel a kapcsolatot. Ez\u00e9rt a <strong>Twitter-k\u00f6vet\u0151k v\u00e1s\u00e1rl\u00e1sa<\/strong> nem csup\u00e1n sz\u00e1mok k\u00e9rd\u00e9se, hanem befektet\u00e9s a digit\u00e1lis h\u00edrnev\u00e9be \u00e9s az ebb\u0151l ad\u00f3d\u00f3 lehet\u0151s\u00e9gekbe.<\/p>\n<h2>Hogyan m\u0171k\u00f6dik?<\/h2>\n<p>Twitter k\u00f6vet\u0151k v\u00e1s\u00e1rl\u00e1sa nagyon egyszer\u0171. Mind\u00f6ssze annyit kell tennie, hogy kiv\u00e1lasztja a c\u00e9ljainak legink\u00e1bb megfelel\u0151 csomagot, megadja a @felhaszn\u00e1l\u00f3t, \u00e9s leadja a megrendel\u00e9st. Mi gondoskodunk a sz\u00e1ll\u00edt\u00e1sr\u00f3l, ami term\u00e9szetesen \u00e9s biztons\u00e1gosan t\u00f6rt\u00e9nik.<\/p>\n<p class=\"translation-block\">A teljesebb strat\u00e9gia \u00e9rdek\u00e9ben kombin\u00e1lhatja ezt a szolg\u00e1ltat\u00e1st a <a href=\"https:\/\/doymedia.com\/hu\/vasarolni-twitter-tetszik\/\" target=\"_self\"><strong>Twitter like-ok v\u00e1s\u00e1rl\u00e1sa<\/strong><\/a> vagy ak\u00e1r a <a href=\"https:\/\/doymedia.com\/hu\/twitter-szavazatok-vasarlasa\/\" target=\"_self\"><strong>Twitter szavazatok v\u00e1s\u00e1rl\u00e1sa<\/strong><\/a> szolg\u00e1ltat\u00e1ssal, \u00e9s \u00edgy nemcsak a k\u00f6vet\u0151it, hanem a platformon val\u00f3 l\u00e1that\u00f3s\u00e1g\u00e1t \u00e9s r\u00e9szv\u00e9tel\u00e9t is n\u00f6velheti.<\/p>\n<h2>N\u00f6velje sz\u00e1ml\u00e1j\u00e1t m\u00e9g ma<\/h2>\n<p class=\"translation-block\">Ha hat\u00e1rozottan poz\u00edcion\u00e1lni akarod magad, hat\u00e1st akarsz gyakorolni, \u00e9s olyan fi\u00f3kkal szeretn\u00e9l rendelkezni, amely m\u00e1r az els\u0151 pillant\u00e1sra bizalmat kelt, akkor a <strong>Twitter-k\u00f6vet\u0151k v\u00e1s\u00e1rl\u00e1sa<\/strong> az els\u0151 l\u00e9p\u00e9s. Tegye meg a l\u00e9p\u00e9st m\u00e9g ma, \u00e9s kezdjen el egy szil\u00e1rd k\u00f6z\u00f6ss\u00e9get \u00e9p\u00edteni, amely seg\u00edt c\u00e9ljai el\u00e9r\u00e9s\u00e9ben.<\/p>\n<\/div><\/div><\/div><\/div><\/div><\/div><\/div><\/section>","protected":false},"excerpt":{"rendered":"A Twitteren a k\u00f6vet\u0151k sz\u00e1ma egy bemutatkoz\u00f3 lev\u00e9l. Egy sok k\u00f6vet\u0151vel rendelkez\u0151 fi\u00f3k tekint\u00e9lyt, bizalmat \u00e9s relevanci\u00e1t sugall az \u00d6n \u00e1gazat\u00e1n bel\u00fcl. Ez\u00e9rt a Twitter-k\u00f6vet\u0151k v\u00e1s\u00e1rl\u00e1sa okos strat\u00e9gia, amellyel m\u00e1r els\u0151 pillant\u00e1sra kit\u0171nhet, n\u00f6velheti hiteless\u00e9g\u00e9t \u00e9s er\u0151s\u00edtheti fi\u00f3kj\u00e1t. F\u00fcggetlen\u00fcl att\u00f3l, hogy haszn\u00e1lod-e a...","protected":false},"featured_media":318,"comment_status":"open","ping_status":"closed","template":"","meta":{"_acf_changed":false},"product_brand":[],"product_cat":[19],"product_tag":[],"class_list":{"0":"post-827","1":"product","2":"type-product","3":"status-publish","4":"has-post-thumbnail","6":"product_cat-twitter","7":"wcpa_has_options","9":"first","10":"instock","11":"sale","12":"shipping-taxable","13":"purchasable","14":"product-type-variable","15":"has-default-attributes"},"acf":[],"wcpa_form_fields":{"wcpaData":{"product":{"product_price":4.99,"price_html":"","original_product_price":4.99,"price_including_tax":4.99,"price_excluding_tax":4.99,"product_id":{"parent":827,"variation":false},"is_variable":true,"stock_status":"instock","stock_quantity":null,"parent_sku":"","product_attributes":{"cantidad":{"is_variation":true,"values":[]}},"custom_fields":[],"is_taxable":false,"product_name":"Comprar Seguidores Twitter","hasImage":false},"fields":{"sec_667faa718b57fe":{"extra":{"key":"sec_667faa718b57fe","section_id":"sec_667faa718b57fe","name":"Por defecto","status":1,"toggle":true,"form_id":1068,"form_rules":{"exclude_from_discount":false,"fee_label":"Extramaterial","disp_hide_options_price":false,"disp_show_section_price":false,"disp_show_field_price":false,"layout_option":"standard","pric_use_as_fee":false,"process_fee_as":"woo_fee"},"layout_option":"standard"},"fields":[[{"active":true,"col":5,"relations":false,"cl_rule":"show","enableCl":false,"price":"","enablePrice":false,"className":"","type":"text","subtype":"text","required":true,"elementId":"text_767faa718b581b","label":"Nombre de Usuario","name":"text_767faa718b581b","value":"","error":false,"placeholder":"Ejemplo: @mrbeast","enableDesign":false,"LabelSize":"16px","gt_translate_keys":["label","placeholder","value"],"price_dependency":false,"cl_dependency":false}],[{"active":true,"col":5,"relations":false,"cl_rule":"show","enableCl":false,"price":"","enablePrice":false,"className":"mensaje-informacion","label_position":"default","desc_position":"default","type":"content","required":false,"elementId":"content_0612173150","label":"","name":"content_0612173150","contentType":"plain","value":"La cuenta tiene que estar en modo p\u00fablico para que lleguen los seguidores.","error":false,"gt_translate_keys":["label","value"],"price_dependency":false,"cl_dependency":false}]]}},"config":{"price_override":"","enable_recaptcha":false,"bind_quantity":false,"quantity_bind_formula":false,"disp_summ_show_option_price":false,"disp_summ_show_product_price":false,"disp_summ_show_total_price":false,"disp_summ_show_fee":false,"disp_summ_show_discount":false,"summary_title":"","options_total_label":"Extramaterial","total_label":"Totalt","options_product_label":"Produkt","fee_label":"Extramaterial","discount_label":"Prisneds\u00e4ttning","has_price":true,"has_quantity_formula":false},"mc_unit":1,"tax_rate":1,"tax_rate_real":1,"discount":{"percentage":0,"fixed":0},"design":{"conf":{"LabelPosition":"above","DescPosition":"above","UploadField":"custom_1","QuantityFieldStyle":"default"},"css":{"LeftLabelWidth":"120px"}},"formulas":[],"clones":false,"cartKey":false}},"_links":{"self":[{"href":"https:\/\/doymedia.com\/hu\/wp-json\/wp\/v2\/product\/827","targetHints":{"allow":["GET"]}}],"collection":[{"href":"https:\/\/doymedia.com\/hu\/wp-json\/wp\/v2\/product"}],"about":[{"href":"https:\/\/doymedia.com\/hu\/wp-json\/wp\/v2\/types\/product"}],"replies":[{"embeddable":true,"href":"https:\/\/doymedia.com\/hu\/wp-json\/wp\/v2\/comments?post=827"}],"wp:featuredmedia":[{"embeddable":true,"href":"https:\/\/doymedia.com\/hu\/wp-json\/wp\/v2\/media\/318"}],"wp:attachment":[{"href":"https:\/\/doymedia.com\/hu\/wp-json\/wp\/v2\/media?parent=827"}],"wp:term":[{"taxonomy":"product_brand","embeddable":true,"href":"https:\/\/doymedia.com\/hu\/wp-json\/wp\/v2\/product_brand?post=827"},{"taxonomy":"product_cat","embeddable":true,"href":"https:\/\/doymedia.com\/hu\/wp-json\/wp\/v2\/product_cat?post=827"},{"taxonomy":"product_tag","embeddable":true,"href":"https:\/\/doymedia.com\/hu\/wp-json\/wp\/v2\/product_tag?post=827"}],"curies":[{"name":"wp","href":"https:\/\/api.w.org\/{rel}","templated":true}]}}