{"id":838,"date":"2025-04-10T17:35:14","date_gmt":"2025-04-10T15:35:14","guid":{"rendered":"https:\/\/v2.doymedia.com\/?post_type=product&#038;p=838"},"modified":"2025-05-12T16:19:10","modified_gmt":"2025-05-12T14:19:10","slug":"vasarolni-twitter-tetszik","status":"publish","type":"product","link":"https:\/\/doymedia.com\/hu\/comprar-likes-twitter\/","title":{"rendered":"V\u00e1s\u00e1roljon Twitter Likes"},"content":{"rendered":"<section class=\"l-section wpb_row height_medium\"><div class=\"l-section-h i-cf\"><div class=\"g-cols vc_row via_flex valign_top type_default stacking_default\"><div class=\"vc_col-sm-12 wpb_column vc_column_container\"><div class=\"vc_column-inner\"><div class=\"wpb_wrapper\"><div class=\"wpb_text_column\"><div class=\"wpb_wrapper\"><p class=\"translation-block\">A Twitteren a like-ok sokkal t\u00f6bbet jelentenek, mint egy reakci\u00f3. T\u00e1mogat\u00e1st, meger\u0151s\u00edt\u00e9st \u00e9s relevanci\u00e1t jelentenek. Ha egy tweet sok <em><strong>Like-ot gy\u0171jt, <\/strong><\/em> l\u00e1that\u00f3s\u00e1got \u00e9s hiteless\u00e9get nyer, \u00e9s nagyobb val\u00f3sz\u00edn\u0171s\u00e9ggel terjed gyorsan. Ez\u00e9rt a <strong>Twitter like-ok v\u00e1s\u00e1rl\u00e1sa<\/strong> hat\u00e9kony strat\u00e9gia a publik\u00e1ci\u00f3i teljes\u00edtm\u00e9ny\u00e9nek jav\u00edt\u00e1s\u00e1ra \u00e9s a jelenl\u00e9t\u00e9nek n\u00f6vel\u00e9s\u00e9re ezen a k\u00f6z\u00f6ss\u00e9gi h\u00e1l\u00f3zaton.<\/p>\n<p class=\"translation-block\">Ha \u00e9rt\u00e9kes tartalmat osztasz meg, de nem kapod meg a rem\u00e9lt elk\u00f6telezetts\u00e9get, a <strong>Twitter like-ok v\u00e1s\u00e1rl\u00e1sa<\/strong> seg\u00edthet az algoritmus m\u0171k\u00f6d\u00e9sbe hoz\u00e1s\u00e1ban, nagyobb figyelmet kaphatsz, \u00e9s olyan hull\u00e1mhat\u00e1st gener\u00e1lhatsz, amely retweeteket, k\u00f6vet\u0151ket \u00e9s \u00faj kommenteket vonz.<\/p>\n<h2>Mi\u00e9rt \u00e9rdemes kedvel\u0151ket v\u00e1s\u00e1rolni a Twitteren?<\/h2>\n<p class=\"translation-block\">Mert az algoritmus \u00e9s a felhaszn\u00e1l\u00f3k reag\u00e1lnak a mozg\u00e1sra. Az a tweet, amely r\u00f6vid id\u0151 alatt sok kedvel\u00e9st kap, lend\u00fcletet kap, \u00e9s t\u00f6bb embernek jelenik meg. A <strong>Twitter like-ok megv\u00e1s\u00e1rl\u00e1s\u00e1val<\/strong> n\u00f6veled annak az es\u00e9ly\u00e9t, hogy tartalmaidat t\u00f6bb felhaszn\u00e1l\u00f3 l\u00e1ssa, megossza \u00e9s \u00e9rt\u00e9kelje.<\/p>\n<p class=\"translation-block\">Ezenk\u00edv\u00fcl a <em><strong>Like-ok<\/strong><\/strong><\/strong><\/em> er\u0151s\u00edtik a profilodat. Nem sz\u00e1m\u00edt, hogy most kezded, vagy m\u00e1r van k\u00f6z\u00f6ns\u00e9ged, a posztjaidban mutatott aktivit\u00e1s akt\u00edv, vonz\u00f3 \u00e9s befoly\u00e1sos fi\u00f3kk\u00e9nt poz\u00edcion\u00e1l. Ez egy egyszer\u0171 \u00e9s hat\u00e9kony m\u00f3dja annak, hogy meger\u0151s\u00edtsd digit\u00e1lis im\u00e1zsodat.<\/p>\n<h3>A Twitteren val\u00f3 v\u00e1s\u00e1rl\u00e1s el\u0151nyei<\/h3>\n<ul>\n<li>\ud83d\udcc8 A k\u00f6lcs\u00f6nhat\u00e1s azonnali n\u00f6veked\u00e9se<\/li>\n<li>\ud83d\ude80 Nagyobb l\u00e1that\u00f3s\u00e1g a fontos tweetek sz\u00e1m\u00e1ra<\/li>\n<li>\ud83d\udcac Jav\u00edtsa tartalma meg\u00edt\u00e9l\u00e9s\u00e9t a t\u00f6bbi felhaszn\u00e1l\u00f3 szem\u00e9ben.<\/li>\n<li>\ud83c\udfaf Er\u0151s\u00edtse meg tekint\u00e9ly\u00e9t a platformon<\/li>\n<li>\ud83d\udd12 Biztons\u00e1gos sz\u00e1ll\u00edt\u00e1s, an\u00e9lk\u00fcl, hogy vesz\u00e9lyeztetn\u00e9 a fi\u00f3kj\u00e1t<\/li>\n<\/ul>\n<p class=\"translation-block\">Ez a szolg\u00e1ltat\u00e1s mind az egy\u00e9ni felhaszn\u00e1l\u00f3k, mind a m\u00e1rk\u00e1k, tartalomk\u00e9sz\u00edt\u0151k, influencerek vagy v\u00e1llalatok sz\u00e1m\u00e1ra hasznos. Ha fontos \u00fczenetet ind\u00edtasz, n\u00e9pszer\u0171s\u00edtesz valamit, vagy egyszer\u0171en csak jav\u00edtani szeretn\u00e9d a fi\u00f3kod aktivit\u00e1s\u00e1t, a <strong>Twitter like-ok v\u00e1s\u00e1rl\u00e1sa<\/strong> k\u00f6zvetlen \u00e9s hat\u00e9kony eszk\u00f6z.<\/p>\n<p>Tov\u00e1bb\u00e1, ha a bejegyz\u00e9sei folyamatosan gy\u0171jtik a kedvel\u00e9seket, az \u00faj felhaszn\u00e1l\u00f3k nagyobb val\u00f3sz\u00edn\u0171s\u00e9ggel b\u00edznak meg a tartalm\u00e1ban. Ez n\u00f6veli a profilodon elt\u00f6lt\u00f6tt id\u0151t, a k\u00f6vet\u00e9s val\u00f3sz\u00edn\u0171s\u00e9g\u00e9t \u00e9s az \u00e1ltal\u00e1nos elk\u00f6telezetts\u00e9get.<\/p>\n<p class=\"translation-block\"><strong>A Twitter like-ok megv\u00e1s\u00e1rl\u00e1sa<\/strong> nem csak a statisztik\u00e1idat jav\u00edtja: jav\u00edtja m\u00e1sok \u00e1ltal\u00e1nos meg\u00edt\u00e9l\u00e9s\u00e9t r\u00f3lad vagy a m\u00e1rk\u00e1dr\u00f3l.<\/p>\n<h2>Biztons\u00e1gos a Twitter like-ok v\u00e1s\u00e1rl\u00e1sa?<\/h2>\n<p>Igen, teljesen. Nem k\u00e9r\u00fcnk jelszavakat vagy hozz\u00e1f\u00e9r\u00e9st a fi\u00f3kj\u00e1hoz. Csak a linkre van sz\u00fcks\u00e9g\u00fcnk a tweethez, amit fel akarsz er\u0151s\u00edteni.<\/p>\n<p class=\"translation-block\">Szolg\u00e1ltat\u00e1sunkat \u00fagy optimaliz\u00e1ltuk, hogy biztons\u00e1gos, diszkr\u00e9t \u00e9s hat\u00e9kony legyen. Felhaszn\u00e1l\u00f3k ezrei jav\u00edtott\u00e1k m\u00e1r vel\u00fcnk a tweetek l\u00e1that\u00f3s\u00e1g\u00e1t minden kock\u00e1zat n\u00e9lk\u00fcl. <strong>A Twitter like-ok v\u00e1s\u00e1rl\u00e1sa<\/strong> strat\u00e9giai d\u00f6nt\u00e9s, \u00e9s itt nyugodtan megteheti.<\/p>\n<h3>Kik vehetik ig\u00e9nybe ezt a szolg\u00e1ltat\u00e1st?<\/h3>\n<p>B\u00e1rmely fi\u00f3k, amely jav\u00edtani szeretn\u00e9 jelenl\u00e9t\u00e9t a Twitteren. A v\u00e1llalkoz\u00f3kt\u00f3l kezdve a m\u0171v\u00e9szekig, m\u00e1rk\u00e1kig vagy egy\u00e9ni felhaszn\u00e1l\u00f3kig. Ha azt szeretn\u00e9, hogy a bejegyz\u00e9sei nagyobb el\u00e9r\u00e9st kapjanak \u00e9s er\u0151sebbnek t\u0171njenek, ez a szolg\u00e1ltat\u00e1s \u00d6nnek sz\u00f3l.<\/p>\n<ul>\n<li>\ud83d\udce2 Olyan sz\u00e1ml\u00e1k, amelyek meg akarnak er\u0151s\u00edteni egy kulcsfontoss\u00e1g\u00fa \u00fczenetet<\/li>\n<li>\ud83d\udcc8 A m\u00e1rk\u00e1k interakci\u00f3t keresnek a bevezet\u00e9seken<\/li>\n<li>\ud83c\udfa4 A v\u00edrusos tartalmakat megoszt\u00f3 alkot\u00f3k<\/li>\n<li>\ud83e\udde0 Szak\u00e9rt\u0151k vagy edz\u0151k, akik oktat\u00e1si tartalmakat tesznek k\u00f6zz\u00e9<\/li>\n<li>\ud83d\udcf2 Szem\u00e9lyes felhaszn\u00e1l\u00f3k, akik ki akarnak t\u0171nni a t\u00f6megb\u0151l<\/li>\n<\/ul>\n<h2>Hogyan m\u0171k\u00f6dik?<\/h2>\n<p>Mind\u00f6ssze annyit kell tennie, hogy kiv\u00e1lasztja a c\u00e9ljainak legink\u00e1bb megfelel\u0151 like csomagot, megadja nek\u00fcnk a tweet linkj\u00e9t, \u00e9s teljes\u00edti a fizet\u00e9st. A t\u00f6bbir\u0151l mi gondoskodunk. Megl\u00e1tja majd, hogy a kiadv\u00e1nya pillanatok alatt elkezd interakci\u00f3kat kapni.<\/p>\n<p class=\"translation-block\">Ha teljesebb strat\u00e9gi\u00e1t szeretne, kombin\u00e1lhatja ezt a szolg\u00e1ltat\u00e1st a <a href=\"https:\/\/doymedia.com\/hu\/vasarolni-twitter-kovetok\/\" target=\"_self\"><strong>Twitter k\u00f6vet\u0151k v\u00e1s\u00e1rl\u00e1sa<\/strong><\/a> vagy a <a href=\"https:\/\/doymedia.com\/hu\/twitter-szavazatok-vasarlasa\/\" target=\"_self\"><strong>Twitter szavazatok v\u00e1s\u00e1rl\u00e1sa<\/strong><\/a> szolg\u00e1ltat\u00e1ssal, hogy glob\u00e1lis \u00e9s koherens m\u00f3don jav\u00edtsa profilj\u00e1t.<\/p>\n<p class=\"translation-block\">Ne feledje, hogy a k\u00f6z\u00f6ss\u00e9gi h\u00e1l\u00f3zatokban a vizu\u00e1lis \u00e9rz\u00e9kel\u00e9s kulcsfontoss\u00e1g\u00fa. Egy t\u00f6bb tucat vagy t\u00f6bb sz\u00e1z kedvel\u00e9ssel rendelkez\u0151 poszt kiemelkedik a t\u00f6bbi k\u00f6z\u00fcl, \u00e9s m\u00e9g az olvas\u00e1s el\u0151tt vonz\u00f3bb\u00e1 v\u00e1lik. Ez az els\u0151 benyom\u00e1s mindent megv\u00e1ltoztat. Ez\u00e9rt a <strong>Twitter like-ok v\u00e1s\u00e1rl\u00e1sa<\/strong> egyben a m\u00e1rka\u00e9p\u00edt\u00e9s \u00e9s az \u00e9rzelmi pozicion\u00e1l\u00e1s eszk\u00f6ze is.<\/p>\n<h2>Tegye kiemelked\u0151v\u00e9 a tweetjeit<\/h2>\n<p class=\"translation-block\">Ne hagyja, hogy a bejegyz\u00e9sei elveszjenek a t\u00f6bb ezer tweet k\u00f6z\u00f6tt. A <strong>Twitter like-ok megv\u00e1s\u00e1rl\u00e1s\u00e1val<\/strong> n\u00f6velheti l\u00e1that\u00f3s\u00e1g\u00e1t, interakci\u00f3t gener\u00e1lhat \u00e9s jav\u00edthatja poz\u00edci\u00f3j\u00e1t a h\u00e1l\u00f3zaton. Haszn\u00e1lja ki az elk\u00f6telez\u0151d\u00e9s erej\u00e9t, \u00e9s tegye \u00fczeneteinek hat\u00f3sugar\u00e1t messzebbre.<\/p>\n<\/div><\/div><\/div><\/div><\/div><\/div><\/div><\/section>","protected":false},"excerpt":{"rendered":"A Twitteren a like-ok sokkal t\u00f6bbet jelentenek, mint egy reakci\u00f3. T\u00e1mogat\u00e1st, meger\u0151s\u00edt\u00e9st \u00e9s relevanci\u00e1t jelentenek. Ha egy tweet sok kedvel\u00e9st gy\u0171jt, l\u00e1that\u00f3v\u00e1 \u00e9s hiteless\u00e9 v\u00e1lik, \u00e9s nagyobb val\u00f3sz\u00edn\u0171s\u00e9ggel terjed gyorsan. Ez\u00e9rt a Twitter like-ok v\u00e1s\u00e1rl\u00e1sa hat\u00e9kony strat\u00e9gia a publik\u00e1ci\u00f3i teljes\u00edtm\u00e9ny\u00e9nek jav\u00edt\u00e1s\u00e1ra \u00e9s a jelenl\u00e9t\u00e9nek n\u00f6vel\u00e9s\u00e9re ezen a k\u00f6z\u00f6ss\u00e9gi h\u00e1l\u00f3zaton......","protected":false},"featured_media":318,"comment_status":"open","ping_status":"closed","template":"","meta":{"_acf_changed":false},"product_brand":[],"product_cat":[19],"product_tag":[],"class_list":{"0":"post-838","1":"product","2":"type-product","3":"status-publish","4":"has-post-thumbnail","6":"product_cat-twitter","7":"wcpa_has_options","9":"first","10":"instock","11":"sale","12":"shipping-taxable","13":"purchasable","14":"product-type-variable","15":"has-default-attributes"},"acf":[],"wcpa_form_fields":{"wcpaData":{"product":{"product_price":3.99,"price_html":"","original_product_price":3.99,"price_including_tax":3.99,"price_excluding_tax":3.99,"product_id":{"parent":838,"variation":false},"is_variable":true,"stock_status":"instock","stock_quantity":null,"parent_sku":"","product_attributes":{"cantidad":{"is_variation":true,"values":[]}},"custom_fields":[],"is_taxable":false,"product_name":"Comprar Likes Twitter","hasImage":false},"fields":{"sec_467faa76f019fe":{"extra":{"key":"sec_467faa76f019fe","section_id":"sec_467faa76f019fe","name":"Por defecto","status":1,"toggle":true,"form_id":1069,"form_rules":{"exclude_from_discount":false,"fee_label":"Extras","disp_hide_options_price":false,"disp_show_section_price":false,"disp_show_field_price":false,"layout_option":"standard","pric_use_as_fee":false,"process_fee_as":"woo_fee"},"layout_option":"standard"},"fields":[[{"active":true,"col":5,"relations":false,"cl_rule":"show","enableCl":false,"price":"","enablePrice":false,"className":"","type":"text","subtype":"text","required":true,"elementId":"text_767faa76f01a1a","label":"Enlace de la Publicaci\u00f3n de Twitter","name":"text_767faa76f01a1a","value":"","error":false,"placeholder":"Ejemplo: https:\/\/x.com\/NASA\/status\/1911109060553847169","enableDesign":false,"LabelSize":"16px","gt_translate_keys":["label","placeholder","value"],"price_dependency":false,"cl_dependency":false}]]}},"config":{"price_override":"","enable_recaptcha":false,"bind_quantity":false,"quantity_bind_formula":false,"disp_summ_show_option_price":false,"disp_summ_show_product_price":false,"disp_summ_show_total_price":false,"disp_summ_show_fee":false,"disp_summ_show_discount":false,"summary_title":"","options_total_label":"Extras","total_label":"Total","options_product_label":"Producto","fee_label":"Extras","discount_label":"Descuento","has_price":true,"has_quantity_formula":false},"mc_unit":1,"tax_rate":1,"tax_rate_real":1,"discount":{"percentage":0,"fixed":0},"design":{"conf":{"LabelPosition":"above","DescPosition":"above","UploadField":"custom_1","QuantityFieldStyle":"default"},"css":{"LeftLabelWidth":"120px"}},"formulas":[],"clones":false,"cartKey":false}},"_links":{"self":[{"href":"https:\/\/doymedia.com\/hu\/wp-json\/wp\/v2\/product\/838","targetHints":{"allow":["GET"]}}],"collection":[{"href":"https:\/\/doymedia.com\/hu\/wp-json\/wp\/v2\/product"}],"about":[{"href":"https:\/\/doymedia.com\/hu\/wp-json\/wp\/v2\/types\/product"}],"replies":[{"embeddable":true,"href":"https:\/\/doymedia.com\/hu\/wp-json\/wp\/v2\/comments?post=838"}],"wp:featuredmedia":[{"embeddable":true,"href":"https:\/\/doymedia.com\/hu\/wp-json\/wp\/v2\/media\/318"}],"wp:attachment":[{"href":"https:\/\/doymedia.com\/hu\/wp-json\/wp\/v2\/media?parent=838"}],"wp:term":[{"taxonomy":"product_brand","embeddable":true,"href":"https:\/\/doymedia.com\/hu\/wp-json\/wp\/v2\/product_brand?post=838"},{"taxonomy":"product_cat","embeddable":true,"href":"https:\/\/doymedia.com\/hu\/wp-json\/wp\/v2\/product_cat?post=838"},{"taxonomy":"product_tag","embeddable":true,"href":"https:\/\/doymedia.com\/hu\/wp-json\/wp\/v2\/product_tag?post=838"}],"curies":[{"name":"wp","href":"https:\/\/api.w.org\/{rel}","templated":true}]}}