{"id":87,"date":"2025-03-27T01:32:40","date_gmt":"2025-03-27T00:32:40","guid":{"rendered":"https:\/\/v2.doymedia.com\/?post_type=product&#038;p=87"},"modified":"2025-07-16T21:42:55","modified_gmt":"2025-07-16T19:42:55","slug":"vasarolni-facebook-rajongok","status":"publish","type":"product","link":"https:\/\/doymedia.com\/hu\/comprar-fans-facebook\/","title":{"rendered":"Facebook rajong\u00f3k v\u00e1s\u00e1rl\u00e1sa"},"content":{"rendered":"<section class=\"l-section wpb_row height_medium\"><div class=\"l-section-h i-cf\"><div class=\"g-cols vc_row via_flex valign_top type_default stacking_default\"><div class=\"vc_col-sm-12 wpb_column vc_column_container\"><div class=\"vc_column-inner\"><div class=\"wpb_wrapper\"><div class=\"wpb_text_column\"><div class=\"wpb_wrapper\"><p class=\"translation-block\">Ha val\u00f3di \u00e9s hat\u00e9kony m\u00f3dot keres digit\u00e1lis jelenl\u00e9t\u00e9nek n\u00f6vel\u00e9s\u00e9re, a <strong>Facebook rajong\u00f3k v\u00e1s\u00e1rl\u00e1sa<\/strong> \u00e9s a <strong>Facebook k\u00f6vet\u0151k v\u00e1s\u00e1rl\u00e1sa<\/strong> m\u00e1r a kezdetekt\u0151l fogva sokat sz\u00e1m\u00edthat. Ak\u00e1r szem\u00e9lyes oldalt, ak\u00e1r m\u00e1rk\u00e1t, v\u00e1llalkoz\u00e1st vagy m\u0171v\u00e9szeti projektet vezet, a k\u00f6vet\u0151k alapvet\u0151 r\u00e9sz\u00e9t k\u00e9pezik <a href=\"https:\/\/www.comprar-seguidores.info\/backlinks\/\" target=\"_blank\" rel=\"noopener\">szoci\u00e1lm\u00e9dia-pozicion\u00e1l\u00e1s\u00e1nak<\/a>.<\/p>\n<p class=\"translation-block\">A Facebook tov\u00e1bbra is az egyik legbefoly\u00e1sosabb platform a vil\u00e1gon. Egy akt\u00edv, er\u0151s k\u00f6z\u00f6ss\u00e9ggel rendelkez\u0151 oldal kulcsfontoss\u00e1g\u00fa a bizalom ki\u00e9p\u00edt\u00e9s\u00e9hez, a l\u00e1that\u00f3s\u00e1g jav\u00edt\u00e1s\u00e1hoz \u00e9s az \u00faj lehet\u0151s\u00e9gek bevonz\u00e1s\u00e1hoz. Ha pedig m\u00e9g csak most kezded vagy fel akarod gyors\u00edtani a n\u00f6veked\u00e9sedet, akkor <strong>v\u00e1s\u00e1rolj Facebook k\u00f6vet\u0151ket<\/strong> vagy <strong>v\u00e1s\u00e1rolj Facebook rajong\u00f3kat<\/strong> teljes biztons\u00e1ggal, \u00e1tl\u00e1that\u00f3s\u00e1ggal \u00e9s a fi\u00f3kodat nem vesz\u00e9lyeztetve.<\/p>\n<h2>Mi\u00e9rt okos strat\u00e9gia a Facebook k\u00f6vet\u0151k v\u00e1s\u00e1rl\u00e1sa?<\/h2>\n<p class=\"translation-block\">Manaps\u00e1g a k\u00f6z\u00f6ss\u00e9gi m\u00e9di\u00e1ban a k\u00f6vet\u0151k sz\u00e1ma k\u00f6zvetlen\u00fcl befoly\u00e1solja, hogy m\u00e1sok hogyan l\u00e1tj\u00e1k \u00d6nt. Egy kev\u00e9s rajong\u00f3val rendelkez\u0151 oldal inakt\u00edvnak vagy irrelev\u00e1nsnak t\u0171nhet, m\u00edg egy nagy k\u00f6z\u00f6ss\u00e9ggel rendelkez\u0151 oldal tekint\u00e9lyt, n\u00e9pszer\u0171s\u00e9get \u00e9s professzionalizmust sugall. A <strong>Facebook-rajong\u00f3k megv\u00e1s\u00e1rl\u00e1s\u00e1val,<\/strong> m\u00e1r az els\u0151 pillant\u00e1sra er\u0151s benyom\u00e1st kelt.<\/p>\n<p class=\"translation-block\">Tov\u00e1bb\u00e1, ha \u00fagy d\u00f6nt, hogy <strong>Facebook k\u00f6vet\u0151ket v\u00e1s\u00e1rol,<\/strong> megn\u00f6veli annak es\u00e9ly\u00e9t, hogy m\u00e1s felhaszn\u00e1l\u00f3k organikusan k\u00f6vetik \u00d6nt. Az emberek hajlamosak olyan oldalakat k\u00f6vetni, amelyek m\u00e1r rendelkeznek egy bizonyos szint\u0171 n\u00e9pszer\u0171s\u00e9ggel, \u00e9s ez pozit\u00edv hull\u00e1mhat\u00e1st hoz l\u00e9tre az \u00d6n n\u00f6veked\u00e9se szempontj\u00e1b\u00f3l. Ez egy okos m\u00f3dja annak, hogy kit\u0171nj az egyre ink\u00e1bb versenyz\u0151 k\u00f6rnyezetben.<\/p>\n<h3>Mire sz\u00e1m\u00edthatsz, ha Facebook rajong\u00f3kat v\u00e1s\u00e1rolsz?<\/h3>\n<ul>\n<li>\ud83d\ude80 <strong>Azonnali n\u00f6veked\u00e9s:<\/strong>\u00a0a megrendel\u00e9seket r\u00f6viddel a v\u00e1s\u00e1rl\u00e1s ut\u00e1n aktiv\u00e1lj\u00e1k, \u00e9s fokozatosan sz\u00e1ll\u00edtj\u00e1k a term\u00e9szetess\u00e9g \u00e9s a biztons\u00e1g fenntart\u00e1sa \u00e9rdek\u00e9ben.<\/li>\n<li>\ud83d\udd10 <strong>Folyamat 100% biztons\u00e1gos:<\/strong>\u00a0Soha nem k\u00e9r\u00fcnk jelsz\u00f3t vagy \u00e9rz\u00e9keny adatokat. Csak a megrendel\u00e9s feldolgoz\u00e1s\u00e1hoz van sz\u00fcks\u00e9g\u00fcnk a weboldal\u00e1ra mutat\u00f3 linkre.<\/li>\n<li>\ud83d\udcc8 <strong>Im\u00e1zs- \u00e9s h\u00edrn\u00e9vjav\u00edt\u00e1s:<\/strong>\u00a0A k\u00f6vet\u0151k szil\u00e1rd b\u00e1zisa n\u00f6veli a m\u00e1rka vagy a szem\u00e9lyes profil hiteless\u00e9g\u00e9t.<\/li>\n<li>\ud83d\udcac <strong>Dedik\u00e1lt t\u00e1mogat\u00e1s:<\/strong>\u00a0ha b\u00e1rmilyen k\u00e9rd\u00e9se van, vagy seg\u00edts\u00e9gre van sz\u00fcks\u00e9ge, csapatunk b\u00e1rmikor k\u00e9szs\u00e9ggel \u00e1ll rendelkez\u00e9s\u00e9re.<\/li>\n<li>\ud83d\udca1 <strong>Teljes rugalmass\u00e1g:<\/strong>\u00a0v\u00e1lassza ki a c\u00e9lj\u00e1nak \u00e9s k\u00f6lts\u00e9gvet\u00e9s\u00e9nek legink\u00e1bb megfelel\u0151 rajong\u00f3k vagy k\u00f6vet\u0151k sz\u00e1m\u00e1t.<\/li>\n<\/ul>\n<h3>Mi k\u00fcl\u00f6nb\u00f6zteti meg szolg\u00e1ltat\u00e1sunkat?<\/h3>\n<p class=\"translation-block\">Az \u00fcres \u00edg\u00e9retekkel teli piacon mi az \u00e1tl\u00e1that\u00f3s\u00e1gra, a megfelel\u00e9sre \u00e9s az \u00fcgyf\u00e9l\u00e9lm\u00e9nyre \u00f6sszpontos\u00edtunk. Ha <strong>Facebook k\u00f6vet\u0151ket v\u00e1s\u00e1rol<\/strong> vagy <strong>Facebook rajong\u00f3kat v\u00e1s\u00e1rol<\/strong> vel\u00fcnk, azt kapja, amit \u00edg\u00e9rnek, rejtett kock\u00e1zatok \u00e9s k\u00e9tes gyakorlatok n\u00e9lk\u00fcl.<\/p>\n<p>Csapatunk minden megrendel\u00e9st figyelemmel k\u00eds\u00e9r, \u00e9s biztons\u00e1gos \u00e9s tesztelt m\u00f3dszerekkel sz\u00e1ll\u00edt. Nem haszn\u00e1lunk botokat vagy rendszereket, amelyek negat\u00edvan befoly\u00e1solhatj\u00e1k a sz\u00e1ml\u00e1j\u00e1t. Ezenk\u00edv\u00fcl k\u00fcl\u00f6nb\u00f6z\u0151 t\u00edpus\u00fa csomagokat k\u00edn\u00e1lunk, amelyek megfelelnek mind az \u00faj, mind a m\u00e1r megl\u00e9v\u0151 sz\u00e1ml\u00e1knak.<\/p>\n<h3>Kik profit\u00e1lhatnak a Facebook rajong\u00f3k v\u00e1s\u00e1rl\u00e1s\u00e1b\u00f3l?<\/h3>\n<p>Ez a szolg\u00e1ltat\u00e1s a k\u00f6vetkez\u0151k sz\u00e1m\u00e1ra k\u00e9sz\u00fclt <strong>minden t\u00edpus\u00fa profil:<\/strong><\/p>\n<ul>\n<li>\ud83d\udce3 A helyi v\u00e1llalkoz\u00e1sok nagyobb l\u00e1that\u00f3s\u00e1got akarnak el\u00e9rni<\/li>\n<li>\ud83c\udfa4 M\u0171v\u00e9szek \u00e9s zen\u00e9szek, akik n\u00e9pszer\u0171s\u00edteni szeretn\u00e9k munk\u00e1jukat<\/li>\n<li>\ud83d\udcf8 Tartalomk\u00e9sz\u00edt\u0151k, akik fel akarj\u00e1k gyors\u00edtani a n\u00f6veked\u00e9st<\/li>\n<li>\ud83d\udcbc Szakemberek vagy szem\u00e9lyes m\u00e1rk\u00e1k, akik tekint\u00e9lyt szeretn\u00e9nek szerezni<\/li>\n<li>\ud83d\udecd\ufe0f Online \u00fczletek, amelyek szeretn\u00e9k meger\u0151s\u00edteni k\u00f6z\u00f6ss\u00e9gi jelenl\u00e9t\u00fcket.<\/li>\n<\/ul>\n<h3>Kezdje el n\u00f6velni weboldal\u00e1t m\u00e9g ma<\/h3>\n<p class=\"translation-block\">Felhaszn\u00e1l\u00f3k ezrei b\u00edztak m\u00e1r benn\u00fcnk, hogy <strong>Facebook rajong\u00f3kat v\u00e1s\u00e1roljanak<\/strong> \u00e9s <strong>Facebook k\u00f6vet\u0151ket v\u00e1s\u00e1roljanak.<\/strong> Ha l\u00e1that\u00f3 eredm\u00e9nyeket szeretne, komplik\u00e1ci\u00f3k n\u00e9lk\u00fcl, akkor a legjobb helyen j\u00e1r. V\u00e1lassza ki a csomagj\u00e1t, rendelje meg n\u00e9h\u00e1ny egyszer\u0171 l\u00e9p\u00e9sben, \u00e9s m\u00e9g ma kezdje el figyelni, ahogy <a href=\"https:\/\/doymedia.com\/hu\/facebook\/\" target=\"_self\">Facebook<\/a>-k\u00f6z\u00f6ss\u00e9ge n\u00f6vekszik.<\/p>\n<p>Nem sz\u00e1m\u00edt, hogy csak most kezded, vagy m\u00e1r szil\u00e1rd alapokkal rendelkezel. A Facebook-k\u00f6vet\u0151k megv\u00e1s\u00e1rl\u00e1sa lehet\u0151v\u00e9 teszi, hogy gyorsabban haladjon, messzebbre jusson, \u00e9s oda ker\u00fclj\u00f6n, ahol igaz\u00e1n szeretne lenni.<\/p>\n<p>B\u00edzzon egy biztons\u00e1gos platformban, val\u00f3di tapasztalattal \u00e9s t\u00e1mogat\u00e1ssal. V\u00e1lassza ki csomagj\u00e1t most, \u00e9s lend\u00edtse fel a Facebook n\u00f6veked\u00e9s\u00e9t egyszer\u0171, biztons\u00e1gos \u00e9s hat\u00e9kony m\u00f3don.<\/p>\n<\/div><\/div><\/div><\/div><\/div><\/div><\/div><\/section>","protected":false},"excerpt":{"rendered":"Ha val\u00f3di \u00e9s hat\u00e9kony m\u00f3dot keres digit\u00e1lis jelenl\u00e9t\u00e9nek n\u00f6vel\u00e9s\u00e9re, a Facebook-rajong\u00f3k \u00e9s Facebook-k\u00f6vet\u0151k v\u00e1s\u00e1rl\u00e1sa m\u00e1r a kezdetekt\u0151l fogva sokat sz\u00e1m\u00edthat. Ak\u00e1r szem\u00e9lyes oldalt, ak\u00e1r m\u00e1rk\u00e1t, v\u00e1llalkoz\u00e1st vagy m\u0171v\u00e9szeti projektet vezet, a k\u00f6vet\u0151k alapvet\u0151 r\u00e9sz\u00e9t k\u00e9pezik a k\u00f6z\u00f6ss\u00e9gi m\u00e9dia pozicion\u00e1l\u00e1snak.....","protected":false},"featured_media":316,"comment_status":"open","ping_status":"closed","template":"","meta":{"_acf_changed":false},"product_brand":[],"product_cat":[20],"product_tag":[],"class_list":{"0":"post-87","1":"product","2":"type-product","3":"status-publish","4":"has-post-thumbnail","6":"product_cat-facebook","7":"wcpa_has_options","9":"first","10":"instock","11":"sale","12":"shipping-taxable","13":"purchasable","14":"product-type-variable","15":"has-default-attributes"},"acf":[],"wcpa_form_fields":{"wcpaData":{"product":{"product_price":3.99,"price_html":"","original_product_price":3.99,"price_including_tax":3.99,"price_excluding_tax":3.99,"product_id":{"parent":87,"variation":false},"is_variable":true,"stock_status":"instock","stock_quantity":null,"parent_sku":"259","product_attributes":{"cantidad":{"is_variation":true,"values":[]}},"custom_fields":[],"is_taxable":false,"product_name":"Comprar Fans Facebook","hasImage":false},"fields":{"sec_567faa539f234b":{"extra":{"key":"sec_567faa539f234b","section_id":"sec_567faa539f234b","name":"Por defecto","status":1,"toggle":true,"form_id":1064,"form_rules":{"exclude_from_discount":false,"fee_label":"Extras","disp_hide_options_price":false,"disp_show_section_price":false,"disp_show_field_price":false,"layout_option":"standard","pric_use_as_fee":false,"process_fee_as":"woo_fee"},"layout_option":"standard"},"fields":[[{"active":true,"col":5,"relations":false,"cl_rule":"show","enableCl":false,"price":"","enablePrice":false,"className":"","type":"text","subtype":"text","required":true,"elementId":"text_967faa539f2365","label":"Enlace a la Fanpage","name":"text_967faa539f2365","value":"","error":false,"placeholder":"Ejemplo: https:\/\/www.facebook.com\/mrbeast","enableDesign":false,"LabelSize":"16px","gt_translate_keys":["label","placeholder","value"],"price_dependency":false,"cl_dependency":false}]]}},"config":{"price_override":"","enable_recaptcha":false,"bind_quantity":false,"quantity_bind_formula":false,"disp_summ_show_option_price":false,"disp_summ_show_product_price":false,"disp_summ_show_total_price":false,"disp_summ_show_fee":false,"disp_summ_show_discount":false,"summary_title":"","options_total_label":"Extras","total_label":"Total","options_product_label":"Produs","fee_label":"Extras","discount_label":"Descuento","has_price":true,"has_quantity_formula":false},"mc_unit":1,"tax_rate":1,"tax_rate_real":1,"discount":{"percentage":0,"fixed":0},"design":{"conf":{"LabelPosition":"above","DescPosition":"above","UploadField":"custom_1","QuantityFieldStyle":"default"},"css":{"LeftLabelWidth":"120px"}},"formulas":[],"clones":false,"cartKey":false}},"_links":{"self":[{"href":"https:\/\/doymedia.com\/hu\/wp-json\/wp\/v2\/product\/87","targetHints":{"allow":["GET"]}}],"collection":[{"href":"https:\/\/doymedia.com\/hu\/wp-json\/wp\/v2\/product"}],"about":[{"href":"https:\/\/doymedia.com\/hu\/wp-json\/wp\/v2\/types\/product"}],"replies":[{"embeddable":true,"href":"https:\/\/doymedia.com\/hu\/wp-json\/wp\/v2\/comments?post=87"}],"wp:featuredmedia":[{"embeddable":true,"href":"https:\/\/doymedia.com\/hu\/wp-json\/wp\/v2\/media\/316"}],"wp:attachment":[{"href":"https:\/\/doymedia.com\/hu\/wp-json\/wp\/v2\/media?parent=87"}],"wp:term":[{"taxonomy":"product_brand","embeddable":true,"href":"https:\/\/doymedia.com\/hu\/wp-json\/wp\/v2\/product_brand?post=87"},{"taxonomy":"product_cat","embeddable":true,"href":"https:\/\/doymedia.com\/hu\/wp-json\/wp\/v2\/product_cat?post=87"},{"taxonomy":"product_tag","embeddable":true,"href":"https:\/\/doymedia.com\/hu\/wp-json\/wp\/v2\/product_tag?post=87"}],"curies":[{"name":"wp","href":"https:\/\/api.w.org\/{rel}","templated":true}]}}